{"id":9849,"date":"2020-10-14T06:59:41","date_gmt":"2020-10-14T06:59:41","guid":{"rendered":"https:\/\/luisfhesslaw.wpenginepowered.com\/?page_id=9849"},"modified":"2022-03-31T15:53:58","modified_gmt":"2022-03-31T15:53:58","slug":"habilidad-extraordinaria-o-1","status":"publish","type":"page","link":"https:\/\/luishesslaw.com\/es\/visa\/visas-de-negocios\/habilidad-extraordinaria-o-1\/","title":{"rendered":"Habilidad Extraordinaria O-1"},"content":{"rendered":"<p>La solicitud de visa O-1 comienza con un Formulario I-129, es una petici\u00f3n para trabajador no inmigrante, que se env\u00eda a los Servicios de Ciudadan\u00eda e Inmigraci\u00f3n de los Estados Unidos. Por lo general, el formulario debe enviarse dentro de un a\u00f1o de cuando se necesita, pero al menos 45 d\u00edas antes de su entrada en los Estados Unidos. Si est\u00e1 solicitando visas O1 en The Woodlands, necesita un <a href=\"\/es\/contacto\/\">abogado de inmigraci\u00f3n<\/a> con experiencia\u00a0en Texas para ayudarlo a asegurarse de que se sigan estrictamente todas las reglas de procedimiento. Si comete un error o tiene motivos inadecuados para calificar para la Visa O-1, entonces podr\u00eda recibir una solicitud de evidencia (RFE) o una denegaci\u00f3n.<\/p>\n<p>Para evitar cualquier problema, el abogado que elija debe tener experiencia con los requisitos actuales de la visa 0-1 y sabe c\u00f3mo cumplir con todos los requisitos de procedimiento para obtener este tipo de visa basada en el empleo. Muchos de nuestros clientes vienen a nosotros porque tienen una visa J-1 y quieren transferirse a una visa 0-1. Por ejemplo, si usted es un becario de Fulbright o un estudiante extranjero en formaci\u00f3n, pasar de la <a href=\"https:\/\/luishesslaw.com\/es\/leyes-de-inmigracion\/visas-de-negocios\/visitante-de-intercambio-de-visa-j-1\/\">visa J-1 a la visa O-1<\/a> podr\u00eda ser su \u00fanica oportunidad de permanecer en los Estados Unidos para seguir trabajando.<\/p>\n<p>Luis F. Hess, un abogado de inmigraci\u00f3n con experiencia, tambi\u00e9n ayuda a los clientes a extender su per\u00edodo de estad\u00eda bajo la Visa O despu\u00e9s de que termine el per\u00edodo inicial de estad\u00eda. Los titulares de la visa O-1 tienen muchas ventajas sobre otros tipos de visas de trabajo. A diferencia de otros tipos de visas, la Visa O no tiene l\u00edmite en el n\u00famero de veces que puede extender su estad\u00eda, aunque se necesitan los servicios de un abogado de inmigraci\u00f3n con experiencia para asegurarse de que su solicitud se complete correctamente y que proporcione motivos suficientes para respaldar la solicitud de una extensi\u00f3n.<\/p>\n<h2>Abogado para las Visas O1 en Shenandoah, TX<\/h2>\n<p>La ley de inmigraci\u00f3n de los Estados Unidos establece varios tipos diferentes de visas O, incluyendo:<\/p>\n<ul>\n<li>O-1 Visa\n<ul>\n<li>O-1A<\/li>\n<li>O-1B<\/li>\n<\/ul>\n<\/li>\n<li>O-2 Visa<\/li>\n<li>0-3 Visa<\/li>\n<\/ul>\n<p>Un abogado de inmigraci\u00f3n con experiencia puede ayudarlo a determinar si podr\u00eda calificar para visas O1 en The Woodlands y Shenandoah, Texas. P\u00f3ngase en contacto con nosotros para obtener m\u00e1s informaci\u00f3n sobre la transferencia de una visa J-1 a una visa O1. Podemos responder a sus preguntas sobre cu\u00e1nto cuesta solicitar una visa 0-1 y cu\u00e1nto tiempo se tarda en completar el proceso. Tambi\u00e9n podemos ayudarlo si recibi\u00f3 una <a href=\"https:\/\/www.uscis.gov\/news\/alerts\/uscis-announces-flexibility-for-requests-for-evidence-notices-of-intent-to-deny\" target=\"_blank\" rel=\"noopener\">solicitud de evidencia (RFE)<\/a>\u00a0 despu\u00e9s de solicitar una visa O-1. Tambi\u00e9n ayudamos a los clientes que necesitan presentar una extensi\u00f3n de la Visa O-1.<\/p>\n<p>Luis F. Hess representa a clientes en casos de inmigraci\u00f3n en todo el Condado de Montgomery, el Condado de Harris y las \u00e1reas circundantes. Con una oficina en Shenandoah, su <a href=\"https:\/\/luishesslaw.com\/es\/\">bufete de abogados de inmigraci\u00f3n est\u00e1 justo al norte de The Woodlands<\/a>\u00a0 y al sur de Conroe, TX. P\u00f3ngase en contacto con un abogado de inmigraci\u00f3n con experiencia en The Woodlands para obtener m\u00e1s informaci\u00f3n. Llame a Prosperity Immigration Law al (281) 779-4571.<\/p>\n<h3>Facing immigration concerns?<\/h3>\n<p>Whether you want to live in the US, get a US visa, bring your family, get employed, or legally stay in the country, our Shenandoah Immigration attorneys are here to help!<\/p>\n<p><a class=\"btn\" href=\"#contact-form\">Consult An Attorney<\/a><\/p>\n<h3>La visa O-1<\/h3>\n<p>La Visa O-1 est\u00e1 clasificada como una <a href=\"\/es\/leyes-de-inmigracion\/green-card-espanol\/tarjetas-verdes-con-enfoque-laboral\/\">Visa basada en el Empleo de<\/a> No Inmigrante que le permite permanecer y trabajar en los Estados Unidos. A veces llamada la \u00abvisa de artista\u00bb, la visa O-1 se utiliza para una variedad de profesionales, incluidos m\u00e9dicos, profesores, ejecutivos, actores y atletas. Para calificar para la Visa O-1, debe demostrar que tiene una \u00abhabilidad extraordinaria\u00bb en uno de los siguientes campos:<\/p>\n<ul>\n<li>Arte<\/li>\n<li>Atletismo<\/li>\n<li>Negocio<\/li>\n<li>Educaci\u00f3n<\/li>\n<li>Ciencia<\/li>\n<\/ul>\n<p>La Visa O-1 tiene dos subcategor\u00edas incluyendo la visa O-1A y la visa O-1B. Aunque los beneficios de la visa O-1A y O1B son los mismos, los criterios para calificar son diferentes. Las visas O-1A son para personas que trabajan en atletismo, negocios, educaci\u00f3n o ciencias. Para una persona que trabaja en atletismo, puede usar un agente como patrocinador. Las visas O-1B son para personas que trabajan en el campo del arte. Un artista a veces puede usar un agente como patrocinador.<\/p>\n<p>Una persona a la que se le otorga una visa O-1 puede calificar para traer personal de apoyo y personas dependientes con ellos. Bajo la Visa O-1, usted puede vivir y trabajar en los Estados Unidos mientras trabaja para su patrocinador o empleador. Si su patrocinador es un agente, puede tener varios empleadores o trabajar de forma independiente si el trabajo se contrata a trav\u00e9s de su agente. Para ser elegible para la Visa O-1, debe demostrar que tiene una oferta de trabajo y que sus logros en su campo de trabajo demuestran su \u00abhabilidad extraordinaria\u00bb.<\/p>\n<p>La Visa O-2 se otorga al personal de apoyo de un titular de la Visa O-1. Una visa O-3 se otorga al c\u00f3nyuge o hijos menores de edad del titular de la visa O-1 u O-2. La Visa O-3 permite a estos miembros de la familia ir con su pariente a los Estados Unidos. Aunque puede estudiar mientras tiene una visa O-3, no se le permite trabajar mientras est\u00e1 en los Estados Unidos bajo este tipo de visa.<\/p>\n<h3>Extensi\u00f3n de la Visa 0-1<\/h3>\n<p>EL abogado de inmigraci\u00f3n en The Woodlands, Prosperity Immigration Law puede ayudarlo a solicitar una extensi\u00f3n de la Visa O-1. Como parte del proceso, usted y su abogado deben preparar y presentar los siguientes documentos al USCIS:<\/p>\n<ul>\n<li>Un Formulario I-129, Petici\u00f3n para Trabajador No Inmigrante;<\/li>\n<li>Un Formulario I-94, Registro de llegada y salida; y<\/li>\n<li>Una declaraci\u00f3n de su empleador o agente que explique por qu\u00e9 el por qu\u00e9 el per\u00edodo de estad\u00eda debe extenderse.<\/li>\n<\/ul>\n<p>Llame a nuestro <a href=\"https:\/\/luishesslaw.com\/es\/\">bufete de abogados de inmigraci\u00f3n<\/a> con sede en Texas para ponerse en contacto con un abogado de inmigraci\u00f3n calificado y encontrar la mejor manera de solicitar, transferir o extender la visa 0-1. Podemos ayudarle en todas las etapas del caso. Llame al (281) 779-4571 para obtener m\u00e1s informaci\u00f3n.<\/p>\n","protected":false},"excerpt":{"rendered":"<p>La solicitud de visa O-1 comienza con un Formulario I-129, es una petici\u00f3n para trabajador no inmigrante, que se env\u00eda a los&hellip;<\/p>\n","protected":false},"author":8,"featured_media":0,"parent":1552,"menu_order":5,"comment_status":"closed","ping_status":"closed","template":"","meta":{"_acf_changed":false,"inline_featured_image":false,"footnotes":""},"folder":[],"class_list":["post-9849","page","type-page","status-publish","hentry"],"acf":[],"_links":{"self":[{"href":"https:\/\/luishesslaw.com\/es\/wp-json\/wp\/v2\/pages\/9849","targetHints":{"allow":["GET"]}}],"collection":[{"href":"https:\/\/luishesslaw.com\/es\/wp-json\/wp\/v2\/pages"}],"about":[{"href":"https:\/\/luishesslaw.com\/es\/wp-json\/wp\/v2\/types\/page"}],"author":[{"embeddable":true,"href":"https:\/\/luishesslaw.com\/es\/wp-json\/wp\/v2\/users\/8"}],"replies":[{"embeddable":true,"href":"https:\/\/luishesslaw.com\/es\/wp-json\/wp\/v2\/comments?post=9849"}],"version-history":[{"count":0,"href":"https:\/\/luishesslaw.com\/es\/wp-json\/wp\/v2\/pages\/9849\/revisions"}],"up":[{"embeddable":true,"href":"https:\/\/luishesslaw.com\/es\/wp-json\/wp\/v2\/pages\/1552"}],"wp:attachment":[{"href":"https:\/\/luishesslaw.com\/es\/wp-json\/wp\/v2\/media?parent=9849"}],"wp:term":[{"taxonomy":"folder","embeddable":true,"href":"https:\/\/luishesslaw.com\/es\/wp-json\/wp\/v2\/folder?post=9849"}],"curies":[{"name":"wp","href":"https:\/\/api.w.org\/{rel}","templated":true}]}}