{"id":9844,"date":"2020-10-14T06:58:58","date_gmt":"2020-10-14T06:58:58","guid":{"rendered":"https:\/\/luisfhesslaw.wpenginepowered.com\/?page_id=9844"},"modified":"2022-03-31T15:51:13","modified_gmt":"2022-03-31T15:51:13","slug":"visas-temporales-no-especializados-h2-b","status":"publish","type":"page","link":"https:\/\/luishesslaw.com\/es\/visa\/visas-de-negocios\/visas-temporales-no-especializados-h2-b\/","title":{"rendered":"Visas temporales no especializados H2-B"},"content":{"rendered":"<p>Tambi\u00e9n conocida como la clasificaci\u00f3n de visa H-2B, la Ley de Inmigraci\u00f3n y Nacionalidad (\u00abINA\u00bb) prev\u00e9 la admisi\u00f3n de extranjeros que no tienen intenci\u00f3n de abandonar su residencia en el extranjero y tienen la intenci\u00f3n de entrar en los Estados Unidos para realizar un trabajo temporal si las personas desempleadas capaces de realizar dicho servicio o trabajo no se pueden encontrar en los Estados Unidos. Si est\u00e1 considerando solicitar una visa de trabajo no especializada, \u00a1nuestro abogado de visas H2B en Shenandoah y The Woodlands, TX puede ayudarlo!<\/p>\n<p>El Congreso ha encargado al Departamento de Seguridad Nacional (DHS) administrar la INA y determinar si se debe permitir que un extranjero trabaje como no inmigrante bajo el programa de <a href=\"https:\/\/travel.state.gov\/content\/travel\/en\/us-visas\/employment\/temporary-worker-visas.html\" target=\"_blank\" rel=\"noopener\">visa de trabajo temporal<\/a>\u00a0despu\u00e9s de consultar con las agencias apropiadas del Gobierno bajo 8 U.S.C. \u00a7 1101 (a) (15) (H) (ii) (b).<\/p>\n<h2>Abogado con experiencia en visas H2B en The Woodlands, TX<\/h2>\n<p>Si necesita un <a href=\"\/es\/leyes-de-inmigracion\/\">abogado de inmigraci\u00f3n en The Woodlands, TX,<\/a> comun\u00edquese con el abogado Luis F. Hess. \u00c9l entiende los requisitos para un empleador que desea traer a un trabajador extranjero a los Estados Unidos mediante el uso de un programa de <a href=\"\/es\/leyes-de-inmigracion\/visas-de-negocios\/\">visa de no inmigrante basado en el empleo.<\/a><\/p>\n<p>Con aproximadamente 81 secciones de calificaci\u00f3n de visas, tener un abogado de visas H2B con experiencia y un abogado de inmigraci\u00f3n en The Woodlands, TX, para guiarlo a trav\u00e9s del proceso de inmigraci\u00f3n es invaluable. El procesamiento de inmigraci\u00f3n puede tomar entre seis meses y muchos a\u00f1os, y los errores en el proceso de solicitud solo retrasan ese proceso.<\/p>\n<p>Con una <a href=\"\/es\/contacto\/\">oficina de un bufete de abogados de inmigraci\u00f3n en Shenandoah,<\/a>\u00a0Luis F. Hess tambi\u00e9n representa a clientes en Conroe, Spring, The Woodlands, Houston y sus alrededores en todo el condado de Montgomery y el condado de Harris. Llame al (281) 984-5294 para obtener m\u00e1s informaci\u00f3n sobre una visa de trabajo temporal y otros tipos de visas basadas en el empleo.<\/p>\n<h3>Requisitos de la Visa de No Especialidad<\/h3>\n<p>Bajo el programa de visas H-2B, un empleador puede solicitar al USCIS para que un empleado pueda venir a los Estados Unidos como no inmigrante bajo el programa de visas del trabajador temporal. Los empleadores que buscan admitir trabajadores bajo el programa de trabajadores no especializados primero deben solicitar una certificaci\u00f3n laboral temporal con el secretario de Trabajo.<\/p>\n<p>En virtud de 8 C.F.R. \u00a7 214.2(h)(6)(iii)(A), la certificaci\u00f3n aborda si los trabajadores estadounidenses capaces de realizar los servicios temporales o la mano de obra est\u00e1n disponibles o no y si el empleo del extranjero afectar\u00e1 negativamente los salarios y las condiciones de trabajo de los trabajadores estadounidenses empleados de manera similar.<\/p>\n<p>Incluso si el Departamento de Trabajo (DOL) emite a un empleador una certificaci\u00f3n laboral temporal, el DHS a\u00fan debe determinar si el extranjero tiene la intenci\u00f3n de permanecer en los Estados Unidos de forma temporal y no abandonar su residencia en el extranjero.\u00a0En \u00faltima instancia, el DHS tiene la discreci\u00f3n de conceder o denegar una petici\u00f3n de visa H-2B despu\u00e9s de evaluar si se han cumplido los requisitos como se explica en 8 U.S.C. \u00a7 1184 (c) (1).<\/p>\n","protected":false},"excerpt":{"rendered":"<p>Tambi\u00e9n conocida como la clasificaci\u00f3n de visa H-2B, la Ley de Inmigraci\u00f3n y Nacionalidad (\u00abINA\u00bb) prev\u00e9 la admisi\u00f3n de extranjeros que no&hellip;<\/p>\n","protected":false},"author":8,"featured_media":0,"parent":1552,"menu_order":4,"comment_status":"closed","ping_status":"closed","template":"","meta":{"_acf_changed":false,"inline_featured_image":false,"footnotes":""},"folder":[],"class_list":["post-9844","page","type-page","status-publish","hentry"],"acf":[],"_links":{"self":[{"href":"https:\/\/luishesslaw.com\/es\/wp-json\/wp\/v2\/pages\/9844","targetHints":{"allow":["GET"]}}],"collection":[{"href":"https:\/\/luishesslaw.com\/es\/wp-json\/wp\/v2\/pages"}],"about":[{"href":"https:\/\/luishesslaw.com\/es\/wp-json\/wp\/v2\/types\/page"}],"author":[{"embeddable":true,"href":"https:\/\/luishesslaw.com\/es\/wp-json\/wp\/v2\/users\/8"}],"replies":[{"embeddable":true,"href":"https:\/\/luishesslaw.com\/es\/wp-json\/wp\/v2\/comments?post=9844"}],"version-history":[{"count":0,"href":"https:\/\/luishesslaw.com\/es\/wp-json\/wp\/v2\/pages\/9844\/revisions"}],"up":[{"embeddable":true,"href":"https:\/\/luishesslaw.com\/es\/wp-json\/wp\/v2\/pages\/1552"}],"wp:attachment":[{"href":"https:\/\/luishesslaw.com\/es\/wp-json\/wp\/v2\/media?parent=9844"}],"wp:term":[{"taxonomy":"folder","embeddable":true,"href":"https:\/\/luishesslaw.com\/es\/wp-json\/wp\/v2\/folder?post=9844"}],"curies":[{"name":"wp","href":"https:\/\/api.w.org\/{rel}","templated":true}]}}