{"id":9839,"date":"2020-10-14T06:58:33","date_gmt":"2020-10-14T06:58:33","guid":{"rendered":"https:\/\/luisfhesslaw.wpenginepowered.com\/?page_id=9839"},"modified":"2022-03-31T15:50:09","modified_gmt":"2022-03-31T15:50:09","slug":"visa-de-trabajador-temporal-h1-b","status":"publish","type":"page","link":"https:\/\/luishesslaw.com\/es\/visa\/visas-de-negocios\/visa-de-trabajador-temporal-h1-b\/","title":{"rendered":"Visa de trabajador temporal H1-B"},"content":{"rendered":"<p>La Ley de Inmigraci\u00f3n y Nacionalidad permite a un empleador en los Estados Unidos presentar una petici\u00f3n al Servicio de Ciudadan\u00eda e Inmigraci\u00f3n de los Estados Unidos (USCIS) para una visa de no inmigrante de trabajador temporal en nombre de un beneficiario extranjero bajo 8 U.S.C. \u00a7 1184 (c) (1). La visa del trabajador temporal es una visa de corto plazo con una duraci\u00f3n m\u00e1xima de seis a\u00f1os, y nuestros abogados calificados de visa H1B en The Woodlands pueden ayudarlo con su solicitud de visa.<\/p>\n<p>El programa del trabajador temporal toma su nombre de 8 U.S.C. \u00a7 1101, que describe esta clasificaci\u00f3n y define una clase de trabajadores extranjeros no inmigrantes elegibles para trabajar en los Estados Unidos temporalmente para realizar servicios en \u00abocupaciones especializadas\u00bb.<\/p>\n<p>Bajo 8 U.S.C. \u00a7 1184(h)(3), una visa temporal permite que un trabajador extranjero no inmigrante sea admitido temporalmente en los Estados Unidos para un trabajo que requiere tanto \u00abla aplicaci\u00f3n te\u00f3rica y pr\u00e1ctica de un cuerpo de conocimientos especializados y el logro de una licenciatura o t\u00edtulo superior en la especialidad espec\u00edfica (o su equivalente) como m\u00ednimo para la entrada en la ocupaci\u00f3n en los Estados Unidos\u00bb.<\/p>\n<p>Para solicitar una visa de trabajo temporal, el empleador debe presentar una petici\u00f3n para trabajador no inmigrante al USCIS. El empleador tambi\u00e9n debe presentar una Solicitud de Condici\u00f3n Laboral que haya sido certificada por el Departamento de Trabajo (\u00abDOL\u00bb).\u00a0<a href=\"https:\/\/luishesslaw.com\/es\/contacto\/\">Llame a nuestro bufete de abogados de inmigraci\u00f3n con sede en Texas en Shenandoah<\/a>\u00a0para obtener asistencia legal en su viaje de inmigraci\u00f3n.<\/p>\n<h2>Shenandoah H1B Abogados de Visas<\/h2>\n<p>La clasificaci\u00f3n de visa de trabajador temporal no inmigrante es utilizada por los empleadores para patrocinar a ciudadanos extranjeros para trabajar en los Estados Unidos. Con un amplio conocimiento de las operaciones comerciales debido a su trabajo en transacciones comerciales, el abogado Luis F. Hess tiene el conocimiento necesario para ayudar a las empresas a solicitar una visa de trabajo temporal para sus empleados internacionales.<\/p>\n<p>Llame a nuestros abogados de visas H1b en The Woodlands, Texas y programe una consulta para ayudarlo a comprender c\u00f3mo calificar para una clasificaci\u00f3n de visa de trabajo temporal completando los formularios correctos y present\u00e1ndolos al Departamento de Trabajo.<\/p>\n<p>Cont\u00e1ctenos para obtener m\u00e1s informaci\u00f3n sobre la clasificaci\u00f3n de visa de no inmigrante H-1B, utilizada por los <a href=\"\/es\/leyes-de-inmigracion\/green-card-espanol\/basado-en-empleo\/peticion-inmigrante-de-trabajador-extranjero\/\">empleadores para patrocinar<\/a><u>\u00a0<\/u>a ciudadanos extranjeros para trabajar en los Estados Unidos. Obtenga m\u00e1s informaci\u00f3n sobre c\u00f3mo un trabajador extranjero puede calificar para la clasificaci\u00f3n H-1B, c\u00f3mo un empleador obtiene una Solicitud de Condici\u00f3n Laboral (LCA), el proceso de petici\u00f3n H-1B y c\u00f3mo el trabajador extranjero adquiere el estatus legal H-1B.<\/p>\n<p>El abogado Luis F. Hess est\u00e1 especialmente situado para ayudar a los clientes a obtener visas de trabajo temporales. \u00c9l puede guiar a los clientes a trav\u00e9s del proceso de inmigraci\u00f3n desde una perspectiva de negocios en Conroe, The Woodlands, Spring, Houston y otras comunidades cercanas en el Condado de Montgomery o el Condado de Harris, TX.<\/p>\n<p>Llame al (281) 984-5294 para discutir su caso.<\/p>\n<h3>Descripci\u00f3n general de las visas de trabajo temporal en el condado de Montgomery<\/h3>\n<ul>\n<li><a href=\"\/es\/leyes-de-inmigracion\/visas-de-negocios\/visa-de-trabajador-temporal-h1-b\/\/#require\">\u00bfC\u00f3mo se determina una \u00abocupaci\u00f3n especializada\u00bb?<\/a><\/li>\n<li><a href=\"\/es\/leyes-de-inmigracion\/visas-de-negocios\/visa-de-trabajador-temporal-h1-b\/#qualify\">\u00bfQu\u00e9 calificaci\u00f3n debe tener un trabajador temporal?<\/a><\/li>\n<li><a href=\"\/es\/leyes-de-inmigracion\/visas-de-negocios\/visa-de-trabajador-temporal-h1-b\/#how\">\u00bfCu\u00e1ntas visas de trabajo temporal se emiten cada a\u00f1o?<\/a><\/li>\n<li><a href=\"\/es\/leyes-de-inmigracion\/visas-de-negocios\/visa-de-trabajador-temporal-h1-b\/#more\">\u00bfQu\u00e9 otras visas debo considerar?<\/a><\/li>\n<\/ul>\n<h3>Facing immigration concerns?<\/h3>\n<p>Whether you want to live in the US, get a US visa, bring your family, get employed, or legally stay in the country, our Shenandoah Immigration attorneys are here to help!<\/p>\n<p><a class=\"btn\" href=\"#contact-form\">Consult An Attorney<\/a><\/p>\n<h3><a name=\"require\"><\/a>Los cuatro criterios para una \u00abocupaci\u00f3n especializada\u00bb<\/h3>\n<p>Seg\u00fan el INA, para ser considerado persona con una ocupaci\u00f3n especializada, se debe encontrar, al menos, en un puesto cumpla con uno de los siguientes cuatro criterios:<\/p>\n<ol>\n<li>El puesto normalmente tiene un requisito m\u00ednimo de un t\u00edtulo de bachillerato o superior o su equivalente para la entrada en el puesto en particular;<\/li>\n<li>El requisito del grado es com\u00fan a la industria en posiciones paralelas entre organizaciones similares o, en la alternativa, un patr\u00f3n puede demostrar que su posici\u00f3n particular es tan compleja o \u00fanica que puede ser realizada solamente por un individuo con un grado;<\/li>\n<li>El empleador normalmente requiere un t\u00edtulo o su equivalente para el puesto; o<\/li>\n<li>La naturaleza de los deberes espec\u00edficos es tan especializada y compleja que el conocimiento requerido para realizar los deberes se asocia generalmente al logro de un bachillerato o de un grado m\u00e1s alto.<\/li>\n<\/ol>\n<p>Los tribunales consideran que los criterios enumerados en 8 C.F.R. \u00a7 214.2(h)(4)(iii)(A) son necesarios, pero no suficientes, para cumplir con la definici\u00f3n legal y reglamentaria de una ocupaci\u00f3n especializada. Nuestros abogados de visas H1B en The Woodlands pueden ayudarlo a averiguar si cumple con los criterios para una ocupaci\u00f3n especializada.<\/p>\n<h3><a name=\"qualify\"><\/a>Las cuatro calificaciones del beneficiario<\/h3>\n<p>No s\u00f3lo una oportunidad de trabajo tiene que tener ciertos requisitos para ser considerada una \u00abocupaci\u00f3n de la especialidad,\u00bb pero el empleado deseado debe resolver ciertas calificaciones tambi\u00e9n. El beneficiario debe poseer al menos una de las cuatro cualificaciones siguientes:<\/p>\n<ol>\n<li>Tener un bachillerato o t\u00edtulo superior de los Estados Unidos requerido por la ocupaci\u00f3n de especialidad de un colegio o universidad acreditada;<\/li>\n<li>Tener un t\u00edtulo extranjero que se determine que es equivalente a un bachillerato o t\u00edtulo superior de los Estados Unidos requerido por la ocupaci\u00f3n especializada de un colegio o universidad acreditada;<\/li>\n<li>Tener una licencia, registro o certificaci\u00f3n estatal sin restricciones que lo autorice a practicar completamente la ocupaci\u00f3n especializada y a participar inmediatamente en esa especialidad en el estado de empleo previsto; o<\/li>\n<li>Tener educaci\u00f3n, entrenamiento especializado, o experiencia progresivamente responsable que sea equivalente a la terminaci\u00f3n de un bachillerato de Estados Unidos o de un grado m\u00e1s alto en la ocupaci\u00f3n de la especialidad, y tenga reconocimiento de la maestr\u00eda en la especialidad con las posiciones progresivamente responsables relacionadas directamente con la especialidad.<\/li>\n<\/ol>\n<p>Un empleador que tiene la intenci\u00f3n de contratar a un empleado inmigrante primero debe presentar una <a href=\"https:\/\/flag.dol.gov\/programs\/lca\" target=\"_blank\" rel=\"noopener\">Solicitud de Condici\u00f3n Laboral<\/a>\u00a0 (\u00abLCA\u00bb) al Departamento de Trabajo (\u00abDOL\u00bb). Consulte con nuestros experimentados abogados de visas H1b en The Woodlands si tiene preguntas o inquietudes sobre la documentaci\u00f3n requerida para su solicitud de visa H1B.<\/p>\n<p>En el ACV, el empleador debe prometer pagar al empleado una tasa de salario requerida especificada y proporcionar ciertas condiciones de trabajo.\u00a0La tasa salarial requerida debe ser la m\u00e1s alta del salario real o del nivel de salario prevaleciente para la clasificaci\u00f3n ocupacional en el \u00e1rea de empleo.<\/p>\n<h3><a name=\"how\"><\/a>El l\u00edmite para las visas de trabajo temporal para el a\u00f1o fiscal 2017<\/h3>\n<p>El l\u00edmite a las visas de trabajo temporal se refiere al l\u00edmite que el Congreso ha puesto en el n\u00famero de peticiones de visas de trabajo temporal que se pueden otorgar en cualquier a\u00f1o fiscal dado. A partir de 2017, el l\u00edmite anual para esta petici\u00f3n de visa se limit\u00f3 a 85,000. De estos, 65,000 peticiones de visa est\u00e1n sujetas al \u00abtope regular\u00bb, con una exenci\u00f3n para los primeros 20,000 trabajadores que han obtenido una maestr\u00eda o un t\u00edtulo superior de una instituci\u00f3n de educaci\u00f3n superior de los Estados Unidos (el \u00abl\u00edmite de maestr\u00eda\u00bb).<\/p>\n<p>No todas las peticiones de visas de trabajo temporales est\u00e1n sujetas a la limitaci\u00f3n del Congreso, como las peticiones \u00abexentas de l\u00edmite\u00bb.<\/p>\n<h3>Facing immigration concerns?<\/h3>\n<p>Whether you want to live in the US, get a US visa, bring your family, get employed, or legally stay in the country, our Shenandoah Immigration attorneys are here to help!<\/p>\n<p><a class=\"btn\" href=\"#contact-form\">Consult An Attorney<\/a><\/p>\n<h3><a name=\"more\"><\/a><strong>Otras alternativas a la visa de trabajo temporal<\/strong><\/h3>\n<p>Si un empleador presenta una visa de trabajador temporal, el empleador tambi\u00e9n debe explorar un plan de respaldo en caso de que la petici\u00f3n sea rechazada. Otras alternativas incluyen una visa para:<\/p>\n<ul>\n<li>Individuos que pueden ser categorizados como <a href=\"\/es\/leyes-de-inmigracion\/visas-de-negocios\/visitante-de-intercambio-de-visa-j-1\/\">visitantes de intercambio;<\/a><\/li>\n<li>Individuos que ingresan a un programa de capacitaci\u00f3n estructurado;<\/li>\n<li>Individuos cuyo empleador tiene oficinas fuera de los Estados Unidos, un individuo puede ser colocado en la n\u00f3mina extranjera y trabajar en el extranjero hasta el per\u00edodo de presentaci\u00f3n del pr\u00f3ximo a\u00f1o o hasta que otro tipo de visa de trabajo est\u00e9 disponible;<\/li>\n<li>Individuos que pueden calificar bajo la <a href=\"\/es\/leyes-de-inmigracion\/green-card-espanol\/basado-en-empleo\/\">habilidad extraordinaria EB-1, investigador sobresaliente EB-1 y \/ o EB-2 exenci\u00f3n de inter\u00e9s nacional (NIW),<\/a> seguir el proceso concurrente de tarjeta verde y la emisi\u00f3n de autorizaci\u00f3n de trabajo;<\/li>\n<li>Empleados esenciales, si la empresa y el extranjero comparten la misma nacionalidad;<\/li>\n<li>individuos que son estudiantes, contin\u00faan como estudiantes, y contin\u00faan sus estudios y buscan oportunidades de pasant\u00edas bajo la capacitaci\u00f3n pr\u00e1ctica curricular (CPT);<\/li>\n<li>Personas con un t\u00edtulo estadounidense en un campo de ciencia, tecnolog\u00eda, ingenier\u00eda o matem\u00e1ticas (STEM) y empleadores inscritos en E-Verify, la extensi\u00f3n de capacitaci\u00f3n pr\u00e1ctica opcional (OPT) de 17 meses;<\/li>\n<li>Para los transferidos dentro de la compa\u00f1\u00eda, que trabajan con una organizaci\u00f3n con operaciones en el extranjero pueden transferir empleados a su compa\u00f1\u00eda afiliada a los Estados Unidos en una posici\u00f3n similar bajo ciertas circunstancias;<\/li>\n<li>Individuos que pueden calificar bajo los criterios de habilidad extraordinaria;<\/li>\n<li>Profesionales Canadienses y Mexicanos, la visa TN disponible bajo el Acuerdo de Libre Comercio de Am\u00e9rica del Norte;<\/li>\n<li>Nacionales de Australia; y<\/li>\n<li>Nacionales de Chile o Singapur.<\/li>\n<\/ul>\n<p>Un abogado de inmigraci\u00f3n con experiencia en negocios en The Woodlands, TX, puede ayudarlo a decidir qu\u00e9 alternativas podr\u00edan existir si la petici\u00f3n del trabajador temporal es rechazada.<\/p>\n<h2>Encuentre un abogado para una visa de trabajo temporal en Texas<\/h2>\n<p>P\u00f3ngase en contacto con el abogado Luis F. Hess para obtener m\u00e1s informaci\u00f3n sobre las visas de trabajo temporales. Luis F. Hess tambi\u00e9n ayuda a los empleadores que buscan una<a href=\"\/es\/leyes-de-inmigracion\/visas-de-negocios\/visa-de-visitante-por-negocios-temporal-b-1\/\"> visa de no inmigrante a patrocinar a ciudadanos extranjeros<\/a> para trabajar en los Estados Unidos en trabajos no agr\u00edcolas temporales o estacionales.<\/p>\n<p>Al representar a los empleadores, el abogado Luis F. Hess ayuda al cliente a presentar los formularios requeridos para los trabajadores no inmigrantes y presentar una solicitud de condici\u00f3n laboral que ha sido certificada por el Departamento de Trabajo (\u00abDOL\u00bb) como lo requiere 8 C.F.R. 214.2 (h) (4) (i) (B) (1).<\/p>\n<p>Cont\u00e1ctenos para obtener m\u00e1s informaci\u00f3n sobre la clasificaci\u00f3n de visa de no inmigrante H-1B, utilizada por los empleadores para patrocinar a ciudadanos extranjeros para trabajar en los Estados Unidos. Obtenga m\u00e1s informaci\u00f3n sobre c\u00f3mo el trabajador extranjero adquiere el estatus legal H-1B, c\u00f3mo un empleador obtiene una Solicitud de Condici\u00f3n Laboral (LCA), el proceso de petici\u00f3n H-1B y c\u00f3mo un trabajador extranjero puede calificar para la clasificaci\u00f3n H-1B.<\/p>\n<p>Luis F. Hess representa a clientes en <a href=\"\/es\/leyes-de-inmigracion\/visas-de-negocios\/\">casos de inmigraci\u00f3n basados<\/a> en el empleo en toda el \u00e1rea metropolitana\u00a0del Condado de Montgomery y el Condado de Harris. P\u00f3ngase en contacto con nuestro\u00a0 <a href=\"https:\/\/luishesslaw.com\/es\/\">bufete de abogados de inmigraci\u00f3n<\/a> con sede en Texas para casos de inmigraci\u00f3n en Shenandoah, The Woodlands, Conroe, Spring, Houston y otras comunidades cercanas.<\/p>\n","protected":false},"excerpt":{"rendered":"<p>La Ley de Inmigraci\u00f3n y Nacionalidad permite a un empleador en los Estados Unidos presentar una petici\u00f3n al Servicio de Ciudadan\u00eda e&hellip;<\/p>\n","protected":false},"author":8,"featured_media":0,"parent":1552,"menu_order":3,"comment_status":"closed","ping_status":"closed","template":"","meta":{"_acf_changed":false,"inline_featured_image":false,"footnotes":""},"folder":[],"class_list":["post-9839","page","type-page","status-publish","hentry"],"acf":[],"_links":{"self":[{"href":"https:\/\/luishesslaw.com\/es\/wp-json\/wp\/v2\/pages\/9839","targetHints":{"allow":["GET"]}}],"collection":[{"href":"https:\/\/luishesslaw.com\/es\/wp-json\/wp\/v2\/pages"}],"about":[{"href":"https:\/\/luishesslaw.com\/es\/wp-json\/wp\/v2\/types\/page"}],"author":[{"embeddable":true,"href":"https:\/\/luishesslaw.com\/es\/wp-json\/wp\/v2\/users\/8"}],"replies":[{"embeddable":true,"href":"https:\/\/luishesslaw.com\/es\/wp-json\/wp\/v2\/comments?post=9839"}],"version-history":[{"count":0,"href":"https:\/\/luishesslaw.com\/es\/wp-json\/wp\/v2\/pages\/9839\/revisions"}],"up":[{"embeddable":true,"href":"https:\/\/luishesslaw.com\/es\/wp-json\/wp\/v2\/pages\/1552"}],"wp:attachment":[{"href":"https:\/\/luishesslaw.com\/es\/wp-json\/wp\/v2\/media?parent=9839"}],"wp:term":[{"taxonomy":"folder","embeddable":true,"href":"https:\/\/luishesslaw.com\/es\/wp-json\/wp\/v2\/folder?post=9839"}],"curies":[{"name":"wp","href":"https:\/\/api.w.org\/{rel}","templated":true}]}}