{"id":9818,"date":"2020-10-14T07:12:59","date_gmt":"2020-10-14T07:12:59","guid":{"rendered":"https:\/\/luisfhesslaw.wpenginepowered.com\/?page_id=9818"},"modified":"2022-03-15T15:54:05","modified_gmt":"2022-03-15T15:54:05","slug":"centro-de-detencion-ice-joe-corley","status":"publish","type":"page","link":"https:\/\/luishesslaw.com\/es\/leyes-de-inmigracion\/procedimientos-de-expulsion\/centro-de-detencion-de-inmigrantes-de-texas-cerca-de-houston\/centro-de-detencion-ice-joe-corley\/","title":{"rendered":"Centro de Detenci\u00f3n ICE Joe Corley"},"content":{"rendered":"<p>El abogado Luis F. Hess representa a los clientes en el Centro de Detenci\u00f3n de Joe Corley ICE que se enfrentan a la expulsi\u00f3n o deportaci\u00f3n. Ubicada en Conroe, TX, la sede del condado de Montgomery, la instalaci\u00f3n est\u00e1 ubicada al norte del centro de Houston. El Centro de Detenci\u00f3n Joe Corley a menudo se llama el \u00abCentro de Detenci\u00f3n de Conroe\u00bb.<\/p>\n<p>El centro de detenci\u00f3n es actualmente administrado por GEO Group, Inc., una empresa de gesti\u00f3n correccional privada con sede en Florida que opera 40 centros en los Estados Unidos y en otros 10 pa\u00edses.<\/p>\n<p>Actualmente, ICE alberga a m\u00e1s de 900 reclusos y 1,517 camas en la instalaci\u00f3n ubicada en 500 Hilbig Road, en Conroe, TX.<\/p>\n<h2>Abogado de inmigraci\u00f3n para el centro de detenci\u00f3n Joe Corley<\/h2>\n<p>Luis F. Hess representa a clientes detenidos en el Centro de Detenci\u00f3n Joe Corley en Conroe, TX. Su pr\u00e1ctica se centra en representar a clientes ante la Oficina Ejecutiva de Revisi\u00f3n de Inmigraci\u00f3n durante la exclusi\u00f3n, deportaci\u00f3n, remoci\u00f3n, solo asilo, procedimientos de fianza y apelaciones.<\/p>\n<p>Su oficina est\u00e1 convenientemente ubicada al sur del Centro de Detenci\u00f3n Joe Corley cerca de The Woodlands, al sur de Conroe, TX. Tambi\u00e9n representa a clientes en la <a href=\"\/es\/leyes-de-inmigracion\/tribunal-de-inmigracion-de-houston\/\">Corte de Inmigraci\u00f3n de Houston<\/a> y la <a href=\"\/es\/leyes-de-inmigracion\/tribunal-de-inmigracion-de-houston-spc\/\">Corte de Inmigraci\u00f3n de Houston SPC<\/a>.<\/p>\n<p>Cont\u00e1ctenos hoy para obtener m\u00e1s informaci\u00f3n sobre c\u00f3mo Luis F. Hess puede representar a una persona sujeta a una orden de detenci\u00f3n de inmigraci\u00f3n. Descubra c\u00f3mo puede solicitar una audiencia de fianza para que una persona pueda ser liberada del Centro de Detenci\u00f3n Joe Corley mientras espera un proceso de expulsi\u00f3n o deportaci\u00f3n.<\/p>\n<p>Llame al (281) 984-5294 hoy.<\/p>\n<h3>Historia del centro de detenci\u00f3n Joe Corley<\/h3>\n<p>En junio de 2004, el condado de Montgomery emiti\u00f3 una solicitud de propuesta de servicios de operaci\u00f3n y administraci\u00f3n para la c\u00e1rcel del condado de Montgomery.<\/p>\n<p>En 2008, la instalaci\u00f3n de Joe Corley que cuenta con un piso se abri\u00f3 y comenz\u00f3 a aceptar presos federales. La instalaci\u00f3n de 167.000 pies cuadrados se construy\u00f3 a un precio de 44,8 millones de d\u00f3lares. The GEO Group Inc., con sede en Florida, ha operado la c\u00e1rcel del condado de Montgomery desde que abri\u00f3 en 2008.<\/p>\n<p>En 2013, los comisionados del condado de Montgomery vendieron el Centro de Detenci\u00f3n Joe Corley por $ 65 millones en efectivo a The GEO Group Inc. Adem\u00e1s de los $ 65 millones en efectivo, se requiri\u00f3 que GEO pagara al condado de Montgomery una tarifa administrativa anual de $ 500,000 para manejar el papeleo entre GEO, el Servicio de Inmigraci\u00f3n y Control de Aduanas y el Servicio del Alguacil de los Estados Unidos, las dos agencias federales que utilizan la c\u00e1rcel de seguridad media.<\/p>\n<p><strong>Recursos adicionales<\/strong><\/p>\n<p><a href=\"https:\/\/www.ice.gov\/detention-facility\/joe-corley-detention-facility\" target=\"_blank\" rel=\"noopener\">Centro de Detenci\u00f3n Joe Corley en Conroe, TX<\/a> &#8211; visite el sitio web del Servicio de Inmigraci\u00f3n y Control de Aduanas de EE. UU. Para obtener m\u00e1s informaci\u00f3n sobre el Centro de Detenci\u00f3n Joe Corley y la Oficina de Campo de Houston en Conroe, TX.<\/p>\n<address style=\"padding-left: 30px;\">Centros de detenci\u00f3n para el cumplimiento de la ley de inmigraci\u00f3n<\/address>\n<address style=\"padding-left: 30px;\">Centro de Detenci\u00f3n Joe Corley<br \/>\nHouston Field Office<br \/>\n500 Hilbig Rd<br \/>\nConroe, TX, 77301<br \/>\nPhone: (936) 520-5000<\/address>\n<p>Antes de planificar su visita, debe llamar al centro para averiguar los horarios de visita porque est\u00e1n sujetos a cambios. El primer paso es realizar una b\u00fasqueda relacionada con el Centro de Detenci\u00f3n Joe Corley buscando informaci\u00f3n sobre un recluso.<\/p>\n<p>Seg\u00fan el sitio web, el horario de visita en el Centro de Detenci\u00f3n Joe Corley depende de si est\u00e1 visitando a un hombre o una mujer. Para un hombre, las visitas son los jueves y viernes de 8:00 a.m. a 5:00 p.m. y los s\u00e1bados y domingos de 8:00 a.m. a 2:00 p.m.<\/p>\n<p>Para las mujeres, la visita es los lunes de 8:00 a.m. a 5:00 p.m., y los s\u00e1bados y domingos a partir de las 2:00 p.m. &#8211; 5:00 pm. Para visitar a una persona detenida, debe presentar una tarjeta de identificaci\u00f3n v\u00e1lida emitida por el gobierno. La visita no exceder\u00e1 los 30 minutos. Cualquier ni\u00f1o menor de 18 a\u00f1os debe estar acompa\u00f1ado por un adulto. Un abogado de inmigraci\u00f3n puede visitar a un cliente las 24 horas del d\u00eda y los siete d\u00edas de la semana.<\/p>\n<p><a href=\"https:\/\/www.geogroup.com\/FacilityDetail\/FacilityID\/56\" target=\"_blank\" rel=\"noopener\">Centro de Procesamiento de ICE Joe Corley en el condado de Montgomery<\/a> &#8211; Se lleg\u00f3 a un acuerdo contractual entre el Grupo GEO, el condado de Montgomery, Texas, y el Servicio de Alguaciles de los Estados Unidos para el alojamiento de los detenidos\/inmigrantes federales y la gesti\u00f3n de las instalaciones.<\/p>\n<p><a href=\"https:\/\/www.indeed.com\/cmp\/Joe-Corley-Detention-Facility\/reviews\" target=\"_blank\" rel=\"noopener\">Opiniones sobre el centro de detenci\u00f3n Joe Corley<\/a> &#8211; Lea los comentarios dejados por los empleados actuales y anteriores sobre la b\u00fasqueda de empleo y el trabajo en el Centro de Detenci\u00f3n Joe Corley en Conroe, TX.<\/p>\n","protected":false},"excerpt":{"rendered":"<p>El abogado Luis F. Hess representa a los clientes en el Centro de Detenci\u00f3n de Joe Corley ICE que se enfrentan a&hellip;<\/p>\n","protected":false},"author":8,"featured_media":0,"parent":9800,"menu_order":1,"comment_status":"closed","ping_status":"closed","template":"","meta":{"_acf_changed":false,"inline_featured_image":false,"footnotes":""},"folder":[],"class_list":["post-9818","page","type-page","status-publish","hentry"],"acf":[],"_links":{"self":[{"href":"https:\/\/luishesslaw.com\/es\/wp-json\/wp\/v2\/pages\/9818","targetHints":{"allow":["GET"]}}],"collection":[{"href":"https:\/\/luishesslaw.com\/es\/wp-json\/wp\/v2\/pages"}],"about":[{"href":"https:\/\/luishesslaw.com\/es\/wp-json\/wp\/v2\/types\/page"}],"author":[{"embeddable":true,"href":"https:\/\/luishesslaw.com\/es\/wp-json\/wp\/v2\/users\/8"}],"replies":[{"embeddable":true,"href":"https:\/\/luishesslaw.com\/es\/wp-json\/wp\/v2\/comments?post=9818"}],"version-history":[{"count":0,"href":"https:\/\/luishesslaw.com\/es\/wp-json\/wp\/v2\/pages\/9818\/revisions"}],"up":[{"embeddable":true,"href":"https:\/\/luishesslaw.com\/es\/wp-json\/wp\/v2\/pages\/9800"}],"wp:attachment":[{"href":"https:\/\/luishesslaw.com\/es\/wp-json\/wp\/v2\/media?parent=9818"}],"wp:term":[{"taxonomy":"folder","embeddable":true,"href":"https:\/\/luishesslaw.com\/es\/wp-json\/wp\/v2\/folder?post=9818"}],"curies":[{"name":"wp","href":"https:\/\/api.w.org\/{rel}","templated":true}]}}