{"id":9813,"date":"2020-10-14T07:13:47","date_gmt":"2020-10-14T07:13:47","guid":{"rendered":"https:\/\/luisfhesslaw.wpenginepowered.com\/?page_id=9813"},"modified":"2022-03-15T15:51:57","modified_gmt":"2022-03-15T15:51:57","slug":"centro-seguro-de-detencion-de-adultos","status":"publish","type":"page","link":"https:\/\/luishesslaw.com\/es\/leyes-de-inmigracion\/procedimientos-de-expulsion\/centro-de-detencion-de-inmigrantes-de-texas-cerca-de-houston\/centro-seguro-de-detencion-de-adultos\/","title":{"rendered":"Centro seguro de detenci\u00f3n de adultos"},"content":{"rendered":"<h2>Centro seguro de detenci\u00f3n de adultos, IAH<\/h2>\n<p>El Centro de Detenci\u00f3n Seguro para Adultos de la IAH se conoce como el Centro de Detenci\u00f3n del Condado de Polk en Livingston, TX. El centro de detenci\u00f3n est\u00e1 ubicado en la siguiente direcci\u00f3n:<\/p>\n<address style=\"padding-left: 30px;\">IAH Secure Adult Detention Facility<br \/>\n3400 FM 350 South<br \/>\nLivingston, TX 77351<br \/>\nPhone: (936) 967-8000<br \/>\nFax: (936) 967-8841<\/address>\n<p>El horario de visita del Centro de Detenci\u00f3n Seguro para Adultos de IAH es de lunes a domingo de 6 a.m. a 6 p.m. Las visitas est\u00e1n limitadas a una hora. Debe llegar 45 minutos antes de la hora de visita para que pueda ser procesado por seguridad.<\/p>\n<h2>Abogado para Centro Seguro de Detenci\u00f3n de Adultos de la IAH<\/h2>\n<p>Si su ser querido est\u00e1 detenido en el Centro Seguro de Detenci\u00f3n de Adultos de la IAH en Livingston, Texas, necesita comunicarse con un abogado de inmigraci\u00f3n con experiencia, como Prosperity Immigration Law en The Woodlands, TX. El abogado Luis F. Hess se enfoca en representar a clientes ante la Oficina Ejecutiva de Revisi\u00f3n de Inmigraci\u00f3n durante la exclusi\u00f3n, deportaci\u00f3n, remoci\u00f3n, solo asilo, procedimientos de fianza y apelaciones.<\/p>\n<p>El abogado Luis F. Hess puede ayudarlo a obtener informaci\u00f3n sobre la ubicaci\u00f3n de su ser querido en un centro de detenci\u00f3n en Houston, TX o sus alrededores. Podemos ayudarlo a presentar una moci\u00f3n de fianza o una solicitud de exenci\u00f3n de deportaci\u00f3n.<\/p>\n<p>Si su ser querido se enfrenta a un proceso de deportaci\u00f3n, busque los servicios de un abogado de inmigraci\u00f3n con experiencia anterior en deportaci\u00f3n o expulsi\u00f3n. Luis F. Hess tambi\u00e9n representa a clientes en el <strong><a href=\"\/es\/leyes-de-inmigracion\/procedimientos-de-expulsion\/centro-de-detencion-de-inmigrantes-de-texas-cerca-de-houston\/centro-de-detencion-ice-joe-corley\/\">Centro de Detenci\u00f3n Joe Corley<\/a><\/strong>&nbsp;y el <strong><a href=\"\/es\/leyes-de-inmigracion\/procedimientos-de-expulsion\/centro-de-detencion-de-inmigrantes-de-texas-cerca-de-houston\/centro-de-detencion-por-contrato-de-houston\/\">Contrato de Houston (CDF)<\/a><\/strong>.<\/p>\n","protected":false},"excerpt":{"rendered":"<p>Centro seguro de detenci\u00f3n de adultos, IAH El Centro de Detenci\u00f3n Seguro para Adultos de la IAH se conoce como el Centro&hellip;<\/p>\n","protected":false},"author":8,"featured_media":0,"parent":9800,"menu_order":3,"comment_status":"closed","ping_status":"closed","template":"","meta":{"_acf_changed":false,"inline_featured_image":false,"footnotes":""},"folder":[],"class_list":["post-9813","page","type-page","status-publish","hentry"],"acf":[],"_links":{"self":[{"href":"https:\/\/luishesslaw.com\/es\/wp-json\/wp\/v2\/pages\/9813","targetHints":{"allow":["GET"]}}],"collection":[{"href":"https:\/\/luishesslaw.com\/es\/wp-json\/wp\/v2\/pages"}],"about":[{"href":"https:\/\/luishesslaw.com\/es\/wp-json\/wp\/v2\/types\/page"}],"author":[{"embeddable":true,"href":"https:\/\/luishesslaw.com\/es\/wp-json\/wp\/v2\/users\/8"}],"replies":[{"embeddable":true,"href":"https:\/\/luishesslaw.com\/es\/wp-json\/wp\/v2\/comments?post=9813"}],"version-history":[{"count":0,"href":"https:\/\/luishesslaw.com\/es\/wp-json\/wp\/v2\/pages\/9813\/revisions"}],"up":[{"embeddable":true,"href":"https:\/\/luishesslaw.com\/es\/wp-json\/wp\/v2\/pages\/9800"}],"wp:attachment":[{"href":"https:\/\/luishesslaw.com\/es\/wp-json\/wp\/v2\/media?parent=9813"}],"wp:term":[{"taxonomy":"folder","embeddable":true,"href":"https:\/\/luishesslaw.com\/es\/wp-json\/wp\/v2\/folder?post=9813"}],"curies":[{"name":"wp","href":"https:\/\/api.w.org\/{rel}","templated":true}]}}