{"id":9805,"date":"2020-10-14T07:13:22","date_gmt":"2020-10-14T07:13:22","guid":{"rendered":"https:\/\/luisfhesslaw.wpenginepowered.com\/?page_id=9805"},"modified":"2022-03-21T20:11:53","modified_gmt":"2022-03-21T20:11:53","slug":"centro-de-detencion-por-contrato-de-houston","status":"publish","type":"page","link":"https:\/\/luishesslaw.com\/es\/leyes-de-inmigracion\/procedimientos-de-expulsion\/centro-de-detencion-de-inmigrantes-de-texas-cerca-de-houston\/centro-de-detencion-por-contrato-de-houston\/","title":{"rendered":"Centro de detenci\u00f3n por contrato de Houston"},"content":{"rendered":"<h2>Centro de detenci\u00f3n por contrato de Houston (CDF)<\/h2>\n<p>Muchas de las personas detenidas en el Centro de detenci\u00f3n por contrato de Houston (CDF, por sus siglas en ingl\u00e9s) est\u00e1n sujetas a una retenci\u00f3n de ICE despu\u00e9s de ser liberadas de la c\u00e1rcel del condado de Harris o despu\u00e9s de terminar una sentencia de prisi\u00f3n en la prisi\u00f3n de Huntsville. Algunos inmigrantes detenidos fueron trasladados al centro de Houston desde otro centro de detenci\u00f3n de inmigrantes debido al hacinamiento. Otras personas detenidas en este centro de detenci\u00f3n fueron detenidas mientras cruzaban la frontera mexicana.<\/p>\n<p>El Centro de Detenci\u00f3n por Contrato de Houston (CDF, por sus siglas en ingl\u00e9s) es el lugar donde los inmigrantes son detenidos mientras esperan que se completen sus procedimientos judiciales de inmigraci\u00f3n. La mayor\u00eda de las personas detenidas corren el riesgo de ser expulsadas o deportadas de Estados Unidos a su pa\u00eds de origen.<\/p>\n<h2>Abogado para el Centro de Detenci\u00f3n por Contrato de Houston<\/h2>\n<p>Si su ser querido est\u00e1 detenido en el Centro de Detenci\u00f3n por Contrato de Houston, comun\u00edquese con un abogado de inmigraci\u00f3n con experiencia en Luis F. Hess, PLLC. Enfocado en representar a clientes ante la Oficina Ejecutiva de Revisi\u00f3n de Inmigraci\u00f3n durante la exclusi\u00f3n, <a href=\"\/es\/leyes-de-inmigracion\/procedimientos-de-expulsion\/abogado-de-procedimientos-de-deportacion-de-shenandoah\/\">los procedimientos de deportaci\u00f3n<\/a>, <a href=\"\/es\/leyes-de-inmigracion\/procedimientos-de-expulsion\/\">los procedimientos de remoci\u00f3n<\/a>, <a href=\"\/es\/leyes-de-inmigracion\/asilo\/\">los procedimientos de solo asilo<\/a>, <a href=\"\/es\/leyes-de-inmigracion\/procedimientos-de-expulsion\/audiencias-de-inmigracion\/\">la audiencia de fianza <\/a>y las apelaciones de inmigraci\u00f3n, Luis F. Hess puede ayudarlo a luchar el caso.<\/p>\n<p>Desde su oficina cerca de The Woodlands, entre Houston y Conroe, TX, Luis F. Hess representa a sus clientes en los tribunales de inmigraci\u00f3n en el \u00e1rea metropolitana de Houston.<\/p>\n<p>Llame al (281) 984-5294 hoy.<\/p>\n<h3>Dep\u00f3sito de fianza en el centro de detenci\u00f3n por contrato de Houston<\/h3>\n<p>Se paga una fianza de salida o de entrega cuando una persona ha sido sometida a un proceso de deportaci\u00f3n mientras se encuentra en un centro de detenci\u00f3n en los Estados Unidos. La persona sobre la cual se deposita la fianza se llama deudor. La persona que proporcione el dinero de la fianza debe mostrar prueba de identidad y estado legal de inmigraci\u00f3n.<\/p>\n<p>La persona que deposita la fianza en el centro de detenci\u00f3n en Houston, TX, es responsable de asegurarse de que la persona extranjera detenida se presente ante un oficial o agente de esta agencia siempre que se le solicite.<\/p>\n<p>Para depositar una fianza de inmigraci\u00f3n para un extranjero que est\u00e1 siendo detenido por ICE en el Centro de Detenci\u00f3n por Contrato de Houston, debe depositar la fianza en la Secci\u00f3n de Servicio DRO ubicada en 126 Northpoint, Houston, TX 77060. La fianza se puede depositar de lunes a viernes (excepto festivos) entre las 7:30 a.m. y las 3 p.m. La oficina est\u00e1 cerrada para el almuerzo a partir de las 12:30 p.m. a 1:30 p.m. La fianza se puede pagar con cheque de caja de un banco o giro postal. Estos deben hacerse pagaderos a \u00abU.S. Departamento de Seguridad Nacional \u00ab.<\/p>\n<p>El bono se puede depositar de lunes a viernes (excepto festivos) entre las 7:30 a.m. y las 3 p.m. La oficina est\u00e1 cerrada para el almuerzo a partir de las 12:30 p.m. a 1:30 p.m. La fianza se puede pagar con cheque de caja de un banco o giro postal. Estos deben hacerse pagaderos a \u00abU.S. Departamento de Seguridad Nacional \u00ab.<\/p>\n<p>Muchas personas detenidas son elegibles para una fianza de inmigraci\u00f3n, especialmente los detenidos con un fuerte reclamo de ser liberado de la deportaci\u00f3n o aquellos sin antecedentes penales graves. ICE a menudo establecer\u00e1 el monto de la fianza para la persona detenida. Un abogado de inmigraci\u00f3n tambi\u00e9n puede presentar una moci\u00f3n para una audiencia de fianza frente a un juez de inmigraci\u00f3n.<\/p>\n<h3>Facing immigration concerns?<\/h3>\n<p>Whether you want to live in the US, get a US visa, bring your family, get employed, or legally stay in the country, our Shenandoah Immigration attorneys are here to help!<\/p>\n<p><a class=\"btn\" href=\"#contact-form\">Consult An Attorney<\/a><\/p>\n<h4>Tribunal de Inmigraci\u00f3n en Houston SPC<\/h4>\n<p>La Corte de Inmigraci\u00f3n de Houston SPC est\u00e1 conectada con el Centro de Detenci\u00f3n por Contrato de Houston. La frase \u00abSPC\u00bb significa Centro de procesamiento de servicios. La Corte de Inmigraci\u00f3n de Houston SPC maneja todos los casos de detenciones de los tres centros de detenci\u00f3n en Houston, incluidos:<\/p>\n<ul>\n<li>El Centro de Detenci\u00f3n por Contrato de Houston;<\/li>\n<li><a href=\"\/es\/leyes-de-inmigracion\/procedimientos-de-expulsion\/centro-de-detencion-de-inmigrantes-de-texas-cerca-de-houston\/centro-de-detencion-ice-joe-corley\/\">El Centro de Detenci\u00f3n de Joe Corley<\/a>;&nbsp;y<\/li>\n<li><a href=\"\/es\/leyes-de-inmigracion\/procedimientos-de-expulsion\/centro-de-detencion-de-inmigrantes-de-texas-cerca-de-houston\/centro-seguro-de-detencion-de-adultos\/\">El Centro Seguro de Detenci\u00f3n de Adultos de la IAH<\/a><\/li>\n<\/ul>\n<p>Los jueces de inmigraci\u00f3n del Tribunal de Inmigraci\u00f3n del Centro de Procesamiento de Servicios de Houston (SPC) incluyen:<\/p>\n<ul>\n<li style=\"list-style-type: none;\">\n<ul>\n<li>Judge Jimmie Benton; and<\/li>\n<li>Judge Saul Greenstein.<\/li>\n<\/ul>\n<\/li>\n<\/ul>\n<p>La instalaci\u00f3n es operada por Corrections Corporation of America. Fue construido en 1984 y remodelado en 2005. La instalaci\u00f3n tiene aproximadamente 900 camas para detenidos.<\/p>\n<p>Otros centros de detenci\u00f3n cercanos en Texas incluyen:<\/p>\n<ul>\n<li>El Centro de Detenci\u00f3n del Condado de Johnson en Cleburne, TX;<\/li>\n<li>El Centro de Detenci\u00f3n o Correccional de Rolling Plains;<\/li>\n<li>El Centro de Detenci\u00f3n de Inmigrantes de Dallas;<\/li>\n<li>El Centro de Detenci\u00f3n del Sur de Texas (Centro de Detenci\u00f3n Pearsall ICE);<\/li>\n<li>El Centro Willacy Denton;<\/li>\n<li>El Centro de Detenci\u00f3n Port Isabel en Los Fresnos; y<\/li>\n<li>El Centro de Detenci\u00f3n de Laredo<\/li>\n<\/ul>\n<p><strong>Informaci\u00f3n adicional<\/strong><\/p>\n<p><a href=\"https:\/\/www.ice.gov\/detention-facility\/houston-contract-detention-facility\" target=\"_blank\" rel=\"noopener\">El Centro de Detenci\u00f3n por contrato de Houston (CDF) <\/a> &#8211; el CDF en Houston, TX, recibe llamadas entre las 8 a.m. y las 4 p.m. Cuando llame sobre una persona detenida en este centro, se le preguntar\u00e1 sobre el nombre, apellido y nombres con guiones de la persona, cualquier alias que pueda usar, fecha de nacimiento y pa\u00eds de nacimiento. Aunque los detenidos no pueden recibir llamadas entrantes, puede dejar un mensaje para el detenido y \u00e9ste recibir\u00e1 su mensaje. La instalaci\u00f3n cuenta con estacionamiento p\u00fablico gratuito disponible en la instalaci\u00f3n y ofrece alojamiento para visitantes y detenidos con discapacidades.<\/p>\n<p><strong>Informaci\u00f3n de contacto:<\/strong><\/p>\n<address style=\"padding-left: 30px;\">Houston Contract Detention Facility (CDF)<br \/>\nHouston Field Office<br \/>\n15850 Export Plaza Drive<br \/>\nHouston, TX, 77032<br \/>\n(281) 449-1481<\/address>\n","protected":false},"excerpt":{"rendered":"<p>Centro de detenci\u00f3n por contrato de Houston (CDF) Muchas de las personas detenidas en el Centro de detenci\u00f3n por contrato de Houston&hellip;<\/p>\n","protected":false},"author":8,"featured_media":0,"parent":9800,"menu_order":2,"comment_status":"closed","ping_status":"closed","template":"","meta":{"_acf_changed":false,"inline_featured_image":false,"footnotes":""},"folder":[],"class_list":["post-9805","page","type-page","status-publish","hentry"],"acf":[],"_links":{"self":[{"href":"https:\/\/luishesslaw.com\/es\/wp-json\/wp\/v2\/pages\/9805","targetHints":{"allow":["GET"]}}],"collection":[{"href":"https:\/\/luishesslaw.com\/es\/wp-json\/wp\/v2\/pages"}],"about":[{"href":"https:\/\/luishesslaw.com\/es\/wp-json\/wp\/v2\/types\/page"}],"author":[{"embeddable":true,"href":"https:\/\/luishesslaw.com\/es\/wp-json\/wp\/v2\/users\/8"}],"replies":[{"embeddable":true,"href":"https:\/\/luishesslaw.com\/es\/wp-json\/wp\/v2\/comments?post=9805"}],"version-history":[{"count":0,"href":"https:\/\/luishesslaw.com\/es\/wp-json\/wp\/v2\/pages\/9805\/revisions"}],"up":[{"embeddable":true,"href":"https:\/\/luishesslaw.com\/es\/wp-json\/wp\/v2\/pages\/9800"}],"wp:attachment":[{"href":"https:\/\/luishesslaw.com\/es\/wp-json\/wp\/v2\/media?parent=9805"}],"wp:term":[{"taxonomy":"folder","embeddable":true,"href":"https:\/\/luishesslaw.com\/es\/wp-json\/wp\/v2\/folder?post=9805"}],"curies":[{"name":"wp","href":"https:\/\/api.w.org\/{rel}","templated":true}]}}