{"id":9800,"date":"2020-10-14T07:12:09","date_gmt":"2020-10-14T07:12:09","guid":{"rendered":"https:\/\/luisfhesslaw.wpenginepowered.com\/?page_id=9800"},"modified":"2022-03-21T20:41:23","modified_gmt":"2022-03-21T20:41:23","slug":"centro-de-detencion-de-inmigrantes-de-texas-cerca-de-houston","status":"publish","type":"page","link":"https:\/\/luishesslaw.com\/es\/leyes-de-inmigracion\/procedimientos-de-expulsion\/centro-de-detencion-de-inmigrantes-de-texas-cerca-de-houston\/","title":{"rendered":"Centro de detenci\u00f3n de inmigrantes de Texas cerca de Houston"},"content":{"rendered":"<h2>Centro de detenci\u00f3n de inmigrantes de Texas cerca de Houston, TX<\/h2>\n<p>Seg\u00fan el Global Detention Project, Estados Unidos tiene el sistema de detenci\u00f3n de inmigrantes m\u00e1s extenso del mundo. En un d\u00eda cualquiera, aproximadamente 30,000 personas son detenidas en instalaciones administrativas de detenci\u00f3n de inmigrantes en todo Estados Unidos, incluido el centro de detenci\u00f3n de inmigrantes de Texas.<\/p>\n<p>Aunque los no ciudadanos que son detenidos mientras completan procesos de inmigraci\u00f3n o <a href=\"\/es\/leyes-de-inmigracion\/asilo\/\">relacionados con el asilo<\/a>\u00a0se clasifican como detenciones administrativas (o \u201ccivil\u201d), las instalaciones utilizadas por ICE para estas detenciones funcionan esencialmente como prisiones.<\/p>\n<p>Si usted o un ser querido est\u00e1 detenido en un centro de detenci\u00f3n de inmigrantes de Texas, programe una consulta con nuestros abogados de inmigraci\u00f3n calificados que prestan servicios en Shenandoah, Montgomery, Houston, Livingston y m\u00e1s lugares en The Woodlands, Texas y sus alrededores.<\/p>\n<h2>Abogado de inmigrantes en centros de detenci\u00f3n<\/h2>\n<p>Para las personas que no caen bajo las disposiciones de detenci\u00f3n obligatoria, nuestro <a href=\"https:\/\/luishesslaw.com\/es\/\">experimentado abogado de inmigraci\u00f3n de Shenandoah<\/a> puede ayudarlo a obtener una fianza o libertad condicional.<\/p>\n<p>Nuestro <a href=\"https:\/\/luishesslaw.com\/es\/contacto\/\">bufete de abogados de inmigraci\u00f3n en Shenandoah, Texas<\/a> y m\u00e1s \u00e1reas alrededor de The Woodlands, Texas, representa a clientes ante la Oficina Ejecutiva de Revisi\u00f3n de Inmigraci\u00f3n (EOIR) durante la exclusi\u00f3n, deportaci\u00f3n, remoci\u00f3n, solo asilo, procedimientos de fianza y apelaciones de inmigraci\u00f3n.<\/p>\n<p>El abogado de inmigraci\u00f3n, Luis F. Hess, que representa a los clientes en los tres centros de detenci\u00f3n en Houston, TX y sus alrededores, incluye:<\/p>\n<ul>\n<li style=\"list-style-type: none;\">\n<ul>\n<li style=\"list-style-type: none;\">\n<ul>\n<li><a href=\"\/es\/leyes-de-inmigracion\/procedimientos-de-expulsion\/centro-de-detencion-de-inmigrantes-de-texas-cerca-de-houston\/centro-de-detencion-ice-joe-corley\/\">El Centro de Detenci\u00f3n Joe Corley en Conroe, Condado de Montgomery, TX<\/a>;<\/li>\n<\/ul>\n<ul>\n<li><a href=\"\/es\/leyes-de-inmigracion\/procedimientos-de-expulsion\/centro-de-detencion-de-inmigrantes-de-texas-cerca-de-houston\/centro-de-detencion-por-contrato-de-houston\/\">El Centro de Detenci\u00f3n por Contrato de Houston (\u201cCDF\u201d) en Houston, Condado de Harris, TX<\/a>; y<\/li>\n<\/ul>\n<ul>\n<li><a href=\"\/es\/leyes-de-inmigracion\/procedimientos-de-expulsion\/centro-de-detencion-de-inmigrantes-de-texas-cerca-de-houston\/centro-seguro-de-detencion-de-adultos\/\">El Centro Seguro de Detenci\u00f3n de Adultos de la IAH en el condado de Polk, Livingston, TX<\/a>.<\/li>\n<\/ul>\n<\/li>\n<\/ul>\n<\/li>\n<\/ul>\n<p><strong>Informaci\u00f3n adicional<\/strong><\/p>\n<p><a href=\"https:\/\/www.ice.gov\/detention-facilities\" target=\"_blank\" rel=\"noopener\">Localizador de centros de detenci\u00f3n de ICE<\/a> &#8211; visite el sitio web del Servicio de Inmigraci\u00f3n y Control de Aduanas (ICE) de los EE. UU. Para encontrar un localizador de centros de detenci\u00f3n que utilice una funci\u00f3n de mapa interactivo. Puede buscar en el directorio de centros de detenci\u00f3n de ICE por estado o por el nombre del centro.<\/p>\n","protected":false},"excerpt":{"rendered":"<p>Centro de detenci\u00f3n de inmigrantes de Texas cerca de Houston, TX Seg\u00fan el Global Detention Project, Estados Unidos tiene el sistema de&hellip;<\/p>\n","protected":false},"author":8,"featured_media":0,"parent":1583,"menu_order":4,"comment_status":"closed","ping_status":"closed","template":"","meta":{"_acf_changed":false,"inline_featured_image":false,"footnotes":""},"folder":[],"class_list":["post-9800","page","type-page","status-publish","hentry"],"acf":[],"_links":{"self":[{"href":"https:\/\/luishesslaw.com\/es\/wp-json\/wp\/v2\/pages\/9800","targetHints":{"allow":["GET"]}}],"collection":[{"href":"https:\/\/luishesslaw.com\/es\/wp-json\/wp\/v2\/pages"}],"about":[{"href":"https:\/\/luishesslaw.com\/es\/wp-json\/wp\/v2\/types\/page"}],"author":[{"embeddable":true,"href":"https:\/\/luishesslaw.com\/es\/wp-json\/wp\/v2\/users\/8"}],"replies":[{"embeddable":true,"href":"https:\/\/luishesslaw.com\/es\/wp-json\/wp\/v2\/comments?post=9800"}],"version-history":[{"count":0,"href":"https:\/\/luishesslaw.com\/es\/wp-json\/wp\/v2\/pages\/9800\/revisions"}],"up":[{"embeddable":true,"href":"https:\/\/luishesslaw.com\/es\/wp-json\/wp\/v2\/pages\/1583"}],"wp:attachment":[{"href":"https:\/\/luishesslaw.com\/es\/wp-json\/wp\/v2\/media?parent=9800"}],"wp:term":[{"taxonomy":"folder","embeddable":true,"href":"https:\/\/luishesslaw.com\/es\/wp-json\/wp\/v2\/folder?post=9800"}],"curies":[{"name":"wp","href":"https:\/\/api.w.org\/{rel}","templated":true}]}}