{"id":9795,"date":"2020-10-14T07:11:03","date_gmt":"2020-10-14T07:11:03","guid":{"rendered":"https:\/\/luisfhesslaw.wpenginepowered.com\/?page_id=9795"},"modified":"2022-03-18T14:39:37","modified_gmt":"2022-03-18T14:39:37","slug":"abogado-de-procedimientos-de-deportacion-de-shenandoah","status":"publish","type":"page","link":"https:\/\/luishesslaw.com\/es\/leyes-de-inmigracion\/procedimientos-de-expulsion\/abogado-de-procedimientos-de-deportacion-de-shenandoah\/","title":{"rendered":"Abogado de procedimientos de deportaci\u00f3n de Shenandoah"},"content":{"rendered":"<p>Seg\u00fan las leyes de inmigraci\u00f3n de los Estados Unidos, si una persona ya no tiene ning\u00fan estatus legal para permanecer en el pa\u00eds, la persona puede ser expulsada de los Estados Unidos. Una persona puede llamar la atenci\u00f3n de las autoridades de inmigraci\u00f3n por varias razones diferentes, incluido un arresto por un delito o allanamientos en el lugar de trabajo por parte de ICE. Si est\u00e1 en peligro de ser deportado, nuestro abogado de procedimientos de deportaci\u00f3n de Shenandoah puede ayudarlo.<\/p>\n<p>En muchos de estos casos, el Servicio de Inmigraci\u00f3n y Control de Aduanas (\u00abICE\u00bb) emitir\u00e1 un <a href=\"https:\/\/www.govinfo.gov\/content\/pkg\/CFR-2019-title8-vol1\/xml\/CFR-2019-title8-vol1-part1238.xml\" target=\"_blank\" rel=\"noopener\">Aviso de Intenci\u00f3n de Emitir una Orden de Remoci\u00f3n Administrativa Final<\/a>\u00a0(el \u00abNOI\u00bb). Luego, la persona estar\u00e1 sujeta a detenci\u00f3n en un centro de detenci\u00f3n de inmigrantes. Algunos tipos de condenas est\u00e1n sujetos a expulsi\u00f3n acelerada de conformidad con 8 U.S.C. \u00a7\u00a7 1227 (a) (2) (A) (iii), 1228 (a) &#8211; (b).<\/p>\n<p>Los casos a menudo se denominan procedimiento de deportaci\u00f3n o <a href=\"\/es\/leyes-de-inmigracion\/procedimientos-de-expulsion\/\">procedimiento de expulsi\u00f3n<\/a><strong>.<\/strong><\/p>\n<h2>Abogado para Procedimientos de Deportaci\u00f3n en Houston, TX<\/h2>\n<p>Despu\u00e9s de una detenci\u00f3n, su abogado puede ayudarlo durante una audiencia de <a href=\"\/es\/leyes-de-inmigracion\/procedimientos-de-expulsion\/audiencias-de-inmigracion\/\">fianza de inmigraci\u00f3n<\/a> para que su liberaci\u00f3n pueda ser asegurada mientras sus casos avanzan a trav\u00e9s del sistema. Adem\u00e1s, un abogado puede ayudarlo a comprender el Aviso de Intenci\u00f3n de emitir una Orden Administrativa Final de Deportaci\u00f3n (el \u00abNOI\u00bb) y las defensas que podr\u00edan aplicarse.<\/p>\n<p>Comun\u00edquese con Luis F. Hess, un <a href=\"\/es\/contacto\/\">abogado de inmigraci\u00f3n con experiencia<\/a> con oficinas en The Woodlands, para obtener m\u00e1s informaci\u00f3n sobre su derecho a impugnar la deportaci\u00f3n y solicitar la retenci\u00f3n de deportaci\u00f3n.<\/p>\n<p>En el \u00e1rea metropolitana de Houston, estos procedimientos de deportaci\u00f3n se llevan a cabo en los siguientes lugares:<\/p>\n<ul>\n<li>la Corte de Inmigraci\u00f3n de Houston en el Centro Continental II en el 9\u00ba piso en 1801 Smith Street en Houston, TX; y<\/li>\n<li>el Tribunal de Inmigraci\u00f3n del Centro de Procesamiento de Servicios de Houston (SPC) en 5520 Green Road en Houston, TX.<\/li>\n<\/ul>\n<p>Luis Hess ayuda a los clientes que est\u00e1n detenidos en <a href=\"\/es\/leyes-de-inmigracion\/procedimientos-de-expulsion\/centro-de-detencion-de-inmigrantes-de-texas-cerca-de-houston\/\">centros de detenci\u00f3n en toda el \u00e1rea metropolitana de Houston<\/a>, incluido el <a href=\"https:\/\/luishesslaw.com\/es\/leyes-de-inmigracion\/procedimientos-de-expulsion\/centro-de-detencion-de-inmigrantes-de-texas-cerca-de-houston\/centro-de-detencion-ice-joe-corley\/\">Centro de Detenci\u00f3n Joe Corley<\/a>, el <a href=\"\/es\/leyes-de-inmigracion\/procedimientos-de-expulsion\/centro-de-detencion-de-inmigrantes-de-texas-cerca-de-houston\/centro-seguro-de-detencion-de-adultos\/\">Centro de Detenci\u00f3n Seguro para Adultos de IAH<\/a>\u00a0o el <a href=\"\/es\/leyes-de-inmigracion\/procedimientos-de-expulsion\/centro-de-detencion-de-inmigrantes-de-texas-cerca-de-houston\/centro-de-detencion-por-contrato-de-houston\/\">Centro de Detenci\u00f3n por Contrato de Houston.<\/a><\/p>\n<p>Si ha perdido su caso o se le ha negado liberaci\u00f3n, Luis Hess representa a inmigrantes que buscan revertir una decisi\u00f3n migratoria negativa en una apelaci\u00f3n ante la Junta de Apelaciones de Inmigraci\u00f3n (BIA) o los Tribunales de Apelaciones de los Estados Unidos.<\/p>\n<p>Llame al (281) 779-4571<\/p>\n<h3>Facing immigration concerns?<\/h3>\n<p>Whether you want to live in the US, get a US visa, bring your family, get employed, or legally stay in the country, our Shenandoah Immigration attorneys are here to help!<\/p>\n<p><a class=\"btn\" href=\"#contact-form\">Consult An Attorney<\/a><\/p>\n<h3>Razones para un procedimiento de deportaci\u00f3n<\/h3>\n<p>El motivo m\u00e1s com\u00fan para un proceso de deportaci\u00f3n es que el inmigrante est\u00e1 acusado de cometer uno de varios delitos castigados con deportaci\u00f3n, que incluyen:<\/p>\n<ul>\n<li>Trata de personas;<\/li>\n<li>Dos o m\u00e1s delitos de depravaci\u00f3n moral dentro de los cinco a\u00f1os posteriores al ingreso que resulten en una sentencia de m\u00e1s de un a\u00f1o de c\u00e1rcel;<\/li>\n<li>Un delito de violencia dom\u00e9stica; o<\/li>\n<li>Un delito agravado;<\/li>\n<\/ul>\n<p>Otros motivos de deportacion o expulsion incluyen:<\/p>\n<ul>\n<li>Cometi\u00f3 fraude matrimonial;<\/li>\n<li>No ser eligible para admisi\u00f3n al momento de ingresar al pa\u00eds;<\/li>\n<li>Se present\u00f3 falsamente a s\u00ed mismo como ciudadano estadounidense;<\/li>\n<li>Viol\u00f3 los t\u00e9rminos y condiciones de una visa;<\/li>\n<li>Viol\u00f3 la Ley de Registro de Extranjeros para el registro con el gobierno;<\/li>\n<li>Falsific\u00f3 documentos de inmigraci\u00f3n;<\/li>\n<li>Se volvi\u00f3 dependiente de ayuda gubernamental;<\/li>\n<li>Particip\u00f3 en un vuelo de alta velocidad desde un puesto de control de inmigraci\u00f3n; o<\/li>\n<li>Es adicto a las drogas.<\/li>\n<\/ul>\n<p>Los extranjeros en proceso de deportaci\u00f3n tienen derecho a ser representados por un abogado, el derecho a examinar las pruebas en su contra y el derecho a contrainterrogar a los testigos. 8 U.S.C. Secci\u00f3n 1229a (b) (4) (A), (B).<\/p>\n<p>La corte de inmigraci\u00f3n tambi\u00e9n est\u00e1 obligada a mantener un registro completo, incluida una grabaci\u00f3n \u00abliteral\u00bb, de todos los testimonios y pruebas presentados en la audiencia. 8 U.S.C. \u00a7 1229a (b) (4) (C); 8 C.F.R. \u00a7 1240.9. Adem\u00e1s, los procedimientos de inmigraci\u00f3n se rigen por una carga de la prueba prohibida por ley. 8 U.S.C. \u00a7 1229a (c).<\/p>\n","protected":false},"excerpt":{"rendered":"<p>Seg\u00fan las leyes de inmigraci\u00f3n de los Estados Unidos, si una persona ya no tiene ning\u00fan estatus legal para permanecer en el&hellip;<\/p>\n","protected":false},"author":8,"featured_media":0,"parent":1583,"menu_order":2,"comment_status":"closed","ping_status":"closed","template":"","meta":{"_acf_changed":false,"inline_featured_image":false,"footnotes":""},"folder":[],"class_list":["post-9795","page","type-page","status-publish","hentry"],"acf":[],"_links":{"self":[{"href":"https:\/\/luishesslaw.com\/es\/wp-json\/wp\/v2\/pages\/9795","targetHints":{"allow":["GET"]}}],"collection":[{"href":"https:\/\/luishesslaw.com\/es\/wp-json\/wp\/v2\/pages"}],"about":[{"href":"https:\/\/luishesslaw.com\/es\/wp-json\/wp\/v2\/types\/page"}],"author":[{"embeddable":true,"href":"https:\/\/luishesslaw.com\/es\/wp-json\/wp\/v2\/users\/8"}],"replies":[{"embeddable":true,"href":"https:\/\/luishesslaw.com\/es\/wp-json\/wp\/v2\/comments?post=9795"}],"version-history":[{"count":0,"href":"https:\/\/luishesslaw.com\/es\/wp-json\/wp\/v2\/pages\/9795\/revisions"}],"up":[{"embeddable":true,"href":"https:\/\/luishesslaw.com\/es\/wp-json\/wp\/v2\/pages\/1583"}],"wp:attachment":[{"href":"https:\/\/luishesslaw.com\/es\/wp-json\/wp\/v2\/media?parent=9795"}],"wp:term":[{"taxonomy":"folder","embeddable":true,"href":"https:\/\/luishesslaw.com\/es\/wp-json\/wp\/v2\/folder?post=9795"}],"curies":[{"name":"wp","href":"https:\/\/api.w.org\/{rel}","templated":true}]}}