{"id":9790,"date":"2020-10-14T06:14:51","date_gmt":"2020-10-14T06:14:51","guid":{"rendered":"https:\/\/luisfhesslaw.wpenginepowered.com\/?page_id=9790"},"modified":"2022-03-18T14:30:53","modified_gmt":"2022-03-18T14:30:53","slug":"tribunal-de-inmigracion-de-houston-spc","status":"publish","type":"page","link":"https:\/\/luishesslaw.com\/es\/leyes-de-inmigracion\/tribunal-de-inmigracion-de-houston-spc\/","title":{"rendered":"Tribunal de Inmigraci\u00f3n de Houston SPC"},"content":{"rendered":"<p>Conectados al Centro de Detenci\u00f3n por Contrato de Houston, los jueces de inmigraci\u00f3n del Tribunal de Inmigraci\u00f3n del Centro de Procesamiento de Servicios de Houston (SPC) manejan casos de detenci\u00f3n de cada uno de los tres centros de detenci\u00f3n ubicados en el \u00e1rea metropolitana de Houston, que incluyen::<\/p>\n<ul>\n<li><a href=\"\/es\/leyes-de-inmigracion\/procedimientos-de-expulsion\/centro-de-detencion-de-inmigrantes-de-texas-cerca-de-houston\/centro-de-detencion-ice-joe-corley\/\">El Centro de Detenci\u00f3n Joe Corley<\/a>;<\/li>\n<li><a href=\"\/es\/leyes-de-inmigracion\/procedimientos-de-expulsion\/centro-de-detencion-de-inmigrantes-de-texas-cerca-de-houston\/centro-de-detencion-por-contrato-de-houston\/\">El Centro de Detenci\u00f3n por Contrato de Houston<\/a>; y<\/li>\n<li><a href=\"\/es\/leyes-de-inmigracion\/procedimientos-de-expulsion\/centro-de-detencion-de-inmigrantes-de-texas-cerca-de-houston\/centro-seguro-de-detencion-de-adultos\/\">El Centro de Detenci\u00f3n de Adultod de la IAH<\/a>.<\/li>\n<\/ul>\n<p>El Centro de Detenci\u00f3n por Contrato de Houston est\u00e1 bajo la jurisdicci\u00f3n de la Oficina del Juez Jefe de Inmigraci\u00f3n, una parte de la Oficina Ejecutiva de Revisi\u00f3n de Inmigraci\u00f3n (EOIR).<\/p>\n<p>El Departamento de Seguridad Nacional (DHS), el Servicio de Inmigraci\u00f3n y Control de Aduanas (ICE) y los Servicios de Ciudadan\u00eda e Inmigraci\u00f3n de los EE. UU. (USCIS) son independientes de la Oficina Ejecutiva de Revisi\u00f3n de Inmigraci\u00f3n (EOIR) y la Corte de Inmigraci\u00f3n de Houston SPC.<\/p>\n<h3>Informaci\u00f3n de Contacto de la Corte de Inmigraci\u00f3n de Houston<\/h3>\n<address style=\"padding-left: 30px;\">Houston Service Processing Center (SPC) Immigration Court<br \/>\n5520 Greens Road<br \/>\nHouston, TX 77032<br \/>\nTel\u00e9fono: 281-594-5600<\/address>\n<p>El horario de atenci\u00f3n habitual del Tribunal de Inmigraci\u00f3n del Centro de Procesamiento de Servicios de Houston (SPC) es de 7:30 a.m. a 3:30 p.m.<\/p>\n<p>El Tribunal de Inmigraci\u00f3n del Centro de Procesamiento de Servicios de Houston (SPC) est\u00e1 ubicado en un centro de detenci\u00f3n controlado por el Departamento de Seguridad Nacional.<\/p>\n<h3>Jueces de Inmigraci\u00f3n de la Corte de Inmigraci\u00f3n de Houston SPC<\/h3>\n<p>Los jueces de inmigraci\u00f3n de la Corte de inmigraci\u00f3n de Houston SPC incluyen:<\/p>\n<ul>\n<li>Saul Greenstein;<\/li>\n<li>Lisa Luis; and<\/li>\n<li>Richard D. Walton.<\/li>\n<\/ul>\n<p>Los jueces de inmigraci\u00f3n del Tribunal de Inmigraci\u00f3n del Centro de Procesamiento de Servicios de Houston (SPC) deciden los siguientes tipos de asuntos:<\/p>\n<ul>\n<li>Si a una persona se le debe permitir ingresar a los Estados Unidos;<\/li>\n<li>Si la persona debe ser removida o deportada;<\/li>\n<li>Si se debe otorgar una exenci\u00f3n de la expulsi\u00f3n debido a una solicitud de exenci\u00f3n de inadmisibilidad, cancelaci\u00f3n de expulsi\u00f3n, asilo o un ajuste de estatus.<\/li>\n<\/ul>\n<h3>Facing immigration concerns?<\/h3>\n<p>Whether you want to live in the US, get a US visa, bring your family, get employed, or legally stay in the country, our Shenandoah Immigration attorneys are here to help!<\/p>\n<p><a class=\"btn\" href=\"#contact-form\">Consult An Attorney<\/a><\/p>\n<p><strong>Recursos adicionales<\/strong><\/p>\n<p>Corte de Inmigraci\u00f3n de Houston SPC &#8211; Encuentre la informaci\u00f3n de contacto del Tribunal de Inmigraci\u00f3n del Centro de Procesamiento de Servicios de Houston (SPC), el Manual de pr\u00e1ctica de BIA y el Manual de pr\u00e1ctica de OCIJ.<\/p>\n<p><a href=\"https:\/\/www.ice.gov\/detention-facility\/houston-contract-detention-facility\" target=\"_blank\" rel=\"noopener\">ICE en el Centro de Detenci\u00f3n por contrato de Houston <\/a> &#8211; visite el sitio web del Servicio de Inmigraci\u00f3n y Control de Aduanas (ICE) de los EE. UU. Para obtener m\u00e1s informaci\u00f3n sobre el Centro de Detenci\u00f3n por Contrato de Houston ubicado en 15850 Export Plaza Drive en Houston, TX.<\/p>\n","protected":false},"excerpt":{"rendered":"<p>Conectados al Centro de Detenci\u00f3n por Contrato de Houston, los jueces de inmigraci\u00f3n del Tribunal de Inmigraci\u00f3n del Centro de Procesamiento de&hellip;<\/p>\n","protected":false},"author":8,"featured_media":0,"parent":1312,"menu_order":7,"comment_status":"closed","ping_status":"closed","template":"","meta":{"_acf_changed":false,"inline_featured_image":false,"footnotes":""},"folder":[],"class_list":["post-9790","page","type-page","status-publish","hentry"],"acf":[],"_links":{"self":[{"href":"https:\/\/luishesslaw.com\/es\/wp-json\/wp\/v2\/pages\/9790","targetHints":{"allow":["GET"]}}],"collection":[{"href":"https:\/\/luishesslaw.com\/es\/wp-json\/wp\/v2\/pages"}],"about":[{"href":"https:\/\/luishesslaw.com\/es\/wp-json\/wp\/v2\/types\/page"}],"author":[{"embeddable":true,"href":"https:\/\/luishesslaw.com\/es\/wp-json\/wp\/v2\/users\/8"}],"replies":[{"embeddable":true,"href":"https:\/\/luishesslaw.com\/es\/wp-json\/wp\/v2\/comments?post=9790"}],"version-history":[{"count":0,"href":"https:\/\/luishesslaw.com\/es\/wp-json\/wp\/v2\/pages\/9790\/revisions"}],"up":[{"embeddable":true,"href":"https:\/\/luishesslaw.com\/es\/wp-json\/wp\/v2\/pages\/1312"}],"wp:attachment":[{"href":"https:\/\/luishesslaw.com\/es\/wp-json\/wp\/v2\/media?parent=9790"}],"wp:term":[{"taxonomy":"folder","embeddable":true,"href":"https:\/\/luishesslaw.com\/es\/wp-json\/wp\/v2\/folder?post=9790"}],"curies":[{"name":"wp","href":"https:\/\/api.w.org\/{rel}","templated":true}]}}