{"id":9785,"date":"2020-10-14T06:14:03","date_gmt":"2020-10-14T06:14:03","guid":{"rendered":"https:\/\/luisfhesslaw.wpenginepowered.com\/?page_id=9785"},"modified":"2022-03-15T15:48:29","modified_gmt":"2022-03-15T15:48:29","slug":"tribunal-de-inmigracion-de-houston","status":"publish","type":"page","link":"https:\/\/luishesslaw.com\/es\/leyes-de-inmigracion\/tribunal-de-inmigracion-de-houston\/","title":{"rendered":"Tribunal de Inmigraci\u00f3n de Houston"},"content":{"rendered":"<p>La Corte de Inmigraci\u00f3n de Houston est\u00e1 ubicada en el centro de Houston, TX. Como principal tribunal de inmigraci\u00f3n, se encarga de los casos judiciales de inmigraci\u00f3n de no detenidos.<\/p>\n<p>La Corte de Inmigraci\u00f3n en Houston, TX, opera bajo la jurisdicci\u00f3n de la Oficina del Juez Principal de Inmigraci\u00f3n, que es parte de la Oficina Ejecutiva de Revisi\u00f3n de Inmigraci\u00f3n del Departamento de Justicia. La Oficina Ejecutiva de Revisi\u00f3n de Inmigraci\u00f3n (EOIR) y los Servicios de Ciudadan\u00eda e Inmigraci\u00f3n de los Estados Unidos (USCIS) en Houston, TX, son organizaciones separadas.<\/p>\n<p>Los nueve jueces de la Corte de Inmigraci\u00f3n de Houston manejan casos que involucran a individuos nacidos en el extranjero, quienes son acusados \u200b\u200bpor el Departamento de Seguridad Nacional (DHS) de violar la ley de inmigraci\u00f3n.<\/p>\n<p>Los jueces de inmigraci\u00f3n de la corte de inmigraci\u00f3n de Houston, TX, pueden decidir a qui\u00e9n se le debe ordenar la expulsi\u00f3n de los Estados Unidos. En estos casos, un abogado de inmigraci\u00f3n argumentar\u00e1 que en lugar de ser deportado, la persona debe recibir alivio o protecci\u00f3n contra la deportaci\u00f3n y se le debe permitir permanecer en este pa\u00eds.<\/p>\n<p>Los tribunales de inmigraci\u00f3n en Houston, TX, tambi\u00e9n deciden casos relacionados con el <strong><a href=\"\/es\/leyes-de-inmigracion\/asilo\/\">asilo y la cancelaci\u00f3n de los procedimientos de deportaci\u00f3n<\/a><\/strong>.<\/p>\n<h2>Abogado de la Corte de Inmigraci\u00f3n de Houston<\/h2>\n<p>Si necesita un abogado para un caso en la Corte de Inmigraci\u00f3n de Houston, comun\u00edquese con Luis F. Hess. Luis F. Hess, PLLC est\u00e1 ubicado en Shenandoah, Texas, al norte de The Woodlands y Houston, TX..<\/p>\n<p>Luis F. Hess ayuda a los clientes a solicitar una tarjeta verde o una visa. Representa a clientes acusados \u200b\u200bde violar la ley de inmigraci\u00f3n durante los procedimientos de deportaci\u00f3n. En estos casos, ayuda al cliente a hacer valer las defensas que brindan un alivio de la expulsi\u00f3n para que se le permita permanecer en los Estados Unidos.<\/p>\n<p>El abogado Luis F. Hess representa a clientes en todo el condado de Montgomery y el condado de Harris, TX. Su oficina atiende a clientes con casos de inmigraci\u00f3n en Conroe, The Woodlands, Spring y Houston, TX. Como abogado de inmigraci\u00f3n con experiencia, aparece regularmente en los Tribunales de Inmigraci\u00f3n en toda el \u00e1rea metropolitana de Houston, incluso en el centro de la corte, el Centro de Detenci\u00f3n CCA en Greens Road y el <a href=\"\/es\/leyes-de-inmigracion\/procedimientos-de-expulsion\/centro-de-detencion-de-inmigrantes-de-texas-cerca-de-houston\/centro-de-detencion-ice-joe-corley\/\">Centro de Detenci\u00f3n Joe Corley<\/a>.<\/p>\n<p>Si necesita un <strong><a href=\"\/es\/\">abogado de inmigraci\u00f3n con experiencia ubicado cerca de The Woodlands<\/a><\/strong>, al norte de Houston, TX, cont\u00e1ctenos. Llame a Luis F. Hess, PLLC al (281) 779-4571 hoy.<\/p>\n<h3>Informaci\u00f3n de contacto de la Corte de Inmigraci\u00f3n de Houston<\/h3>\n<p>La Corte de Inmigraci\u00f3n de Houston est\u00e1 ubicada en el centro de Houston en el lado sureste del Edificio Federal en la siguiente direcci\u00f3n:<\/p>\n<p style=\"padding-left: 30px;\"><em>Tribunal de inmigraci\u00f3n de Houston<br \/>\n600 Jefferson Street, Suite 900<br \/>\nHouston, Texas 77002-7335<br \/>\nTel\u00e9fono: (713) 718-3870<br \/>\n<\/em><\/p>\n<p>El horario de atenci\u00f3n de los tribunales de inmigraci\u00f3n en Houston es de 7:30 a.m. a 4:30 p.m. Puede comunicarse con el sistema automatizado despu\u00e9s del horario laboral normal al (800) 898-7180.<\/p>\n<p>Los documentos se pueden presentar de lunes a jueves de 7:30 a.m. a 4:00 p.m. El viernes, los documentos se pueden presentar de 7:30 a.m. a 3:30 p.m. Durante la semana, la ventana para la presentaci\u00f3n de documentos est\u00e1 cerrada desde el mediod\u00eda hasta la 1:00 p.m. cada d\u00eda.<\/p>\n<h3>Facing immigration concerns?<\/h3>\n<p>Whether you want to live in the US, get a US visa, bring your family, get employed, or legally stay in the country, our Shenandoah Immigration attorneys are here to help!<\/p>\n<p><a href=\"#contact-form\" class=\"btn\">Consult An Attorney<\/a><\/p>\n<h3>Jueces de Inmigraci\u00f3n en Houston, TX<\/h3>\n<p>Los nueve jueces de inmigraci\u00f3n que deciden los casos en la Corte de Inmigraci\u00f3n de Houston incluyen:<\/p>\n<ul>\n<li>Clarease Rankin Yates<\/li>\n<li>Georgina M. Picos<\/li>\n<li>Richard A. Jamadar<\/li>\n<li>Monique Harris<\/li>\n<li>Stephanie E. Gorman<\/li>\n<li>Marcos Gemoets<\/li>\n<li>Gary E. Endelman<\/li>\n<li>Chris A. Brisack<\/li>\n<li>Nimmo Bhagat<\/li>\n<\/ul>\n<p>Un juez de inmigraci\u00f3n de los EE. UU. En la Corte de inmigraci\u00f3n de Houston determina si una persona de un pa\u00eds extranjero (a menudo llamada \u00abextranjero\u00bb) debe poder ingresar o permanecer en los Estados Unidos o debe ser expulsada en un procedimiento judicial formal<\/p>\n<p>En un procedimiento de deportaci\u00f3n t\u00edpico, un juez de inmigraci\u00f3n de la Corte de Inmigraci\u00f3n de Houston decidir\u00e1 si un extranjero es removible, deportable o inadmisible seg\u00fan la ley.<\/p>\n<p>El juez de la corte de inmigraci\u00f3n en Houston, TX, entonces decidir\u00e1 si ese extranjero puede evitar la expulsi\u00f3n al aceptar la salida voluntaria, la protecci\u00f3n bajo la Convenci\u00f3n de las Naciones Unidas contra la Tortura, el ajuste de estatus, la cancelaci\u00f3n de la expulsi\u00f3n, al calificar para asilo u otras formas alivio de la remoci\u00f3n.<\/p>\n<p><strong>Informaci\u00f3n Adicional <\/strong><\/p>\n<p>Tribunal de Inmigraci\u00f3n en Houston: visite el sitio web\u00a0del Departamento de Justicia de los Estados Unidos para encontrar informaci\u00f3n sobre la <strong><a href=\"https:\/\/www.justice.gov\/eoir\/houston-immigration-court\" target=\"_blank\" rel=\"noopener\">Oficina Ejecutiva de Revisi\u00f3n de Inmigraci\u00f3n<\/a><\/strong> y el Tribunal de Inmigraci\u00f3n de Houston en Continental Center II en la calle 9 en el centro de la ciudad.<\/p>\n","protected":false},"excerpt":{"rendered":"<p>La Corte de Inmigraci\u00f3n de Houston est\u00e1 ubicada en el centro de Houston, TX. Como principal tribunal de inmigraci\u00f3n, se encarga de&hellip;<\/p>\n","protected":false},"author":8,"featured_media":0,"parent":1312,"menu_order":6,"comment_status":"closed","ping_status":"closed","template":"","meta":{"_acf_changed":false,"inline_featured_image":false,"footnotes":""},"folder":[],"class_list":["post-9785","page","type-page","status-publish","hentry"],"acf":[],"_links":{"self":[{"href":"https:\/\/luishesslaw.com\/es\/wp-json\/wp\/v2\/pages\/9785","targetHints":{"allow":["GET"]}}],"collection":[{"href":"https:\/\/luishesslaw.com\/es\/wp-json\/wp\/v2\/pages"}],"about":[{"href":"https:\/\/luishesslaw.com\/es\/wp-json\/wp\/v2\/types\/page"}],"author":[{"embeddable":true,"href":"https:\/\/luishesslaw.com\/es\/wp-json\/wp\/v2\/users\/8"}],"replies":[{"embeddable":true,"href":"https:\/\/luishesslaw.com\/es\/wp-json\/wp\/v2\/comments?post=9785"}],"version-history":[{"count":0,"href":"https:\/\/luishesslaw.com\/es\/wp-json\/wp\/v2\/pages\/9785\/revisions"}],"up":[{"embeddable":true,"href":"https:\/\/luishesslaw.com\/es\/wp-json\/wp\/v2\/pages\/1312"}],"wp:attachment":[{"href":"https:\/\/luishesslaw.com\/es\/wp-json\/wp\/v2\/media?parent=9785"}],"wp:term":[{"taxonomy":"folder","embeddable":true,"href":"https:\/\/luishesslaw.com\/es\/wp-json\/wp\/v2\/folder?post=9785"}],"curies":[{"name":"wp","href":"https:\/\/api.w.org\/{rel}","templated":true}]}}