{"id":8904,"date":"2021-04-05T09:51:50","date_gmt":"2021-04-05T09:51:50","guid":{"rendered":"https:\/\/luisfhesslaw.wpenginepowered.com\/?page_id=8904"},"modified":"2022-03-15T15:16:02","modified_gmt":"2022-03-15T15:16:02","slug":"programe-una-cita","status":"publish","type":"page","link":"https:\/\/luishesslaw.com\/es\/programe-una-cita\/","title":{"rendered":"Programe Una Cita"},"content":{"rendered":"<p>Para pagos de citas: Su tarjeta se cargar\u00e1 el d\u00eda de la cita, la misma pol\u00edtica aplica para las citas perdidas o canceladas.<\/p>\n<p>No se pudoencontrar la p\u00e1gina que estababuscando. Si deseaprogramar una cita, comun\u00edquesedirectamente con la empresa.<\/p>\n","protected":false},"excerpt":{"rendered":"<p>Para pagos de citas: Su tarjeta se cargar\u00e1 el d\u00eda de la cita, la misma pol\u00edtica aplica para las citas perdidas o&hellip;<\/p>\n","protected":false},"author":8,"featured_media":0,"parent":0,"menu_order":0,"comment_status":"closed","ping_status":"closed","template":"","meta":{"_acf_changed":false,"inline_featured_image":false,"footnotes":""},"folder":[],"class_list":["post-8904","page","type-page","status-publish","hentry"],"acf":[],"_links":{"self":[{"href":"https:\/\/luishesslaw.com\/es\/wp-json\/wp\/v2\/pages\/8904","targetHints":{"allow":["GET"]}}],"collection":[{"href":"https:\/\/luishesslaw.com\/es\/wp-json\/wp\/v2\/pages"}],"about":[{"href":"https:\/\/luishesslaw.com\/es\/wp-json\/wp\/v2\/types\/page"}],"author":[{"embeddable":true,"href":"https:\/\/luishesslaw.com\/es\/wp-json\/wp\/v2\/users\/8"}],"replies":[{"embeddable":true,"href":"https:\/\/luishesslaw.com\/es\/wp-json\/wp\/v2\/comments?post=8904"}],"version-history":[{"count":0,"href":"https:\/\/luishesslaw.com\/es\/wp-json\/wp\/v2\/pages\/8904\/revisions"}],"wp:attachment":[{"href":"https:\/\/luishesslaw.com\/es\/wp-json\/wp\/v2\/media?parent=8904"}],"wp:term":[{"taxonomy":"folder","embeddable":true,"href":"https:\/\/luishesslaw.com\/es\/wp-json\/wp\/v2\/folder?post=8904"}],"curies":[{"name":"wp","href":"https:\/\/api.w.org\/{rel}","templated":true}]}}