{"id":8885,"date":"2020-10-14T07:02:41","date_gmt":"2020-10-14T07:02:41","guid":{"rendered":"https:\/\/luisfhesslaw.wpenginepowered.com\/?page_id=8885"},"modified":"2022-03-15T16:47:21","modified_gmt":"2022-03-15T16:47:21","slug":"family-based-visa","status":"publish","type":"page","link":"https:\/\/luishesslaw.com\/es\/visa\/family-based-visa\/","title":{"rendered":"Family-Based Visa"},"content":{"rendered":"<h2>Abogado de Visas Familiares en TheWoodlands, TX<\/h2>\n<p>Promover la unidad familiar es la intenci\u00f3n del Congreso a trav\u00e9s de las leyes de inmigraci\u00f3n de EE. UU. Esta intenci\u00f3n se puede ver en la consistencia de los programas de visas familiares. Si est\u00e1 considerando obtener visas para su familia, nuestro abogado de visas familiares en TheWoodlands, Texas, puede ayudarlo.<\/p>\n<p>La Ley de Inmigraci\u00f3n y Nacionalidad (INA) clasifica las visas como inmigrantes y no inmigrantes. Las visas de inmigrante se emiten a personas que buscan vivir permanentemente en los Estados Unidos, mientras que las visas de no inmigrante se emiten a personas con residencia permanente en el extranjero, pero que buscan estar en los Estados Unidos de manera temporal para alg\u00fan prop\u00f3sito prescrito bajo 8 U.S.C. Secci\u00f3n 1101 (a) (15).<\/p>\n<p>La INA permite a los c\u00f3nyuges de personas con visas de inmigrante acompa\u00f1ar o seguir a su c\u00f3nyuge seg\u00fan lo dispuesto en 8 U.S.C. \u00a7 1101 (a) (27) (c) y 1153 (d).<\/p>\n<h2>Abogado de Visas Familiares en Shenandoah, TX<\/h2>\n<p>La experiencia personal con el proceso de inmigraci\u00f3n le brinda al abogado Luis F. Hess una perspectiva que la mayor\u00eda de los otros abogados no poseen. Como estadounidense de primera generaci\u00f3n, Luis F. Hess est\u00e1 especialmente preparado para guiar a otras personas a trav\u00e9s de cada etapa de la inmigraci\u00f3n. Tener un abogado que hable varios idiomas, incluidos espa\u00f1ol y chino mandar\u00edn, se vuelve invaluable al preparar formularios de inmigraci\u00f3n complejos.<\/p>\n<p>Si necesita ayuda para solicitar una visa en TheWoodlands o Shenandoah, Texas, parala categor\u00eda de reunificaci\u00f3n familiar, comun\u00edquese con un abogado de inmigraci\u00f3n con experiencia. Prosperity Immigration Law se encuentra en el condado de Montgomery, Texas. La firma tambi\u00e9n acepta casos en todo el norte del condado de Harris. Luis F. Hess representa a clientes en Spring, Shenandoah, Conroe, TheWoodlands y muchas otras comunidades cercanas en el \u00e1rea metropolitana de Houston.<\/p>\n<p>Ya sea que llame por una visa de prometido, una visa de familiar extranjero o una visa de c\u00f3nyuge, deje que Luis F. Hess ponga su experiencia a trabajar para usted. Luis F. Hess tambi\u00e9n tiene experiencia en visas basadas en empleo.<br \/>\nLlame al (281) 779-4571 para platicar de su caso.<\/p>\n<h3>Tipos de categor\u00edas de visas de no inmigrante basadas en la familia<\/h3>\n<p>Bajo la Ley de Inmigraci\u00f3n y Nacionalidad (INA), los dos grupos de categor\u00edas de visa de inmigrante basadas en la familia incluyen:<\/p>\n<ul>\n<li>Familiares inmediatos; y<\/li>\n<li>Categor\u00edas de preferencia familiar.<\/li>\n<\/ul>\n<div class=\"inr-inline-cntnt-frm\">\n<div class=\"inr-inline-cntnt\">\n<h5>Tiene preocupaciones sobre inmigraci\u00f3n?<\/h5>\n<p>Ya sea que desee vivir en los EE. UU., Obtener una visa de EE. UU., Traer a su familia, conseguir un empleo o permanecer legalmente en el pa\u00eds, \u00a1nuestros abogados de inmigraci\u00f3n de Shenandoah est\u00e1n aqu\u00ed para ayudarlo!<\/p>\n<\/div>\n<div class=\"inr-inline-btn\"><a class=\"hm-btn-frm\" href=\"#\">Consultar a una abogada<\/a><\/div>\n<\/div>\n<h3>Immediate Relative Immigrant Visas (Unlimited)<\/h3>\n<p>Estos tipos de visa se basan en una relaci\u00f3n familiar cercana con un ciudadano de los Estados Unidos (EE. UU.) Descrito como un familiar inmediato (IR). A diferencia<br \/>\nde las categor\u00edas de preferencia, la cantidad de visas disponibles para familiares inmediatos no est\u00e1 limitada a cada a\u00f1o fiscal. Los parientes inmediatos incluyen:<\/p>\n<ul>\n<li>C\u00f3nyuge de ciudadano estadounidense<\/li>\n<li>Hijo soltero menor de 21 a\u00f1os de un ciudadano estadounidense<\/li>\n<li>Hu\u00e9rfano adoptado en el extranjero por un ciudadano estadounidense<\/li>\n<li>Hu\u00e9rfano para ser adoptado en los EE. UU. Por un ciudadano estadounidense<\/li>\n<li>Padre de un ciudadano estadounidense que tenga al menos 21 a\u00f1os<\/li>\n<\/ul>\n<p>Programe una consulta con nuestros abogados de inmigraci\u00f3n de Shenandoah para obtener asistencia legal para obtener una visa de inmigraci\u00f3n para su familia.<\/p>\n<h3>Visas de inmigrante de preferencia familiar (limitada)<\/h3>\n<p>Estos tipos de visa son para relaciones familiares espec\u00edficas m\u00e1s distantes con un ciudadano estadounidense y algunas relaciones espec\u00edficas con un residente permanente legal (LPR). Los primos, suegros, t\u00edos, t\u00edas y abuelos no pueden patrocinar a un pariente con fines de inmigraci\u00f3n.<\/p>\n<p>Las limitaciones num\u00e9ricas de los inmigrantes de preferencia familiar para cada a\u00f1o fiscal se muestran a continuaci\u00f3n para cada categor\u00eda de preferencia familiar de la siguiente manera:<\/p>\n<ul>\n<li>Limitaci\u00f3n de 23,400 para <strong>Primera Preferencia (F1)<\/strong>: Hijos e hijas solteros de ciudadanos estadounidenses y sus hijos menores, si los hubiera.<\/li>\n<li>Limitaci\u00f3n de 114,200 para l<strong>a segunda preferencia (F2)<\/strong>: c\u00f3nyuges, hijos menores e hijos e hijas solteros (mayores de 21 a\u00f1os) de LPR. (Al menos el setenta y siete por ciento de todas las visas disponibles para esta categor\u00eda se destinar\u00e1n a los c\u00f3nyuges e hijos; el resto se asignar\u00e1 a hijos e hijas solteros<\/li>\n<p>.<\/p>\n<li>Limitaci\u00f3n de 23,400 para <strong>la tercera preferencia (F3)<\/strong>: Hijos e hijas casados de ciudadanos estadounidenses, y sus c\u00f3nyuges e hijos menores.<\/li>\n<li>Limitaci\u00f3n de 65,000 para <strong>la Cuarta Preferencia Familiar (F4)<\/strong>: Hermanos y hermanas de ciudadanos estadounidenses, y sus c\u00f3nyuges e hijos menores, siempre que los ciudadanos estadounidenses tengan al menos 21 a\u00f1os.<\/li>\n<\/ul>\n","protected":false},"excerpt":{"rendered":"<p>Abogado de Visas Familiares en TheWoodlands, TX Promover la unidad familiar es la intenci\u00f3n del Congreso a trav\u00e9s de las leyes de&hellip;<\/p>\n","protected":false},"author":8,"featured_media":0,"parent":13450,"menu_order":2,"comment_status":"closed","ping_status":"closed","template":"","meta":{"_acf_changed":false,"inline_featured_image":false,"footnotes":""},"folder":[],"class_list":["post-8885","page","type-page","status-publish","hentry"],"acf":[],"_links":{"self":[{"href":"https:\/\/luishesslaw.com\/es\/wp-json\/wp\/v2\/pages\/8885","targetHints":{"allow":["GET"]}}],"collection":[{"href":"https:\/\/luishesslaw.com\/es\/wp-json\/wp\/v2\/pages"}],"about":[{"href":"https:\/\/luishesslaw.com\/es\/wp-json\/wp\/v2\/types\/page"}],"author":[{"embeddable":true,"href":"https:\/\/luishesslaw.com\/es\/wp-json\/wp\/v2\/users\/8"}],"replies":[{"embeddable":true,"href":"https:\/\/luishesslaw.com\/es\/wp-json\/wp\/v2\/comments?post=8885"}],"version-history":[{"count":0,"href":"https:\/\/luishesslaw.com\/es\/wp-json\/wp\/v2\/pages\/8885\/revisions"}],"up":[{"embeddable":true,"href":"https:\/\/luishesslaw.com\/es\/wp-json\/wp\/v2\/pages\/13450"}],"wp:attachment":[{"href":"https:\/\/luishesslaw.com\/es\/wp-json\/wp\/v2\/media?parent=8885"}],"wp:term":[{"taxonomy":"folder","embeddable":true,"href":"https:\/\/luishesslaw.com\/es\/wp-json\/wp\/v2\/folder?post=8885"}],"curies":[{"name":"wp","href":"https:\/\/api.w.org\/{rel}","templated":true}]}}