{"id":8880,"date":"2021-03-31T07:26:48","date_gmt":"2021-03-31T07:26:48","guid":{"rendered":"https:\/\/luisfhesslaw.wpenginepowered.com\/?page_id=8880"},"modified":"2022-03-18T14:07:25","modified_gmt":"2022-03-18T14:07:25","slug":"visa","status":"publish","type":"page","link":"https:\/\/luishesslaw.com\/es\/visa\/","title":{"rendered":"Visa"},"content":{"rendered":"<p>Una visa otorga permiso para ingresar a los Estados Unidos. En los Estados Unidos se emiten muchas categor\u00edas de visas, dependiendo de si el solicitante tiene la intenci\u00f3n o no de permanecer en el pa\u00eds de manera temporal o si planea convertirse en residente permanente o ciudadano estadounidense. Estados Unidos emite dos tipos principales de visas. Las visas son visas de no inmigrante para visitas breves y temporales o visas de inmigrante, que se emiten para personas que tienen la intenci\u00f3n de obtener la residencia permanente.<\/p>\n<p>De los 11 millones de visas estadounidenses que se emitieron en 2016, aproximadamente el cinco por ciento se concedi\u00f3 a las personas que solicitaban una tarjeta verde (visas permanentes) y el ochenta (80) por ciento se emiti\u00f3 a los turistas. Por lo general, con una visa de turista, las personas pueden visitar los Estados Unidos por hasta seis meses a la vez, durante un per\u00edodo de cinco a diez a\u00f1os.<\/p>\n<p>Cualquier persona que ingrese a los Estados Unidos debe cumplir con los requisitos legales de inmigraci\u00f3n a menos que la persona tenga un estatus legal de no inmigrante. El estatus de no inmigrante puede aplicarse a una persona con una \u201cvisa B\u201d en un viaje de negocios o por motivos personales. Sin embargo, la visa de trabajador extranjero est\u00e1 exenta de la presunci\u00f3n de intenci\u00f3n de inmigrar.<\/p>\n<h2>Abogado de inmigraci\u00f3n para una visa en TheWoodlands, TX<\/h2>\n<p>Un abogado de inmigraci\u00f3n con experiencia en TheWoodlands, TX, puede ayudarlo a determinar qu\u00e9 tipos de visa se ajustan adecuadamente a sus necesidades de viaje. Si usted es un turista que busca una entrada temporal, un viajero de negocios o una persona que busca una residencia permanente,es imperativo comprender qu\u00e9 formularios debe presentar.<\/p>\n<p>Luis F. Hess representa a clientes en todo el condado de Montgomery, el condado de Harris y las \u00e1reas circundantes. Con una oficina en Shenandoah, su bufete de abogados est\u00e1 al norte de TheWoodlands y al sur de Conroe, TX. Para cualquier visa de no inmigrante o inmigrante, comun\u00edquese con el abogado de inmigraci\u00f3n con experiencia, Luis F. Hess. Llame a Luis F. Hess, PLLC al (281) 984-5294.<\/p>\n<h3>Descripci\u00f3n general de los tipos de visa en Conroe, Texas<\/h3>\n<ul>\n<li><a href=\"https:\/\/luishesslaw.com\/es\/visa\/#non\">Qu\u00e9 tipos de visas de no-inmigrante existen?<\/a><\/li>\n<li><a href=\"\/es\/visa\/#immigrant\">Qu\u00e9 tipos de visas de inmigrante existen?<\/a><\/li>\n<li><a href=\"\/es\/visa\/#work\">Cu\u00e1les son las categor\u00edas t\u00edpicas de visas de trabajo?<\/a><\/li>\n<\/ul>\n<p><a name=\"non\"><\/a><\/p>\n<h3>Tipos de visa de no inmigrante<\/h3>\n<p>Las visas de no inmigrante se emiten a los extranjeros en funci\u00f3n de la raz\u00f3n por la que la persona tiene la intenci\u00f3n de visitar los Estados Unidos. Cada uno de los 81 tipos o categor\u00edas diferentes de visa de no inmigrante tiene sus propios requisitos y proceso de solicitud.<\/p>\n<ul>\n<li><a href=\"https:\/\/luishesslaw.com\/es\/leyes-de-inmigracion\/visas-de-negocios\/\">B-1: Visitante de negocios<\/a><\/li>\n<li>B-2: Turista de placer<\/li>\n<li><a href=\"https:\/\/luishesslaw.com\/es\/leyes-de-inmigracion\/visas-de-negocios\/visa-e-1-comercio-internacional\/\">E-1: Comerciante de tratados<\/a><\/li>\n<li><a href=\"https:\/\/luishesslaw.com\/es\/leyes-de-inmigracion\/visas-de-negocios\/visa-e-2-inversionista-extranjero\/\">E-2: Inversor por tratado<\/a><\/li>\n<li>F: Estudiante<\/li>\n<li><a href=\"https:\/\/luishesslaw.com\/es\/leyes-de-inmigracion\/visas-de-negocios\/visa-de-trabajador-temporal-h1-b\/\">H: Trabajador temporal<\/a><\/li>\n<li><a href=\"https:\/\/luishesslaw.com\/es\/leyes-de-inmigracion\/visas-de-negocios\/visitante-de-intercambio-de-visa-j-1\/\">J: Visitante de intercambio<\/a><\/li>\n<li><a href=\"https:\/\/luishesslaw.com\/es\/leyes-de-inmigracion\/green-card\/basado-en-la-familia\/visas-para-elprometido-a\/\">K: C\u00f3nyuge o prometido de un ciudadano estadounidense<\/a><\/li>\n<li><a href=\"https:\/\/luishesslaw.com\/es\/leyes-de-inmigracion\/visas-de-negocios\/visa-l1-gerente-o-ejecutivo\/\">L: Cesionario intracompa\u00f1\u00eda<\/a><\/li>\n<li><a href=\"https:\/\/luishesslaw.com\/es\/leyes-de-inmigracion\/visas-de-negocios\/habilidad-extraordinaria-o-1\/\">O: Trabajador con habilidades extraordinarias<\/a><\/li>\n<li>P: Deportista o animador<\/li>\n<li>R: Trabajador religioso<\/li>\n<li>S: Testigo o informante<\/li>\n<li>T: V\u00edctima de trata de personas<\/li>\n<li>TN: Visa de comercio para canadienses o mexicanos<\/li>\n<li>TPS: Estado de protecci\u00f3n temporal<\/li>\n<li><a href=\"https:\/\/luishesslaw.com\/es\/visa\/u-visa\/\">U: V\u00edctima de determinados delitos<\/a><\/li>\n<\/ul>\n<p>El sistema de inmigraci\u00f3n proporciona clasificaciones de visas de inmigrantes y no inmigrantes que pueden utilizar los empleadores. Las solicitudes de visa de no inmigrante patrocinadas por el empleador en los Estados Unidos se presentan utilizando la visa de no inmigrante del Servicio de Ciudadan\u00eda e Inmigraci\u00f3n de los Estados Unidos (USCIS) ante el USCIS.<\/p>\n<h3>Tiene preocupaciones sobre inmigraci\u00f3n?<\/h3>\n<p>Ya sea que desee vivir en los EE. UU., Obtener una visa de EE. UU., Traer a su familia, conseguir un empleo o permanecer legalmente en el pa\u00eds, \u00a1nuestros abogados de inmigraci\u00f3n de Shenandoah est\u00e1n aqu\u00ed para ayudarlo!<\/p>\n<p><a class=\"btn\" href=\"#contact-form\">Consultar a un abogado<\/a><\/p>\n<h3><a name=\"immigrant\"><\/a>Visas de inmigrante<\/h3>\n<p>Solicitar una visa de inmigrante es el primer paso para convertirse en residente permanente legal. Para ser elegible para una visa de inmigrante, un ciudadano estadounidense u otro residente permanente legal debe patrocinar a un solicitante extranjero. Los tipos o categor\u00edas de visa de inmigrante m\u00e1s comunes son las visas basadas en empleo y las visas familiares.<\/p>\n<p>Una persona puede ser elegible para obtener una visa basada en una conexi\u00f3n familiar espec\u00edfica o basada en el empleo.<\/p>\n<p>La cantidad de visas emitidas cada a\u00f1o para las categor\u00edas de visa de inmigrante es limitada. No todos los pa\u00edses tienen la misma cantidad de visas disponibles. Por lo tanto, las personas extranjeras que intenten emigrar de pa\u00edses sin visas disponibles pueden ser colocadas en una lista de espera.<\/p>\n<h3><a name=\"work\"><\/a>Las visas de trabajo m\u00e1s comunes<\/h3>\n<p>Si bien la mayor\u00eda de las visas emitidas son para familias o son visas de visitante, existen algunas visas de trabajo para inmigrantes y no-inmigrantes que se otorgan para fines comerciales. Las visas de trabajo m\u00e1s t\u00edpicas se incluyen en la siguiente lista.<\/p>\n<p><strong>Altos Directivos y Ejecutivos:<\/strong> Para el ejecutivo o gerente multinacional. Los empleadores utilizan esta clasificaci\u00f3n de visa de inmigrante para patrocinar a ciudadanos extranjeros de una entidad relacionada en el extranjero para que obtengan una tarjeta verde para trabajar temporalmente en los Estados Unidos como ejecutivo o gerente.<\/p>\n<p><strong>Trabajadores no inmigrantes:<\/strong> Los empleadores utilizan la clasificaci\u00f3n de visa de no inmigrante para patrocinar a ciudadanos extranjeros para que trabajen en los Estados Unidos.<\/p>\n<p><strong>Trabajo temporal o estacional:<\/strong> los empleadores utilizan esta clasificaci\u00f3n de visa de no inmigrante para patrocinar a ciudadanos extranjeros para que trabajen en los Estados Unidos en trabajos no agr\u00edcolas temporales o estacionales. Este tipo de requisito de elegibilidad incluye la obligaci\u00f3n del empleador de probar el mercado laboral de EE. UU. Y obtener una certificaci\u00f3n laboral temporal.<\/p>\n<p><strong>Compa\u00f1\u00edas internacionales:<\/strong> Para compa\u00f1\u00edas internacionales que requieren clasificaciones de visa de no inmigrante, una visa para empleadores que quieran transferir ciudadanos extranjeros de una entidad relacionada ubicada en el extranjero utilizar\u00e1 una visa para trabajadores dentro de la compa\u00f1\u00eda.<\/p>\n<p><strong>El proceso de certificaci\u00f3n laboral PERM:<\/strong> La certificaci\u00f3n laboral PERM es el primer paso en muchos procesos de tarjeta verde (residencia permanente) patrocinados por el empleador. El empleador debe cumplir con varios requisitos para preparar una solicitud de PERM, incluidas las determinaciones de salario prevaleciente, el reclutamiento, la evaluaci\u00f3n de candidatos y la retenci\u00f3n de documentos de archivo de auditor\u00eda de PERM.<\/p>\n<p><strong>La visa de no inmigrante Trade NAFTA (TN):<\/strong> Los empleadores utilizan la clasificaci\u00f3n de visa de no inmigrante Trade NAFTA (TN) para patrocinar a ciudadanos extranjeros que son ciudadanos de Canad\u00e1 o M\u00e9xico para trabajar en los Estados Unidos.<\/p>\n<h5>Enfrentando preocupaciones de inmigraci\u00f3n?<\/h5>\n<p>Whether you want to live in the US, get a US visa, bring your family, get employed, or legally stay in the country, our Shenandoah Immigration attorneys are here to help!<\/p>\n<p><a href=\"#\">Consultar a una abogada<\/a><\/p>\n<h2>Abogado para una visa de inmigrante en el condado de Montgomery, TX<\/h2>\n<p>El abogado Luis F. Hess representa a los clientes en cada etapa del proceso de solicitud de inmigraci\u00f3n. Ya sea que a un solicitante se le haya negado injustamente la entrada a los EE. UU. O si est\u00e1 buscando ayuda para completar los formularios adecuados, \u00e9l est\u00e1 all\u00ed en cada paso del camino.<\/p>\n<p>Luis F. Hess es un abogado que se enorgullece de ser un defensor dedicado a los clientes que desean vivir y quedarse en los Estados Unidos. El deseo de mudarse a un nuevo pa\u00eds y comenzar una nueva vida es admirable.<\/p>\n<p>Tener un abogado de inmigraci\u00f3n con experiencia es importante. Luis F. Hess, PLLC est\u00e1 ubicado en Shenandoah, Texas, al norte de TheWoodlands. Luis F. Hess lleva casos en todo el condado de Montgomery y el condado de Harris, TX. Representa a clientes de Conroe, Shenandoah, TheWoodlands, Spring, Houston y las \u00e1reas circundantes.<\/p>\n<p>Llame al (281) 984-5294 para programar una consulta y obtener m\u00e1s informaci\u00f3n sobre sus opciones de inmigraci\u00f3n.<\/p>\n","protected":false},"excerpt":{"rendered":"<p>Una visa otorga permiso para ingresar a los Estados Unidos. En los Estados Unidos se emiten muchas categor\u00edas de visas, dependiendo de&hellip;<\/p>\n","protected":false},"author":8,"featured_media":0,"parent":0,"menu_order":0,"comment_status":"closed","ping_status":"closed","template":"","meta":{"_acf_changed":false,"inline_featured_image":false,"footnotes":""},"folder":[],"class_list":["post-8880","page","type-page","status-publish","hentry"],"acf":[],"_links":{"self":[{"href":"https:\/\/luishesslaw.com\/es\/wp-json\/wp\/v2\/pages\/8880","targetHints":{"allow":["GET"]}}],"collection":[{"href":"https:\/\/luishesslaw.com\/es\/wp-json\/wp\/v2\/pages"}],"about":[{"href":"https:\/\/luishesslaw.com\/es\/wp-json\/wp\/v2\/types\/page"}],"author":[{"embeddable":true,"href":"https:\/\/luishesslaw.com\/es\/wp-json\/wp\/v2\/users\/8"}],"replies":[{"embeddable":true,"href":"https:\/\/luishesslaw.com\/es\/wp-json\/wp\/v2\/comments?post=8880"}],"version-history":[{"count":0,"href":"https:\/\/luishesslaw.com\/es\/wp-json\/wp\/v2\/pages\/8880\/revisions"}],"wp:attachment":[{"href":"https:\/\/luishesslaw.com\/es\/wp-json\/wp\/v2\/media?parent=8880"}],"wp:term":[{"taxonomy":"folder","embeddable":true,"href":"https:\/\/luishesslaw.com\/es\/wp-json\/wp\/v2\/folder?post=8880"}],"curies":[{"name":"wp","href":"https:\/\/api.w.org\/{rel}","templated":true}]}}