{"id":8692,"date":"2020-10-14T06:59:59","date_gmt":"2020-10-14T06:59:59","guid":{"rendered":"https:\/\/luisfhesslaw.wpenginepowered.com\/?page_id=8692"},"modified":"2022-03-15T15:28:54","modified_gmt":"2022-03-15T15:28:54","slug":"visitante-de-intercambio-de-visa-j-1","status":"publish","type":"page","link":"https:\/\/luishesslaw.com\/es\/visa\/visas-de-negocios\/visitante-de-intercambio-de-visa-j-1\/","title":{"rendered":"Visitante de intercambio de visa J-1"},"content":{"rendered":"<p>La categor\u00eda de visa de no inmigrante de visitante de intercambio (J) es para personas aprobadas para participar en programas de visitante de intercambio basados en el trabajo y el estudio. La visa J \u2013 1 est\u00e1 autorizada para visitantes de intercambio no inmigrantes para una estad\u00eda temporal. La visa J \u2013 2 es para el c\u00f3nyuge y los dependientes del titular de la visa J \u2013 1.<\/p>\n<p>En la Ley de Intercambio Educativo y Cultural Mutuo de 1961, el Congreso autoriz\u00f3 al Departamento de Estado \u00abA proporcionar, mediante subvenci\u00f3n, contrato u otro tipo de intercambios educativos mediante el financiamiento de visitas e intercambios entre los Estados Unidos y otros pa\u00edses de estudiantes, aprendices, maestros, instructores y profesores \u00ab. Clausula 22 U.S.C. \u00a7 2452 (a) (1)<\/p>\n<p>El Departamento de Estado, a su vezcre\u00f3 el Programa de Visitantes de Intercambio \u00abPara brindar a los ciudadanos extranjeros la oportunidad de participar en programas educativos y culturales en los Estados Unidos y regresar a casa para compartir sus experiencias\u00bb. Clausula 22 C.F.R. \u00a7 62.1 (b).<\/p>\n<p>Para calificar para el estado de Visa de visitante de intercambio, una persona debe ser:<br \/>\nUn extranjero que tiene una residencia en un pa\u00eds extranjero que no tiene intenci\u00f3n de abandonar, que es un estudiante, erudito, aprendiz, maestro, profesor, asistente de investigaci\u00f3n, especialista o l\u00edder de buena fe en un campo de conocimiento o habilidad especializado, u otro persona de descripci\u00f3n similar, que viene temporalmente a los Estados Unidos como participante en un programa con el prop\u00f3sito de ense\u00f1ar, instruir o dar conferencias, estudiar, observar, realizar investigaciones, consultar, demostrar habilidades especiales o recibir capacitaci\u00f3n.<br \/>\nClausula 8 U.S.C. \u00a7 1101 (a) (15) (J).<\/p>\n<h3>Abogado para la Visa de visitante de intercambio en TheWoodlands, Tx.<\/h3>\n<p>Comun\u00edquese con el Abogado Luis F. Hess para obtener m\u00e1s informaci\u00f3n sobre las solicitudes temporales de visa de no inmigrante, incluyendo la Visa J-1.<br \/>\nLuis F. Hess, PLLC se encuentra localizado en TheWoodlands, Tx. Representa a clientes en todo el condado de Montgomery y el condado de Harris, Tx.<br \/>\nEl programa de visas de visitante de intercambio brinda oportunidades de intercambio cultural y educativo en los Estados Unidos a trav\u00e9s de varios programas supervisados por el Departamento de Estado de los E. U., Incluyendo viajes de trabajo de verano, viajes de trabajo, intercambios de estudiantes de Secundaria y Universidad, e Intercambios de m\u00e9dicos.<\/p>\n<p>Solicitar una visa puede llevar mucho tiempo y ser confuso. Llame al abogado<br \/>\nLuis F. Hess para obtener m\u00e1s informaci\u00f3n sobre la ley de inmigraci\u00f3n para empresas y estudiantes y trabajadores temporales en el \u00e1rea Conroe, Shenandoah, TheWoodlands, Spring, Houston y las \u00e1reas circunvecinas.<\/p>\n<p>Llame al (281) 223-1341 hoy.<\/p>\n<p>Requisito de residencia para el titular de la visa de visitante de intercambio bajo la Clausula 8 U.S.C. \u00a7 1182 (e), ning\u00fanvisitante de intercambio \u00abser\u00e1elegible para solicitar una visa de inmigrante, residencia permanente o una visa de no inmigrante\u00bb sin residir y estarf\u00edsicamentepresenteensupa\u00eds de origendurante al menos dos a\u00f1osdespu\u00e9s de abandonar el Estados Unidos. Enotras palabras, los extranjerosadmitidoscomovisitantes de intercambio no inmigrantes J-1 deben regresar y residirensupa\u00eds de origendurante dos a\u00f1os al finalizarsuprograma de intercambio. Para satisfacer el requisito de residencia en el extranjero, un visitante con una visa J-1 debe irse antes de ser elegible para solicitar una visa de inmigrante o residencia permanente.<\/p>\n<p><strong>El requisito de residencia \u00abpuede\u00bb no aplicarse en tres casos:<\/strong><\/p>\n<p>Dificultades excepcionales para el c\u00f3nyuge o hijo del extranjero (si dicho c\u00f3nyuge o hijo es ciudadano de los Estados Unidos o un extranjero residente legal).<br \/>\nEl extranjero no puede regresar al pa\u00eds requerido porque estar\u00eda sujeto a persecuci\u00f3n por motivos de raza, religi\u00f3n u opini\u00f3n pol\u00edtica; oel pa\u00eds extranjero o la \u00faltima residencia del extranjero ha presentado una declaraci\u00f3n por escrito de que no tiene objeciones a dicha renuncia en el caso de dicho extranjero.<\/p>\n<p>Bajo la clausula 22 C.F.R. \u00a7 41.63 (d) (1) &#8211; (2), el componente de una solicitud de excepci\u00f3n sin objeci\u00f3n es que el Departamento de Estado puede \u00absolicitar las opiniones de cada uno de los patrocinadores del visitante de intercambio\u00bb y su Divisi\u00f3n de Revisi\u00f3n de Excepci\u00f3nes (\u00abWRD\u00bb ) \u00abRevisar\u00e1 el programa, la pol\u00edtica y los aspectos de relaciones exteriores del caso\u00bb. La recomendaci\u00f3n de la Divisi\u00f3n de Revisi\u00f3n de Excepci\u00f3nes(WRD) se adopta normalmente como el Departamento de Estado.<\/p>\n<div class=\"inr-inline-cntnt-frm\">\n<div class=\"inr-inline-cntnt\">\n<h3>\u00bfTiene preocupaciones de inmigraci\u00f3n?<\/h3>\n<p>Ya sea que desee vivir en los EE. UU., Obtener una visa de EE. UU., Traer a su familia, conseguir un empleo o permanecer legalmente en el pa\u00eds, \u00a1nuestros abogados de inmigraci\u00f3n de Shenandoah est\u00e1n aqu\u00ed para ayudarlo!<\/p>\n<\/div>\n<div class=\"inr-inline-btn\"><a class=\"span-hm-btn-frm\" href=\"#\">Consultar a un abogado<\/a><\/div>\n<\/div>\n<p>El programa de Au Pair Bajo el programa Au Pair, los ciudadanosextranjeros entre las edades de 18 y 26 a\u00f1ospuedenviajar a los Estados Unidos y residir por no m\u00e1s de un a\u00f1o con una familiaanfitrionaestadounidense, dondeayudan a cuidar a los hijos de la familia y completar los cursosen un Colegio o Universidad local. Au Pairs puedeproporcionar no m\u00e1s de 10 horas de cuidadoinfantil por d\u00eda y no m\u00e1s de 45 horas de cuidadoinfantilen una semanadeterminada.<\/p>\n<p>Bajo la clausula \u00a7 62.31 (j) (2). Ellos \u00ab[a] son compensadosa una tasasemanal basadaen 45 horas de servicios de cuidado de ni\u00f1os a la semana y pagados de conformidad con los requisitos de la Ley de NormasLaborales Justas (FLSA). Bajo la clausula 29 U.S.C. \u00a7 201 interpretado e implementado por el Departamento de Trabajo de los Estados Unidos \u00ab. Los Au Pairs tambi\u00e9ndebenrecibir al menos un d\u00eda y medio de descansocadasemana y un fin de semanacompletocadames.<\/p>\n<p>Bajo la clausula U.S.C. \u00a7 514 (j), los patrocinadores designados supervisan los Programas Au Pair y brindan apoyo a los Au Pairs y las familias anfitrionas. \u00abLos patrocinadores requerir\u00e1n que los participantes de Au Pair sean compensados a una tarifa semanal basada en 45 horas por semana y pagados de conformidad con los requisitos de [FLSA] tal como los interpreta el Departamento de Trabajo de los Estados Unidos. \u00bb<\/p>\n<p>La historia del Programa\u201cAu Pairs\u201d se remonta a la Ley Fulbright-Hays, promulgada por el Congresoen 1961, que cre\u00f3 el Programa de Visitantes de Intercambio J-Visa. La Ley Fulbright-Hays anticip\u00f3 que algunosprogramas de Visa (J)incluir\u00edan un componente de empleo. El programa \u00abAu Pair\u00bb se inici\u00f3en 1988. En 1994, el Congresocontinu\u00f3 el Programa Au Pair, peroorden\u00f3 a la Agencia de Informaci\u00f3n de los Estados Unidos (USIA) que promulgara las regulaciones que rigen el programa.<\/p>\n<p>En 1996, el Congresoaprob\u00f3 una legislaci\u00f3n para enmendar la FLSA para aumentar el salariom\u00ednimo federal de manera incremental durante el pr\u00f3ximoa\u00f1o, la Ley de aumento del salariom\u00ednimo de 1996. La USIA modific\u00f3 sus reglamentos con respecto a las tasas de compensaci\u00f3n \u00abpara garantizar que no hayaconfusi\u00f3n futura con respecto al pago del salariom\u00ednimo \u00ab. Clausula 62 Fed. Reg. 34,633.<\/p>\n<p>Seg\u00fan las reglamentaciones, los patrocinadoresrequerir\u00e1n que los participantes de Au pair seanretribuidos de conformidad con los requisitos de [FLSA] talcomo los interpreta el Departamento de Trabajo de los Estados Unidos. \u201cPrograma de visitantes de intercambio\u201d. Enoctubre de 1997, el Congresoautoriza permanentemente el Programa Au Pair. Ley del 1 de octubre de 1997, Publicacion<br \/>\nL. No. 105-48, 111 Stat. 1165 (1997).<\/p>\n<h4>M\u00e9dicoextranjero para el programa de intercambiocl\u00ednico o no cl\u00ednico:<\/h4>\n<p>Regulaciones que implementan la Ley de IntercambioEducativo y Cultural Mutuo de 1961, Clausula 22 U.S.C. \u00a7 2451\u20132464 (1988), controlan la emisi\u00f3n de la visa J-1. Tambi\u00e9n define las categor\u00edas de elegibilidad de los participantesen un programa de visitantes de intercambiosubyacente a la emisi\u00f3n de una visa J \u2013 1.<\/p>\n<p>Ver 22 C.F.R. segs. 62.1, 62.2, 62.4 (2010). El t\u00e9rmino \u00abm\u00e9dicoextranjero\u00bb se define como una categor\u00eda de elegibilidad de los participantesen la que los graduados de escuelas de medicinaextranjeraspuedeningresar a los Estados Unidos para participaren un programa de intercambiocl\u00ednico o en un programa de intercambio no cl\u00ednico. Un programa de intercambiocl\u00ednico es un programa para m\u00e9dicos extranjeros que buscaneducaci\u00f3n o capacitaci\u00f3nm\u00e9dica de posgrado y, entre otras cosas, requiere que un m\u00e9dicoextranjeropresente una declaraci\u00f3n(Carta) del gobierno de supa\u00eds de origen queespecifique:<\/p>\n<ol>\n<li>Que existe la necesidad en ese pa\u00eds de profesionales m\u00e9dicos calificados en la especialidad elegida por el m\u00e9dico extranjero.<\/li>\n<li>Que el m\u00e9dico extranjero acord\u00f3 por escrito regresar al pa\u00eds de origen al finalizar la capacitaci\u00f3n y tiene la intenci\u00f3n de practicar la medicina en la especialidad elegida.<\/li>\n<\/ol>\n<p>Un programa de intercambio no cl\u00ednico es un programa en el que un m\u00e9dico extranjero ingresa a los Estados Unidos para los prop\u00f3sitos predominantes de observaci\u00f3n, consulta, ense\u00f1anza o investigaci\u00f3n, en el que el cuidado del paciente, si lo hay, es incidental y est\u00e1 bajo supervisi\u00f3n directa.<\/p>\n","protected":false},"excerpt":{"rendered":"<p>La categor\u00eda de visa de no inmigrante de visitante de intercambio (J) es para personas aprobadas para participar en programas de visitante&hellip;<\/p>\n","protected":false},"author":8,"featured_media":0,"parent":1552,"menu_order":6,"comment_status":"closed","ping_status":"closed","template":"","meta":{"_acf_changed":false,"inline_featured_image":false,"footnotes":""},"folder":[],"class_list":["post-8692","page","type-page","status-publish","hentry"],"acf":[],"_links":{"self":[{"href":"https:\/\/luishesslaw.com\/es\/wp-json\/wp\/v2\/pages\/8692","targetHints":{"allow":["GET"]}}],"collection":[{"href":"https:\/\/luishesslaw.com\/es\/wp-json\/wp\/v2\/pages"}],"about":[{"href":"https:\/\/luishesslaw.com\/es\/wp-json\/wp\/v2\/types\/page"}],"author":[{"embeddable":true,"href":"https:\/\/luishesslaw.com\/es\/wp-json\/wp\/v2\/users\/8"}],"replies":[{"embeddable":true,"href":"https:\/\/luishesslaw.com\/es\/wp-json\/wp\/v2\/comments?post=8692"}],"version-history":[{"count":0,"href":"https:\/\/luishesslaw.com\/es\/wp-json\/wp\/v2\/pages\/8692\/revisions"}],"up":[{"embeddable":true,"href":"https:\/\/luishesslaw.com\/es\/wp-json\/wp\/v2\/pages\/1552"}],"wp:attachment":[{"href":"https:\/\/luishesslaw.com\/es\/wp-json\/wp\/v2\/media?parent=8692"}],"wp:term":[{"taxonomy":"folder","embeddable":true,"href":"https:\/\/luishesslaw.com\/es\/wp-json\/wp\/v2\/folder?post=8692"}],"curies":[{"name":"wp","href":"https:\/\/api.w.org\/{rel}","templated":true}]}}