{"id":8683,"date":"2020-10-14T06:57:10","date_gmt":"2020-10-14T06:57:10","guid":{"rendered":"https:\/\/luisfhesslaw.wpenginepowered.com\/?page_id=8683"},"modified":"2022-03-15T15:11:42","modified_gmt":"2022-03-15T15:11:42","slug":"visa-eb-5-inmigrante-inversionista","status":"publish","type":"page","link":"https:\/\/luishesslaw.com\/es\/visa\/visas-de-negocios\/preferencias-de-visas-eb\/visa-eb-5-inmigrante-inversionista\/","title":{"rendered":"VISA EB-5 INMIGRANTE INVERSIONISTA."},"content":{"rendered":"<p>La visa EB-5 crea un camino hacia la ciudadan\u00eda para las personas extranjeras que invierten al menos $ 500,000 en los Estados Unidos. Los pasos para obtener una visa de inversionista inmigrante EB-5 incluyen:<\/p>\n<p>La presentaci\u00f3n de una petici\u00f3n de inmigrante-empresario extranjero (Formulario I-526, Petici\u00f3n del empresario extranjero) para solicitar la aprobaci\u00f3n del Servicio de Ciudadan\u00eda e Inmigraci\u00f3n de los Estados Unidos (USCIS).<\/p>\n<p>Dependiendo de las circunstancias, el solicitante presentar\u00e1 una solicitud I-485 para registrar la residencia permanente o ajustar el estado o la solicitud DS-230 \/ DS-260 para la visa de inmigrante y el registro de extranjeros.<\/p>\n<p>Despu\u00e9s de la aprobaci\u00f3n de la I-485, se otorga la entrada condicional a los Estados Unidos.<\/p>\n<p>Al menos, 90 d\u00edas antes del segundo aniversario del estado de la tarjeta verde, se debe presentar el Formulario I-829 Petici\u00f3n del empresario para eliminar las condiciones.<\/p>\n<p>La eliminaci\u00f3n de las condiciones de manera oportuna es necesaria o es probable que el inversionista EB-5 pierda el beneficio de inmigraci\u00f3n de la visa EB-5.<\/p>\n<p>Cuando se concede, la petici\u00f3n EB-5 le da al inversionista el derecho de vivir y trabajar permanentemente en los Estados Unidos y de traer a su familia calificada al pa\u00eds.<br \/>\nLuis F. Hess es el Abogado del inversionista inmigrante EB-5 en el \u00e1rea deTheWoodlands, TX.<\/p>\n<p>Un abogado de inmigraci\u00f3n experimentado puede ayudarlo a presentar su petici\u00f3n de empresario extranjero.<\/p>\n<p>Luis F. Hess, PLLC est\u00e1 ubicado en Shenandoah, Texas, justo al norte de TheWoodlands. El abogado de inmigraci\u00f3n Luis F. Hess representa a una amplia agenda de clientes en asuntos de inmigraci\u00f3n relacionados con los negocios, incluyendo la ayuda a los propietarios de negocios locales para patrocinar a trabajadores extranjeros y ayudar a los trabajadores extranjeros a ajustar su estatus migratorio.<\/p>\n<p>El proceso de inmigraci\u00f3n puede ser un esfuerzo extremadamente largo. Es imprescindible que si desea tener un estado LPR v\u00e1lido, se comunique con un abogado de inmigraci\u00f3n con experiencia. Comun\u00edquese con nosotros para obtener m\u00e1s informaci\u00f3n sobre los requisitos de la visa de Inversionista inmigrante EB-5 y otras alternativas, como la opci\u00f3n de tarjeta verde inter-corporativa EB-1C.<\/p>\n<p>Puede contactar a Luis F. Hess, PLLC al(281) 223-1341.<\/p>\n<p>Historia del \u00abPrograma EB-5\u00bb En 1990, el Congresomodific\u00f3 la Ley de Naturalizaci\u00f3n de la Inmigraci\u00f3n (INA) para proporcionar una clasificaci\u00f3n de visa prioritaria para los inmigrantes como una \u201cCreaci\u00f3n de empleo\u00bben la que invierten una cantidadsubstancial de capital en los Estados Unidos y creanempleospor tiempocompleto para los trabajadoresestadounidenses. EB-5 es la categor\u00eda de quintapreferenciabasadaen el empleo que se cre\u00f3 para atraer capital extranjero a los Estados Unidos.<\/p>\n<div class=\"inr-inline-cntnt-frm\">\n<div class=\"inr-inline-cntnt\">\n<h5>\u00bfTiene preocupaciones de inmigraci\u00f3n?<\/h5>\n<p>Ya sea que desee vivir en los EE. UU., Obtener una visa de EE. UU., Traer a su familia, conseguir un empleo o permanecer legalmente en el pa\u00eds, \u00a1nuestros abogados de inmigraci\u00f3n de Shenandoah est\u00e1n aqu\u00ed para ayudarlo!<\/p>\n<\/div>\n<div class=\"inr-inline-btn\"><a class=\"span-hm-btn-frm\" href=\"#\">Consultar a un abogado<\/a><\/div>\n<\/div>\n<p>El programa de visa de inversionista EB-5 tambi\u00e9ntiene un requisito de preservaci\u00f3n o creaci\u00f3n de empleo que cream\u00e1soportunidades de trabajo y beneficios para la econom\u00eda de los E. U. Requisitos del programa EB-5(a vecesllamado el programa de la \u00abvisa dorada\u00bb) tiene dos requerimientos:<\/p>\n<p>Primero, un solicitante debe: invertir $ 500,00.00 en un Centro Regional designado por el gobierno de los E. U. Ubicadoen un \u00c1rea de EmpleoDirigido (TEA) que se considere que cumple con el requisito de lacreaci\u00f3n de empleos; o Invertir $ 1 mill\u00f3nen una empresa comercial o empresarialestadounidensenueva o existente que crear\u00e1 al menos 10 empleos estadounidenses a tiempocompleto. Otrosrequisitos del programa de Visa EB-5 incluyen:<\/p>\n<p>mostrando que la inversi\u00f3nbeneficiar\u00e1 a la econom\u00edaEstadounidense; y demostrando que la fuente de los fondos de inversi\u00f3n no proviene de una fuenteilegal.<\/p>\n<p>El USCIS administra el programa EB-5 y establece los procedimientos que rigen la clasificaci\u00f3n EB-5. El proceso para obtener una visa EB-5 puede ser complicado. Primero, el USCIS debe aprobar una petici\u00f3n de inmigrante de un empresario extranjero. La aprobaci\u00f3nindica que el peticionario ha proporcionadoevidenciasuficiente de calificaci\u00f3n para la visa. Segundo, el Departamento de Estado luegorevisacualquierpetici\u00f3naprobada y sicorresponde, entoncesemite una Visa de InversionistaInmigrante. \u00bfCu\u00e1ntotiempo le toma al inversionistaobtener una visa EB-5?<\/p>\n<p>El tiempo que llevaobtener una visa EB-5 depende de variosfactores. El procesocompletosueledurar entre 12 y 18 meses, pero a vecesllevam\u00e1stiempo. Durante esteper\u00edodo, su abogado preparar\u00e1 la solicitud. Despu\u00e9s de que se presente la documentaci\u00f3n, el USCIS tardar\u00e1aproximadamente 5 mesesenprocesar la documentaci\u00f3n, aunquemuchos de los CentrosRegionalesinforman que los per\u00edodos de espera son un pocom\u00e1s largos. Despu\u00e9s de que se aprueba el I-526, los fondos se liberan de la cuenta de dep\u00f3sito del Centro Regional. Al utilizar el procesamiento premium, esteper\u00edodo de tiempopuedereducirseen 2 semanas. La entrevista del consulado o el ajuste de estado del formulario I-485 puedendemorar de cuatro a diezmeses, dependiendo del retrasoacumulado por el USCIS en ese momento.<\/p>\n<p>Cuando se emite la tarjeta verde condicional, puede ingresar a los Estados Unidos. La tarjeta verde condicional si es v\u00e1lida por dos a\u00f1os. Durante el mes 21 al 24 despu\u00e9s de recibir la tarjeta verde condicional, su abogado de inmigraci\u00f3n presentar\u00e1 el Formulario I-829 para eliminar las condiciones. Este formulario tarda aproximadamente seis (6) meses en procesarse. Cinco a\u00f1os despu\u00e9s de recibir su tarjeta verde condicional, puede solicitar la ciudadan\u00eda estadounidense.<\/p>\n","protected":false},"excerpt":{"rendered":"<p>La visa EB-5 crea un camino hacia la ciudadan\u00eda para las personas extranjeras que invierten al menos $ 500,000 en los Estados&hellip;<\/p>\n","protected":false},"author":8,"featured_media":0,"parent":12168,"menu_order":2,"comment_status":"closed","ping_status":"closed","template":"","meta":{"_acf_changed":false,"inline_featured_image":false,"footnotes":""},"folder":[],"class_list":["post-8683","page","type-page","status-publish","hentry"],"acf":[],"_links":{"self":[{"href":"https:\/\/luishesslaw.com\/es\/wp-json\/wp\/v2\/pages\/8683","targetHints":{"allow":["GET"]}}],"collection":[{"href":"https:\/\/luishesslaw.com\/es\/wp-json\/wp\/v2\/pages"}],"about":[{"href":"https:\/\/luishesslaw.com\/es\/wp-json\/wp\/v2\/types\/page"}],"author":[{"embeddable":true,"href":"https:\/\/luishesslaw.com\/es\/wp-json\/wp\/v2\/users\/8"}],"replies":[{"embeddable":true,"href":"https:\/\/luishesslaw.com\/es\/wp-json\/wp\/v2\/comments?post=8683"}],"version-history":[{"count":0,"href":"https:\/\/luishesslaw.com\/es\/wp-json\/wp\/v2\/pages\/8683\/revisions"}],"up":[{"embeddable":true,"href":"https:\/\/luishesslaw.com\/es\/wp-json\/wp\/v2\/pages\/12168"}],"wp:attachment":[{"href":"https:\/\/luishesslaw.com\/es\/wp-json\/wp\/v2\/media?parent=8683"}],"wp:term":[{"taxonomy":"folder","embeddable":true,"href":"https:\/\/luishesslaw.com\/es\/wp-json\/wp\/v2\/folder?post=8683"}],"curies":[{"name":"wp","href":"https:\/\/api.w.org\/{rel}","templated":true}]}}