{"id":8680,"date":"2020-10-14T06:57:32","date_gmt":"2020-10-14T06:57:32","guid":{"rendered":"https:\/\/luisfhesslaw.wpenginepowered.com\/?page_id=8680"},"modified":"2022-03-15T15:39:16","modified_gmt":"2022-03-15T15:39:16","slug":"visa-eb-2grado-avanzado-o-habilidad-excepcional","status":"publish","type":"page","link":"https:\/\/luishesslaw.com\/es\/visa\/visas-de-negocios\/preferencias-de-visas-eb\/visa-eb-2grado-avanzado-o-habilidad-excepcional\/","title":{"rendered":"VISA EB-2GRADO AVANZADO O HABILIDAD EXCEPCIONAL."},"content":{"rendered":"<p>Estados Unidos ofrece una variedad de formas para que los ciudadanos extranjeros se conviertan en Residentes Permanentes Legales a trav\u00e9s del empleo. La inmigraci\u00f3n basada en el empleo (EB) funciona en un sistema de preferencias. Los trabajadores que tienen t\u00edtulos avanzados o habilidades excepcionales deben buscar el estado EB-2.<\/p>\n<p>El proceso de inmigraci\u00f3n de los Estados Unidos no es un procedimiento simple. Muchas personas tienen que inclinarse hacia atr\u00e1s para obtener la documentaci\u00f3n importante que necesitan. Algunos tienen problemas para completar los formularios debido a la complicada terminolog\u00eda. Si desea obtener el estatus EB-2, puede contratar al abogado de inmigraci\u00f3n con experiencia, Luis Hess.<\/p>\n<h3>Abogado para el estado EB-2 en TheWoodlands, Texas<\/h3>\n<p>\u00bfDesea emigrar a los E. U. para una mejor oportunidad econ\u00f3mica? \u00bfTienes un t\u00edtulo avanzado o una habilidad excepcional en ciencias, artes o negocios? Si es as\u00ed, es posible que desee hablar con un abogado de inmigraci\u00f3n calificado. Un abogado puede evaluar su caso y trazar un plan para su plan de inmigraci\u00f3n.<\/p>\n<p>Luis F. Hess es un Abogado practicado con pasi\u00f3n dentro de la legislaci\u00f3n migratoria. Viene de una familia de inmigrantes y le gusta ayudar a sus clientes a obtener la Residencia Temporal o Permanente en los E. U.<\/p>\n<p>Llame hoy al (281) 223-1341 para programar una consulta conla firma de Luis F. Hess PLLC. El practica la ley en TheWoodlandsTxy las comunidades de alrededor, incluyendo Shenandoah, Oak Ridge North y Conroe.<\/p>\n<p>Calificaciones para una visa EB-2 en los E. U. Cadaa\u00f1o, los E. U. Permiten la emisi\u00f3n de 140,000 visas de empleo. Estas visas se dividenencategor\u00edas de preferencia; EB-2 es la segundacategor\u00eda de preferencia. La clasificaci\u00f3n EB-2 est\u00e1reservada para personas con t\u00edtulosavanzados o habilidadesexcepcionales. Si tiene un t\u00edtulo avanzado, debe mostrar:<\/p>\n<p>El trabajo que solicit\u00f3requiere un t\u00edtuloavanzado; O Tienes el equivalente de ese grado. Es posible que no se le solicite un t\u00edtuloavanzado para obtener el estado EB-2. Si tiene el equivalentea ese grado, se le puedeotorgar una visa. Por ejemplo, sitiene un t\u00edtulo de Bachillerato con cincoa\u00f1os de experienciaen el campo, entoncespuede ser considerado para el estado EB-2. Si tienes una habilidadexcepcional, tuhabilidad debe estaren: Letras; Ciencias; o Negocio Las personas con habilidadesexcepcionalesdebenproporcionardocumentaci\u00f3n para demostrarsu capacidad. Debe demostrar que sucapacidadtiene un grado de experiencia significativamente superior a los dem\u00e1sen el negocio.<\/p>\n<p>\u00bfC\u00f3mosolicito una visa EB-2? Las visas de Empleo no se puedenpresentar sin una certificaci\u00f3nlaboralaprobada por el Departamento de Trabajo de los E. U. Tambi\u00e9n debe tener una oferta de trabajov\u00e1lida para solicitar una visa EB-2. Si tiene ambos, puedepresentar una Solicitud de InmigranteparaTrabajadorExtranjero. Formulario I-140:<\/p>\n<div class=\"inr-inline-cntnt-frm\">\n<div class=\"inr-inline-cntnt\">\n<h5>\u00bfTiene preocupaciones de inmigraci\u00f3n?<\/h5>\n<p>Ya sea que desee vivir en los EE. UU., Obtener una visa de EE. UU., Traer a su familia, conseguir un empleo o permanecer legalmente en el pa\u00eds, \u00a1nuestros abogados de inmigraci\u00f3n de Shenandoah est\u00e1n aqu\u00ed para ayudarlo!<\/p>\n<\/div>\n<div class=\"inr-inline-btn\"><a class=\"span-hm-btn-frm\" href=\"#\">Consultar a un abogado<\/a><\/div>\n<\/div>\n<p>El formulario I-140 viene con instruccionesdetalladas para ayudarlo. Es incre\u00edblementeimportante que siga las instrucciones del formulario, para que puedaobtener su visa. Un errorpodr\u00edaforzarlo a reiniciartoda la aplicaci\u00f3n nuevamente. Si no tiene una oferta de trabajo y deseatrabajaren los Estados Unidos, puedesolicitar una exenci\u00f3nconocidacomoExcepci\u00f3n de Inter\u00e9s Nacional. Con la Exenci\u00f3n de Inter\u00e9s Nacional, puederenunciar al proceso de certificaci\u00f3nlaboral y a la oferta de trabajo. Para obtener una exenci\u00f3n de inter\u00e9snacional, debe demostrar que sus habilidades o conocimientos son valiosos para el \u00abinter\u00e9snacional\u00bb. Una vez que hayarenunciado al proceso de certificaci\u00f3nlaboral y a la oferta de trabajo, puede presentar un I-140 por sucuenta.<\/p>\n<p>\u00bfC\u00f3mosolicito una visa EB-2? Las visas de empleo no se puedenpresentar sin una certificaci\u00f3nlaboralaprobada por el Departamento de Trabajo de los E. U. Tambi\u00e9n debe tener una oferta de trabajov\u00e1lida para solicitar una visa EB-2. Si tiene ambos, puedepresentar una Solicitud de Inmigrante para TrabajadorExtranjero (FormularioI-140).<\/p>\n<p>El formulario I-140 viene con instruccionesdetalladas para ayudarlo. Es incre\u00edblemente importante que siga las instrucciones del formulario, para que puedaobtenersu visa. Un error o error podr\u00edaforzarlo a reiniciartoda la aplicaci\u00f3nnuevamente. Si no tiene una oferta de trabajo y deseatrabajaren los Estados Unidos, puedesolicitar una excepci\u00f3nconocidacomoExenci\u00f3n de Inter\u00e9s Nacional. Con la Excepci\u00f3n de Inter\u00e9s Nacional, puederenunciar al proceso de certificaci\u00f3nlaboral y a la oferta de trabajo. Para obtener una excepci\u00f3n de inter\u00e9snacional, debe demostrar que sus habilidades o conocimientos son valiosos para el \u00abInter\u00e9sNacional\u00bb. Una vez que hayarenunciado al proceso de certificaci\u00f3nlaboral y a la oferta de trabajo, puedepresentar un I-140 por su cuenta.<\/p>\n<p>El USCIS har\u00e1 la verificaci\u00f3n de toda la documentaci\u00f3n y luego revisar\u00e1 su petici\u00f3n.En el Centro Nacional de Visas (NVC) se le asignar\u00e1 un n\u00famero de caso y se le solicitar\u00e1 que pague todas las tarifas asociadas. Si el NVC determina que el archivo est\u00e1 completo, programar\u00e1n una entrevista. La entrevista se programar\u00e1 con la Embajada o Consulado de E. U. M\u00e1s cercano a usted. Puede encontrar una lista de las embajadas y consulados de E. U. Aqu\u00ed.<\/p>\n<p>Debe traer documentaci\u00f3n importante a su entrevista. Un oficial consular le preguntar\u00e1 sobre sus credenciales, ocupaci\u00f3n y otra informaci\u00f3n relevante. Si la entrevista es exitosa, se le otorgar\u00e1 una visa EB-2.<\/p>\n<p><strong>Documentaci\u00f3nrequerida para entrevista de visa:<\/strong><\/p>\n<p>La entrevistarequierevariosdocumentosimportantes para demostrar que califica para una visa EB-2. Se le puedepedir que traigadocumentosadicionales para demostrar que tiene un t\u00edtuloavanzado o una habilidadexcepcional. En general, se requieren los<\/p>\n<p><strong>siguientesdocumentosen una entrevista de visa: <\/strong><\/p>\n<ul>\n<li>-Pasaporte<\/li>\n<li>-Dos fotograf\u00edas de 2&#215;2<\/li>\n<li>-Documentoscivilescomocertificados de nacimiento y matrimonio<\/li>\n<li>-Prueba de que usted es financieramenteestable y no depender\u00e1 del gobierno de los Estados Unidos<\/li>\n<li>-Formulariosm\u00e9dicoscompletos.<\/li>\n<\/ul>\n<h3>Documentaci\u00f3n requerida para la visa EB-2:<\/h3>\n<p>El formulario I-140 tambi\u00e9n requiere documentos importantes. Los documentos que debe enviar dependen de si tiene un grado avanzado de habilidad excepcional. Si tiene un t\u00edtulo avanzado, debe presentar su I-140 con:<\/p>\n<p>Documentaci\u00f3n de que tiene un t\u00edtulo avanzado de E. U. ODocumentaci\u00f3n de una licenciatura o equivalente extranjero. Tambi\u00e9n puede recibir cartas de antiguos empleadores que muestren 5 a\u00f1os de trabajo progresivo posterior al Bachillerato en el campo especificado.<\/p>\n<p><strong>Si tiene una habilidad excepcional, debe tener al menos tres de los siguientes Documentos:<\/strong><\/p>\n<ul>\n<li style=\"list-style-type: none;\">\n<ul>-Documentaci\u00f3n de que tiene un t\u00edtulo, certificado o diploma de una instituci\u00f3n educativa relacionada con su \u00e1rea de especializaci\u00f3n.<\/ul>\n<\/li>\n<\/ul>\n<ul>\n<li style=\"list-style-type: none;\">\n<ul>-Cartas que muestren al menos 10 a\u00f1os de experiencia a tiempo completo en el campo.<\/ul>\n<\/li>\n<\/ul>\n<ul>\n<li style=\"list-style-type: none;\">\n<ul>-La licencia o certificaci\u00f3n para ejercer su profesi\u00f3n.<\/ul>\n<\/li>\n<\/ul>\n<ul>\n<li style=\"list-style-type: none;\">\n<ul>-Evidencia de que le pagaron un salario u otra remuneraci\u00f3n por su habilidad excepcional en la ocupaci\u00f3n.<\/ul>\n<\/li>\n<\/ul>\n<ul>\n<li style=\"list-style-type: none;\">\n<ul>-Prueba de que es miembro de una asociaci\u00f3n profesional.<\/ul>\n<\/li>\n<\/ul>\n<ul>\n<li style=\"list-style-type: none;\">\n<ul>-Reconocimiento por su capacidad excepcional por parte de su industria, pares, entidades gubernamentales, organizaciones profesionales o comerciales; u<\/ul>\n<\/li>\n<\/ul>\n<ul>Otra evidencia comparable que demuestra que tienes habilidades excepcionales.<\/ul>\n<p>Recursos adicionales<br \/>\nI-140, Petici\u00f3n de inmigrante para trabajadores extranjeros: visite el sitio web oficial de los Servicios de Ciudadan\u00eda e Inmigraci\u00f3n de E. U. Para obtener m\u00e1s informaci\u00f3n sobre los formularios I-140. Acceda a las instrucciones, aprenda d\u00f3nde presentarla, la tarifa de presentaci\u00f3n y otras instrucciones especiales.<\/p>\n<p>Certificaci\u00f3n laboral extranjera: visite el sitio web oficial del Departamento de Trabajo de los Estados Unidos para obtener m\u00e1s informaci\u00f3n sobre certificaciones laborales extranjeras. Acceda al sitio para obtener m\u00e1s informaci\u00f3n sobre la certificaci\u00f3n laboral permanente, la certificaci\u00f3n de trabajo especializado H-1B, la certificaci\u00f3n de trabajo temporal H-2A y otros.<\/p>\n<p>Luis F. Hess es el Abogado especializado para ayudarlo con la Visa EB-2 en TheWoodlands, Texas.<br \/>\nSi usted o un ser querido desea obtener una visa EB-2, es imprescindible que se comunique con el abogado experimentado Luis F.Hess. El podr\u00e1 evaluar sus formularios, buscar posibles problemas y soluciones en su caso y ayudarlo durante su entrevista.<\/p>\n<p>Llame a Luis F. Hess hoy para trabajar con un Abogado de inmigraci\u00f3n con experiencia. Tiene a\u00f1os de conocimiento con la ley de inmigraci\u00f3n y usar\u00e1 sus recursos para ayudarlo a vivir en los Estados Unidos legalmente. Cont\u00e1ctenos ahora al (281) 223-1341 para programar una consulta.<\/p>\n<p>Luis F. Hess, PLLC acepta clientes en TheWoodlands y las comunidades circunvecinas, incluyendo Shenandoah, Magnolia, Houston y Conroe.<\/p>\n","protected":false},"excerpt":{"rendered":"<p>Estados Unidos ofrece una variedad de formas para que los ciudadanos extranjeros se conviertan en Residentes Permanentes Legales a trav\u00e9s del empleo.&hellip;<\/p>\n","protected":false},"author":8,"featured_media":0,"parent":12168,"menu_order":3,"comment_status":"closed","ping_status":"closed","template":"","meta":{"_acf_changed":false,"inline_featured_image":false,"footnotes":""},"folder":[],"class_list":["post-8680","page","type-page","status-publish","hentry"],"acf":[],"_links":{"self":[{"href":"https:\/\/luishesslaw.com\/es\/wp-json\/wp\/v2\/pages\/8680","targetHints":{"allow":["GET"]}}],"collection":[{"href":"https:\/\/luishesslaw.com\/es\/wp-json\/wp\/v2\/pages"}],"about":[{"href":"https:\/\/luishesslaw.com\/es\/wp-json\/wp\/v2\/types\/page"}],"author":[{"embeddable":true,"href":"https:\/\/luishesslaw.com\/es\/wp-json\/wp\/v2\/users\/8"}],"replies":[{"embeddable":true,"href":"https:\/\/luishesslaw.com\/es\/wp-json\/wp\/v2\/comments?post=8680"}],"version-history":[{"count":0,"href":"https:\/\/luishesslaw.com\/es\/wp-json\/wp\/v2\/pages\/8680\/revisions"}],"up":[{"embeddable":true,"href":"https:\/\/luishesslaw.com\/es\/wp-json\/wp\/v2\/pages\/12168"}],"wp:attachment":[{"href":"https:\/\/luishesslaw.com\/es\/wp-json\/wp\/v2\/media?parent=8680"}],"wp:term":[{"taxonomy":"folder","embeddable":true,"href":"https:\/\/luishesslaw.com\/es\/wp-json\/wp\/v2\/folder?post=8680"}],"curies":[{"name":"wp","href":"https:\/\/api.w.org\/{rel}","templated":true}]}}