{"id":8674,"date":"2020-10-14T07:00:56","date_gmt":"2020-10-14T07:00:56","guid":{"rendered":"https:\/\/luisfhesslaw.wpenginepowered.com\/?page_id=8674"},"modified":"2022-03-15T15:40:26","modified_gmt":"2022-03-15T15:40:26","slug":"visa-e-2-inversionista-extranjero","status":"publish","type":"page","link":"https:\/\/luishesslaw.com\/es\/visa\/visas-de-negocios\/visa-e-2-inversionista-extranjero\/","title":{"rendered":"Visa E-2 Inversionista Extranjero"},"content":{"rendered":"<p>\u00bfDesea invertir su capital en los Estados Unidos para su negocio? Si es as\u00ed, puede<br \/>\ncalificar para una visa de inversionista de el tratado E-2 para ingresar a los Estados Unidos Legalmente. La clasificaci\u00f3n de no inmigrante E-2 permite a los extranjeros viajar a los E. U. Por razones de inversi\u00f3n.<\/p>\n<p>El sistema de inmigraci\u00f3n de los Estados Unidos es conocido por ser complicado. Si usted es un Inversionista extranjero, debe ser de un pa\u00eds del tratado calificado para ingresar a los Estados Unidos. Tambi\u00e9n debe completar un formulario DS-160 y programar una entrevista de Visa. Para solicitar de manera correcta y eficiente el estado E2, debe comunicarse con un Abogado de Inmigraci\u00f3n calificado.<\/p>\n<h3>Abogado para Visas E-2 en el condado de Montgomery, Texas<\/h3>\n<p>Estados Unidos es un centro de actividad econ\u00f3mica. Muchos inversionistas y empresas extranjeras visitan los Estados Unidos para hacer crecer su negocio. Es posible que desee ver c\u00f3mo obtener una visa E-2 para sus esfuerzos de expansi\u00f3n econ\u00f3mica. Sin embargo, el proceso de Inmigraci\u00f3n puede ser extremadamente complicado.<\/p>\n<p>Le recomendamos que contacte a un asesor legal experimentado. El abogado Luis F. Hesses experto en el tema y puede completar su solicitud por usted. Tambi\u00e9n puede analizar su caso en busca de errores o detalles faltantes. Tiene una probabilidad mucho mayor de que se le permita ingresar a los Estados Unidos con la ayuda de un Abogado de inmigraci\u00f3n.<\/p>\n<p>Llame a la Firma de el Abogado Luis F. Hess, ya que el esta experimentado en la litigaci\u00f3n de Inmigraci\u00f3n. Tiene a\u00f1os de pr\u00e1ctica y cuenta con los recursos que necesarios para su tramitarVisa. Comun\u00edquese con \u00e9l hoy al (281) 223-1341 para programar una consulta.<\/p>\n<p>El bufete de el Abogado Luis F. Hess, PLLC acepta clientes de el \u00e1rea de TheWoodlands y sus alrededores, incluyendo Magnolia, Shenandoah, Conroe, Oak Ridge North and Mas.<\/p>\n<h3>Calificaciones para una visa E-2:<\/h3>\n<p>La econom\u00eda de los Estados Unidos est\u00e1 en auge con oportunidades financieras en todas partes. Puede ser un buen momento para invertir en su negocio. Sin embargo, debe obtener laVisa apropiada para ingresar legalmente a los Estados Unidos. Es posible que desee considerar la obtenci\u00f3n de la clasificaci\u00f3n E-2 como inversionista en un tratado de comercio.<\/p>\n<div class=\"inr-inline-cntnt-frm\">\n<div class=\"inr-inline-cntnt\">\n<h5>\u00bfTiene preocupaciones de inmigraci\u00f3n?<\/h5>\n<p>Ya sea que desee vivir en los EE. UU., Obtener una visa de EE. UU., Traer a su familia, conseguir un empleo o permanecer legalmente en el pa\u00eds, \u00a1nuestros abogados de inmigraci\u00f3n de Shenandoah est\u00e1n aqu\u00ed para ayudarlo!<\/p>\n<\/div>\n<div class=\"inr-inline-btn\"><a class=\"span-hm-btn-frm\" href=\"#\">Consultar a un abogado<\/a><\/div>\n<\/div>\n<h3>Para calificar para una visa E-2, debe ser:<\/h3>\n<ul>\n<li>-De un pa\u00eds donde Estados Unidos mantiene un tratado de Comercio y Navegaci\u00f3n.<\/li>\n<li>-En el proceso de invertir o haber invertido en una cantidad sustancial de capital para una empresa en los Estados Unidos.<\/li>\n<li>-Buscar vivir en los E. U. Para que pueda desarrollar y dirigir su empresa. Debe demostrar esto al ser due\u00f1o del 50 por ciento de la empresa o poseer control operativo a trav\u00e9s de un puesto directivo.<\/li>\n<\/ul>\n<p>La inversi\u00f3n es cuando una persona pone enriesgo capital, comofondos o activos. Este riesgocomercial es producir una gran ganancia. El t\u00e9rminocantidadsustancial de capital significa:<\/p>\n<ul>\n<li>-Fue un costosignificativo para comprar o establecer la empresa.<\/li>\n<li>-La inversi\u00f3nfuesuficiente para garantizar que est\u00e1comprometido con la operaci\u00f3nexitosa de estenegocio o empresa.<\/li>\n<li>-El dineroinvertidofuesuficiente para desarrollar y dirigirla empresa.<\/li>\n<\/ul>\n<p>Si es empleado de un inversionistaen un tratado, debe cumplir con diferentesrequisitospara calificar para una Visa E-2 comoempleadodebetener:<\/p>\n<ul>\n<li>-La mismanacionalidad que suempleador.<\/li>\n<li><\/li>\n<li>-La nacionalidad debe ser uno de los pa\u00edses del tratadoincluidosen los E. U.<\/li>\n<li><\/li>\n<li>-Cumplir con la definici\u00f3n de empleado bajo las leyesrelevantes.<\/li>\n<li><\/li>\n<li>-Tener un car\u00e1cterejecutivo o de supervisi\u00f3nen la empresa u organizaci\u00f3n. Tambi\u00e9npuedetenercalificacionesespecialesnecesarias para su empresa.<\/li>\n<li><\/li>\n<\/ul>\n<p>Los inversionistas del tratadopueden ser individuos o entidades. Si suempleador es una empresa u organizaci\u00f3n, el 50 por ciento de los propietariosdebentener la mismanacionalidad que el pa\u00eds del tratado. Estospropietariostambi\u00e9ndebentener un estatus de inversionista de tratado no inmigrante. El car\u00e1cterejecutivo o de supervisi\u00f3n se refiere a suestadoen la empresa. Debe tener una parte o todo el control y la responsabilidad de la organizaci\u00f3n. Otra forma de calificar es tener calificacionesespeciales, que son las habilidadesnecesarias para administrarsu organizaci\u00f3n.<\/p>\n<p><strong>A continuaci\u00f3n, se enumeran los diversos factores utilizados por el USCIS para determinar las calificaciones especiales:<\/strong><\/p>\n<ul>\n<li>-Tiene habilidades espec\u00edficas para la empresa u organizaci\u00f3n.<\/li>\n<li>-Tiene un grado de experiencia comprobada para el campo.<\/li>\n<li>-Su salario refleja las calificaciones especiales.<\/li>\n<li>-Si las calificaciones y habilidades se pueden encontrar en los E. U.<\/li>\n<\/ul>\n<h3>\u00bfC\u00f3mosolicito el estado E-2?<\/h3>\n<p>Los procedimientos para el estado E-2 dependen dellugardondeviveactualmente. Si actualmenteviveen los Estados Unidos, debe presentar un Formulario I-129 para cambiarsuestadoa E-2. Suempleadortambi\u00e9npuedepresentar un Formulario I-129 para ustedsiviveen los Estados Unidos. Sin embargo, siest\u00e1fuera de los E. U., El procesopuede ser un pocom\u00e1scomplicado. Debe completar un formulario DS-160 en Internet. El formulario viene con instruccionesdetalladasperocabemencionar que cualquier error en el formulario DS-160 puedehacer que comience de nuevo con la solicitud.<\/p>\n<p>Su pr\u00f3ximo paso ser\u00e1 comunicarse con una Embajada o Consulado local de E. U.<br \/>\nUsted Puede encontrar una lista de las embajadas y consulados de E. U. en linea. La Embajada o el Consulado revisar\u00e1 su caso para ver si se necesita una entrevista. No todos los solicitantes E-2 est\u00e1n obligados a participar en una entrevista. Sin embargo, si la embajada o el consulado le solicita una entrevista, debe asistir.<br \/>\nEn la entrevista, se le preguntar\u00e1 sobre el prop\u00f3sito de su visita a los E. U. Se le pedir\u00e1 que traiga documentaci\u00f3n importante y responda cualquier pregunta que se le haga. Si tiene una entrevista exitosa, su visa ser\u00e1 emitida.<\/p>\n<h3>Documentaci\u00f3nrequerida para una visa E-2<\/h3>\n<p>Una entrevistaen la Embajada o Consuladorequerir\u00e1documentaci\u00f3nimportante. Si debe asistir a una entrevista, debe traer:<\/p>\n<ul>\n<li>-Un pasaportev\u00e1lido.<\/li>\n<li>-La p\u00e1gina de confirmaci\u00f3n para el formulario DS-160.<\/li>\n<li>-El recibo de la tarifa de solicitud.-Un formulario DS-156E para el comerciante de tratados no inmigrantes.<\/li>\n<li>-Una fotosi no pudocargar una ensuDS-160.<\/li>\n<\/ul>\n<p>Algunas Embajadas o Consulados le pedir\u00e1n que traiga documentaci\u00f3n adicional. Esto es para demostrar que usted es un inversionista en un tratado de comercio o un empleado de un inversionista en un tratado. Es posible que se le solicite completar formularios especiales y proporcionar m\u00e1s documentaci\u00f3n. Todas las entrevistas se realizan caso por caso, por lo que es imposible especificar cu\u00e1les pueden ser estos documentos.<\/p>\n<h3>E-2 Duraci\u00f3n y Extensiones:<\/h3>\n<p>Una visa de clasificaci\u00f3n de no inmigrante E-2 tiene una duraci\u00f3n de dos a\u00f1os. Una vez que el l\u00edmite est\u00e1 arriba, puede solicitar una extensi\u00f3n. Todas las solicitudes de extensi\u00f3n para visas E-2 se realizan en incrementos de dos a\u00f1os. No hay l\u00edmite en la cantidad de extensiones que puede poner en su visa E-2. Puede renovar su estado legal con su E-2 hasta que ya no califique.<\/p>\n<p>Los titulares de E-2 deben salir de los E. U. En la fecha o antes de que expire su Visa. Si no renueva su estado, puede perder su estado legal. Esto significa que ser\u00e1 anulado autom\u00e1ticamente la pr\u00f3xima vez que intente ingresar en un puerto de entrada. Tambi\u00e9n podr\u00eda perder el derecho de solicitar visas futuras.<\/p>\n<div class=\"inr-inline-cntnt-frm\">\n<div class=\"inr-inline-cntnt\">\n<h5>\u00bfTiene preocupaciones de inmigraci\u00f3n?<\/h5>\n<p>Ya sea que desee vivir en los EE. UU., Obtener una visa de EE. UU., Traer a su familia, conseguir un empleo o permanecer legalmente en el pa\u00eds, \u00a1nuestros abogados de inmigraci\u00f3n de Shenandoah est\u00e1n aqu\u00ed para ayudarlo!<\/p>\n<\/div>\n<div class=\"inr-inline-btn\"><a class=\"span-hm-btn-frm\" href=\"#\">Consultar a un abogado<\/a><\/div>\n<\/div>\n<h3>Pa\u00edses elegibles para una visa E-2:<\/h3>\n<p>Solo las personas de ciertos pa\u00edses son elegibles para una visa E-2. Estos pa\u00edses tienen un tratado de comercio y navegaci\u00f3n con los Estados Unidos. Algunos pa\u00edses cuyos ciudadanos pueden solicitar una visa E-2 incluyen, entre otros:<\/p>\n<ul>\n<li>Australia<\/li>\n<li>Argentina<\/li>\n<li>B\u00e9lgica<\/li>\n<li>Bulgaria<\/li>\n<li>Canad\u00e1<\/li>\n<li>Chile<\/li>\n<li>China (Taiw\u00e1n)<\/li>\n<li>Dinamarca<\/li>\n<li>Etiop\u00eda<\/li>\n<li>Francia<\/li>\n<li>Alemania<\/li>\n<li>Grecia<\/li>\n<li>Corr\u00ed<\/li>\n<li>Irlanda<\/li>\n<li>M\u00e9xico<\/li>\n<li>Filipinas<\/li>\n<li>Singapur<\/li>\n<li>Suecia<\/li>\n<li>Reino Unido<\/li>\n<\/ul>\n<p>tienen restricciones para sus titulares. Si no sigue los t\u00e9rminos y condiciones de su estado E-2, podr\u00eda perder su Visa. Como inversionista del tratado E-2, no puede cambiar su empleo en ning\u00fan momento. Sin embargo, puede trabajar para la empresa matriz o subsidiaria de la organizaci\u00f3n del tratado si:<\/p>\n<ul>\n<li>-Se establece la relaci\u00f3n entre las dos organizaciones.<\/li>\n<li>-El empleo requiere habilidades esenciales, ejecutivas o de supervisi\u00f3n.<\/li>\n<li>-Los t\u00e9rminos y condiciones de la ocupaci\u00f3n no han cambiado.<\/li>\n<\/ul>\n<h3>Recursos adicionales:<\/h3>\n<p>Inversionistas del Tratado E-2: Pueden visitar el sitio web oficial de los Servicios de Ciudadan\u00eda e Inmigraci\u00f3n de E. U para obtener m\u00e1s informaci\u00f3n sobre el estado E-2. Acceda al sitio para obtener m\u00e1s informaci\u00f3n sobre los pa\u00edses del tratado, el I-129 basado en el empleo y otros recursos valiosos.<\/p>\n<p>Tiempos de espera para la cita de Visado: visite el sitio web oficial del Departamento de Estado de E. U. ala oficina de Asuntos Consulares. Acceda al sitio para averiguar el tiempo de espera de su embajada o consulado local. Encuentre m\u00e1s informaci\u00f3n sobre el procesamiento administrativo y c\u00f3mo podr\u00eda afectar su solicitud.<strong>Enlaces directos: <\/strong><\/p>\n<p><a href=\"https:\/\/www.uscis.gov\/working-united-states\/temporary-workers\/e-2-treaty-investors\" target=\"_blank\" rel=\"noopener\">E-2 Treaty Investors <\/a><br \/>\n<a href=\"https:\/\/travel.state.gov\/content\/travel\/en\/us-visas\/visa-information-resources\/wait-times.html\" target=\"_blank\" rel=\"noopener\">Visa Appointment Wait Times <\/a><\/p>\n<h3>Abogado del Tratado E-2 Para Inversionistaslocalizado enTheWoodlands, Texas<\/h3>\n<p>Si usted o un ser querido est\u00e1 tratando de obtener una visa E-2, es imprescindible que obtenga asesor\u00eda legal de confianza. Deber\u00e1 completar m\u00faltiples formularios confusos. Adem\u00e1s, es posible que deba asistir a una entrevista de visa con la documentaci\u00f3n correcta. La asesor\u00eda de el Abogado Luis F. Hess le ayudara a Navegar el proceso de inmigraci\u00f3n con facilidad.<br \/>\nEl abogado Luis F. Hess tiene a\u00f1os de experiencia en derecho de Inmigraci\u00f3n. \u00c9l puede analizar su caso, recopilar documentos importantes y completar sus formularios por usted. Llame hoy al (281) 223-1341 para programar una consulta. El Bufete de el Abogado Luis F. Hess, PLLC acepta clientes en toda la \u00e1rea metropolitana de Houston, Woodlands y todos los condados anexos.<\/p>\n","protected":false},"excerpt":{"rendered":"<p>\u00bfDesea invertir su capital en los Estados Unidos para su negocio? Si es as\u00ed, puede calificar para una visa de inversionista de&hellip;<\/p>\n","protected":false},"author":8,"featured_media":0,"parent":1552,"menu_order":8,"comment_status":"closed","ping_status":"closed","template":"","meta":{"_acf_changed":false,"inline_featured_image":false,"footnotes":""},"folder":[],"class_list":["post-8674","page","type-page","status-publish","hentry"],"acf":[],"_links":{"self":[{"href":"https:\/\/luishesslaw.com\/es\/wp-json\/wp\/v2\/pages\/8674","targetHints":{"allow":["GET"]}}],"collection":[{"href":"https:\/\/luishesslaw.com\/es\/wp-json\/wp\/v2\/pages"}],"about":[{"href":"https:\/\/luishesslaw.com\/es\/wp-json\/wp\/v2\/types\/page"}],"author":[{"embeddable":true,"href":"https:\/\/luishesslaw.com\/es\/wp-json\/wp\/v2\/users\/8"}],"replies":[{"embeddable":true,"href":"https:\/\/luishesslaw.com\/es\/wp-json\/wp\/v2\/comments?post=8674"}],"version-history":[{"count":0,"href":"https:\/\/luishesslaw.com\/es\/wp-json\/wp\/v2\/pages\/8674\/revisions"}],"up":[{"embeddable":true,"href":"https:\/\/luishesslaw.com\/es\/wp-json\/wp\/v2\/pages\/1552"}],"wp:attachment":[{"href":"https:\/\/luishesslaw.com\/es\/wp-json\/wp\/v2\/media?parent=8674"}],"wp:term":[{"taxonomy":"folder","embeddable":true,"href":"https:\/\/luishesslaw.com\/es\/wp-json\/wp\/v2\/folder?post=8674"}],"curies":[{"name":"wp","href":"https:\/\/api.w.org\/{rel}","templated":true}]}}