{"id":8640,"date":"2020-10-14T07:01:39","date_gmt":"2020-10-14T07:01:39","guid":{"rendered":"https:\/\/luisfhesslaw.wpenginepowered.com\/?page_id=8640"},"modified":"2022-03-15T19:37:34","modified_gmt":"2022-03-15T19:37:34","slug":"tn-1-ciudadanos-canadienses","status":"publish","type":"page","link":"https:\/\/luishesslaw.com\/es\/visa\/visas-de-negocios\/tn-1-ciudadanos-canadienses\/","title":{"rendered":"TN-1 Ciudadanos Canadienses"},"content":{"rendered":"<p>El Tratado de Libre Comercio de Am\u00e9rica del Norte (TLCAN) cre\u00f3 Visas comerciales espec\u00edficas para inmigrantes entre Estados Unidos, Canad\u00e1 y M\u00e9xico. Los Canadienses que deseen vivir en los Estados Unidos por razones comerciales deben solicitar una visa TN.<\/p>\n<p>Si usted es un profesional canadiense calificado que desea obtener un TN-1, le recomendamos que se comunique con un Abogado experimentado. El proceso de inmigraci\u00f3n de los Estados Unidos puede ser extremadamente confuso. Deber\u00e1 recopilar documentos importantes y navegar por la complicada aplicaci\u00f3n TN. Sin embargo, puede ser beneficioso para usted obtener un TN-1 para negocios. No se le solicitar\u00e1 que renueve su visa hasta tres a\u00f1os y es posible que pueda obtener el estatus TN-1 en la frontera.<\/p>\n<h3>El Abogado Especializidoen las Visas TN-1 en The Woodlands, Texas<\/h3>\n<p>Solicitar una visa comercialpuede ser un proceso largo y complicado. Un abogado de inmigraci\u00f3nexperimentadopuedegarantizar que susolicitud se complete correctamente. P\u00f3ngaseencontacto con la Firma de Luis F. Hess hoy para hablar con el Abogado especializadoeninmigraci\u00f3n. Luis F. Hess es un Abogado experimentadoy sumamenteapasionado por la ley de Inmigraci\u00f3n. Es hijo de inmigrantes y valora el negocio que los hombres y mujeres de negociosextranjerostraen a los Estados Unidos. Llame hoymismo al (281) 223-1341 para programar una consulta. El abogado Luis Hess practicaleyesentodo el \u00e1reametropolitana del condado de Montgomery, incluyendo Conroe, Panorama Village, The Woodlands, Oak Ridge North, Houston<br \/>\nareas circunvecinas.<\/p>\n<div class=\"inr-inline-cntnt-frm\">\n<div class=\"inr-inline-cntnt\">\n<h5>\u00bfTiene preocupaciones de inmigraci\u00f3n?<\/h5>\n<p>Ya sea que desee vivir en los EE. UU., Obtener una visa de EE. UU., Traer a su familia, conseguir un empleo o permanecer legalmente en el pa\u00eds, \u00a1nuestros abogados de inmigraci\u00f3n de Shenandoah est\u00e1n aqu\u00ed para ayudarlo!<\/p>\n<\/div>\n<div class=\"inr-inline-btn\"><a class=\"span-hm-btn-frm\" href=\"#contact-form\">Consultar a un abogado<\/a><\/div>\n<\/div>\n<h3>\u00bfQui\u00e9n califica para una visa TN-1?<\/h3>\n<p>TN es una Visa temporal de no inmigrante que se bas\u00f3 en las disposiciones del Tratado de Libre Comercio entre los Estados Unidos, Canad\u00e1 y M\u00e9xico. Es importante tener en cuenta que un TN es para extranjeros que no desean obtener la ciudadan\u00eda. Una visa TN se utiliza para un prop\u00f3sito comercial temporal.<\/p>\n<p>No todos los ciudadanos Canadienses son elegibles para una visa TN.<\/p>\n<p><strong>Un ciudadano canadiense debe cumplir con los siguientes criterios para obtener el estatus profesional de no inmigrante:<\/strong><\/p>\n<ul>\n<li>-Ser ciudadanos canadienses.<\/li>\n<li>-Su profesi\u00f3n es una de las carreras que figuran en el TLCAN;<\/li>\n<li>-El puesto de E. U. requiere un profesional no inmigrante.<\/li>\n<li>-No son trabajadores independientes.<\/li>\n<li>-Tienen el grado apropiado para la profesi\u00f3n.<\/li>\n<\/ul>\n<h3>\u00bfC\u00f3mosolicito el estado TN?<\/h3>\n<p>Como ciudadanoCanadienseno est\u00e1obligado a solicitar una TN en un Consulado de los E. U. Encambio, puedeobtener el estado TN presentando la documentaci\u00f3n correcta a la Aduana y Protecci\u00f3nFronteriza de los E.U. (CBP). Mientras que en el<\/p>\n<p><strong>puerto de entrada debe presentar: <\/strong><\/p>\n<ul>\n<li>-Prueba de ciudadan\u00edaCanadiense.<\/li>\n<li>-Una carta de suposibleempleador.<\/li>\n<li>-Someterse a una evaluaci\u00f3n de credenciales.<\/li>\n<li>-Pague las tarifasaplicables.<\/li>\n<\/ul>\n<p>La carta de suempleador debe detallarelementoscomosuprop\u00f3sito de empleo, duraci\u00f3n de la estad\u00eda y calificacioneseducativas. Deber\u00e1someterse al proceso de inspecci\u00f3n y admisi\u00f3nen el puerto de entrada. Mientrasest\u00e9en el puerto, deber\u00e1 presentardocumentos para demostrarsuciudadan\u00eda y sus credenciales. Tambi\u00e9n puedesolicitar TN a trav\u00e9s de suempleador. Un posibleempleador de TN puede presentarensunombre una Petici\u00f3n I-129 para Trabajador No Inmigrante. Su empleadordeber\u00e1pagar una tarifa de presentaci\u00f3n de $460 y presentarpruebas de que est\u00e1calificado para el puesto. Estaevidenciaincluye, pero no se limita a:<\/p>\n<ul>\n<li>-Una carta de suempleador que indiquesuposici\u00f3n, la duraci\u00f3n de la estad\u00eda y los arreglos para sucompensaci\u00f3n.<\/li>\n<li>-Copias de sus \u00faltimos dos talones de pago y W-2.<\/li>\n<li>-Evidencia de que cumple con los requisitos, como una licenciatura.<\/li>\n<\/ul>\n<p>El formulario I-129 debe presentarseen el Centro de Servicioen el estadoen el que deseavivir.Porejemplo, sideseatrabajaren el estado de Texas, es probable que presentesuI-129 en el Centro de Servicio de Texas (TSC). La mayor\u00eda de los abogados recomendar\u00e1n que obtenga un TN-1 en la frontera. Esto se debe a que presentar un I-129 es un procesomuchom\u00e1s largo que solicitar el estado TN en la frontera.<br \/>\nRequisitos para el estado TN-1 en los E. U.<\/p>\n<p>Ya sea que presente su solicitud en la frontera o a trav\u00e9s de su empleador, deber\u00e1 traer alguna documentaci\u00f3n. El Departamento de Seguridad Nacional requiere que los no inmigrantes presenten informaci\u00f3n de identificaci\u00f3n a ellos y a su nuevo empleo para obtener el estatus TN.<\/p>\n<p><strong>A continuaci\u00f3n se enumeran los documentos requeridos que debe traer al solicitar un TN-1.<\/strong><\/p>\n<ul>\n<li>-Prueba de ciudadan\u00eda<\/li>\n<li>Ejemplos: certificado de nacimiento, pasaporte o licencia de conducir canadiense.-<\/li>\n<li>-Evidencia de empleo<!--.li--><\/li>\n<li>Ejemplos: talones de pago, carta del empleador o W-2.<\/li>\n<li>-Evidencia de credenciales<\/li>\n<li>Ejemplos: licenciatura, maestr\u00eda o doctorado.<\/li>\n<li>-Carta del empleador<\/li>\n<\/ul>\n<p>La carta debe incluir el tipo de trabajo, su ocupaci\u00f3n, la duraci\u00f3n de su estad\u00eda y sus calificaciones.<\/p>\n<h3>Restricciones para el estatus de visa TN<\/h3>\n<p>Todas las visas tienen restricciones tanto para inmigrantes como para no inmigrantes. Si desea mantener el estado TN-1, debe cumplir con lo siguiente:<\/p>\n<ul>\n<li>-Debe realizar sus deberes para su profesi\u00f3n;<\/li>\n<li>-No puede participar en una huelga o disputa laboral<\/li>\n<li>-Debe solicitar una nueva autorizaci\u00f3n de empleo de TN para trabajar para un empleador diferente.<\/li>\n<li>-No puede ser despedido de por su empleador<\/li>\n<li>-No puede trabajar por cuenta propia y mantener el estado TN-1<\/li>\n<li>-Debe renovar su estado TN cada tres a\u00f1os.<\/li>\n<\/ul>\n<h3>C\u00f3mosolicito el estado TN?<\/h3>\n<p>Como ciudadanoCanadienseno est\u00e1obligado a solicitar una TN en un Consulado de los E. U. Encambio, puedeobtener el estado TN presentando la documentaci\u00f3n correcta a la Aduana y Protecci\u00f3nFronteriza de los E.U. (CBP). Mientras que en el puerto de entrada debe presentar:<\/p>\n<ul>\n<li>-Prueba de ciudadan\u00edaCanadiense.<\/li>\n<li>-Una carta de suposibleempleador.<\/li>\n<li>-Someterse a una evaluaci\u00f3n de credenciales.<\/li>\n<li>-Pague las tarifasaplicables.<\/li>\n<\/ul>\n<p>La carta de suempleador debe detallarelementoscomosuprop\u00f3sito de empleo, duraci\u00f3n de la estad\u00eda y calificacioneseducativas. Deber\u00e1someterse al proceso de inspecci\u00f3n y admisi\u00f3nen el puerto de entrada. Mientrasest\u00e9en el puerto, deber\u00e1 presentardocumentos para demostrarsuciudadan\u00eda y sus credenciales. Tambi\u00e9n puedesolicitar TN a trav\u00e9s de suempleador. Un posibleempleador de TN puede presentarensunombre una Petici\u00f3n I-129 para Trabajador No Inmigrante. Su empleadordeber\u00e1pagar una tarifa de presentaci\u00f3n de $460 y presentarpruebas de que est\u00e1calificado para el puesto. Estaevidenciaincluye, pero no se limita a:<\/p>\n<ul>\n<li>-Una carta de suempleador que indiquesuposici\u00f3n, la duraci\u00f3n de la estad\u00eda y los arreglos para sucompensaci\u00f3n.<\/li>\n<li>-Copias de sus \u00faltimos dos talones de pago y W-2.<\/li>\n<li>-Evidencia de que cumple con los requisitos, como una licenciatura.<\/li>\n<\/ul>\n<p>El formulario I-129 debe presentarseen el Centro de Servicioen el estadoen el que deseavivir.Porejemplo, sideseatrabajaren el estado de Texas, es probable que presentesuI-129 en el Centro de Servicio de Texas (TSC). La mayor\u00eda de los abogados recomendar\u00e1n que obtenga un TN-1 en la frontera. Esto se debe a que presentar un I-129 es un procesomuchom\u00e1s largo que solicitar el estado TN en la frontera.<\/p>\n<h3>Requisitos para el estado TN-1 en los E. U.<\/h3>\n<p>Ya sea que presente su solicitud en la frontera o a trav\u00e9s de su empleador, deber\u00e1 traer alguna documentaci\u00f3n. El Departamento de Seguridad Nacional requiere que los no inmigrantes presenten informaci\u00f3n de identificaci\u00f3n a ellos y a su nuevo empleo para obtener el estatus TN.<\/p>\n<p><strong>A continuaci\u00f3n se enumeran los documentos requeridos que debe traer al solicitar un TN-1.<\/strong><\/p>\n<ul>\n<li>-Prueba de ciudadan\u00eda<\/li>\n<li><strong>Ejemplos:<\/strong> certificado de nacimiento, pasaporte o licencia de conducir canadiense.<\/li>\n<li>-Evidencia de empleo<\/li>\n<li><strong>Ejemplos:<\/strong> talones de pago, carta del empleador o W-2.<\/li>\n<li>-Evidencia de credenciales<\/li>\n<li><strong>Ejemplos:<\/strong> licenciatura, maestr\u00eda o doctorado.<\/li>\n<li>-Carta del empleador<\/li>\n<\/ul>\n<p>La carta debe incluir el tipo de trabajo, su ocupaci\u00f3n, la duraci\u00f3n de su estad\u00eda y sus calificaciones.<\/p>\n<h3>Restricciones para el estatus de visa TN<\/h3>\n<p><strong>Todas las visas tienen restricciones tanto para inmigrantes como para no inmigrantes. Si desea mantener el estado TN-1, debe cumplir con lo siguiente:<\/strong><\/p>\n<ul>\n<li>-Debe realizar sus deberes para su profesi\u00f3n;<\/li>\n<li>-No puede participar en una huelga o disputa laboral<\/li>\n<li>-Debe solicitar una nueva autorizaci\u00f3n de empleo de TN para trabajar para un empleador diferente.<\/li>\n<li>-No puede ser despedido de por su empleador<\/li>\n<li>-No puede trabajar por cuenta propia y mantener el estado TN-1<\/li>\n<li>-Debe renovar su estado TN cada tres a\u00f1os.<\/li>\n<\/ul>\n<div class=\"inr-inline-cntnt-frm\">\n<div class=\"inr-inline-cntnt\">\n<h5>\u00bfTiene preocupaciones de inmigraci\u00f3n?<\/h5>\n<p>Ya sea que desee vivir en los EE. UU., Obtener una visa de EE. UU., Traer a su familia, conseguir un empleo o permanecer legalmente en el pa\u00eds, \u00a1nuestros abogados de inmigraci\u00f3n de Shenandoah est\u00e1n aqu\u00ed para ayudarlo!<\/p>\n<\/div>\n<div class=\"inr-inline-btn\"><a class=\"span-hm-btn-frm\" href=\"#\">Consultar a un abogado<\/a><\/div>\n<\/div>\n<h3>Profesiones para no inmigrantes TN-1<\/h3>\n<p>Solo ciertosprofesionalespuedenobtener el estatus TN-1.<\/p>\n<p>Si trabajaen una de las siguientesprofesiones, puedesolicitar el estatus TN-1.<\/p>\n<ul>\n<li>Contador<\/li>\n<li>Arquitecto<\/li>\n<li>Analista de SistemasComputacionales<\/li>\n<li>Economista<\/li>\n<li>Dise\u00f1ador de interiores<\/li>\n<li>Dise\u00f1ador industrial<\/li>\n<li>Abogado<\/li>\n<li>Top\u00f3grafo<\/li>\n<li>Arquitecto<\/li>\n<li>Paisajista<\/li>\n<li>Guardabosquev<\/li>\n<li>Dise\u00f1adorgrafico<\/li>\n<li>Gerente de Hotel<\/li>\n<li>Seguro de ayuda por desastre<\/li>\n<li>Consejerovocacional<\/li>\n<li>Trabajador social<\/li>\n<li>Escritor de publicacionest\u00e9cnicas<\/li>\n<li>EspecialistaForestal<\/li>\n<li>Planificadorurbano<\/li>\n<li>Matem\u00e1tico<\/li>\n<li>Asistente de investigaci\u00f3n<\/li>\n<li>Tecnicocientifico<\/li>\n<li>Gerente de rango<\/li>\n<li>Bibliotecario<\/li>\n<li>ConsultanteAdministrativo<\/li>\n<li>Dentista<\/li>\n<li>Veterinario<\/li>\n<li>Enfermeraregistrada<\/li>\n<li>Psic\u00f3logo<\/li>\n<li>Terapeutarecreativo<\/li>\n<li>Nutricionista<\/li>\n<li>Terapeutaocupacional<\/li>\n<li>Farmac\u00e9utico<\/li>\n<li>Fisioterapeuta<\/li>\n<li>M\u00e9dicoTecnologico<\/li>\n<li>Agricultor<\/li>\n<li>Criador de animals<\/li>\n<li>Bioqu\u00edmico<\/li>\n<li>Apicultor<\/li>\n<li>Cient\u00edficode animal<\/li>\n<li>Bi\u00f3logoQu\u00edmico<\/li>\n<li>Cient\u00edfico<\/li>\n<li>Lechero<\/li>\n<li>Entom\u00f3logo<\/li>\n<li>ProfesorGeoqu\u00edmico<\/li>\n<li>Zo\u00f3logo<\/li>\n<li>Criador de plantas<\/li>\n<li>Geof\u00edsico<\/li>\n<li>Horticultor<\/li>\n<li>Meteor\u00f3logo<\/li>\n<li>Farmac\u00f3logo<\/li>\n<li>Cient\u00edficoav\u00edcola<\/li>\n<li>Cient\u00edfico de suelos<\/li>\n<li>Genetista<\/li>\n<li>Ge\u00f3grafo<\/li>\n<li>Profesor de Universidad<\/li>\n<\/ul>\n<h3>Recursos adicionales<\/h3>\n<p>Visite el sitio web oficial de los Servicios de Ciudadan\u00eda e Inmigraci\u00f3n de E. U. Para obtener m\u00e1s informaci\u00f3n sobre las visas TN-1. Acceda al sitio para obtener m\u00e1s informaci\u00f3n sobre la elegibilidad para ciudadanos mexicanos, c\u00f3mo funcionan los formularios I-129 y los enlaces a los formularios oficiales de inmigraci\u00f3n.<\/p>\n<p><a href=\"https:\/\/www.uscis.gov\/working-united-states\/temporary-workers\/tn-nafta-professionals\" target=\"_blank\" rel=\"noopener\">TN NAFTA Professionals<\/a><\/p>\n<p>Visite un documento proporcionado por la Universidad de Cincinnati que detalla el estado TN-1. Acceda al documento para conocer las ventajas de TN-1 frente a HB-1, documentos recomendados para llevar a la frontera y una lista de verificaci\u00f3n de finalizaci\u00f3n de TN-1.<\/p>\n<p><a href=\"https:\/\/www.uc.edu\/content\/dam\/uc\/international\/docs\/services\/content\/visa_docs\/tn1\/TN-1 Permit for Canadians.pdf\" target=\"_blank\" rel=\"noopener\">TN Permit for Canadians<\/a><\/p>\n<h3>Luis Hess es el Abogado especializado en las Visas paraCanadienses en el condado de Montgomery, Tx<\/h3>\n<p>Si usted o un ser querido est\u00e1 tratando de obtener una visa TN-1, entonces es importante que contacte a un Abogado de Inmigraci\u00f3n con experiencia.<br \/>\nEstados Unidos tiene un sistema de Inmigraci\u00f3n confuso que puede ser abrumador. Un error podr\u00eda obligarlo a cruzar la frontera Canadiense.<br \/>\nNo desperdicies una oportunidad profesional. P\u00f3ngase en contacto con Luis F. Hess para obtener ayuda con su solicitud TN-1. El abogado Luis F. Hess tiene a\u00f1os de experiencia en la litigacion de Inmigraci\u00f3n. \u00c9l puede ayudarlo a recopilar los documentos correctos y presentar su solicitud correctamente. Ll\u00e1menos hoy al<br \/>\n(281) 223-1341 para programar una consulta.<\/p>\n<p>Prosperity Immigration Law acepta clientes en todo el \u00e1rea deHouston, TheWoodlands y las comunidades circunvecinas., incluyendo Houston, Shenandoah, Conroe y Magnolia.<\/p>\n","protected":false},"excerpt":{"rendered":"<p>El Tratado de Libre Comercio de Am\u00e9rica del Norte (TLCAN) cre\u00f3 Visas comerciales espec\u00edficas para inmigrantes entre Estados Unidos, Canad\u00e1 y M\u00e9xico.&hellip;<\/p>\n","protected":false},"author":8,"featured_media":0,"parent":1552,"menu_order":10,"comment_status":"closed","ping_status":"closed","template":"","meta":{"_acf_changed":false,"inline_featured_image":false,"footnotes":""},"folder":[],"class_list":["post-8640","page","type-page","status-publish","hentry"],"acf":[],"_links":{"self":[{"href":"https:\/\/luishesslaw.com\/es\/wp-json\/wp\/v2\/pages\/8640","targetHints":{"allow":["GET"]}}],"collection":[{"href":"https:\/\/luishesslaw.com\/es\/wp-json\/wp\/v2\/pages"}],"about":[{"href":"https:\/\/luishesslaw.com\/es\/wp-json\/wp\/v2\/types\/page"}],"author":[{"embeddable":true,"href":"https:\/\/luishesslaw.com\/es\/wp-json\/wp\/v2\/users\/8"}],"replies":[{"embeddable":true,"href":"https:\/\/luishesslaw.com\/es\/wp-json\/wp\/v2\/comments?post=8640"}],"version-history":[{"count":0,"href":"https:\/\/luishesslaw.com\/es\/wp-json\/wp\/v2\/pages\/8640\/revisions"}],"up":[{"embeddable":true,"href":"https:\/\/luishesslaw.com\/es\/wp-json\/wp\/v2\/pages\/1552"}],"wp:attachment":[{"href":"https:\/\/luishesslaw.com\/es\/wp-json\/wp\/v2\/media?parent=8640"}],"wp:term":[{"taxonomy":"folder","embeddable":true,"href":"https:\/\/luishesslaw.com\/es\/wp-json\/wp\/v2\/folder?post=8640"}],"curies":[{"name":"wp","href":"https:\/\/api.w.org\/{rel}","templated":true}]}}