{"id":8499,"date":"2020-10-14T06:28:02","date_gmt":"2020-10-14T06:28:02","guid":{"rendered":"https:\/\/luisfhesslaw.wpenginepowered.com\/?page_id=8499"},"modified":"2022-10-14T16:42:34","modified_gmt":"2022-10-14T16:42:34","slug":"testimonios","status":"publish","type":"page","link":"https:\/\/luishesslaw.com\/es\/nuestra-firma\/testimonios\/","title":{"rendered":"Testimonios"},"content":{"rendered":"\n<h1>\n\t\tTestimonios\n\t<\/h1>\n\t\t\t<a href=\"https:\/\/luishesslaw.com\/leave-a-review\/\" target=\"_self\" role=\"button\" rel=\"noopener\">\n\t\t\t\t\t\t\tDejar un comentario\n\t\t\t\t\t<\/a>\n<h3>\n\t\tTestimonios en video\n\t<\/h3>\n\t<p>\u00a1Vea las rese\u00f1as de nuestros clientes y lea los testimonios sobre c\u00f3mo trabajar con nuestros abogados con experiencia en inmigraci\u00f3n en Prosperity Immigration Law!<\/p>\n\t<iframe loading=\"lazy\" width=\"560\" height=\"315\" src=\"https:\/\/www.youtube.com\/embed\/NLa6KltXkPA\" title=\"YouTube video player\" frameborder=\"0\" allow=\"accelerometer; autoplay; clipboard-write; encrypted-media; gyroscope; picture-in-picture\" allowfullscreen><\/iframe>\n<h3>\n\t\tRese\u00f1as y testimonios de toda la web\n\t<\/h3>\n\t<blockquote><p>El Sr. Hess y su equipo son confiables, es muy f\u00e1cil hablar con ellos y se asegurar\u00e1n de que usted comprenda cada paso del proceso. Me proporcionaron un paquete y me ayudaron a prepararme para mi entrevista. \u00a1Ofrecen un servicio de la m\u00e1s alta calidad posible!<\/p>\n<p><strong>Mahassin<\/strong><\/p><\/blockquote>\n<blockquote><p>Trabaj\u00e9 con el bufete de abogados HESS para mis requisitos de una visa TN, categor\u00eda de visa creada por el Tratado de Libre Comercio de Am\u00e9rica del Norte. Estuve rodeado de un equipo que se aseguraba de que se cumplieran mis necesidades y que estaba equipado con un paquete completo de solicitud de visa que es fundamental para garantizar un primer paso. Adem\u00e1s, los abogados estuvieron disponibles durante el tiempo de preparaci\u00f3n y los ajustes de documentos para garantizar que me sintiera seguro antes de la entrevista. Sin ninguna duda, recomendar\u00eda sus servicios.<\/p>\n<p><strong>Ed H.<\/strong><\/p><\/blockquote>\n<blockquote><p>Luis es un excelente abogado. Me ayud\u00f3 con mi caso de ajuste de estatus (AOS). Entendi\u00f3 los matices de mi caso y pudo brindarme una buena orientaci\u00f3n. Su presencia durante la entrevista fue invaluable. Definitivamente usted puede tener la sensaci\u00f3n de que \u00e9l est\u00e1 trabajando para usted en lugar de un abogado que solo cita la ley. El personal de su oficina actual es muy receptivo y es bueno trabajar con \u00e9l.<\/p>\n<p><strong>Srinivas V.<\/strong><\/p><\/blockquote>\n<blockquote><p>Luis Hess y todo su equipo son muy receptivos y profesionales. \u00c9l puede ayudarme con mi tarjeta verde. Su atenci\u00f3n es muy personalizada y escucha lo que usted necesita. Lo recomiendo de todo coraz\u00f3n a cualquier persona que necesite servicios legales de inmigraci\u00f3n.<\/p>\n<p><strong>Yuefan L.<\/strong><\/p><\/blockquote>\n<h3>\n\t\tLeer m\u00e1s rese\u00f1as\n\t<\/h3>\n\t\t\t\t<a href=\"https:\/\/search.google.com\/local\/reviews?placeid=ChIJIQSh_ie12IcR2wZ6l5dAWPo\" target=\"_blank\" rel=\"noopener\" itemprop=\"url\">\n\t\t\t\t<img loading=\"lazy\" decoding=\"async\" src=\"https:\/\/luishesslaw.com\/wp-content\/uploads\/2022\/04\/review-google.png\" alt=\"review-google\" itemprop=\"image\" height=\"104\" width=\"217\" title=\"review-google\" onerror=\"this.style.display='none'\"  \/>\n\t\t\t\t<\/a>\n\t\t\t\t<a href=\"https:\/\/www.yelp.com\/biz\/luis-hess-law-firm-shenandoah-2\" target=\"_blank\" rel=\"noopener\" itemprop=\"url\">\n\t\t\t\t<img loading=\"lazy\" decoding=\"async\" src=\"https:\/\/luishesslaw.com\/wp-content\/uploads\/2022\/04\/review-yelp.png\" alt=\"review-yelp\" itemprop=\"image\" height=\"104\" width=\"217\" title=\"review-yelp\" onerror=\"this.style.display='none'\"  \/>\n\t\t\t\t<\/a>\n\t\t\t\t<a href=\"https:\/\/www.avvo.com\/attorneys\/77385-tx-luis-hess-4096310\/reviews.html\" target=\"_blank\" rel=\"noopener\" itemprop=\"url\">\n\t\t\t\t<img loading=\"lazy\" decoding=\"async\" src=\"https:\/\/luishesslaw.com\/wp-content\/uploads\/2022\/04\/review-avvo.png\" alt=\"review-avvo\" itemprop=\"image\" height=\"104\" width=\"217\" title=\"review-avvo\" onerror=\"this.style.display='none'\"  \/>\n\t\t\t\t<\/a>\n\t<p>Si usted est\u00e1 considerando emigrar a los EE. UU., \u00a1nuestros abogados expertos en inmigraci\u00f3n de Houston pueden ayudarle! La ley y el proceso de inmigraci\u00f3n pueden ser dif\u00edciles y confusos, especialmente si lo est\u00e1 haciendo por su cuenta.<\/p>\n<p>Nuestros abogados con experiencia en inmigraci\u00f3n de Houston en Prosperity Immigration Law pueden resolver sus casos de inmigraci\u00f3n basados en la familia, el matrimonio y el empleo en Shenandoah y \u00e1reas circundantes en The Woodlands, TEXJAS. \u00a1Ll\u00e1menos hoy al <a href=\"tel:(281) 779-4571\">(281) 779-4571<\/a> o complete el formulario de contacto para programar una consulta con nosotros hoy!<\/p>\n\n","protected":false},"excerpt":{"rendered":"<p>Testimonios Dejar un comentario Testimonios en video \u00a1Vea las rese\u00f1as de nuestros clientes y lea los testimonios sobre c\u00f3mo trabajar con nuestros&hellip;<\/p>\n","protected":false},"author":8,"featured_media":0,"parent":1449,"menu_order":3,"comment_status":"closed","ping_status":"closed","template":"","meta":{"_acf_changed":false,"inline_featured_image":false,"footnotes":""},"folder":[],"class_list":["post-8499","page","type-page","status-publish","hentry"],"acf":[],"_links":{"self":[{"href":"https:\/\/luishesslaw.com\/es\/wp-json\/wp\/v2\/pages\/8499","targetHints":{"allow":["GET"]}}],"collection":[{"href":"https:\/\/luishesslaw.com\/es\/wp-json\/wp\/v2\/pages"}],"about":[{"href":"https:\/\/luishesslaw.com\/es\/wp-json\/wp\/v2\/types\/page"}],"author":[{"embeddable":true,"href":"https:\/\/luishesslaw.com\/es\/wp-json\/wp\/v2\/users\/8"}],"replies":[{"embeddable":true,"href":"https:\/\/luishesslaw.com\/es\/wp-json\/wp\/v2\/comments?post=8499"}],"version-history":[{"count":0,"href":"https:\/\/luishesslaw.com\/es\/wp-json\/wp\/v2\/pages\/8499\/revisions"}],"up":[{"embeddable":true,"href":"https:\/\/luishesslaw.com\/es\/wp-json\/wp\/v2\/pages\/1449"}],"wp:attachment":[{"href":"https:\/\/luishesslaw.com\/es\/wp-json\/wp\/v2\/media?parent=8499"}],"wp:term":[{"taxonomy":"folder","embeddable":true,"href":"https:\/\/luishesslaw.com\/es\/wp-json\/wp\/v2\/folder?post=8499"}],"curies":[{"name":"wp","href":"https:\/\/api.w.org\/{rel}","templated":true}]}}