{"id":8484,"date":"2020-10-14T06:36:45","date_gmt":"2020-10-14T06:36:45","guid":{"rendered":"https:\/\/luisfhesslaw.wpenginepowered.com\/?page_id=8484"},"modified":"2022-03-15T16:19:25","modified_gmt":"2022-03-15T16:19:25","slug":"basado-en-la-familia","status":"publish","type":"page","link":"https:\/\/luishesslaw.com\/es\/leyes-de-inmigracion\/green-card\/basado-en-la-familia\/","title":{"rendered":"Basado en la familia"},"content":{"rendered":"<h3>Tarjetas verdes basadas en lo familiar.<\/h3>\n<p>Seg\u00fan el Consejo de Relaciones Humanas de los E. U., Los Estados Unidos otorgaron un poco m\u00e1s de un mill\u00f3n de tarjetas de residencia a las personas en el 2015. Casi dos tercios de esas tarjetas de residencia legal permanente se basaron en la reunificaci\u00f3n familiar. La importancia de la familia es importante para la existencia humana y no puede ser subestimada. Por lo tanto, la Inmigraci\u00f3n de reunificaci\u00f3n familiar es una de las formas m\u00e1s populares de obtener una tarjeta verde o visa.<\/p>\n<p>El proceso para un titular de tarjeta verde inmigrante que patrocina a un miembro de la familia es diferente que la de un ciudadano estadounidense que patrocina a un miembro de la familia. El estado del patrocinador a menudo afectar\u00e1 la prioridad y la velocidad con que un solicitante obtiene su aceptaci\u00f3n de entrada. Sin embargo, ambos procedimientos son esenciales para las personas que emigraron legalmente a losE. U. y est\u00e1n en busca de la reunificaci\u00f3n familiar.<\/p>\n<p>Puede tomar hasta seis meses obtener una tarjeta verde. Este proceso puede tomar a\u00fan m\u00e1s tiempo y ser a\u00fan m\u00e1s arduo cuando se realiza de manera incorrecta. Informando y enfatizando esto es necesario que las personas que desean ser admitidas legalmente y debidamente en los E. U. Obtengan un abogado de inmigraci\u00f3n con experiencia.<\/p>\n<p>El Abogado Luis F. Hess estaespecializadoentarjetasverdesbasadasenlo familiar en el area de The Woodlands, Tx.  El abogado Luis F. Hess comprende la importancia de reunir a las familias. Si usted o alguien que conoce es ciudadano estadounidense o titular de una tarjetaverde y est\u00e1interesadoenpatrocinar a un  miembro de la familia para obtener el estatus LPR, comun\u00edquese con la firma de  Luis F. Hess, PLLC.ya que elatiende a clientes con la mayor dedicaci\u00f3nentodo el  \u00e1reametropolitana de Houston,entodo el condado de Montgomery, el condado de Harris, y tambienen el area de Conroe, Shenandoah, The Woodlands and Spring. Llame a la firma de Luis F. Hess, PLLC al (281) 223-1341 para obtenerm\u00e1s informaci\u00f3nsobrec\u00f3moel abogado de inmigraci\u00f3n con experienciapuedeayudarlo a ser elegible para soluciones de inmigraci\u00f3nbasadasen lo familiar.<\/p>\n<h3>Beneficios para la familia de los titulares de la tarjeta verde<\/h3>\n<p>Una persona que posee una tarjeta verde, tambi\u00e9n conocida como residente permanente, puede solicitar que ciertos miembros de la familia emigren a los Estados Unidos. A qui\u00e9n se le permita convertirse en un residente permanente basado en lazos familiares est\u00e1 limitado por la relaci\u00f3n que el solicitante tiene con el titular de la tarjeta verde que lo patrocina.<\/p>\n<p>El titular de una tarjeta verde puede solicitar un grupo particular de miembros de la familia seg\u00fan las categor\u00edas de preferencia. Es importante tener en cuenta que las categor\u00edas de preferencia no afectan el proceso para el cual un patrocinador y el solicitante deben solicitar una tarjeta verde. Para obtener una tarjeta verde para un miembro de la familia, el solicitante presentar\u00e1 un formulario para un pariente extranjero. Adem\u00e1s del formulario, el solicitante debe mostrar lo siguiente:<\/p>\n<ul>\n<li>El patrocinador debe proporcionar prueba de estado, demostrando que \u00e9l o ella es un residente permanente;<\/li>\n<li>El patrocinador tambi\u00e9n debe proporcionar evidencia de una relaci\u00f3n calificada mediante el uso de un certificado de nacimiento, licencia de matrimonio, decreto de divorcio u otro documento oficial y el patrocinador tambi\u00e9n debe presentar prueba de cualquier cambio de nombre legal para s\u00ed mismo o para el beneficiario.<\/li>\n<\/ul>\n<div class=\"inr-inline-cntnt-frm\">\n<div class=\"inr-inline-cntnt\">\n<h5>\u00bfTiene preocupaciones de inmigraci\u00f3n?<\/h5>\n<p>Ya sea que desee vivir en los EE. UU., Obtener una visa de EE. UU., Traer a su familia, conseguir un empleo o permanecer legalmente en el pa\u00eds, \u00a1nuestros abogados de inmigraci\u00f3n de Shenandoah est\u00e1n aqu\u00ed para ayudarlo!<\/p>\n<\/div>\n<div class=\"inr-inline-btn\"><a class=\"span-hm-btn-frm\" href=\"#\">Consultar a un abogado<\/a><\/div>\n<\/div>\n<h3>Comparacion: Ciudadanos de E. U. Vs. residencia legal permanente (LPR):<\/h3>\n<p>El estado de un individuocomociudadano de los E. U. oresidente legal permanente cuandointentapatrocinar a un miembro de la familia para inmigrar a los Estados Unidos afecta la categor\u00eda de preferencia. El estado de un patrocinadortambi\u00e9n determinaqu\u00e9formularios debe completar el solicitante al solicitar la residencia permanente. Por ejemplo, si una persona fuera primero un residentepermanente legal que solicit\u00f3 a suc\u00f3nyugerecibir una tarjetaverde, entonces la categor\u00eda de preferenciaen ese momentoser\u00eda la Segunda Preferencia (2A). Sin embargo, despu\u00e9s de que el peticionario se conviertaenciudadanoestadounidense, la categor\u00eda de preferencia del beneficiario, enesteejemplo, cambiar\u00e1 a la de \u00abPariente inmediato\u00bb. El USCIS define un \u00abparienteinmediato\u00bb como:<\/p>\n<p>#1 &#8211; Un c\u00f3nyuge de un ciudadanoestadounidense.<\/p>\n<p># 2 &#8211; Un hijosoltero, menor de 21 a\u00f1os, de ciudadano Estadounidense.<\/p>\n<p># 3 &#8211; Padre de un ciudadanoestadounidense que tiene al menos 21 a\u00f1os de edad.<\/p>\n<h3>Categor\u00edas de preferencia para la inmigraci\u00f3n familiar:<\/h3>\n<p>Las categor\u00edas de preferencia son para personas que desean emigrar a los Estados Unidos con un patrocinador familiar, pero que no se consideran \u00abmiembros de la familia inmediata\u00bb de un ciudadano estadounidense. La \u00abpreferencia\u00bb se refiere al m\u00e9todo por el cual los Estados Unidos distribuir\u00e1n tarjetas verdes cada a\u00f1o.<\/p>\n<p>Solo se otorga un cierto n\u00famero de tarjetas verdes cada a\u00f1o, y el per\u00edodo de espera para cada categor\u00eda depender\u00e1 del n\u00famero de visas en esa categor\u00eda.<\/p>\n<p><strong>Las categor\u00edas de preferencia son las siguientes:<\/strong><\/p>\n<ul>\n<li><strong>Primera preferencia (F1):<\/strong> hijos e hijas adultos solteros de ciudadanos estadounidenses.<\/li>\n<li><strongsegunda preferencia=\"\" (2a):<strong=\"\"> c\u00f3nyuges e hijos solteros (menores de 21 a\u00f1os) de residentes permanentes.<\/strongsegunda><\/li>\n<li><strongsegunda preferencia=\"\" (2b):<strong=\"\"> hijos solteros de residentes permanentes (21 a\u00f1os o m\u00e1s);<\/strongsegunda><\/li>\n<li><strongtercera preferencia=\"\" (f3):<strong=\"\"> hijos e hijas casados (de cualquier edad) de ciudadanos estadounidenses.<\/strongtercera><\/li>\n<li><strongcuarta preferencia=\"\" (f4):<strong=\"\"> hermanos y hermanas de ciudadanos estadounidenses (mayores de 21 a\u00f1os).<\/strongcuarta><\/li>\n<\/ul>\n<p>A medida que las tarjetas verdes est\u00e1n disponibles en la categor\u00eda de preferencia de un individuo, la distribuci\u00f3n se basa en el momento en que se present\u00f3 una solicitud.<\/p>\n<h3>Otros tipos de tarjetas verdes basadas en una relaci\u00f3n familiar:<\/h3>\n<p>Las diferentes categor\u00edas de tarjetas verdes dependen de la naturaleza de la relaci\u00f3n familiar y del estado del miembro de la familia como ciudadano estadounidense o residencia legal permanente. Otros familiares de un ciudadano estadounidense o familiares de un residente permanente legal bajo las categor\u00edas de preferencia familiar incluyen:<\/p>\n<ul>\n<li>-El miembro de la familia de un ciudadano estadounidense que incluye:<\/li>\n<ul>\n<li>el hijo o la hija soltera de un ciudadano estadounidense y usted tiene 21 a\u00f1os o m\u00e1s;<\/li>\n<li>el hijo casado o la hija de un ciudadano estadounidense;<\/li>\n<li>el hermano o hermana de un ciudadano estadounidense que tiene al menos 21 a\u00f1os de edad.<\/li>\n<\/ul>\n<li>-El miembro de la familia de un residente permanente legal, que incluye:<\/li>\n<ul>\n<li>el c\u00f3nyuge de un residente permanente legal;el hijo soltero menor de 21 a\u00f1os de un residente legal permanente; o el hijo o la hija soltera de un residente permanente legal de 21 a\u00f1os o m\u00e1s.<\/li>\n<\/ul>\n<li>-El prometido (a) de un ciudadano estadounidense o el hijo del prometido queincluye:<\/li>\n<ul>\n<li>A una persona admitida en los E. U. como prometida (o) de un ciudadanoestadounidense (no inmigrante K-1)<\/li>\n<li>O una persona admitida en los E. U. como hijo de un prometido (a) de un ciudadano estadounidense (no inmigrante K-2).<\/li>\n<\/ul>\n<li>&#8211; La viuda de un ciudadanoestadounidense.<\/li>\n<li>-El c\u00f3nyuge, el hijo o el padre abusado (el peticionario de VAWA, v\u00edctima de agresi\u00f3n o crueldad extrema):<\/li>\n<\/ul>\n<p>El c\u00f3nyugemaltratado de un ciudadanoestadounidense o residentepermanente legal; el ni\u00f1omaltratado (soltero y menor de 21 a\u00f1os) de un ciudadanoestadounidense o residentepermanente legal; o El padre abusado de un ciudadanoestadounidense.<\/p>\n<h4>Recursos adicionales:<\/h4>\n<p>Ley de inmigraci\u00f3n basada en lo familiar: visite el sitio web del Servicio de Ciudadan\u00eda e Inmigraci\u00f3n de los E. U. (USCIS) para obtener m\u00e1s informaci\u00f3n sobre c\u00f3mo patrocinar a otros miembros de la familia para que reciban el estatus de residencia permanente legal, incluida la obtenci\u00f3n de una visa de prometido o una visa K-4 basada en una relaci\u00f3n conyugal. La informaci\u00f3n relevante incluye informaci\u00f3n sobre los tipos de parientes para los cuales puede solicitar, incluyendo un c\u00f3nyuge, hijos, hijos e hijas, padres y hermanos.<\/p>\n<p>Luis F.Hess es el abogado para TarjetasVerdes basadoen lo familiaren el Condado de Montgomery, Tx. La reunificaci\u00f3n familiar es importante!.<\/p>\n<p>LLuis F. Hess entiendelo que es elarduotrabajo, dedicaci\u00f3n y valor de tener que emigraraotropais para buscar un mejorfuturo. Estas son tambi\u00e9n las cualidades que impulsan alas personas que intentanvivir y trabajaren los Estados Unidos.<\/p>\n<p>Deje que Luis F. Hess pongasuexperiencia a trabajar por sucaso, desdesuoficinaen Shenandoah, justo al norte de The Woodlands, Luis F. Hess representa a clientesen todo el condado de Montgomery y el condado de Harris, Tx.<\/p>\n<p>Ayudatambiena los clientes que vivenen Conroe, Spring, Houston y sus alrededores. Llame a la firma de Luis F. Hess, PLLC al (281) 223-1341 para obtenerm\u00e1s informaci\u00f3nsobre los requisitos para visas de derecho familiar o de empleo.<\/p>\n","protected":false},"excerpt":{"rendered":"<p>Tarjetas verdes basadas en lo familiar. Seg\u00fan el Consejo de Relaciones Humanas de los E. U., Los Estados Unidos otorgaron un poco&hellip;<\/p>\n","protected":false},"author":8,"featured_media":0,"parent":1661,"menu_order":3,"comment_status":"closed","ping_status":"closed","template":"","meta":{"_acf_changed":false,"inline_featured_image":false,"footnotes":""},"folder":[],"class_list":["post-8484","page","type-page","status-publish","hentry"],"acf":[],"_links":{"self":[{"href":"https:\/\/luishesslaw.com\/es\/wp-json\/wp\/v2\/pages\/8484","targetHints":{"allow":["GET"]}}],"collection":[{"href":"https:\/\/luishesslaw.com\/es\/wp-json\/wp\/v2\/pages"}],"about":[{"href":"https:\/\/luishesslaw.com\/es\/wp-json\/wp\/v2\/types\/page"}],"author":[{"embeddable":true,"href":"https:\/\/luishesslaw.com\/es\/wp-json\/wp\/v2\/users\/8"}],"replies":[{"embeddable":true,"href":"https:\/\/luishesslaw.com\/es\/wp-json\/wp\/v2\/comments?post=8484"}],"version-history":[{"count":0,"href":"https:\/\/luishesslaw.com\/es\/wp-json\/wp\/v2\/pages\/8484\/revisions"}],"up":[{"embeddable":true,"href":"https:\/\/luishesslaw.com\/es\/wp-json\/wp\/v2\/pages\/1661"}],"wp:attachment":[{"href":"https:\/\/luishesslaw.com\/es\/wp-json\/wp\/v2\/media?parent=8484"}],"wp:term":[{"taxonomy":"folder","embeddable":true,"href":"https:\/\/luishesslaw.com\/es\/wp-json\/wp\/v2\/folder?post=8484"}],"curies":[{"name":"wp","href":"https:\/\/api.w.org\/{rel}","templated":true}]}}