{"id":8479,"date":"2020-10-14T06:34:33","date_gmt":"2020-10-14T06:34:33","guid":{"rendered":"https:\/\/luisfhesslaw.wpenginepowered.com\/?page_id=8479"},"modified":"2022-03-15T16:12:55","modified_gmt":"2022-03-15T16:12:55","slug":"residente-permanente-condicional","status":"publish","type":"page","link":"https:\/\/luishesslaw.com\/es\/leyes-de-inmigracion\/green-card\/residente-permanente-condicional\/","title":{"rendered":"Residente Permanente Condicional"},"content":{"rendered":"<p>El Residentepermanentecondicional es un individuoquerecibe una tarjetaverde que es v\u00e1lida por dos (2) a\u00f1os. Para permanecercomoresidentepermanente, la  persona debe presentar una petici\u00f3n para eliminar la condici\u00f3ndurante los 90 d\u00edas antes de que expire la tarjeta. La tarjetacondicional no se puederenovar. Las condicionesdebeneliminarse, o el residentepermanentecondicionalperder\u00e1 el estado de residentepermanente.<\/p>\n<p>Para eliminar las condiciones de una tarjetaverdebasadaen el matrimonio, el c\u00f3nyuge debe presentar un formulario ante el USCIS para eliminaresas condiciones.<\/p>\n<p>El abogado de inmigraci\u00f3n con experienciaen la litigacionmigratoriaes Luis F. Hess, PLLC con oficinasen Shenandoah, justo al norte de The Woodlands, TX, puedeeliminarcualquiercondici\u00f3nen una tarjetaverde para que el residentecondicionalpuedaseguirsiendoresidentepermanente. El Abogado especializado para los casos de Residencia Permanente condicionalen el area de The Woodlands, Tx.,\/p&gt;<\/p>\n<p><strong>Si usted es un residentepermanentecondicional, comun\u00edquese con el abogado ideal de inmigraci\u00f3nen Shenandoah, justo al norte de The Woodlands, TX.<\/strong><\/p>\n<p>Si ustedtiene una tarjeta de residencia que solo es v\u00e1lida por dos a\u00f1os y desea permanecerviviendoen los Estados Unidos por un periodo mas largo.  El abogado Luis F. Hess puedeayudarlo a presentar una petici\u00f3n para eliminaralgunefecto negative durante los 90 d\u00edas antes de que expire la tarjeta. Ll\u00e1menos para obtenerm\u00e1sinformaci\u00f3nsobrec\u00f3mopresentar una petici\u00f3n para eliminar las condiciones de residencia permanentebasadasen el matrimonio, o para eliminar las condiciones de residencia permanente para empresarios. P\u00f3ngaseen contacto con el abogado Luis F. Hess, PLLC sobresuestadocomoresidente permanentecondicional. Representamos a clientes que solicitan una tarjetaverde con base familiar o laboralentodo el Condado de Montgomery, TX. y sus alrededores.<\/p>\n<p>Llame al (281) 223-1341 para analizarsucaso.<\/p>\n<p>El remover o eliminar las condiciones de residencia despu\u00e9s del matrimonio, traer\u00e1 como resultado la modificaci\u00f3n o el cambio de el estado de una persona como<br \/>\nresidente permanente ser\u00eda condicional si \u00e9l o ella estuvieran casados por menos de dos a\u00f1os el d\u00eda en que se le otorg\u00f3 la residencia permanente.<\/p>\n<p>A un individuo se le puede otorgar el estado de residencia permanente en la fecha en que \u00e9l o ella es admitido legalmente en los Estados Unidos o cuando se ajusta su estado migratorio.<\/p>\n<p>El c\u00f3nyuge del solicitante puede solicitar que se eliminen las condiciones de residencia permanente de su c\u00f3nyuge durante los 90 d\u00edas anteriores al vencimiento del estado condicional. Si el solicitante ya no est\u00e1 casado al final del per\u00edodo de tiempo condicional de dos a\u00f1os, puede solicitar una excepci\u00f3n de la disposici\u00f3n de presentaci\u00f3n conjunta.<\/p>\n<h3>Para calificar para una excepci\u00f3n, el solicitante debe poder demostrar que \u00e9l o ella es:<\/h3>\n<p>Una viuda o un viudo de un matrimonio que se celebr\u00f3 de buena fe y es real.<\/p>\n<p>Si est\u00e1 divorciado, siempre y cuando el matrimonio se haya celebrado de buena fe y es real, o es el padre de un ni\u00f1o que ha sido golpeado o sujeto a dificultades extremas por el c\u00f3nyuge del solicitante.<\/p>\n<p>Despu\u00e9s de dos a\u00f1os, una vez m\u00e1s deber\u00e1 demostrar que su matrimonio es real, y luego podr\u00e1 obtener una tarjeta verde \u00abpermanente\u00bb, v\u00e1lida por per\u00edodos renovables de 10 a\u00f1os. (Las letras \u00abIR1\u00bb en la tarjeta verde f\u00edsica significan \u00abpariente inmediato\u00bb).<\/p>\n<p>Las letras \u00abCR1\u00bb en la tarjeta verde f\u00edsica significan \u00abresidente condicional\u00bb.<\/p>\n<p>Cada solicitante de tarjeta verde basado en matrimonio que ha estado casado por menos de dos a\u00f1os recibe una tarjeta verde condicional, tambi\u00e9n conocida como \u00abresidencia permanente condicional\u00bb. En t\u00e9rminos pr\u00e1cticos, un residente permanente condicional tiene los mismos derechos y privilegios que un residente permanente.<\/p>\n<p>Obtener una visa CR-1 no tiene nada que ver con la cantidad de pruebas de una relaci\u00f3n v\u00e1lida que usted y su c\u00f3nyuge proporcionaron, o cu\u00e1n convencidos est\u00e1n los Servicios de Ciudadan\u00eda e Inmigraci\u00f3n de los Estados Unidos (USCIS) de que tiene un matrimonio genuino. Sin embargo, s\u00ed significa que hay un paso m\u00e1s para convertirse en un titular permanente de la tarjeta verde.<\/p>\n<p>Adem\u00e1s, si la terminaci\u00f3n del estado de residente condicional causar\u00eda dificultades extremas, el solicitante puede solicitar una excepci\u00f3n de esta regla. Pero el solicitante no elimina su estado condicional, entonces \u00e9l o ella puede perder el estado condicional y enfrentar procedimientos de expulsi\u00f3n (lo cual es conocido como \u00abdeportaci\u00f3n\u00bb).<\/p>\n<div class=\"inr-inline-cntnt-frm\">\n<div class=\"inr-inline-cntnt\">\n<h5>\u00bfTiene preocupaciones de inmigraci\u00f3n?<\/h5>\n<p>Ya sea que desee vivir en los EE. UU., Obtener una visa de EE. UU., Traer a su familia, conseguir un empleo o permanecer legalmente en el pa\u00eds, \u00a1nuestros abogados de inmigraci\u00f3n de Shenandoah est\u00e1n aqu\u00ed para ayudarlo!<\/p>\n<\/div>\n<div class=\"inr-inline-btn\"><a class=\"span-hm-btn-frm\" href=\"#\">Consultar a un abogado<\/a><\/div>\n<\/div>\n<h3>Recursos adicionales<\/h3>\n<p>Cap\u00edtulo 5: C\u00f3nyuges residentes condicionales permanentes y naturalizaci\u00f3n: visite el sitio web del Departamento de Seguridad Nacional y los Servicios de Ciudadan\u00eda e Inmigraci\u00f3n de E. U. Para encontrar el manual de pol\u00edticas que explica los requisitos de residencia permanente condicional para los c\u00f3nyuges. Encuentre los requisitos generales para los residentes permanentes condicionales y por qu\u00e9 algunos c\u00f3nyuges son elegibles para naturalizarse sin presentar la petici\u00f3n para eliminar las condiciones cuando su c\u00f3nyuge est\u00e1 en el ej\u00e9rcito o trabaja en el extranjero.<\/p>\n<p>Encuentre informaci\u00f3n sobre lo que sucede cuando el c\u00f3nyuge de RCP es admitido como empresario extranjero y solicita eliminar las condiciones.<\/p>\n<h3>El Abogado especializadoen los casos de Residencia Permanente Condicionalen el area de The Woodlands, Tx.<\/h3>\n<p>Si usted ya esta retrazadoen el proceso desolicitar la eliminaci\u00f3n del estado condicional durante la audiencia de eliminaci\u00f3n, usted puede explicar por qu\u00e9 no cumpli\u00f3 con este requisito durante el tiempo permitido para eliminar la condici\u00f3n.<\/p>\n<p>P\u00f3ngase en contacto con el Abogado de inmigraci\u00f3n con experiencia en litigaci\u00f3n migratoria, Luis F. Hess, PLLC en Shenandoah, Texas, para hablar sobre naturalizaci\u00f3n, el estado de residencia permanente legal o el ajuste de su estado migratorio.<\/p>\n<p>\u00c9l puede ayudarlo a usted o su c\u00f3nyuge a prepararse para eliminar su condici\u00f3n de residente condicional. Si ya no est\u00e1 casado, o si no pudo eliminar su estado condicional durante el tiempo permitido, es particularmente importante contratar a un abogado de inmigraci\u00f3n para que lo ayude.<\/p>\n<p>Llame a Luis F. Hess, PLLC al (281) 223-1341 hoy.<\/p>\n","protected":false},"excerpt":{"rendered":"<p>El Residentepermanentecondicional es un individuoquerecibe una tarjetaverde que es v\u00e1lida por dos (2) a\u00f1os. Para permanecercomoresidentepermanente, la persona debe presentar una petici\u00f3n&hellip;<\/p>\n","protected":false},"author":8,"featured_media":0,"parent":1661,"menu_order":1,"comment_status":"closed","ping_status":"closed","template":"","meta":{"_acf_changed":false,"inline_featured_image":false,"footnotes":""},"folder":[],"class_list":["post-8479","page","type-page","status-publish","hentry"],"acf":[],"_links":{"self":[{"href":"https:\/\/luishesslaw.com\/es\/wp-json\/wp\/v2\/pages\/8479","targetHints":{"allow":["GET"]}}],"collection":[{"href":"https:\/\/luishesslaw.com\/es\/wp-json\/wp\/v2\/pages"}],"about":[{"href":"https:\/\/luishesslaw.com\/es\/wp-json\/wp\/v2\/types\/page"}],"author":[{"embeddable":true,"href":"https:\/\/luishesslaw.com\/es\/wp-json\/wp\/v2\/users\/8"}],"replies":[{"embeddable":true,"href":"https:\/\/luishesslaw.com\/es\/wp-json\/wp\/v2\/comments?post=8479"}],"version-history":[{"count":0,"href":"https:\/\/luishesslaw.com\/es\/wp-json\/wp\/v2\/pages\/8479\/revisions"}],"up":[{"embeddable":true,"href":"https:\/\/luishesslaw.com\/es\/wp-json\/wp\/v2\/pages\/1661"}],"wp:attachment":[{"href":"https:\/\/luishesslaw.com\/es\/wp-json\/wp\/v2\/media?parent=8479"}],"wp:term":[{"taxonomy":"folder","embeddable":true,"href":"https:\/\/luishesslaw.com\/es\/wp-json\/wp\/v2\/folder?post=8479"}],"curies":[{"name":"wp","href":"https:\/\/api.w.org\/{rel}","templated":true}]}}