{"id":1661,"date":"2020-10-14T06:12:53","date_gmt":"2020-10-14T06:12:53","guid":{"rendered":"https:\/\/luisfhesslaw.wpenginepowered.com\/?page_id=1661"},"modified":"2022-11-15T09:17:58","modified_gmt":"2022-11-15T09:17:58","slug":"green-card","status":"publish","type":"page","link":"https:\/\/luishesslaw.com\/es\/leyes-de-inmigracion\/green-card\/","title":{"rendered":"Tarjeta Verde"},"content":{"rendered":"<p>Una Green Card permite a un individuo nacido en un pa\u00eds extranjero vivir y trabajar en los Estados Unidos de manera permanente. La Green Card es oficialmente llamada \u201cResidencia Legal Permanente (LPR). Para ser elegible para obtener una Green Card en los Estados Unidos, la persona debe estar dentro de una de las diferentes ocho categor\u00edas.<\/p>\n<p>Luis F. Hess, abogado de inmigraci\u00f3n en The Woodlands, TX, puede ayudarle a solicitar la Green Card. El primer paso es determinar si usted es elegible para una Green Card y dentro de que tipo categor\u00eda usted puede aplicar de acuerdo a sus circunstancias. La elegibilidad de la Green Card puede basarse en las siguientes categor\u00edas:<\/p>\n<ul>\n<li>\n<ul>\n<li>Una relaci\u00f3n familiar del solicitante con el ciudadano de los EE.UU.<\/li>\n<\/ul>\n<\/li>\n<\/ul>\n<p>Un solicitante de empleo;<\/p>\n<ul>\n<li>Un solicitante como trabajador calificado u otros profesionales especiales;<\/li>\n<li>Un solicitante que pertenece a determinadas categor\u00edas de empleos, incluidos trabajadores religiosos y miembros de los medios de comunicaci\u00f3n internacionales;<\/li>\n<li>La concesi\u00f3n anterior del solicitante de asilo o de condici\u00f3n de refugiado;<\/li>\n<li>La concesi\u00f3n de una visa al solicitante debido a su identidad como una v\u00edctima de la trata de seres humanos o fue v\u00edctima de un delito; y<\/li>\n<li>La identidad de un solicitante como v\u00edctima de abuso, de acuerdo con ciertos est\u00e1ndares.<\/li>\n<\/ul>\n<p>Cada categor\u00eda de elegibilidad para obtener la green card tiene un conjunto diferente de requisitos que un solicitante debe cumplir para calificar.<\/p>\n<h2>Un Abogado para Solicitudes de Green Card en The Woodlands, TX<\/h2>\n<p>Para solicitar la residencia legal permanente en los Estados Unidos conlleva un largo y tedioso proceso de solicitud. Un abogado de inmigraci\u00f3n en The Woodlands, TX, puede asegurarse de que el proceso de solicitud de la Green Card se lleve a cabo sin problemas. Luis F. Hess tambi\u00e9n ayuda a sus clientes a eliminar condiciones o renovar su Green Card.<\/p>\n<p>El abogado Luis F. Hess habla tanto ingl\u00e9s como espa\u00f1ol. \u00c9l puede ayudar a sus clientes a completar las solicitudes para obtener la Green Card, basados en la familia basada en el matrimonio y el empleo. Su oficina se encuentra Shenandoah, Texas, justo al norte de la zona de The Woodlands en el Condado de Montgomery, TX. \u00c9l representa a clientes a lo largo de las zonas de los alrededores de Conroe a Houston.<\/p>\n<p>Si usted o alguien que usted conoce, necesita su residencia permanente para vivir, trabajar o permanecer en los Estados Unidos, busque e a un abogado experto en inmigraci\u00f3n, en The Woodlands, justo al norte de Houston, TX.<\/p>\n<p>Llame al (281) 306-5864 para programar una consulta.<\/p>\n<hr \/>\n<p align=\"right\"><a href=\"https:\/\/hessmockup.com\/es\/leyes-de-inmigracion\/green-card\/\" target=\"_blank\" rel=\"noopener\">volver arriba<\/a><\/p>\n<h3>Descripci\u00f3n general del proceso de Green Card<\/h3>\n<ul>\n<li><a href=\"https:\/\/hessmockup.com\/es\/leyes-de-inmigracion\/green-card\/#how\" target=\"_blank\" rel=\"noopener\">\u00bfC\u00f3mo entender el proceso de solicitud de la Green Card?.<\/a><\/li>\n<li><a href=\"https:\/\/hessmockup.com\/es\/leyes-de-inmigracion\/green-card\/#family\" target=\"_blank\" rel=\"noopener\">\u00bfC\u00f3mo obtener una Tarjeta Verde basada en v\u00ednculos familiares?<\/a><\/li>\n<li><a href=\"https:\/\/hessmockup.com\/es\/leyes-de-inmigracion\/green-card\/#employ\" target=\"_blank\" rel=\"noopener\">\u00bfC\u00f3mo obtener una Tarjeta Verde basada en empleo?<\/a><\/li>\n<li><a href=\"https:\/\/hessmockup.com\/es\/leyes-de-inmigracion\/green-card\/#more\" target=\"_blank\" rel=\"noopener\">\u00bfC\u00f3mo puedo averiguar m\u00e1s acerca de Green Cards?<\/a><\/li>\n<\/ul>\n<hr \/>\n<p align=\"right\"><a href=\"https:\/\/hessmockup.com\/es\/leyes-de-inmigracion\/green-card\/\" target=\"_blank\" rel=\"noopener\">volver arriba<\/a><\/p>\n<h3>\u00bfTiene preocupaciones de inmigraci\u00f3n?<\/h3>\n<p>Ya sea que desee vivir en los EE. UU., Obtener una visa de EE. UU., Traer a su familia, conseguir un empleo o permanecer legalmente en el pa\u00eds, \u00a1nuestros abogados de inmigraci\u00f3n de Shenandoah est\u00e1n aqu\u00ed para ayudarlo<br \/>\n<a class=\"btn\" role=\"button\" href=\"#contact-form\">CONSULTAR A UN ABOGADO<\/a><\/p>\n<h3><a name=\"how\"><\/a>El proceso de solicitud de la Green Card<\/h3>\n<p>Mientras el proceso para obtener una green card variar\u00e1 seg\u00fan las circunstancias de cada individuo y en qu\u00e9 categor\u00eda que \u00e9l o ella est\u00e1 aplicando, el proceso general es esencialmente la misma.<\/p>\n<p>En primer lugar, alguien que ya es un Residente permanente o un ciudadano de los EE.UU. debe presentar una petici\u00f3n de inmigrante en nombre del miembro de la familia como un patrocinador. A continuaci\u00f3n, los Estados Unidos de los Servicios de Ciudadan\u00eda e Inmigraci\u00f3n (USCIS, por sus siglas en ingl\u00e9s) debe aprobar la petici\u00f3n del patrocinador. Si el beneficiario para la residencia permanente es elegible para una visa en su categor\u00eda, el beneficiario deber\u00e1 presentar una solicitud de Green Card.<\/p>\n<p>Por \u00faltimo, el beneficiario debe presentar biom\u00e9tricos, incluidas las huellas dactilares, fotograf\u00edas, y una firma. El solicitante ser\u00e1 requerido para asistir a una entrevista.<\/p>\n<hr \/>\n<p align=\"right\"><a href=\"https:\/\/hessmockup.com\/es\/leyes-de-inmigracion\/green-card\/\" target=\"_blank\" rel=\"noopener\">volver arriba<\/a><\/p>\n<h3><a name=\"family\"><\/a>Green Card en Houston basado en v\u00ednculos familiares<\/h3>\n<p>Los ciudadanos estadounidenses y otros portadores de una green card pueden patrocinar a familiares para convertirse en residentes legales permanentes. El estado de la persona que es el patrocinador y la relaci\u00f3n que ese patrocinador tiene un potencial candidato green card determinar\u00e1 cu\u00e1nto tiempo tomar\u00e1 para obtener una green card. Las categor\u00edas de preferencias se crean sobre la base de estas relaciones.<\/p>\n<p>Parientes inmediatos de ciudadanos estadounidenses tienen el menor tiempo de espera para la green card. \u201cPariente inmediato\u201d se define como:<\/p>\n<ul>\n<li>\n<ul>\n<li>El c\u00f3nyuge de un ciudadano de los EE.UU.;<\/li>\n<li>Los hijos solteros menores de 21 a\u00f1os de edad; y<\/li>\n<li>Un padre de un ciudadano estadounidense que tenga al menos 21 a\u00f1os de edad.<\/li>\n<\/ul>\n<\/li>\n<\/ul>\n<p>Los c\u00f3nyuges y los hijos solteros de residentes permanentes legales est\u00e1n en el primer tramo de la segunda categor\u00eda de preferencia. Para ser elegible para el primer tramo de la segunda categor\u00eda de preferencia, los ni\u00f1os deben ser menores de 21 a\u00f1os. El segundo tramo de la segunda categor\u00eda de preferencia se compone de los hijos e hijas solteros de residentes permanentes legales que son m\u00e1s de 21.<\/p>\n<p>La tercera categor\u00eda de preferencia se compone de los hijos casados de ciudadanos estadounidenses. La cuarta y \u00faltima categor\u00eda de preferencia se compone de hermanos y hermanas de ciudadanos estadounidenses si el ciudadano estadounidense tiene21 a\u00f1os de edad o m\u00e1s.<\/p>\n<hr \/>\n<p align=\"right\"><a href=\"https:\/\/hessmockup.com\/es\/leyes-de-inmigracion\/green-card\/\" target=\"_blank\" rel=\"noopener\">volver arriba<\/a><\/p>\n<h3>Green card sobre la base de un matrimonio<\/h3>\n<p>Si se contrae matrimonio con un ciudadano de los Estados Unidos, un extranjero puede aplicar para convertirse en un residente legal permanente de manera condicional. Bajo el 8 U.S.C. \u00a7\u00a7 1186a(c)(1)(A) y (B), los no-ciudadanos y el c\u00f3nyuge ciudadano estadounidense puede eliminar el car\u00e1cter condicional de la condici\u00f3n de residente permanente al presentar conjuntamente una solicitud para eliminar las condiciones de residencia.<\/p>\n<p>Si las partes se divorcian, entonces, el no-ciudadano ser\u00e1 incapaz de satisfacer el requisito de presentar una declaraci\u00f3n conjunta. En estos casos, el no-ciudadano puede presentar una petici\u00f3n para suspender el requisito de presentar una declaraci\u00f3n conjunta, bajo 8 U.S.C. \u00a7 1186a(c)(4) y (8 C.F.R. \u00a7 1216.5. Esto permite que un extranjero que no puede satisfacer el requisito de presentar una declaraci\u00f3n conjunta, evitar la extracci\u00f3n si se cumplen ciertas condiciones matrimoniales.<\/p>\n<p>Si esa petici\u00f3n es rechazada, los no ciudadanos pueden colocarse en los procedimientos de deportaci\u00f3n. Los no ciudadanos pueden renovar la solicitud de exenci\u00f3n bajo el reglamento de dichas exenciones. Dos de estas regulaciones para evitar la renuncia requiere que se demuestre que el no ciudadano entr\u00f3 en matrimonio en buena fe, 8 C.F.R. \u00a7\u00a7 1216.5(a)(1)(ii)-(iii). Otro tipo de regulaci\u00f3n requiere mostrar que la extracci\u00f3n se traducir\u00eda en penurias extremas, 8 C.F.R. \u00a7 1216.5(a)(1)(i).<\/p>\n<p>Muchas de estas cuestiones que implican la eliminaci\u00f3n de los no ciudadanos a su pa\u00eds de origen son decididas por un juez de inmigraci\u00f3n (\u201cIJ\u201d).<\/p>\n<hr \/>\n<p align=\"right\"><a href=\"https:\/\/hessmockup.com\/es\/leyes-de-inmigracion\/green-card\/\" target=\"_blank\" rel=\"noopener\">volver arriba<\/a><\/p>\n<h4>Exenciones basadas en contraer matrimonio en buena fe<\/h4>\n<p>Para establecer que una persona entr\u00f3 en un matrimonio de buena fe, el extranjero debe demostrar una intenci\u00f3n de establecer una vida con el c\u00f3nyuge que exist\u00eda en el momento del matrimonio. Al hacer esta determinaci\u00f3n en 8 U.S.C. \u00a7 1186a(c)(4), el Secretario de Seguridad de la patria \u201cha de considerar cualquier evidencia cre\u00edble pertinente a la solicitud.\u201d<\/p>\n<p>El congreso asigna a las autoridades de inmigraci\u00f3n la responsabilidad de determinar la credibilidad del testimonio recabado en la audiencia. El juez de inmigraci\u00f3n examinar\u00e1 entonces la conducta, la honestidad, o la capacidad de respuesta de los testigos, la plausibilidad de la cuenta, la consistencia de la evidencia, y las inexactitudes o falsedades en las declaraciones.<\/p>\n<hr \/>\n<p align=\"right\"><a href=\"https:\/\/hessmockup.com\/es\/leyes-de-inmigracion\/green-card\/\" target=\"_blank\" rel=\"noopener\">volver arriba<\/a><\/p>\n<h3>\u00bfTiene preocupaciones de inmigraci\u00f3n?<\/h3>\n<p>Ya sea que desee vivir en los EE. UU., Obtener una visa de EE. UU., Traer a su familia, conseguir un empleo o permanecer legalmente en el pa\u00eds, \u00a1nuestros abogados de inmigraci\u00f3n de Shenandoah est\u00e1n aqu\u00ed para ayudarlo<br \/>\n<a class=\"btn\" role=\"button\" href=\"#contact-form\">CONSULTAR A UN ABOGADO<\/a><\/p>\n<h4>Exenciones en base a da\u00f1os extremos<\/h4>\n<p>Otra base para la exenci\u00f3n es que el solicitante sufrir\u00eda penurias extremas si \u00e9l o ella fueran retirados de los Estados Unidos. Bajo estas circunstancias, el demandante pedir\u00eda al tribunal conceder una exenci\u00f3n en virtud del 8 U.S.C. \u00a7 1186a(c)(4)(A). El reglamento que rige la dificultad extrema en casos de inmigraci\u00f3n contiene dos dict\u00e1menes.<\/p>\n<p>En primer lugar, el secretario \u201cdeber\u00e1\u201d considerar solamente las circunstancias que surgieron durante el per\u00edodo de tiempo de la residencia condicional del solicitante en los Estados Unidos. En segundo lugar, el Secretario \u201cdeber\u00e1\u201d tambi\u00e9n \u201ctener en cuenta\u201d que todas las absorciones que den a resultado a da\u00f1os, la exenci\u00f3n s\u00f3lo deben concederse donde la situaci\u00f3n es extrema.<\/p>\n<p>Para que se lleve a cabo la exenci\u00f3n necesariamente implica demostrar da\u00f1os, as\u00ed que un solicitante debe demostrar un da\u00f1o que va m\u00e1s all\u00e1 de los que normalmente acompa\u00f1an a la extracci\u00f3n como se explic\u00f3 en el \u00a7 1216.5(e)(1). Adem\u00e1s, la penuria extrema debe ser debido a condiciones que surgieron durante el tiempo que el solicitante estuvo como un residente permanente condicional.<\/p>\n<hr \/>\n<p align=\"right\"><a href=\"https:\/\/hessmockup.com\/es\/leyes-de-inmigracion\/green-card\/\" target=\"_blank\" rel=\"noopener\">volver arriba<\/a><\/p>\n<h3><a name=\"employ\"><\/a>Obtenci\u00f3n de la Green Card basada en empleo en Texas<\/h3>\n<p>Conocida como \u201cla tierra de la oportunidad\u201d, los Estados Unidos, hist\u00f3ricamente, ha sido un lugar donde las personas se han trasladado por las oportunidades de empleo. Si una persona ya tiene una oferta de trabajo cuando \u00e9l o ella tiene intenci\u00f3n de inmigrar, la obtenci\u00f3n de la Green card para el trabajo puede ser dif\u00edcil.<\/p>\n<p>Algunas categor\u00edas de trabajo para inmigrantes exigen que el empleador certifique al Departamento de Trabajo que no hay suficientes trabajadores estadounidenses dispuestos, calificados y disponibles en la zona para cumplir sus requisitos de trabajo y que los trabajadores estadounidenses no ser\u00e1n desplazados por los trabajadores inmigrantes tra\u00eddos por el trabajo.<\/p>\n<p>Las formas m\u00e1s comunes de inmigrar a los Estados Unidos, basados en el empleo son las siguientes:<\/p>\n<ul>\n<li>Obtener una Green Card a trav\u00e9s de una oferta de trabajo;<\/li>\n<li>Obtener una Green Card basada en una habilidad extraordinaria; y<\/li>\n<li>Obtener una Green Card a trav\u00e9s de un trabajo especializado.<\/li>\n<\/ul>\n<p>El abogado Luis F. Hess trabaja con los empresarios y sus empleados para ayudarlos con cuestiones de inmigraci\u00f3n basada en el empleo en su oficina en Shenandoah, TX, justo al norte de The Woodlands.<\/p>\n<hr \/>\n<p align=\"right\"><a href=\"https:\/\/hessmockup.com\/es\/leyes-de-inmigracion\/green-card\/\" target=\"_blank\" rel=\"noopener\">volver arriba<\/a><\/p>\n<h4>Renovaci\u00f3n de la Green Card por 10 a\u00f1os<\/h4>\n<p>Un abogado puede ayudarle a renovar su Tarjeta de Residencia (Green Card) si usted es un residente permanente, la tarjeta es v\u00e1lida durante 10 a\u00f1os y se considera caducado si expira dentro de los pr\u00f3ximos seis meses. Un abogado experimentado puede ayudarle a completar una solicitud para reemplazar su tarjeta de residente permanente.<\/p>\n<p>Si usted recibi\u00f3 una carta que su solicitud para renovar su tarjeta verde fue denegada, entonces p\u00f3ngase en contacto con un abogado para presentar una moci\u00f3n para reabrir o una moci\u00f3n para que la oficina de la USCIS puede examinar o reconsiderar su decisi\u00f3n.<\/p>\n<p>En la moci\u00f3n de reapertura, el fiscal expondr\u00e1 los nuevos hechos que puede facilitarse si se reabre el caso junto con las pruebas documentales. Un abogado tambi\u00e9n puede presentar una moci\u00f3n de nuevo examen cuando la decisi\u00f3n de negar a su aplicaci\u00f3n se basa en la aplicaci\u00f3n incorrecta de la legislaci\u00f3n o de la pol\u00edtica de inmigraci\u00f3n y, adem\u00e1s, establecer que la decisi\u00f3n fue equivocada basada en la evidencia en el expediente en el momento de tomar la decisi\u00f3n.<\/p>\n<hr \/>\n<p align=\"right\"><a href=\"https:\/\/hessmockup.com\/es\/leyes-de-inmigracion\/green-card\/\" target=\"_blank\" rel=\"noopener\">volver arriba<\/a><\/p>\n<h4>Eliminar las condiciones de una Green Card de 2 a\u00f1os<\/h4>\n<p>Luis F. Hess ayuda a sus clientes con residencia permanente condicional a eliminar las condiciones de 2 a\u00f1os de la Green Card de manera que la persona no pierda su condici\u00f3n de residente permanente. En esos casos, el residente permanente condicional deber\u00e1 presentar la documentaci\u00f3n apropiada para eliminar esas condiciones durante 90 d\u00edas antes de que caduque la tarjeta.<\/p>\n<p>Noventa (90) d\u00edas antes de que caduque la tarjeta, basados en la familia de un residente permanente condicional debe presentar una petici\u00f3n para remover las condiciones de residencia. Asimismo, un inversionista\/empresario-basado residente permanente condicional debe presentar una petici\u00f3n para remover las condiciones, durante el per\u00edodo de 90 d\u00edas antes de que caduque la tarjeta.<\/p>\n<hr \/>\n<p align=\"right\"><a href=\"https:\/\/hessmockup.com\/es\/leyes-de-inmigracion\/green-card\/\" target=\"_blank\" rel=\"noopener\">volver arriba<\/a><\/p>\n<p><a name=\"more\"><\/a>Recursos adicionales<\/p>\n<p><a href=\"https:\/\/www.uscis.gov\/greencard\/green-card-processes-procedures\" target=\"_blank\" rel=\"noopener\">Green Card, procesos y procedimientos \u2013<\/a>\u00a0Visite el sitio Web oficial del Departamento de Seguridad del Territorio Nacional para encontrar el Servicio de Ciudadan\u00eda e Inmigraci\u00f3n de Estados Unidos Servicios web para una pl\u00e9tora de informaci\u00f3n sobre la Green Card, elegibilidad, c\u00f3mo presentar, y otra informaci\u00f3n \u00fatil para realizar el proceso de solicitud de Green Card sea lo m\u00e1s sencillo posible.<\/p>\n<p><a href=\"https:\/\/travel.state.gov\/content\/travel\/en\/us-visas\/immigrate\/national-visa-center.html\" target=\"_blank\" rel=\"noopener\">El Centro Nacional de Visados \u2013<\/a>\u00a0Visite el sitio web del Centro Nacional de Visados para encontrar m\u00e1s informaci\u00f3n sobre los procedimientos apropiados para la obtenci\u00f3n de un visado, el estado de su visa, y c\u00f3mo asegurar que todos los cargos y formas han sido pagados y completado.<\/p>\n<hr \/>\n<p align=\"right\"><a href=\"https:\/\/hessmockup.com\/es\/leyes-de-inmigracion\/green-card\/\" target=\"_blank\" rel=\"noopener\">volver arriba<\/a><\/p>\n<h2>Encuentre un abogado de Green Card en el Condado de Montgomery, TX<\/h2>\n<p>Luis F. Hess es un experimentado abogado de inmigraci\u00f3n. \u00c9l habla chino mandar\u00edn, Espa\u00f1ol e Ingl\u00e9s y ha publicado varias obras eruditas, incluida una publicaci\u00f3n sobre el cumplimiento de la inmigraci\u00f3n.<\/p>\n<p>Un abogado con experiencia en inmigraci\u00f3n se esforzar\u00e1 por proporcionar a sus clientes el mejor entendimiento posible de la ley de inmigraci\u00f3n. El abogado Luis F. Hess hace justamente eso. \u00c9l utiliza sus conocimientos jur\u00eddicos para proporcionar experiencia jur\u00eddica personalizada para ayudar a sus clientes a lograr sus objetivos de inmigraci\u00f3n familiar y empleo.<\/p>\n<p>Como abogado con amplia experiencia; en ambas tarjetas verdes basadas en la familia y la ley de inmigraci\u00f3n empleador green card basada en la ley de inmigraci\u00f3n, Luis F. Hess pondr\u00e1 su experiencia a trabajar para usted.<\/p>\n<p>Llame al (281) 306-5864 para hablar con un abogado experto en inmigraci\u00f3n de Texas, con oficinas en Shenandoah, TX, justo al norte de la zona de The Woodlands en Montgomery County, Texas.<\/p>\n","protected":false},"excerpt":{"rendered":"<p>Una Green Card permite a un individuo nacido en un pa\u00eds extranjero vivir y trabajar en los Estados Unidos de manera permanente.&hellip;<\/p>\n","protected":false},"author":8,"featured_media":0,"parent":1312,"menu_order":4,"comment_status":"closed","ping_status":"closed","template":"","meta":{"_acf_changed":false,"inline_featured_image":false,"footnotes":""},"folder":[],"class_list":["post-1661","page","type-page","status-publish","hentry"],"acf":[],"_links":{"self":[{"href":"https:\/\/luishesslaw.com\/es\/wp-json\/wp\/v2\/pages\/1661","targetHints":{"allow":["GET"]}}],"collection":[{"href":"https:\/\/luishesslaw.com\/es\/wp-json\/wp\/v2\/pages"}],"about":[{"href":"https:\/\/luishesslaw.com\/es\/wp-json\/wp\/v2\/types\/page"}],"author":[{"embeddable":true,"href":"https:\/\/luishesslaw.com\/es\/wp-json\/wp\/v2\/users\/8"}],"replies":[{"embeddable":true,"href":"https:\/\/luishesslaw.com\/es\/wp-json\/wp\/v2\/comments?post=1661"}],"version-history":[{"count":0,"href":"https:\/\/luishesslaw.com\/es\/wp-json\/wp\/v2\/pages\/1661\/revisions"}],"up":[{"embeddable":true,"href":"https:\/\/luishesslaw.com\/es\/wp-json\/wp\/v2\/pages\/1312"}],"wp:attachment":[{"href":"https:\/\/luishesslaw.com\/es\/wp-json\/wp\/v2\/media?parent=1661"}],"wp:term":[{"taxonomy":"folder","embeddable":true,"href":"https:\/\/luishesslaw.com\/es\/wp-json\/wp\/v2\/folder?post=1661"}],"curies":[{"name":"wp","href":"https:\/\/api.w.org\/{rel}","templated":true}]}}