{"id":1651,"date":"2020-10-20T15:15:37","date_gmt":"2020-10-20T15:15:37","guid":{"rendered":"https:\/\/luisfhesslaw.wpenginepowered.com\/?page_id=1651"},"modified":"2022-03-15T19:52:05","modified_gmt":"2022-03-15T19:52:05","slug":"ciudadania-y-naturalizacion","status":"publish","type":"page","link":"https:\/\/luishesslaw.com\/es\/leyes-de-inmigracion\/ciudadania-y-naturalizacion\/","title":{"rendered":"Ciudadan\u00eda y Naturalizaci\u00f3n"},"content":{"rendered":"<p>Para ser elegibles para solicitar la ciudadan\u00eda estadounidense a trav\u00e9s de la naturalizaci\u00f3n, normalmente se tarda cinco a\u00f1os para un adulto (una persona de 18 a\u00f1os o m\u00e1s) para completar el proceso. Tener un abogado con experiencia en inmigraci\u00f3n significa que el proceso puede comenzar de inmediato y cada etapa del caso se pueden completar sin demora.<\/p>\n<p>La ley prev\u00e9 distintas maneras para convertirse en ciudadano estadounidense. Por supuesto, la forma m\u00e1s com\u00fan de convertirse en un ciudadano de los EE.UU. es nacer en suelo norteamericano, en territorio de los EE.UU., o en una base militar estadounidense en otro pa\u00eds. Otra forma de convertirse en ciudadano de los Estados Unidos es ser nacido de un padre o madre ciudadano estadounidense y solicitar la naturalizaci\u00f3n (a menudo llamados \u201cderivados\u201d o \u201cadquirido\u201d a la ciudadan\u00eda). Finalmente, puede convertirse en un ciudadano estadounidense si se est\u00e1 casado con un ciudadano de los EE.UU.<\/p>\n<p>El c\u00f3nyuge de un ciudadano de los EE.UU. califica para la naturalizaci\u00f3n en virtud de la Secci\u00f3n 319(a) de la Ley de Inmigraci\u00f3n y Nacionalidad (INA) si el c\u00f3nyuge cumple con todos los requisitos de elegibilidad, incluyendo:<\/p>\n<ul>\n<li>el c\u00f3nyuge ha sido un residente permanente (green card) por al menos tres (3) a\u00f1os; y<\/li>\n<li>el c\u00f3nyuge ha estado viviendo en uni\u00f3n matrimonial con el mismo c\u00f3nyuge ciudadano estadounidense durante ese tiempo.<\/li>\n<\/ul>\n<p>En algunos casos, el c\u00f3nyuge de un ciudadano de los EE.UU. que trabaja en el extranjero puede calificar para la naturalizaci\u00f3n independientemente de su tiempo como residentes permanentes bajo la Secci\u00f3n 319(b) del INA.<\/p>\n<h2>Abogado de naturalizaci\u00f3n | Ciudadan\u00eda en The Woodlands, TX<\/h2>\n<p>Despu\u00e9s de decidir hacerse ciudadano de los Estados Unidos por medio de la naturalizaci\u00f3n, contacte con un abogado experto en asuntos de inmigraci\u00f3n para ayudarle en cada paso del proceso.<\/p>\n<p>Convertirse en un ciudadano de los EE.UU. no es f\u00e1cil, pero las recompensas son infinitas para personas que desean vivir, trabajar y permanecer en los Estados Unidos. Como hablante nativo de espa\u00f1ol, el puede traducir las complicadas formas de inmigraci\u00f3n y ayudar a sus clientes a entender el enrevesado lenguaje legal contenida en la solicitud. Si su solicitud fue denegada, Luis F. Hess puede ayudarle a presentar una petici\u00f3n para reabrir la denegaci\u00f3n de la ciudadan\u00eda.<\/p>\n<p>Con su experiencia en inmigraci\u00f3n, Luis F. Hess puede ayudarle a evitar errores, le gu\u00eda en la presentaci\u00f3n de los documentos correctos, y abogara por usted si, por desgracia, le han denegado la ciudadan\u00eda por naturalizaci\u00f3n.<\/p>\n<p>Con su oficina ubicada en Shenandoah, Texas, justo al norte de The Woodlands, Luis F. Hess trabaja con clientes en todo el Condado de Montgomery y el condado de Harris. \u00c9l representa a clientes a lo largo de Conroe, Shenandoah, The Woodlands, Spring, Houston y sus alrededores.<\/p>\n<p>Al elegir a Luis F. Hess, PLLC, usted elige a un abogado que se dedica a proporcionar un excelente servicio al cliente y una soluci\u00f3n a los complejos problemas de inmigraci\u00f3n.<\/p>\n<p>Llame al (281) 984-5294 para programar una consulta.<\/p>\n<hr>\n<h5>\u00bfTiene preocupaciones de inmigraci\u00f3n?<\/h5>\n<p>Ya sea que desee vivir en los EE. UU., Obtener una visa de EE. UU., Traer a su familia, conseguir un empleo o permanecer legalmente en el pa\u00eds, \u00a1nuestros abogados de inmigraci\u00f3n de Shenandoah est\u00e1n aqu\u00ed para ayudarlo<br \/>\n<a role=\"button\" href=\"#contact-form\" class=\"btn\">CONSULTAR A UN ABOGADO<\/a><\/p>\n<h3><a name=\"stages\"><\/a>Descripci\u00f3n general de la ciudadan\u00eda y la Naturalizaci\u00f3n de EE.UU. en el Condado de Montgomery<\/h3>\n<ul>\n<li><a href=\"espanol\/leyes-de-inmigracion\/ciudadania-y-naturalizacion\/#what\">\u00bfQu\u00e9 es la naturalizaci\u00f3n?<\/a><\/li>\n<li><a href=\"\/es\/leyes-de-inmigracion\/ciudadania-y-naturalizacion\/#natural\">\u00bfC\u00f3mo convertirse en ciudadano por naturalizaci\u00f3n?<\/a><\/li>\n<li><a href=\"\/es\/leyes-de-inmigracion\/ciudadania-y-naturalizacion\/#parents\">\u00bfC\u00f3mo convertirse en un ciudadano a trav\u00e9s de la familia?<\/a><\/li>\n<li><a href=\"\/es\/leyes-de-inmigracion\/ciudadania-y-naturalizacion\/#abroad\">\u00bfQu\u00e9 debo hacer si mi c\u00f3nyuge vive en el extranjero?<\/a><\/li>\n<\/ul>\n<hr>\n<p align=\"right\"><a href=\"\/es\/leyes-de-inmigracion\/ciudadania-y-naturalizacion\/#top\">volver arriba<\/a><\/p>\n<h3><a name=\"what\"><\/a>Elegibilidad para la naturalizaci\u00f3n<\/h3>\n<p>Naturalizaci\u00f3n se refiere al proceso de la admisi\u00f3n de un extranjero como un ciudadano de otro pa\u00eds. En este caso, se refiere al proceso de convertirse en ciudadano de los Estados Unidos. Para convertirse en un ciudadano de los EE.UU. a trav\u00e9s de la naturalizaci\u00f3n, una persona debe tener por lo menos 18 a\u00f1os de edad y debe haber sido un residente permanente legal por al menos cinco a\u00f1os. Si el solicitante de naturalizaci\u00f3n est\u00e1 casado con un ciudadano estadounidense, entonces el requisito de longitud de residencia permanente se reduce a tres a\u00f1os.<\/p>\n<p>La naturalizaci\u00f3n es un proceso largo. Despu\u00e9s de determinar si un individuo es elegible para comenzar el proceso de naturalizaci\u00f3n, el solicitante debe completar una serie de pasos adicionales.<\/p>\n<p>Los requisitos para la naturalizaci\u00f3n se exponen en 8 U.S.C. \u00a7 1427. La responsabilidad recae sobre el aplicante para demostrar su elegibilidad para la ciudadan\u00eda en todos los sentidos. El solicitante cumple con los requisitos si demuestra por una preponderancia de la evidencia de que ha satisfecho todos los requisitos para convertirse en un ciudadano de los Estados Unidos tal como se explica en 8 C.F.R. \u00a7 316.2(b). Cualquier duda sobre la elegibilidad debe ser resuelta en favor de los Estados Unidos y contra el aplicante.<\/p>\n<p>En virtud de la secci\u00f3n 319(a) del INA, para ser elegibles para la naturalizaci\u00f3n, el solicitante debe:<\/p>\n<ul>\n<li>que \u00e9l o ella est\u00e1 bien dispuesto para el buen orden de los EE.UU. durante todos los per\u00edodos pertinentes bajo la ley;<\/li>\n<li>que \u00e9l o ella sea de buen car\u00e1cter moral;<\/li>\n<li>que \u00e9l o ella este apegada a los principios de la Constituci\u00f3n de los Estados Unidos;<\/li>\n<li>que \u00e9l o ella pueda leer, escribir y hablar ingl\u00e9s;<\/li>\n<li>que \u00e9l o ella tenga el conocimiento y la comprensi\u00f3n de la historia de los Estados Unidos y el gobierno;<\/li>\n<li>que \u00e9l o ella haya estado f\u00edsicamente presente en Estados Unidos por lo menos 18 meses de los tres a\u00f1os inmediatamente anteriores a la fecha de presentaci\u00f3n de la solicitud;<\/li>\n<li>que \u00e9l o ella haya residido ininterrumpidamente en el Estados Unidos a partir de la fecha de presentaci\u00f3n de la solicitud de naturalizaci\u00f3n hasta el momento de la naturalizaci\u00f3n;<\/li>\n<li>que \u00e9l o ella tenga al menos 18 a\u00f1os de edad, y<\/li>\n<li>que \u00e9l o ella cumpla los requisitos espec\u00edficos para su la elegibilidad para la naturalizaci\u00f3n.<\/li>\n<\/ul>\n<hr>\n<p align=\"right\"><a href=\"\/es\/leyes-de-inmigracion\/ciudadania-y-naturalizacion\/#top\">volver arriba<\/a><\/p>\n<h3><a name=\"natural\"><\/a>Convertirse en ciudadano de los Estados Unidos a trav\u00e9s de la naturalizaci\u00f3n<\/h3>\n<p>El proceso de convertirse en ciudadano de los Estados Unidos a trav\u00e9s de la nacionalizaci\u00f3n no es la misma para todos. El proceso es diferente seg\u00fan el estado del individuo. Por ejemplo, una persona que tiene un padre o madre ciudadano estadounidense, pero no es un ciudadano de los Estados Unidos, tendr\u00e1 un proceso diferente que un individuo que es residente permanente legal.<\/p>\n<p>Residente Permanente Legal:&nbsp;Los candidatos deben tener al menos 18 a\u00f1os de edad y haber sido residente permanente por lo menos cinco a\u00f1os continuos. El residente permanente no debe haber tomado un viaje de m\u00e1s de seis meses dentro de los cinco a\u00f1os.<\/p>\n<p>Los c\u00f3nyuges de ciudadanos estadounidenses:&nbsp;una persona que solicite la ciudadan\u00eda por matrimonio, debe estar casados en el momento en que \u00e9l o ella presenta la solicitud y vivir con el mismo ciudadano estadounidense durante los \u00faltimos tres a\u00f1os. El c\u00f3nyuge debe haber sido un ciudadano de los EE.UU. durante los \u00faltimos tres a\u00f1os. El solicitante debe haber sido residente permanente durante tres a\u00f1os y haber vivido en los Estados Unidos por tres a\u00f1os sin ning\u00fan viaje de m\u00e1s de seis meses.<\/p>\n<p>Miembro de las Fuerzas Armadas de EE.UU:&nbsp;Los candidatos deben tener al menos 18 a\u00f1os de edad y deben haber servido durante al menos un a\u00f1o. El solicitante debe tener la condici\u00f3n de residente permanente el d\u00eda de la entrevista de naturalizaci\u00f3n. Si el solicitante sirvi\u00f3 por menos de un a\u00f1o o fue descargado m\u00e1s de seis meses antes de la fecha de presentar la aplicaci\u00f3n, entonces, \u00e9l o ella debe haber sido un residente permanente legal por cinco a\u00f1os en el momento en que \u00e9l o ella haya presentado la solicitud. En este caso, el solicitante no debe tener dentro de esos cinco a\u00f1os viajes con una duraci\u00f3n superior a seis meses, no incluye cualquier despliegue militar.<\/p>\n<hr>\n<p align=\"right\"><a href=\"\/es\/leyes-de-inmigracion\/ciudadania-y-naturalizacion\/#top\">volver arriba<\/a><\/p>\n<h5>\u00bfTiene preocupaciones de inmigraci\u00f3n?<\/h5>\n<p>Ya sea que desee vivir en los EE. UU., Obtener una visa de EE. UU., Traer a su familia, conseguir un empleo o permanecer legalmente en el pa\u00eds, \u00a1nuestros abogados de inmigraci\u00f3n de Shenandoah est\u00e1n aqu\u00ed para ayudarlo<br \/>\n<a class=\"btn\" role=\"button\" href=\"#contact-form\">CONSULTAR A UN ABOGADO<\/a><\/p>\n<h3><a name=\"stages\"><\/a>Descripci\u00f3n general de la ciudadan\u00eda y la Naturalizaci\u00f3n de EE.UU. en el Condado de Montgomery<\/h3>\n<ul>\n<li><a href=\"espanol\/leyes-de-inmigracion\/ciudadania-y-naturalizacion\/#what\">\u00bfQu\u00e9 es la naturalizaci\u00f3n?<\/a><\/li>\n<li><a href=\"\/es\/leyes-de-inmigracion\/ciudadania-y-naturalizacion\/#natural\">\u00bfC\u00f3mo convertirse en ciudadano por naturalizaci\u00f3n?<\/a><\/li>\n<li><a href=\"\/es\/leyes-de-inmigracion\/ciudadania-y-naturalizacion\/#parents\">\u00bfC\u00f3mo convertirse en un ciudadano a trav\u00e9s de la familia?<\/a><\/li>\n<li><a href=\"\/es\/leyes-de-inmigracion\/ciudadania-y-naturalizacion\/#abroad\">\u00bfQu\u00e9 debo hacer si mi c\u00f3nyuge vive en el extranjero?<\/a><\/li>\n<\/ul>\n<hr>\n<p align=\"right\"><a href=\"\/es\/leyes-de-inmigracion\/ciudadania-y-naturalizacion\/#top\">volver arriba<\/a><\/p>\n<h3><a name=\"what\"><\/a>Elegibilidad para la naturalizaci\u00f3n<\/h3>\n<p>Naturalizaci\u00f3n se refiere al proceso de la admisi\u00f3n de un extranjero como un ciudadano de otro pa\u00eds. En este caso, se refiere al proceso de convertirse en ciudadano de los Estados Unidos. Para convertirse en un ciudadano de los EE.UU. a trav\u00e9s de la naturalizaci\u00f3n, una persona debe tener por lo menos 18 a\u00f1os de edad y debe haber sido un residente permanente legal por al menos cinco a\u00f1os. Si el solicitante de naturalizaci\u00f3n est\u00e1 casado con un ciudadano estadounidense, entonces el requisito de longitud de residencia permanente se reduce a tres a\u00f1os.<\/p>\n<p>La naturalizaci\u00f3n es un proceso largo. Despu\u00e9s de determinar si un individuo es elegible para comenzar el proceso de naturalizaci\u00f3n, el solicitante debe completar una serie de pasos adicionales.<\/p>\n<p>Los requisitos para la naturalizaci\u00f3n se exponen en 8 U.S.C. \u00a7 1427. La responsabilidad recae sobre el aplicante para demostrar su elegibilidad para la ciudadan\u00eda en todos los sentidos. El solicitante cumple con los requisitos si demuestra por una preponderancia de la evidencia de que ha satisfecho todos los requisitos para convertirse en un ciudadano de los Estados Unidos tal como se explica en 8 C.F.R. \u00a7 316.2(b). Cualquier duda sobre la elegibilidad debe ser resuelta en favor de los Estados Unidos y contra el aplicante.<\/p>\n<p>En virtud de la secci\u00f3n 319(a) del INA, para ser elegibles para la naturalizaci\u00f3n, el solicitante debe:<\/p>\n<ul>\n<li>que \u00e9l o ella est\u00e1 bien dispuesto para el buen orden de los EE.UU. durante todos los per\u00edodos pertinentes bajo la ley;<\/li>\n<li>que \u00e9l o ella sea de buen car\u00e1cter moral;<\/li>\n<li>que \u00e9l o ella este apegada a los principios de la Constituci\u00f3n de los Estados Unidos;<\/li>\n<li>que \u00e9l o ella pueda leer, escribir y hablar ingl\u00e9s;<\/li>\n<li>que \u00e9l o ella tenga el conocimiento y la comprensi\u00f3n de la historia de los Estados Unidos y el gobierno;<\/li>\n<li>que \u00e9l o ella haya estado f\u00edsicamente presente en Estados Unidos por lo menos 18 meses de los tres a\u00f1os inmediatamente anteriores a la fecha de presentaci\u00f3n de la solicitud;<\/li>\n<li>que \u00e9l o ella haya residido ininterrumpidamente en el Estados Unidos a partir de la fecha de presentaci\u00f3n de la solicitud de naturalizaci\u00f3n hasta el momento de la naturalizaci\u00f3n;<\/li>\n<li>que \u00e9l o ella tenga al menos 18 a\u00f1os de edad, y<\/li>\n<li>que \u00e9l o ella cumpla los requisitos espec\u00edficos para su la elegibilidad para la naturalizaci\u00f3n.<\/li>\n<\/ul>\n<hr>\n<p align=\"right\"><a href=\"\/es\/leyes-de-inmigracion\/ciudadania-y-naturalizacion\/#top\">volver arriba<\/a><\/p>\n<h3><a name=\"natural\"><\/a>Convertirse en ciudadano de los Estados Unidos a trav\u00e9s de la naturalizaci\u00f3n<\/h3>\n<p>El proceso de convertirse en ciudadano de los Estados Unidos a trav\u00e9s de la nacionalizaci\u00f3n no es la misma para todos. El proceso es diferente seg\u00fan el estado del individuo. Por ejemplo, una persona que tiene un padre o madre ciudadano estadounidense, pero no es un ciudadano de los Estados Unidos, tendr\u00e1 un proceso diferente que un individuo que es residente permanente legal.<\/p>\n<p>Residente Permanente Legal:&nbsp;Los candidatos deben tener al menos 18 a\u00f1os de edad y haber sido residente permanente por lo menos cinco a\u00f1os continuos. El residente permanente no debe haber tomado un viaje de m\u00e1s de seis meses dentro de los cinco a\u00f1os.<\/p>\n<p>Los c\u00f3nyuges de ciudadanos estadounidenses:&nbsp;una persona que solicite la ciudadan\u00eda por matrimonio, debe estar casados en el momento en que \u00e9l o ella presenta la solicitud y vivir con el mismo ciudadano estadounidense durante los \u00faltimos tres a\u00f1os. El c\u00f3nyuge debe haber sido un ciudadano de los EE.UU. durante los \u00faltimos tres a\u00f1os. El solicitante debe haber sido residente permanente durante tres a\u00f1os y haber vivido en los Estados Unidos por tres a\u00f1os sin ning\u00fan viaje de m\u00e1s de seis meses.<\/p>\n<p>Miembro de las Fuerzas Armadas de EE.UU:&nbsp;Los candidatos deben tener al menos 18 a\u00f1os de edad y deben haber servido durante al menos un a\u00f1o. El solicitante debe tener la condici\u00f3n de residente permanente el d\u00eda de la entrevista de naturalizaci\u00f3n. Si el solicitante sirvi\u00f3 por menos de un a\u00f1o o fue descargado m\u00e1s de seis meses antes de la fecha de presentar la aplicaci\u00f3n, entonces, \u00e9l o ella debe haber sido un residente permanente legal por cinco a\u00f1os en el momento en que \u00e9l o ella haya presentado la solicitud. En este caso, el solicitante no debe tener dentro de esos cinco a\u00f1os viajes con una duraci\u00f3n superior a seis meses, no incluye cualquier despliegue militar.<\/p>\n<hr>\n<p align=\"right\"><a href=\"\/es\/leyes-de-inmigracion\/ciudadania-y-naturalizacion\/#top\">volver arriba<\/a><\/p>\n<h3><a name=\"parents\"><\/a>La naturalizaci\u00f3n a trav\u00e9s del parentesco<\/h3>\n<p>En el contexto de ciudadan\u00eda, el t\u00e9rmino \u201cpadre\u201d significa, el \u201cpadre gen\u00e9tico, la madre gen\u00e9tica y madre gestacional no gen\u00e9tico, si ella es la madre legal en el momento de su nacimiento\u201d bajo la ley de Texas.<\/p>\n<p>De acuerdo con el cap\u00edtulo 3 de la Ley de Inmigraci\u00f3n y Nacionalidad (INA), una persona nacida en los Estados Unidos, que est\u00e1 sujeto a la jurisdicci\u00f3n de los Estados Unidos, es un ciudadano estadounidense de nacimiento.<\/p>\n<p>Un ni\u00f1o nacido fuera de los Estados Unidos puede adquirir la ciudadan\u00eda al nacer si \u00e9l o ella tiene al menos un progenitor que es ciudadano estadounidense y el padre ciudadano cumple determinados requisitos de residencia y presencia f\u00edsica en los EE.UU. o en las afueras de la posesi\u00f3n antes del nacimiento del ni\u00f1o.<\/p>\n<p>Cuando un ni\u00f1o ha nacido fuera de los Estados Unidos, el proceso de naturalizaci\u00f3n a trav\u00e9s del parentesco es diferente para los hijos de padres casados y los nacidos fuera del matrimonio.<\/p>\n<p>Un ni\u00f1o nacido de dos padres de EE.UU. que no est\u00e1n casados es considerado un ciudadano de los EE.UU. basados en la ciudadan\u00eda de EE.UU. Si el ni\u00f1o tiene un padre ciudadano estadounidense, entonces \u00e9l o ella debe mostrar lo siguiente:<\/p>\n<ul>\n<li>que existe una relaci\u00f3n de la sangre, mediante pruebas claras y convincentes;<\/li>\n<li>que el padre del ni\u00f1o era un ciudadano de los EE.UU. en el momento del nacimiento del hijo;<\/li>\n<li>que el padre del ni\u00f1o accedi\u00f3 a proporcionar apoyo financiero para el ni\u00f1o hasta que \u00e9l o ella cumpliera 18 a\u00f1os de edad; y que el ni\u00f1o fue reconocido o legitimado.<\/li>\n<\/ul>\n<p>El est\u00e1ndar es ligeramente diferente cuando el padre o madre ciudadano estadounidense es la madre. Un ni\u00f1o nacido fuera del matrimonio adquiere la ciudadan\u00eda bajo las siguientes circunstancias:<\/p>\n<ul>\n<li>el ni\u00f1o naci\u00f3 despu\u00e9s del 23 de diciembre de 1952;<\/li>\n<li>la madre era ciudadano estadounidense en el momento del nacimiento del ni\u00f1o; y<\/li>\n<li>la madre ciudadana de los EE.UU. estaba presente f\u00edsicamente en los Estados Unidos o en un territorio estadounidense durante un a\u00f1o continuo antes del nacimiento del ni\u00f1o.<\/li>\n<\/ul>\n<hr>\n<p align=\"right\"><a href=\"\/es\/leyes-de-inmigracion\/ciudadania-y-naturalizacion\/#top\">volver arriba<\/a><\/p>\n<h3><a name=\"abroad\"><\/a>C\u00f3nyuge de un ciudadano de los EE.UU. que trabaja en el extranjero<\/h3>\n<p>Para calificar, el ciudadano de los EE.UU. debe estar empleado por el gobierno de los EE.UU., incluyendo militares, u otro empleador que califique.<\/p>\n<p>En general, el c\u00f3nyuge de un ciudadano de los EE.UU. trabajan en el extranjero debe estar presente en los Estados Unidos con una admisi\u00f3n legal de residencia permanente en el momento del examen de la solicitud de naturalizaci\u00f3n y en el momento de la naturalizaci\u00f3n, y \u00e9l o ella debe cumplir con todos los requisitos mencionados, excepto que:<\/p>\n<ul>\n<li>No es necesario un periodo espec\u00edfico como residentes permanentes (poseedores del green card) pero el c\u00f3nyuge debe ser un residente permanente;<\/li>\n<li>No se requiere un per\u00edodo de residencia continua o presencia f\u00edsica en los Estados Unidos; y<\/li>\n<li>No se requiere un per\u00edodo particular de la uni\u00f3n marital; sin embargo, los esposos deben estar en un matrimonio v\u00e1lido en el momento de la presentaci\u00f3n de la solicitud hasta el momento de la naturalizaci\u00f3n.<\/li>\n<\/ul>\n<p>Un c\u00f3nyuge que pretende dirigirse inmediatamente a los Estados Unidos para residir, al concluir el empleo del ciudadano estadounidense en el extranjero, pueden ser elegibles para la naturalizaci\u00f3n en virtud de la Secci\u00f3n 319(b) del INA.<\/p>\n<hr>\n<p align=\"right\"><a href=\"\/es\/leyes-de-inmigracion\/ciudadania-y-naturalizacion\/#top\">volver arriba<\/a><br \/>\nRecursos adicionales<\/p>\n<p><a href=\"https:\/\/www.uscis.gov\/policymanual\/HTML\/PolicyManual-Volume12-PartH-Chapter3.html#S-A\" target=\"_blank\" rel=\"noopener noreferrer\">Manual de naturalizaci\u00f3n a trav\u00e9s del parentesco familiar \u2013<\/a>&nbsp;Visite la p\u00e1gina web de Servicios de Inmigraci\u00f3n y Ciudadan\u00eda de EE.UU. cap\u00edtulo 3 de la Ley de Inmigraci\u00f3n y Naturalizaci\u00f3n. El cap\u00edtulo 3 describe los requisitos generales para la adquisici\u00f3n de la ciudadan\u00eda por nacimiento, y explica las circunstancias que un padre debe satisfacer para que su hijo sea elegible para adquirir la ciudadan\u00eda estadounidense a trav\u00e9s del parentesco.<\/p>\n<hr>\n<p align=\"right\"><a href=\"\/es\/leyes-de-inmigracion\/ciudadania-y-naturalizacion\/#top\">volver arriba<\/a><\/p>\n<h2>Abogado de ciudadan\u00eda y naturalizaci\u00f3n en Texas<\/h2>\n<p>Las leyes de inmigraci\u00f3n que se aplican para tener derecho a vivir y trabajar en los Estados Unidos son complicadas. Luis F. Hess ayuda a sus clientes a encontrar la mejor opci\u00f3n para llegar a ser un ciudadano de los EE.UU. para cualquier caso en The Woodlands o en las \u00e1reas circundantes.<\/p>\n<p>Con una oficina en Shenandoah, TX, justo al norte de The Woodlands, Luis F. Hess es un abogado con de inmigraci\u00f3n, sirviendo a clientes en todo el Condado de Montgomery y el condado de Harris. \u00c9l puede responder a sus preguntas acerca de su elegibilidad para la ciudadan\u00eda y se ha comprometido a ayudarlo a alcanzar sus objetivos de inmigraci\u00f3n completo para casos en The Woodlands, TX.<\/p>\n<p>El abogado Luis F. Hess maneja una variedad de demandas de la ciudadan\u00eda, incluyendo:<\/p>\n<ul>\n<li>los hijos de un ciudadano estadounidense nacido en un pa\u00eds extranjero;<\/li>\n<li>un ni\u00f1o adoptado por padres americanos; o<\/li>\n<li>un ni\u00f1o con un padre que est\u00e1 naturalizada y ahora busca la condici\u00f3n de ciudadan\u00eda.<\/li>\n<\/ul>\n<p>En muchos casos, las personas que viven y trabajan en los Estados Unidos deben buscar un camino hacia la ciudadan\u00eda. Luis F. Hess ayuda a sus clientes a convertirse en un ciudadano estadounidense. \u00c9l maneja casos relacionados con la solicitud de la ciudadan\u00eda y las peticiones para reabrir la negaci\u00f3n de la ciudadan\u00eda.<\/p>\n<p>Llame al (281) 984-5294 hoy.<\/p>\n","protected":false},"excerpt":{"rendered":"<p>Para ser elegibles para solicitar la ciudadan\u00eda estadounidense a trav\u00e9s de la naturalizaci\u00f3n, normalmente se tarda cinco a\u00f1os para un adulto (una&hellip;<\/p>\n","protected":false},"author":8,"featured_media":0,"parent":1312,"menu_order":0,"comment_status":"closed","ping_status":"closed","template":"","meta":{"_acf_changed":false,"inline_featured_image":false,"footnotes":""},"folder":[],"class_list":["post-1651","page","type-page","status-publish","hentry"],"acf":[],"_links":{"self":[{"href":"https:\/\/luishesslaw.com\/es\/wp-json\/wp\/v2\/pages\/1651","targetHints":{"allow":["GET"]}}],"collection":[{"href":"https:\/\/luishesslaw.com\/es\/wp-json\/wp\/v2\/pages"}],"about":[{"href":"https:\/\/luishesslaw.com\/es\/wp-json\/wp\/v2\/types\/page"}],"author":[{"embeddable":true,"href":"https:\/\/luishesslaw.com\/es\/wp-json\/wp\/v2\/users\/8"}],"replies":[{"embeddable":true,"href":"https:\/\/luishesslaw.com\/es\/wp-json\/wp\/v2\/comments?post=1651"}],"version-history":[{"count":0,"href":"https:\/\/luishesslaw.com\/es\/wp-json\/wp\/v2\/pages\/1651\/revisions"}],"up":[{"embeddable":true,"href":"https:\/\/luishesslaw.com\/es\/wp-json\/wp\/v2\/pages\/1312"}],"wp:attachment":[{"href":"https:\/\/luishesslaw.com\/es\/wp-json\/wp\/v2\/media?parent=1651"}],"wp:term":[{"taxonomy":"folder","embeddable":true,"href":"https:\/\/luishesslaw.com\/es\/wp-json\/wp\/v2\/folder?post=1651"}],"curies":[{"name":"wp","href":"https:\/\/api.w.org\/{rel}","templated":true}]}}