{"id":1602,"date":"2020-10-14T06:17:25","date_gmt":"2020-10-14T06:17:25","guid":{"rendered":"https:\/\/luisfhesslaw.wpenginepowered.com\/?page_id=1602"},"modified":"2022-03-31T15:59:30","modified_gmt":"2022-03-31T15:59:30","slug":"asilo","status":"publish","type":"page","link":"https:\/\/luishesslaw.com\/es\/leyes-de-inmigracion\/asilo\/","title":{"rendered":"Asilo"},"content":{"rendered":"<p>Para ser elegible para asilo, un extranjero debe demostrar que es un refugiado y que no est\u00e1 dispuesto a regresar a su pa\u00eds debido a la persecuci\u00f3n o al temor fundado de persecuci\u00f3n a causa de la opini\u00f3n pol\u00edtica, la membres\u00eda en un grupo social particular, nacionalidad, religi\u00f3n o raza. Un candidato de asilo o retirada puede enfrentar esa carga al demostrar persecuci\u00f3n pasada o la probabilidad de persecuci\u00f3n futura.<\/p>\n<p>En los Tribunales de Inmigraci\u00f3n de Houston, los solicitantes de asilo son un grupo diverso que proviene de m\u00e1s de cien nacionalidades diferentes. En los tribunales de inmigraci\u00f3n de Houston y sus alrededores, TX, el mayor grupo de solicitantes de asilo proviene de El Salvador. Otras nacionalidades que solicitan asilo son Honduras, Guatemala, M\u00e9xico, Rumania, China, India, Nepal, Hait\u00ed, Etiop\u00eda, Somalia, Eritrea, Egipto y Camer\u00fan.<\/p>\n<h2>Abogado de Asilo en Shenandoah, TX<\/h2>\n<p>Si busca asilo o la suspensi\u00f3n de la deportaci\u00f3n, p\u00f3ngase en contacto con un abogado de inmigraci\u00f3n con experiencia en Shenandoah, TX, en Luis F. Hess, PLLC. Para asuntos de asilo y refugiados, el abogado Luis F. Hess maneja una amplia variedad de casos pendientes ante el Juez de Inmigraci\u00f3n y la Junta de Apelaciones de Inmigraci\u00f3n en Houston, TX y las \u00e1reas circundantes.<\/p>\n<p>P\u00f3ngase en contacto con el abogado experto en inmigraci\u00f3n Luis F. Hess para obtener m\u00e1s informaci\u00f3n acerca de la diferencia entre el asilo y la retenci\u00f3n de expulsi\u00f3n.<\/p>\n<p>Llame hoy al (281) 984-5294.<\/p>\n<hr \/>\n<h3><strong>La diferencia entre el asilo y la retenci\u00f3n de la eliminaci\u00f3n<\/strong><\/h3>\n<p>Si bien el asilo es discrecional, la suspensi\u00f3n de la deportaci\u00f3n proporciona un alivio obligatorio. La retenci\u00f3n de expulsi\u00f3n impone una carga de la prueba m\u00e1s estricta sobre un extranjero que una demanda de asilo de contraparte porque el extranjero debe demostrar una clara probabilidad de persecuci\u00f3n, en lugar de simplemente un temor fundado de persecuci\u00f3n.<\/p>\n<p>En las solicitudes de asilo examinadas bajo el est\u00e1ndar de prueba m\u00e1s bajo, si el juez determina que el solicitante debe proporcionar evidencia que corrobore el testimonio de otra manera cre\u00edble, dicha evidencia debe proporcionarse a menos que el solicitante no tenga la evidencia y no pueda obtener razonablemente la evidencia.<\/p>\n<p>Para ser elegible para la retenci\u00f3n de expulsi\u00f3n, el solicitante debe demostrar que es m\u00e1s probable que no sea perseguido por un terreno protegido en caso de que se lo devuelva a su patria. Los tribunales han descubierto que el Fiscal General no puede expulsar a un extranjero a un pa\u00eds si la vida o la libertad del extranjero se ver\u00edan amenazadas.<\/p>\n<p>En cuanto a las peticiones de retenci\u00f3n de expulsi\u00f3n, el testimonio de un solicitante puede ser suficiente para mantener esta carga de la prueba sin corroboraci\u00f3n.<\/p>\n<p>Un \u201casilado\u201d se define como un extranjero en los Estados Unidos o en un puerto de entrada que no puede o no quiere regresar a su pa\u00eds de nacionalidad debido a la persecuci\u00f3n o al temor fundado de persecuci\u00f3n. Un asilado es elegible para ajustarse al estatus de residente permanente legal despu\u00e9s de un a\u00f1o de presencia continua en los Estados Unidos. Los asilados que residen en el pa\u00eds antes de que se acepte su solicitud de asilo generalmente no son elegibles para la mayor\u00eda de las formas de asistencia federal y no tienen derecho a la asistencia de las agencias de asentamiento de refugiados.<\/p>\n<hr \/>\n<h5>\u00bfTiene preocupaciones de inmigraci\u00f3n?<\/h5>\n<p>Ya sea que desee vivir en los EE. UU., Obtener una visa de EE. UU., Traer a su familia, conseguir un empleo o permanecer legalmente en el pa\u00eds, \u00a1nuestros abogados de inmigraci\u00f3n de Shenandoah est\u00e1n aqu\u00ed para ayudarlo<br \/>\n<a class=\"btn\" role=\"button\" href=\"#contact-form\">CONSULTAR A UN ABOGADO<\/a><\/p>\n<h3><strong>El c\u00f3nyuge que busca un estado similar o derivativo<\/strong><\/h3>\n<p>Una persona que busca asilo ingresa a los Estados Unidos y solicita el asilo una vez que se encuentra en los Estados Unidos. Para que el c\u00f3nyuge de la persona que solicita el asilo reciba un estado similar, la relaci\u00f3n conyugal debe existir al momento en que se aprueba la solicitud de asilo.<\/p>\n<p>Del mismo modo, a un refugiado se le concede el estatus de refugiado cuando se encuentra fuera de los Estados Unidos. Para que el c\u00f3nyuge de un refugiado sea admitido como refugiado, la relaci\u00f3n debe existir antes de la admisi\u00f3n del refugiado a los Estados Unidos.<\/p>\n<hr \/>\n<p><strong>Recursos adicionales<\/strong><br \/>\n<a href=\"https:\/\/egov.uscis.gov\/crisgwi\/go?action=offices.detail&amp;office=ZHN&amp;OfficeLocator.office_type=ZSY&amp;OfficeLocator.statecode=TX\" target=\"_blank\" rel=\"noopener\">Oficina de asilo de Houston \u2013<\/a>\u00a0visite el sitio web de los Servicios de Ciudadan\u00eda e Inmigraci\u00f3n de los EE. UU. (USCIS) para encontrar la oficina de asilo de Houston ubicada en 16630 Imperial Valley Drive, Suite 200. Las solicitudes de asilo no se archivan en la Oficina de Asilo en Houston. Una persona que busca asilo en los Estados Unidos debe solicitar asilo con el Centro de Servicio de Texas del USCIS en Mesquite, TX.<\/p>\n<hr \/>\n<h2>Abogado de Inmigraci\u00f3n en Texas para la Detenci\u00f3n de Procedimientos de Deportaci\u00f3n<\/h2>\n<p>El abogado Luis F. Hess representa a los clientes en asilo o \u201cretenci\u00f3n de procedimientos de deportaci\u00f3n\u201d ayud\u00e1ndolos a demostrar que la vida o la libertad del cliente se ver\u00e1n amenazadas en su condado de origen por motivos de raza, religi\u00f3n, nacionalidad, membres\u00eda en una sociedad grupo, u opini\u00f3n pol\u00edtica.<\/p>\n<p>Luis F. Hess representa clientes que buscan asilo que pueden ser otorgados a extranjeros refugiados que no pueden regresar a su pa\u00eds de origen debido a la persecuci\u00f3n. \u00c9l puede ayudarlo a asumir la carga de establecer la elegibilidad para el asilo a trav\u00e9s de testimonios y pruebas que lo corroboren.<\/p>\n<p>Llame hoy al abogado Luis Hess al (281) 984-5294.<\/p>\n","protected":false},"excerpt":{"rendered":"<p>Para ser elegible para asilo, un extranjero debe demostrar que es un refugiado y que no est\u00e1 dispuesto a regresar a su&hellip;<\/p>\n","protected":false},"author":8,"featured_media":0,"parent":1312,"menu_order":11,"comment_status":"closed","ping_status":"closed","template":"","meta":{"_acf_changed":false,"inline_featured_image":false,"footnotes":""},"folder":[],"class_list":["post-1602","page","type-page","status-publish","hentry"],"acf":[],"_links":{"self":[{"href":"https:\/\/luishesslaw.com\/es\/wp-json\/wp\/v2\/pages\/1602","targetHints":{"allow":["GET"]}}],"collection":[{"href":"https:\/\/luishesslaw.com\/es\/wp-json\/wp\/v2\/pages"}],"about":[{"href":"https:\/\/luishesslaw.com\/es\/wp-json\/wp\/v2\/types\/page"}],"author":[{"embeddable":true,"href":"https:\/\/luishesslaw.com\/es\/wp-json\/wp\/v2\/users\/8"}],"replies":[{"embeddable":true,"href":"https:\/\/luishesslaw.com\/es\/wp-json\/wp\/v2\/comments?post=1602"}],"version-history":[{"count":0,"href":"https:\/\/luishesslaw.com\/es\/wp-json\/wp\/v2\/pages\/1602\/revisions"}],"up":[{"embeddable":true,"href":"https:\/\/luishesslaw.com\/es\/wp-json\/wp\/v2\/pages\/1312"}],"wp:attachment":[{"href":"https:\/\/luishesslaw.com\/es\/wp-json\/wp\/v2\/media?parent=1602"}],"wp:term":[{"taxonomy":"folder","embeddable":true,"href":"https:\/\/luishesslaw.com\/es\/wp-json\/wp\/v2\/folder?post=1602"}],"curies":[{"name":"wp","href":"https:\/\/api.w.org\/{rel}","templated":true}]}}