{"id":1552,"date":"2020-10-14T06:55:06","date_gmt":"2020-10-14T06:55:06","guid":{"rendered":"https:\/\/luisfhesslaw.wpenginepowered.com\/?page_id=1552"},"modified":"2022-03-15T15:47:28","modified_gmt":"2022-03-15T15:47:28","slug":"visas-de-negocios","status":"publish","type":"page","link":"https:\/\/luishesslaw.com\/es\/visa\/visas-de-negocios\/","title":{"rendered":"Visas de Negocios"},"content":{"rendered":"<p>En una econom\u00eda global, los empleadores en el \u00e1rea de Houston entienden la importancia de poder contratar a empleados con talento que pueden entrar a los Estados Unidos con rapidez y certeza.<\/p>\n<p>Luis F. Hess representa a los empleadores que desean patrocinar a un extranjero a trabajar temporalmente en los Estados Unidos o convertirse en un residente permanente basado en una oferta de empleo permanente. Luis F. Hess trabaja estrechamente con los inversionistas extranjeros y empresarios locales para ayudarles a alcanzar sus objetivos de inmigraci\u00f3n relacionados con la empresa durante cada etapa del proceso.<\/p>\n<p>Luis F. Hess, PLLC ayuda a sus clientes a presentar de manera adecuada tanto visas como aplicaciones para la Green Card. \u00c9l ayuda a los empleadores con el proceso de Certificaci\u00f3n Laboral PERM, peticiones de inmigrante a los trabajadores extranjeros, y otros documentos que pueden ser necesarios para que un empleado pueda trabajar legalmente en los Estados Unidos.<\/p>\n<h2>Abogado de leyes de Inmigraci\u00f3n de Negocios en The Woodlands, TX<\/h2>\n<p>P\u00f3ngase en contacto con el abogado de inmigraci\u00f3n Luis F. Hess, PLLC en Shenandoah, justo al norte de The Woodlands, TX, para conocer m\u00e1s acerca de los fundamentos de la inmigraci\u00f3n de negocios desde un punto de vista como empleador. Queremos ayudar a los empleadores a identificar a los trabajadores que necesitan el patrocinio y ayudarlos a entender los procesos b\u00e1sicos necesarios para patrocinar a los trabajadores extranjeros. Tambi\u00e9n podemos ayudar a los empleadores a entender c\u00f3mo satisfacer sus objetivos a corto y largo plazo de inmigraci\u00f3n para trabajadores espec\u00edficos.<\/p>\n<p>Con una oficina en Shenandoah, ayudamos a nuestros clientes a lo largo del Condado de Montgomery y el condado de Harris, incluyendo Shenandoah, The Woodlands, Conroe, Spring, Houston y las zonas circundantes.<\/p>\n<p>Llame al (281) 984-5294 para discutir los objetivos de su empresa y c\u00f3mo un abogado con alta experiencia en inmigraci\u00f3n puede ayudar.<\/p>\n<hr>\n<p align=\"right\"><a href=\"\/es\/leyes-de-inmigracion\/visas-de-negocios\/#top\">volver arriba<\/a><\/p>\n<h3><strong>Descripci\u00f3n general de Visas de negocios en Conroe, TX<\/strong><\/h3>\n<ul>\n<li><a style=\"font-family: var( --e-global-typography-text-font-family ), Sans-serif; font-weight: var( --e-global-typography-text-font-weight );\" href=\"https:\/\/luishesslaw.com\/es\/leyes-de-inmigracion\/visas-de-negocios\/es\/leyes-de-inmigracion\/visa-espanol\/visas-de-negocios\/#stages\">\u00bfQu\u00e9 pasos los empleadores deben seguir?<\/a><\/li>\n<li><a href=\"https:\/\/luishesslaw.com\/es\/leyes-de-inmigracion\/visas-de-negocios\/es\/leyes-de-inmigracion\/visa-espanol\/visas-de-negocios\/#perm\">\u00bfQu\u00e9 es una certificaci\u00f3n de trabajo?<\/a><\/li>\n<li><a href=\"https:\/\/luishesslaw.com\/es\/leyes-de-inmigracion\/visas-de-negocios\/es\/leyes-de-inmigracion\/visa-espanol\/visas-de-negocios\/#types\">\u00bfQu\u00e9 tipos de Visas de negocios hay?<\/a><\/li>\n<li><a href=\"https:\/\/luishesslaw.com\/es\/leyes-de-inmigracion\/visas-de-negocios\/es\/leyes-de-inmigracion\/visa-espanol\/visas-de-negocios\/#limits\">\u00bfCu\u00e1les son las limitaciones de Visas de empleo?<\/a><\/li>\n<\/ul>\n<hr>\n<p align=\"right\"><a href=\"\/es\/leyes-de-inmigracion\/visas-de-negocios\/#top\">volver arriba<\/a><\/p>\n<h5>\u00bfTiene preocupaciones de inmigraci\u00f3n?<\/h5>\n<p>Ya sea que desee vivir en los EE. UU., Obtener una visa de EE. UU., Traer a su familia, conseguir un empleo o permanecer legalmente en el pa\u00eds, \u00a1nuestros abogados de inmigraci\u00f3n de Shenandoah est\u00e1n aqu\u00ed para ayudarlo<br \/>\n<a role=\"button\" href=\"#\"><br \/>\nCONSULTAR A UN ABOGADO<br \/>\n<\/a><\/p>\n<h3><a name=\"non\"><\/a><strong>Las etapas de un caso de inmigraci\u00f3n basado en el empleo<\/strong><\/h3>\n<p>Si resulta dif\u00edcil encontrar a un ciudadano estadounidense que puede satisfacer las necesidades de un empleador en Texas, entonces los operadores de que la empresa puede considerar la contrataci\u00f3n de un trabajador extranjero. Los requisitos de contrataci\u00f3n del empleador pueden determinar si se deber\u00eda solicitar la residencia permanente para un empleado o solicitar una visa de trabajo temporal.<\/p>\n<p>Un abogado con experiencia en inmigraci\u00f3n de negocios puede ayudarle a decidir la mejor opci\u00f3n a la hora de elegir a un trabajador inmigrante para satisfacer las necesidades de la empresa. Adem\u00e1s, un abogado de inmigraci\u00f3n puede ayudar a el empleador que esta \u201cpatrocinando\u201d o pidiendo a un trabajador permanente a obtener una certificaci\u00f3n laboral del Departamento de Trabajo (DOL).<\/p>\n<p>La certificaci\u00f3n laboral se utiliza para verificar que existe un n\u00famero insuficiente de trabajadores estadounidenses, disponibles, calificados y dispuestos para tomar la posici\u00f3n de que un empleador est\u00e1 tratando de llenar. La certificaci\u00f3n laboral tambi\u00e9n debe mostrar que el empleo no tendr\u00e1 un efecto adverso sobre los salarios y las condiciones laborales de los trabajadores estadounidenses en una situaci\u00f3n an\u00e1loga. Un empleador puede tambi\u00e9n tratar de contratar a un empleado que cae dentro de una categor\u00eda temporal (no inmigrante) que permite a un extranjero trabajar en los Estados Unidos.<\/p>\n<hr>\n<p align=\"right\"><a href=\"\/es\/leyes-de-inmigracion\/visas-de-negocios\/#top\">volver arriba<\/a><\/p>\n<h3><a name=\"immigrant\"><\/a><strong>Aplicaci\u00f3n del certificado de condici\u00f3n laboral<\/strong><\/h3>\n<p>Un abogado experto en inmigraci\u00f3n puede ayudar a un empleador estadounidense a contratar a trabajadores inmigrantes potenciales, asegurando que cada empleado tiene la certificaci\u00f3n adecuada para elempleo. El empleador debe obtener un certificado de condici\u00f3n laboral y ser capaz de demostrar el cumplimiento de los siguientes requisitos:<\/p>\n<p>El empleador estar\u00e1 pagando un salario que no es menor al salario que se paga a los trabajadores igualmente calificados o, si fuera mayor, ser\u00e1 promedio para la posici\u00f3n en el \u00e1rea geogr\u00e1fica;<\/p>\n<p>El empleador proporcionar\u00e1 las condiciones de trabajo que no afectar\u00e1 adversamente otros trabajadores;<\/p>\n<p>El empleador debe demostrar que no existe ninguna huelga o paro en el lugar de los negocios del futuro trabajador temporal<\/p>\n<p>El empleador debe dar aviso al representante de negociaci\u00f3n o publicar un aviso en el lugar de negocio que una aplicaci\u00f3n de condici\u00f3n laboral ha sido presentada con el DOL.<\/p>\n<hr>\n<p align=\"right\"><a href=\"\/es\/leyes-de-inmigracion\/visas-de-negocios\/#top\">volver arriba<\/a><\/p>\n<h3><a name=\"work\"><\/a><strong>Tipos de visas en relaci\u00f3n al empleo<\/strong><\/h3>\n<p>Las visas relacionadas con el empleo en EE.UU. son generalmente a corto plazo. Hay varios tipos de visas, incluyendo:<\/p>\n<ul>\n<li><a href=\"https:\/\/luishesslaw.com\/es\/visa\/visas-de-negocios\/visa-de-visitante-por-negocios-temporal-b-1\/\">B-1: Visitante de negocios<\/a><\/li>\n<li><a href=\"https:\/\/luishesslaw.com\/es\/leyes-de-inmigracion\/visa-espanol\/visas-de-negocios\/visa-de-trabajador-temporal\/\">H: Trabajador temporal<\/a><\/li>\n<li>J: Visitantes de intercambio<\/li>\n<li><a href=\"https:\/\/luishesslaw.com\/es\/visa\/visas-de-negocios\/visa-l1-gerente-o-ejecutivo\/\">L: Interempresarial<\/a><\/li>\n<li>O: Trabajador con habilidades extraordinarias<\/li>\n<li>P: Deportista o artista<\/li>\n<li>R: Trabajador religioso<\/li>\n<\/ul>\n<p>El sistema de inmigraci\u00f3n proporciona clasificaciones de visas de inmigrante y de no inmigrante. Las peticiones de visa de no inmigrante se someten a trav\u00e9s de los Servicios de Ciudadan\u00eda e Inmigraci\u00f3n de EEUU.<\/p>\n<hr>\n<p align=\"right\"><a href=\"\/es\/leyes-de-inmigracion\/visas-de-negocios\/#top\">volver arriba<\/a><\/p>\n<h3><strong>Limitaci\u00f3n de visas de Inmigrante basadas en empleo por pa\u00eds.<\/strong><\/h3>\n<p>La Ley de Inmigraci\u00f3n y Nacionalidad (INA) limita el n\u00famero de visas de inmigrante basadas en el empleo que puede concederse a los nacionales de un pa\u00eds durante un a\u00f1o fiscal al siete por ciento. Esta limitaci\u00f3n es conocida como la \u201climitaci\u00f3n por pa\u00eds. 8 U.S.C. \u00a7 1152(a)(2).<\/p>\n<p>El Departamento de Estado es responsable de la administraci\u00f3n de las disposiciones de la Ley de Inmigraci\u00f3n y Naturalizaci\u00f3n relativas a las limitaciones num\u00e9ricas sobre emisiones de visa de inmigrante. Bajo 8 U.S.C. \u00a7 1153(g), que tambi\u00e9n gestiona la asignaci\u00f3n individual de visados de inmigrante basada en empleo. El Departamento de Estado asigna la cantidad de visas para su uso en relaci\u00f3n con la emisi\u00f3n de visados de inmigrante sobre la base de los informes de los funcionarios consulares.<\/p>\n<p>Cuando la demanda de visas de inmigrante sobrepasa el suministro asignado legalmente para cualquier categor\u00eda preferencial o de algun pa\u00eds en concreto, el Departamento de Estado considera que la categor\u00eda o la naci\u00f3n como \u201csobre inscrita\u201d. El Departamento impondr\u00e1 una fecha de corte para mantener la asignaci\u00f3n de visas dentro del l\u00edmite legal para cada a\u00f1o fiscal. Quien solicit\u00f3 un visado despu\u00e9s de la fecha de cierre estar\u00e1n en lista de espera.<\/p>\n<p>El Departamento de Estado divide a los solicitantes de visa en espera de acuerdo a su categor\u00eda de preferencia. Una vez que la categor\u00eda de preferencia es contabilizada, el Departamento de Estado determina la posici\u00f3n del solicitante de visa en referencia a su fecha de prioridad.<\/p>\n<hr>\n<p align=\"right\"><a href=\"\/es\/leyes-de-inmigracion\/visas-de-negocios\/#top\">volver arriba<\/a><\/p>\n<h2>Abogado de Inmigraci\u00f3n de Negocios en el Condado de Montgomery, TX<\/h2>\n<p>Luis F. Hess representa a clientes en casos de inmigraci\u00f3n a lo largo del Condado de Montgomery y el condado de Harris. Para los casos de inmigraci\u00f3n relacionados con la empresa, p\u00f3ngase en contacto con Luis F. Hess, PLLC.<\/p>\n<p>El abogado de inmigraci\u00f3n, Luis F. Hess, trabaja en el empleo con casos de visas relacionados con el empleo para sus clientes corporativos en Shenandoah, The Woodlands, Conroe, Spring, otras \u00e1reas cercanas en el Condado de Montgomery y el condado de Harris, Texas. Su pr\u00e1ctica se centra en todos los aspectos de la visas y Green Card relacionados inmigraci\u00f3n y asuntos de cumplimiento.<\/p>\n<p>P\u00f3ngase en contacto con Luis F. Hess, PLLC para ayudarle en la obtenci\u00f3n de estatus migratorio temporal para ejecutivos, gerentes o empleados profesionales. \u00c9l puede ayudarle a aplicar para la visa de no inmigrante apropiada para los trabajadores.<\/p>\n<p>Llame al hoy.<\/p>\n","protected":false},"excerpt":{"rendered":"<p>En una econom\u00eda global, los empleadores en el \u00e1rea de Houston entienden la importancia de poder contratar a empleados con talento que&hellip;<\/p>\n","protected":false},"author":8,"featured_media":0,"parent":8880,"menu_order":1,"comment_status":"closed","ping_status":"closed","template":"","meta":{"_acf_changed":false,"inline_featured_image":false,"footnotes":""},"folder":[],"class_list":["post-1552","page","type-page","status-publish","hentry"],"acf":[],"_links":{"self":[{"href":"https:\/\/luishesslaw.com\/es\/wp-json\/wp\/v2\/pages\/1552","targetHints":{"allow":["GET"]}}],"collection":[{"href":"https:\/\/luishesslaw.com\/es\/wp-json\/wp\/v2\/pages"}],"about":[{"href":"https:\/\/luishesslaw.com\/es\/wp-json\/wp\/v2\/types\/page"}],"author":[{"embeddable":true,"href":"https:\/\/luishesslaw.com\/es\/wp-json\/wp\/v2\/users\/8"}],"replies":[{"embeddable":true,"href":"https:\/\/luishesslaw.com\/es\/wp-json\/wp\/v2\/comments?post=1552"}],"version-history":[{"count":0,"href":"https:\/\/luishesslaw.com\/es\/wp-json\/wp\/v2\/pages\/1552\/revisions"}],"up":[{"embeddable":true,"href":"https:\/\/luishesslaw.com\/es\/wp-json\/wp\/v2\/pages\/8880"}],"wp:attachment":[{"href":"https:\/\/luishesslaw.com\/es\/wp-json\/wp\/v2\/media?parent=1552"}],"wp:term":[{"taxonomy":"folder","embeddable":true,"href":"https:\/\/luishesslaw.com\/es\/wp-json\/wp\/v2\/folder?post=1552"}],"curies":[{"name":"wp","href":"https:\/\/api.w.org\/{rel}","templated":true}]}}