{"id":1534,"date":"2020-10-14T06:26:48","date_gmt":"2020-10-14T06:26:48","guid":{"rendered":"https:\/\/luisfhesslaw.wpenginepowered.com\/?page_id=1534"},"modified":"2026-01-09T07:07:53","modified_gmt":"2026-01-09T07:07:53","slug":"luis-f-hess","status":"publish","type":"page","link":"https:\/\/luishesslaw.com\/es\/nuestra-firma\/luis-f-hess\/","title":{"rendered":"Luis F. Hess"},"content":{"rendered":"\n\n\t\t\t\t<img decoding=\"async\" src=\"https:\/\/luishesslaw.com\/wp-content\/uploads\/2023\/06\/Luis-Hess.jpg\" alt=\"Luis Hess\" itemprop=\"image\" height=\"1407\" width=\"1407\" title=\"Luis Hess\" onerror=\"this.style.display='none'\" loading=\"lazy\" \/>\n\t\t\t\t<img decoding=\"async\" src=\"https:\/\/luishesslaw.com\/wp-content\/uploads\/2022\/03\/houston-top-lawyer.png\" alt=\"houston-top-lawyer\" itemprop=\"image\" height=\"335\" width=\"1075\" title=\"houston-top-lawyer\" onerror=\"this.style.display='none'\" loading=\"lazy\" \/>\n<h1>\n\t\t\tLuis F. Hess\t<\/h1>\n<h2>\n\t\t\tNuestro abogado experto en inmigraci\u00f3n de Texas\t<\/h2>\n\t<p>Lo que he aprendido en la vida es que el \u00e9xito, como quiera que lo defina, no es el resultado de una serie aleatoria de acontecimientos. Comienza con un sue\u00f1o, una meta o una ambici\u00f3n y termina con resultados autodirigidos. M\u00e1s importante a\u00fan, el puente que conecta las necesidades o los deseos de una persona con el resultado final est\u00e1 unido por valor, la determinaci\u00f3n o la perseverancia. Son estas caracter\u00edsticas internas las que m\u00e1s admiro en la gente y por lo cual elijo trabajar con este tipo de clientes a diario como abogado especialista en inmigraci\u00f3n de Texas.<\/p>\n<p>Soy hijo de inmigrantes y uno de los primeros en nacer en los Estados Unidos. El ingl\u00e9s no fue mi primer idioma. Si bien tuve muchas ventajas de crecer en los Estados Unidos en a una familia amorosa, no nac\u00ed en una familia con riquezas ni conexiones pol\u00edticas que me ayudaran a comenzar un negocio desde cero.<\/p>\n<p>De la misma manera, disfruto mucho trabajando con otras personas que quieren convertirse en estadounidenses, iniciar una empresa o hacer crecer un negocio. \u00bfPor qu\u00e9? Porque todas estas acciones requieren confiar en uno mismo y saber que el objetivo de uno solo se puede lograr a trav\u00e9s de la perseverancia y la determinaci\u00f3n interna.<\/p>\n<p>Como socio gerente de la firma, soy un experimentado abogado en inmigraci\u00f3n de Texas con experiencia previa trabajando en la Fuerza A\u00e9rea de los EE. UU en el Cuerpo de Justicia Militar de la Marina de los Estados Unidos abogado interno en el Sistema de Salud de las Hermanas de la Misericordia, el departamento legal del El Departamento de Agricultura de los Estados Unidos y otras firmas de abogados privadas.<\/p>\n<p>Antes y despu\u00e9s de completar mi t\u00edtulo de abogado, me desempe\u00f1\u00e9 como instructor universitario y profesor adjunto. El ejercicio de mi profesi\u00f3n se centra en ayudar a los clientes a lograr sus objetivos relacionados con la ley de inmigraci\u00f3n, derecho inmobiliario, derecho civil y derecho comercial.<\/p>\n<p><strong>Licencias para trabajar<\/strong><\/p>\n<ul>\n<li>Admitido para ejercer en Texas<\/li>\n<li>Admitido para ejercer en Misuri<\/li>\n<\/ul>\n<p><strong>En educaci\u00f3n<\/strong><\/p>\n<ul>\n<li>Doctor en Jurisprudencia con un Certificado en Derecho de la Salud, Universidad de Saint Louis<\/li>\n<li>Maestr\u00eda en Artes en Relaciones Internacionales con Especializaci\u00f3n en Metodolog\u00eda Estad\u00edstica, Universidad de Arizona, Graduado con Honores<\/li>\n<li>Licenciatura en Filosof\u00eda, Ciencias Pol\u00edticas y Econom\u00eda, Universidad de Saint Louis, Graduado con Honores<\/li>\n<\/ul>\n<p><strong>Capacitaci\u00f3n en idiomas extranjeros<\/strong><\/p>\n<ul>\n<li>Chino mandar\u00edn del Sprachcaffe (Caf\u00e9 de Idiomas) Internacional en Beijing, China<\/li>\n<li>Espa\u00f1ol de la Universidad de Guadalajara en Guadalajara, M\u00e9xico<\/li>\n<li>Espa\u00f1ol del Programa Madrid-SLU en Madrid, Espa\u00f1a<\/li>\n<\/ul>\n<p><strong>\u00bfEst\u00e1 enfrentando problemas de inmigraci\u00f3n?<\/strong><\/p>\nWhether you want to live in the US, get a US visa, bring your family, get employed, or legally stay in the country, our Shenandoah Immigration attorneys are here to help!<br \/>\n<a role=\"button\" href=\"#\"><br \/>\n<\/a>CONSULTE A UN ABOGADO\n<p><strong>Publicaciones y Presentaciones<\/strong><\/p>\n<ul>\n<li>\u00abCumplimiento de la Inmigraci\u00f3n\u00bb. La 16\u00aa Actualizaci\u00f3n de la Ley de Empleo. C\u00e1mara de Comercio de Woodlands (2012).<\/li>\n<li>Cap\u00edtulo sobre \u00abHipotecas inversas y ejecuciones hipotecarias en Misuri\u00bb. Colegio de Abogados de Misuri, Educaci\u00f3n Jur\u00eddica Continua, Ley de Ancianos (2010).<\/li>\n<li>\u00abAn\u00e1lisis del historial de eventos: una nueva IDEA y un nuevo enfoque para la teor\u00eda de la desviaci\u00f3n\u00bb. Conferencia de la Asociaci\u00f3n Estadounidense de Ciencias Pol\u00edticas. Chicago, Illinois (2007)<\/li>\n<li>\u00abActores racionales: \u00bflos l\u00edderes pol\u00edticos reaccionan o anticipan cambios en la opini\u00f3n p\u00fablica?\u00bb Conferencia de la Asociaci\u00f3n de Ciencias Pol\u00edticas Occidentales. Albuquerque, Nuevo M\u00e9xico (2006).<\/li>\n<li>\u00abDe las promesas a la pol\u00edtica: un examen de c\u00f3mo los presidentes logran el \u00e9xito en la legislaci\u00f3n patrocinada por el presidente\u00bb. Conferencia de investigaci\u00f3n de Penn State McNair. Parque Universitario, Pensilvania (2004).<\/li>\n<\/ul>\n<p><strong>Actividades para la comunidad<\/strong><\/p>\n<ul>\n<li>Colegio de Abogados de Woodlands &#8211; Junta Directiva y Miembro<\/li>\n<li>Asociaci\u00f3n de Empresarios Mexicanos<\/li>\n<li>C\u00e1mara Hispana del Condado de Montgomery<\/li>\n<li>Asociaci\u00f3n de Abogados J\u00f3venes de Houston &#8211; Miembro del Tribunal Nocturno<\/li>\n<li>Colegio de Abogados del Estado de Texas: Miembro de la Secci\u00f3n de Derecho Comercial, Derecho de la Construcci\u00f3n y Asesor\u00eda Corporativa<\/li>\n<li>Caballeros de Col\u00f3n<\/li>\n<li>Miembro de la Iglesia de San Antonio de Padua<\/li>\n<\/ul>\n\n","protected":false},"excerpt":{"rendered":"<p>Luis F. Hess Nuestro abogado experto en inmigraci\u00f3n de Texas Lo que he aprendido en la vida es que el \u00e9xito, como&hellip;<\/p>\n","protected":false},"author":8,"featured_media":0,"parent":1449,"menu_order":1,"comment_status":"closed","ping_status":"closed","template":"","meta":{"_acf_changed":false,"inline_featured_image":false,"footnotes":""},"folder":[],"class_list":["post-1534","page","type-page","status-publish","hentry"],"acf":[],"_links":{"self":[{"href":"https:\/\/luishesslaw.com\/es\/wp-json\/wp\/v2\/pages\/1534","targetHints":{"allow":["GET"]}}],"collection":[{"href":"https:\/\/luishesslaw.com\/es\/wp-json\/wp\/v2\/pages"}],"about":[{"href":"https:\/\/luishesslaw.com\/es\/wp-json\/wp\/v2\/types\/page"}],"author":[{"embeddable":true,"href":"https:\/\/luishesslaw.com\/es\/wp-json\/wp\/v2\/users\/8"}],"replies":[{"embeddable":true,"href":"https:\/\/luishesslaw.com\/es\/wp-json\/wp\/v2\/comments?post=1534"}],"version-history":[{"count":0,"href":"https:\/\/luishesslaw.com\/es\/wp-json\/wp\/v2\/pages\/1534\/revisions"}],"up":[{"embeddable":true,"href":"https:\/\/luishesslaw.com\/es\/wp-json\/wp\/v2\/pages\/1449"}],"wp:attachment":[{"href":"https:\/\/luishesslaw.com\/es\/wp-json\/wp\/v2\/media?parent=1534"}],"wp:term":[{"taxonomy":"folder","embeddable":true,"href":"https:\/\/luishesslaw.com\/es\/wp-json\/wp\/v2\/folder?post=1534"}],"curies":[{"name":"wp","href":"https:\/\/api.w.org\/{rel}","templated":true}]}}