{"id":1468,"date":"2020-10-14T06:18:32","date_gmt":"2020-10-14T06:18:32","guid":{"rendered":"https:\/\/luisfhesslaw.wpenginepowered.com\/?page_id=1468"},"modified":"2022-03-15T16:40:09","modified_gmt":"2022-03-15T16:40:09","slug":"ciudad-de-mexico","status":"publish","type":"page","link":"https:\/\/luishesslaw.com\/es\/leyes-de-inmigracion\/ciudad-de-mexico\/","title":{"rendered":"Ciudad de M\u00e9xico"},"content":{"rendered":"<p>Ciudad de M\u00e9xico es la capital y la ciudad m\u00e1s poblada de M\u00e9xico. En 2015, el Censo General de M\u00e9xico inform\u00f3 que hab\u00eda 8,918,000 personas residiendo en la Ciudad de M\u00e9xico. Con una poblaci\u00f3n tan en auge puede ser dif\u00edcil mantenerse econ\u00f3micamente al d\u00eda. En algunos casos, los ciudadanos mexicanos pueden emigrar a los Estados Unidos para buscar nuevas oportunidades. El proceso de inmigraci\u00f3n de los Estados Unidos puede parecer abrumador. Hay m\u00faltiples caminos hacia la ciudadan\u00eda y puede obtener la ciudadan\u00eda por una variedad de razones. Algunos emigran a los Estados Unidos por motivos puramente financieros, mientras que otros buscan la ciudadan\u00eda para convertirse en residentes permanentes. Sin importar las circunstancias, es importante que obtenga asesor\u00eda legal de confianza. Un abogado de Inmigraci\u00f3n calificado puede pasar por alto su solicitud para garantizar un proceso de inmigraci\u00f3n sin problemas.<\/p>\n<h2><b>Abogado de la Ciudad de M\u00e9xico en The Woodlands, Texas&nbsp;<\/b><\/h2>\n<p>Estados Unidos permiti\u00f3 que 1,127,167 personas se convirtieran en residentes permanentes en 2017. El inmigrar a los Estados Unidos sera mas f\u00e1cil confiando en la representaci\u00f3n legal de un Abogado experimentado. P\u00f3ngase en contacto con Luis F. Hess hoy para un comenzar a evaluar las opciones y posibilidades con su Estado migratorio.&nbsp; Si usted o alguien que conoce desea ingresar a los Estados Unidos, comun\u00edquese hoy con la firma de Luis F. Hess, PLLC.&nbsp; Llame hoy al (281) 223-1341 para comenzar el plan de ejecuci\u00f3n en cu caso inmigraci\u00f3n. Aceptando clientes en el Condado de Montgomery, incluyendo The Woodlands, Shenandoah, Oak Ridge North, Conroe, Spring, Houston y mas.<\/p>\n<hr>\n<p align=\"right\"><a href=\"https:\/\/luishesslaw.com\/es\/leyes-de-inmigracion\/ciudad-de-mexico\/#top\">volver arriba<\/a><\/p>\n<h3><b>Estad\u00edsticas de Inmigraci\u00f3n de los Estados Unidos Para M\u00e9xico<\/b><\/h3>\n<p>Desafortunadamente, no todos pueden ingresar a los Estados Unidos. Los Estados Unidos solo emiten una cierta cantidad de visas por a\u00f1o. El Servicio de Ciudadan\u00eda e Inmigraci\u00f3n de los Estados Unidos (USCIS) afirma que no se puede emitir m\u00e1s del 7 por ciento de las visas a los nativos de un pa\u00eds independiente en un a\u00f1o fiscal.<\/p>\n<p>A continuaci\u00f3n se enumeran algunas estad\u00edsticas de inmigraci\u00f3n de los Estados Unidos para M\u00e9xico en el 2017.<\/p>\n<ul>\n<li style=\"font-weight: 400;\">1,127,167 obtuvieron el estatus de residente permanente legal.<\/li>\n<li style=\"font-weight: 400;\">A 170,581 personas de M\u00e9xico se les otorg\u00f3 el estatus de residente permanente legal.<\/li>\n<li style=\"font-weight: 400;\">707,365 personas fueron naturalizadas.<\/li>\n<li style=\"font-weight: 400;\">118,559 personas de la ciudad de M\u00e9xico fueron naturalizadas.<\/li>\n<li style=\"font-weight: 400;\">77,643,267 personas fueron admitidas con una visa de no inmigrante.<\/li>\n<li style=\"font-weight: 400;\">19,326,562 personas de M\u00e9xico fueron admitidas con una visa de no inmigrante.<\/li>\n<\/ul>\n<hr>\n<p align=\"right\"><a href=\"https:\/\/luishesslaw.com\/es\/leyes-de-inmigracion\/ciudad-de-mexico\/#top\">volver arriba<\/a><\/p>\n<h3><b>Caminos Hacia la Ciudadan\u00eda en los E. U.<\/b><\/h3>\n<p>Estados Unidos ofrece a los extranjeros m\u00faltiples caminos hacia la ciudadan\u00eda Americana. Puede solicitar una visa de no inmigrante si desea permanecer en los Estados Unidos temporalmente. Estados Unidos proporciona varias visas de no inmigrante, incluyendo visas de preferencia laboral y familiar. Cada uno tiene sus propios requisitos y formas asociadas. Si desea convertirse en residente permanente legal, puede solicitar una tarjeta de residencia. Debe cumplir con ciertos requisitos y completar los formularios necesarios para obtener una tarjeta verde. Otra forma de obtener la residencia permanente legal es a trav\u00e9s de la naturalizaci\u00f3n. Si tiene un c\u00f3nyuge o padre que es ciudadano, puede utilizarlos como su patrocinador para la naturalizaci\u00f3n. Es importante que conozca los procedimientos de inmigraci\u00f3n antes de obtener la ciudadan\u00eda permanente o no inmigrante. A continuaci\u00f3n se enumeran m\u00e1s detalles sobre los diferentes tipos de inmigraci\u00f3n en los Estados Unidos.<\/p>\n<hr>\n<p align=\"right\"><a href=\"https:\/\/luishesslaw.com\/es\/leyes-de-inmigracion\/ciudad-de-mexico\/#top\">volver arriba<\/a><\/p>\n<h5>\u00bfTiene preocupaciones de inmigraci\u00f3n?<\/h5>\n<p>Ya sea que desee vivir en los EE. UU., Obtener una visa de EE. UU., Traer a su familia, conseguir un empleo o permanecer legalmente en el pa\u00eds, \u00a1nuestros abogados de inmigraci\u00f3n de Shenandoah est\u00e1n aqu\u00ed para ayudarlo<br \/>\n<a role=\"button\" href=\"#\"><br \/>\nCONSULTAR A UN ABOGADO<br \/>\n<\/a><\/p>\n<h3><b>Tarjetas Verdes en los Estados Unidos<\/b><\/h3>\n<p>Una forma com\u00fan de buscar la ciudadan\u00eda es a trav\u00e9s de una tarjeta verde. Estados Unidos ofrece varias categor\u00edas de tarjetas de residencia que puede solicitar en funci\u00f3n de sus circunstancias. Cada categor\u00eda tiene sus propios procedimientos y formularios que deben completarse si desea obtener una tarjeta verde. A continuaci\u00f3n se enumeran las categor\u00edas elegibles para una tarjeta verde en los E. U.<\/p>\n<ul>\n<li style=\"font-weight: 400;\">Tiene un familiar que es ciudadano estadounidense.<\/li>\n<li style=\"font-weight: 400;\">Su empleo cumple con los requisitos de la tarjeta verde.<\/li>\n<li style=\"font-weight: 400;\">Usted es un trabajador calificado o tiene otro estatus profesional especial.<\/li>\n<li style=\"font-weight: 400;\">Usted es parte de una categor\u00eda de empleo especial, como un trabajador religioso o miembros de medios internacionales.<\/li>\n<li style=\"font-weight: 400;\">Se le otorg\u00f3 el estado de asilo hace un a\u00f1o.<\/li>\n<li style=\"font-weight: 400;\">Usted fue admitido como refugiado hace un a\u00f1o.<\/li>\n<li style=\"font-weight: 400;\">Usted es v\u00edctima de la trata de personas o del delito con una determinada visa.<\/li>\n<li style=\"font-weight: 400;\">Eres v\u00edctima de abuso.<\/li>\n<li style=\"font-weight: 400;\">Usted fue seleccionado para una visa de diversidad en la loter\u00eda de visas de diversidad del Departamento de Estado.<\/li>\n<li style=\"font-weight: 400;\">Usted es elegible bajo la Ley de Ajuste Cubano. <a href=\"https:\/\/www.uscis.gov\/greencard\/caa\" target=\"_blank\" rel=\"noopener\">Cuban Adjustment Act<\/a><\/li>\n<li style=\"font-weight: 400;\">Usted es elegible bajo la Ley de Equidad de Inmigraci\u00f3n de Refugiados Haitianos (HRIFA). <a href=\"https:\/\/www.uscis.gov\/greencard\/haitian-refugee\" target=\"_blank\" rel=\"noopener\">Haitian Refugee Immigration Fairness Act (HRIFA)<\/a><\/li>\n<li style=\"font-weight: 400;\">Usted fue puesto en libertad condicional en los Estados Unidos como un libertad condicional de Lautenberg. <a href=\"https:\/\/www.uscis.gov\/greencard\/lautenberg-parolee\" target=\"_blank\" rel=\"noopener\">Lautenberg parolee<\/a><\/li>\n<li style=\"font-weight: 400;\">Usted es elegible para una tarjeta verde bajo la Ley de Ajuste de Libertad Condicional de Indochina de el&nbsp; Tratado de el ano 2000. <a href=\"https:\/\/www.uscis.gov\/greencard\/indochinese-parole-adjustment-act\" target=\"_blank\" rel=\"noopener\">Indochinese Parole Adjustment Act of 2000<\/a><\/li>\n<li style=\"font-weight: 400;\">Naciste en Canad\u00e1 y eres 50 por ciento o m\u00e1s de indios americanos en tu sangre.<\/li>\n<li style=\"font-weight: 400;\">Usted naci\u00f3 en los Estados Unidos de un oficial diplom\u00e1tico extranjero que estaba estacionado en los Estados Unidos cuando naci\u00f3.<\/li>\n<li style=\"font-weight: 400;\">Fue estacionado en los E. U. Como funcionario de alto rango o diplom\u00e1tico extranjero y no puede regresar a su pa\u00eds.<\/li>\n<li style=\"font-weight: 400;\">Puede registrarse para obtener una tarjeta verde si ha vivido en los Estados Unidos de manera continua desde el 1 de enero de 1972. <a href=\"https:\/\/www.uscis.gov\/green-card\/other-ways-get-green-card\/green-card-through-registry\" target=\"_blank\" rel=\"noopener\">register<\/a><\/li>\n<\/ul>\n<p>Los pasos que tomar\u00e1 para solicitar una tarjeta verde dependen de sus circunstancias. Sin embargo, la mayor\u00eda de las personas pasan por un proceso general similar. El primer paso es que alguien presente una petici\u00f3n de inmigrante por usted. Esta petici\u00f3n se ve diferente seg\u00fan la categor\u00eda de la tarjeta verde en la que se encuentre.<\/p>\n<p>Si el USCIS aprueba su petici\u00f3n, debe presentar una tarjeta verde ante el Servicio de Aduanas e Inmigraci\u00f3n de los Estados Unidos (USCIS). En algunos casos, debe completar una solicitud de visa con el Departamento de Estado de E. U. Luego asistir\u00e1 a una cita biom\u00e9trica donde deber\u00e1 proporcionar huellas digitales, una foto v\u00e1lida y firma.<\/p>\n<p>El \u00faltimo paso antes de recibir la ciudadan\u00eda es asistir a una entrevista. La entrevista se programar\u00e1 en funci\u00f3n de su situaci\u00f3n y dependera tambien si actualmente se encuentra en los E. U. o no. Una vez que se complete la entrevista y se revise su solicitud, se tomar\u00e1 una decisi\u00f3n final.<\/p>\n<hr>\n<p align=\"right\"><a href=\"https:\/\/luishesslaw.com\/es\/leyes-de-inmigracion\/ciudad-de-mexico\/#top\">volver arriba<\/a><\/p>\n<h3><b>Ciudadan\u00eda a Trav\u00e9s de la Naturalizaci\u00f3n en los E. U.<\/b><\/h3>\n<p>Otra ruta com\u00fan a la ciudadan\u00eda es a trav\u00e9s de la naturalizaci\u00f3n. Vivir en los Estados Unidos por un cierto per\u00edodo de tiempo o tener una familia que viva en los Estados Unidos puede darle un camino hacia la ciudadan\u00eda. Si ha vivido en los Estados Unidos durante al menos cinco a\u00f1os y cumple con los siguientes requisitos, puede calificar para la naturalizaci\u00f3n.<\/p>\n<ul>\n<li style=\"font-weight: 400;\">Tener al menos 18 a\u00f1os durante la presentaci\u00f3n.<\/li>\n<li style=\"font-weight: 400;\">Tener una tarjeta verde por al menos 5 a\u00f1os.<\/li>\n<li style=\"font-weight: 400;\">Vivi\u00f3 en el distrito de E. U. o USCIS con jurisdicci\u00f3n sobre su lugar de residencia durante al menos 3 meses antes de la fecha de presentaci\u00f3n.<\/li>\n<li style=\"font-weight: 400;\">Estuvo f\u00edsicamente presente en los E. U. Durante al menos 30 meses de los 5 a\u00f1os.<\/li>\n<li style=\"font-weight: 400;\">Residi\u00f3 continuamente en los E. U. desde la fecha de solicitud de naturalizaci\u00f3n.<\/li>\n<li style=\"font-weight: 400;\">Puede hablar, escribir y leer ingl\u00e9s y tiene conocimiento de la historia y el gobierno de los Estados Unidos.<\/li>\n<li style=\"font-weight: 400;\">Es de buen car\u00e1cter moral y defiende los principios de la constituci\u00f3n de los Estados Unidos.<\/li>\n<\/ul>\n<p>Si desea solicitar la naturalizaci\u00f3n, debe presentar un Formulario N-400 lo cual es la Solicitud de naturalizaci\u00f3n. Tambi\u00e9n puede obtener el estado de naturalizaci\u00f3n a trav\u00e9s de:<\/p>\n<ul>\n<li style=\"font-weight: 400;\">Su c\u00f3nyuge si es ciudadano de los E. U. y usted ha sido titular de una tarjeta verde durante 3 a\u00f1os.<\/li>\n<li style=\"font-weight: 400;\">Si ha prestado servicio en las fuerzas armadas de los E. U. y cumplir con los requisitos de elegibilidad.<\/li>\n<li style=\"font-weight: 400;\">Si sus padres son ciudadanos estadounidenses.<\/li>\n<\/ul>\n<hr>\n<p align=\"right\"><a href=\"https:\/\/luishesslaw.com\/es\/leyes-de-inmigracion\/ciudad-de-mexico\/#top\">volver arriba<\/a><\/p>\n<h5>\u00bfTiene preocupaciones de inmigraci\u00f3n?<\/h5>\n<p>Ya sea que desee vivir en los EE. UU., Obtener una visa de EE. UU., Traer a su familia, conseguir un empleo o permanecer legalmente en el pa\u00eds, \u00a1nuestros abogados de inmigraci\u00f3n de Shenandoah est\u00e1n aqu\u00ed para ayudarlo<br \/>\n<a role=\"button\" href=\"#\"><br \/>\nCONSULTAR A UN ABOGADO<br \/>\n<\/a><\/p>\n<h3><b>Inmigraci\u00f3n Basada en Empleo<\/b><\/h3>\n<p>Algunos ciudadanos extranjeros solo desean ingresar a los E. U. Con un prop\u00f3sito relacionado con el trabajo. El prop\u00f3sito de una visa basada en el empleo no es obtener la residencia permanente legal, sino trabajar libremente en los Estados Unidos. El solicitar una visa basada en el empleo en un sistema de preferencias que incluye comerciantes de tratados, inversionistas, trabajadores temporales y m\u00e1s. Cada categor\u00eda de preferencia tiene sus propias formas y procedimientos.<\/p>\n<p>A continuaci\u00f3n se enumeran las diferentes preferencias utilizadas para emitir una visa de inmigrante.<\/p>\n<p>Primera preferencia EB-1: Esta categor\u00eda est\u00e1 reservada para personas con habilidades extraordinarias en Educaci\u00f3n, Negocios, Ciencias o Atletismo. Tambi\u00e9n incluye profesores, investigadores, ejecutivos y gerentes multinacionales.<\/p>\n<p>Segunda preferencia EB-2: Esta preferencia es para profesiones que requieren t\u00edtulos avanzados o habilidades excepcionales en las Artes, las Ciencias o los Negocios.<\/p>\n<p>Tercera preferencia EB-3: Esta categor\u00eda es para trabajadores calificados, Profesionales y otros trabajadores.<\/p>\n<p>Cuarta preferencia EB-4: Se pueden encontrar inmigrantes especiales bajo el EB-4, que incluyen empleados retirados de Organizaciones Internacionales, trabajadores religiosos, empleados de correos del servicio exterior de E. U., Menores extranjeros que se encuentran en los tribunales de los E. U. y otros.<\/p>\n<p>Quinta preferencia EB-5: Esta categor\u00eda est\u00e1 reservada para ciertos Inversionistas Comerciales en una nueva empresa comercial con al menos 10 trabajadores estadounidenses a tiempo completo.<\/p>\n<hr>\n<p align=\"right\"><a href=\"https:\/\/luishesslaw.com\/es\/leyes-de-inmigracion\/ciudad-de-mexico\/#top\">volver arriba<\/a><\/p>\n<h3><b>Embajada de los Estados Unidos en la Ciudad de M\u00e9xico<\/b><\/h3>\n<p>Si actualmente vive en la Ciudad de M\u00e9xico y desea obtener la ciudadan\u00eda Estadounidense, es probable que necesite visitar su embajada local de los E. U.<\/p>\n<p>Aqu\u00ed puede ser llamado a una entrevista u obtener formularios adicionales. Puede encontrar la embajada de los Estados Unidos en la Ciudad de M\u00e9xico en:<\/p>\n<p>Paseo de la Reforma 305<\/p>\n<p>Colonia Cuauht\u00e9moc<\/p>\n<p>06500 M\u00e9xico, D.F<\/p>\n<p>De Mexico:<\/p>\n<p>Tel\u00e9fono: (01-55) 5080-2000<\/p>\n<p>Fax: (01-55) 5080-2005<\/p>\n<p>De los Estados Unidos.:<\/p>\n<p>011-52-55-5080-2000<\/p>\n<p>011-52-55-5080-2005<\/p>\n<hr>\n<p align=\"right\"><a href=\"https:\/\/luishesslaw.com\/es\/leyes-de-inmigracion\/ciudad-de-mexico\/#top\">volver arriba<\/a><\/p>\n<h3><b>&nbsp;Recursos Adicionales<\/b><\/h3>\n<p>Visite el sitio web oficial de los Servicios de Ciudadan\u00eda e Inmigraci\u00f3n de los Estados Unidos (USCIS) para obtener m\u00e1s informaci\u00f3n sobre c\u00f3mo solicitar la ciudadan\u00eda. Acceda a los formularios necesarios, obtenga m\u00e1s informaci\u00f3n sobre el proceso y obtenga respuestas a las preguntas frecuentes.<\/p>\n<p><a href=\"https:\/\/www.uscis.gov\/citizenship\/learners\/apply-citizenship\" target=\"_blank\" rel=\"noopener\">Apply for Citizenship<\/a><\/p>\n<p>Visite el sitio web oficial de la Embajada y los Consulados de EE. UU. En M\u00e9xico para obtener m\u00e1s informaci\u00f3n sobre las visas de inmigrantes y no inmigrantes. Obtener acceso a un directorio de categor\u00edas de visa, formularios de visas importantes y otros recursos pueden ayudarlo.<\/p>\n<p><a href=\"https:\/\/mx.usembassy.gov\/visas\" target=\"_blank\" rel=\"noopener\">Visas<\/a><\/p>\n<h3><b>Abogado de la Ciudad de M\u00e9xico en el Condado de Montgomery, Texas<\/b><\/h3>\n<p>Si usted o alguien que conoce desea obtener la ciudadan\u00eda, es imprescindible que se comunique con un Abogado de Inmigraci\u00f3n con experiencia como lo es Luis F. Hess. El proceso de inmigraci\u00f3n de los Estados Unidos es incre\u00edblemente detallado y complicado. Un error puede retrasarle meses en el proceso de Inmigraci\u00f3n.<\/p>\n<p>Llame a el Abogado Luis F. Hess ahora al (281) 223-1341 para programar una consulta. El ha ayudado a numerosas personas con sus solicitudes de visa. Puede detectar cualquier error, recopilar informaci\u00f3n importante y ayudarlo a navegar las opciones durante el proceso de Inmigraci\u00f3n. Ayudamos a Inmigrantes de M\u00e9xico y clientes en todo The Woodlands, incluyendo Houston, Conroe, Oak Ridge North y Panorama Village, Spring y mas.<\/p>\n<hr>\n<p align=\"right\"><a href=\"https:\/\/luishesslaw.com\/es\/leyes-de-inmigracion\/ciudad-de-mexico\/#top\">volver arriba<\/a><\/p>\n","protected":false},"excerpt":{"rendered":"<p>Ciudad de M\u00e9xico es la capital y la ciudad m\u00e1s poblada de M\u00e9xico. En 2015, el Censo General de M\u00e9xico inform\u00f3 que&hellip;<\/p>\n","protected":false},"author":8,"featured_media":0,"parent":1312,"menu_order":13,"comment_status":"closed","ping_status":"closed","template":"","meta":{"_acf_changed":false,"inline_featured_image":false,"footnotes":""},"folder":[],"class_list":["post-1468","page","type-page","status-publish","hentry"],"acf":[],"_links":{"self":[{"href":"https:\/\/luishesslaw.com\/es\/wp-json\/wp\/v2\/pages\/1468","targetHints":{"allow":["GET"]}}],"collection":[{"href":"https:\/\/luishesslaw.com\/es\/wp-json\/wp\/v2\/pages"}],"about":[{"href":"https:\/\/luishesslaw.com\/es\/wp-json\/wp\/v2\/types\/page"}],"author":[{"embeddable":true,"href":"https:\/\/luishesslaw.com\/es\/wp-json\/wp\/v2\/users\/8"}],"replies":[{"embeddable":true,"href":"https:\/\/luishesslaw.com\/es\/wp-json\/wp\/v2\/comments?post=1468"}],"version-history":[{"count":0,"href":"https:\/\/luishesslaw.com\/es\/wp-json\/wp\/v2\/pages\/1468\/revisions"}],"up":[{"embeddable":true,"href":"https:\/\/luishesslaw.com\/es\/wp-json\/wp\/v2\/pages\/1312"}],"wp:attachment":[{"href":"https:\/\/luishesslaw.com\/es\/wp-json\/wp\/v2\/media?parent=1468"}],"wp:term":[{"taxonomy":"folder","embeddable":true,"href":"https:\/\/luishesslaw.com\/es\/wp-json\/wp\/v2\/folder?post=1468"}],"curies":[{"name":"wp","href":"https:\/\/api.w.org\/{rel}","templated":true}]}}