{"id":1449,"date":"2020-10-13T08:30:39","date_gmt":"2020-10-13T08:30:39","guid":{"rendered":"https:\/\/luisfhesslaw.wpenginepowered.com\/?page_id=1449"},"modified":"2024-06-27T17:58:05","modified_gmt":"2024-06-27T17:58:05","slug":"nuestra-firma","status":"publish","type":"page","link":"https:\/\/luishesslaw.com\/es\/nuestra-firma\/","title":{"rendered":"Nuestra firma"},"content":{"rendered":"\n<h1>\n\t\tNuestra firma\n\t<\/h1>\n\t<h2>\u00a1Viva, trabaje y permanezca libremente en los EE. UU. hoy!<\/h2>\n<p>Si est\u00e1 considerando emigrar a los EE. UU., \u00a1nuestros abogados expertos en inmigraci\u00f3n de Houston y Dallas pueden ayudarle! La ley y el proceso de inmigraci\u00f3n pueden ser dif\u00edciles y confusos, especialmente si lo est\u00e1 haciendo por su cuenta.<\/p>\n<p>Nuestros abogados con experiencia en inmigraci\u00f3n en Luis F. Hess, PLLC pueden resolver sus casos de inmigraci\u00f3n basados en la familia, el matrimonio y el empleo en Shenandoah y las \u00e1reas circundantes en The Woodlands, TEJAS. \u00a1Ll\u00e1menos hoy al <a href=\"tel:(281) 984-5294\">(281) 984-5294<\/a> o complete el formulario de contacto para programar hoy una consulta con nosotros!<\/p>\n<h2>Nuestros Abogados de Houston expertos en Inmigraci\u00f3n en Luis F. Hess, PLLC, <\/h2>\n\t\t\t\t<img loading=\"lazy\" decoding=\"async\" src=\"https:\/\/luishesslaw.com\/wp-content\/uploads\/2023\/06\/Luis-Hess.jpg\" alt=\"Luis Hess\" itemprop=\"image\" height=\"1407\" width=\"1407\" title=\"Luis Hess\" onerror=\"this.style.display='none'\"  \/>\n<h3>\n\t\tLuis F. Hess\n\t<\/h3>\n\t<p>Lo que nuestro abogado de Houston experto en inmigraci\u00f3n ha aprendido en la vida es que el \u00e9xito, como quiera que lo defina, no es el resultado de una serie aleatoria de eventos. Comienza con un sue\u00f1o, una meta o una ambici\u00f3n y termina con resultados que dirige usted mismo.<\/p>\n<p><strong><a href=\"https:\/\/luishesslaw.com\/es\/nuestro-equipo\/luis-f-hess\/\">Lea mas<\/a><\/strong><\/p>\n\t\t\t\t<img loading=\"lazy\" decoding=\"async\" src=\"https:\/\/luishesslaw.com\/wp-content\/uploads\/2023\/06\/Matt-Gaffon.jpg\" alt=\"Matt Gaffon\" itemprop=\"image\" height=\"1639\" width=\"1639\" title=\"Matt Gaffon\" onerror=\"this.style.display='none'\"  \/>\n<h3>\n\t\tMatt Gaffron\n\t<\/h3>\n\t<p>Matt Gaffron tiene m\u00e1s de una d\u00e9cada de experiencia en leyes de inmigraci\u00f3n. Graduado en el Centro de Derecho de la Universidad de Houston, se centra en la inmigraci\u00f3n comercial y, en particular, en las peticiones de Exenci\u00f3n por Capacidad Extraordinaria y por Inter\u00e9s Nacional.<\/p>\n<p><strong><a href=\"https:\/\/luishesslaw.com\/es\/nuestro-equipo\/matt-gaffon\/\">Lea mas<\/a><\/strong><\/p>\n\n","protected":false},"excerpt":{"rendered":"<p>Nuestra firma \u00a1Viva, trabaje y permanezca libremente en los EE. UU. hoy! Si est\u00e1 considerando emigrar a los EE. UU., \u00a1nuestros abogados&hellip;<\/p>\n","protected":false},"author":8,"featured_media":0,"parent":0,"menu_order":0,"comment_status":"closed","ping_status":"closed","template":"","meta":{"_acf_changed":false,"inline_featured_image":false,"footnotes":""},"class_list":["post-1449","page","type-page","status-publish","hentry"],"acf":[],"_links":{"self":[{"href":"https:\/\/luishesslaw.com\/es\/wp-json\/wp\/v2\/pages\/1449","targetHints":{"allow":["GET"]}}],"collection":[{"href":"https:\/\/luishesslaw.com\/es\/wp-json\/wp\/v2\/pages"}],"about":[{"href":"https:\/\/luishesslaw.com\/es\/wp-json\/wp\/v2\/types\/page"}],"author":[{"embeddable":true,"href":"https:\/\/luishesslaw.com\/es\/wp-json\/wp\/v2\/users\/8"}],"replies":[{"embeddable":true,"href":"https:\/\/luishesslaw.com\/es\/wp-json\/wp\/v2\/comments?post=1449"}],"version-history":[{"count":0,"href":"https:\/\/luishesslaw.com\/es\/wp-json\/wp\/v2\/pages\/1449\/revisions"}],"wp:attachment":[{"href":"https:\/\/luishesslaw.com\/es\/wp-json\/wp\/v2\/media?parent=1449"}],"curies":[{"name":"wp","href":"https:\/\/api.w.org\/{rel}","templated":true}]}}