{"id":1442,"date":"2022-02-21T14:17:52","date_gmt":"2022-02-21T14:17:52","guid":{"rendered":"https:\/\/luisfhesslaw.wpenginepowered.com\/?page_id=1442"},"modified":"2022-10-14T16:49:47","modified_gmt":"2022-10-14T16:49:47","slug":"contacto","status":"publish","type":"page","link":"https:\/\/luishesslaw.com\/es\/contacto\/","title":{"rendered":"Contacto"},"content":{"rendered":"\n<h1>\n\t\tCont\u00e1ctenos\n\t<\/h1>\n\t<p>Nuestros abogados expertos en inmigraci\u00f3n de Texas de Woodlands, Houston y Dallas, Texas, pueden ayudarle a responder sus preguntas sobre la inmigraci\u00f3n basada en la familia, la inmigraci\u00f3n basada en el empleo, c\u00f3mo obtener una tarjeta verde, solicitar una visa y otras inquietudes relativas a la inmigraci\u00f3n, como ser buscar asilo o enfrentar procedimientos de deportaci\u00f3n. Nuestro bufete de abogados expertos en inmigraci\u00f3n de Texas tiene d\u00e9cadas de experiencia en el manejo de casos de inmigraci\u00f3n a los EE. UU. y nuestros abogados lo guiar\u00e1n durante todo el proceso.<\/p>\n\n","protected":false},"excerpt":{"rendered":"<p>Cont\u00e1ctenos Nuestros abogados expertos en inmigraci\u00f3n de Texas de Woodlands, Houston y Dallas, Texas, pueden ayudarle a responder sus preguntas sobre la&hellip;<\/p>\n","protected":false},"author":8,"featured_media":0,"parent":0,"menu_order":0,"comment_status":"closed","ping_status":"closed","template":"","meta":{"_acf_changed":false,"inline_featured_image":false,"footnotes":""},"folder":[],"class_list":["post-1442","page","type-page","status-publish","hentry"],"acf":[],"_links":{"self":[{"href":"https:\/\/luishesslaw.com\/es\/wp-json\/wp\/v2\/pages\/1442","targetHints":{"allow":["GET"]}}],"collection":[{"href":"https:\/\/luishesslaw.com\/es\/wp-json\/wp\/v2\/pages"}],"about":[{"href":"https:\/\/luishesslaw.com\/es\/wp-json\/wp\/v2\/types\/page"}],"author":[{"embeddable":true,"href":"https:\/\/luishesslaw.com\/es\/wp-json\/wp\/v2\/users\/8"}],"replies":[{"embeddable":true,"href":"https:\/\/luishesslaw.com\/es\/wp-json\/wp\/v2\/comments?post=1442"}],"version-history":[{"count":0,"href":"https:\/\/luishesslaw.com\/es\/wp-json\/wp\/v2\/pages\/1442\/revisions"}],"wp:attachment":[{"href":"https:\/\/luishesslaw.com\/es\/wp-json\/wp\/v2\/media?parent=1442"}],"wp:term":[{"taxonomy":"folder","embeddable":true,"href":"https:\/\/luishesslaw.com\/es\/wp-json\/wp\/v2\/folder?post=1442"}],"curies":[{"name":"wp","href":"https:\/\/api.w.org\/{rel}","templated":true}]}}