{"id":1439,"date":"2020-10-14T06:17:53","date_gmt":"2020-10-14T06:17:53","guid":{"rendered":"https:\/\/luisfhesslaw.wpenginepowered.com\/?page_id=1439"},"modified":"2022-03-15T16:05:03","modified_gmt":"2022-03-15T16:05:03","slug":"madrid","status":"publish","type":"page","link":"https:\/\/luishesslaw.com\/es\/leyes-de-inmigracion\/madrid\/","title":{"rendered":"Madrid"},"content":{"rendered":"<h2>Madrid, Espana<\/h2>\n<p>Madrid es la capital de Espa\u00f1a y se encuentraen el r\u00edo Manzanares. Es una de las ciudadesm\u00e1sgrandes de la Uni\u00f3n Europea, m\u00e1speque\u00f1a que solo Berl\u00edn y Londres. En 2017, la ciudad de Madrid inform\u00f3tener una poblaci\u00f3n de 3.2 millones. El \u00e1rea metropolitana que rodea Madrid es a\u00fanm\u00e1sdensa con una poblaci\u00f3n aproximada de 6.5 millones. Es obvio que Madrid es un bulliciosocentroecon\u00f3mico. Sin embargo, no es raro que sus residentesemigren a los Estados Unidos. Algunos ciudadanos de Madrid emigran por motivoscomerciales o para reunirse con familiares. Sean cualessean las circunstancias, la firma de el Abogado Luis F. Hess, PLLC puedeayudarlo con el proceso de inmigraci\u00f3n. Luis F. Hess es un Abogado experto con a\u00f1os de experienciaenleyes de Inmigraci\u00f3n.<\/p>\n<h3>Abogado Para Los Inmigrantes De Madrid En The Woodlands, Texas<\/h3>\n<p>Abogado experimentado para los Inmigrantesde Madrid en The Woodlands, Texas. Si usted o alguien que conocedeseaobtener la ciudadan\u00edaEstadounidense, es crucial que se comunique con un Abogado de Inmigraci\u00f3n con experiencia. Un simple error podr\u00edaretrasarlemesesen el proceso de inmigraci\u00f3n. Tener un Abogado puedegarantizar que susolicitud se complete correctamente sin errores. P\u00f3ngaseencontacto con Luis F. Hess hoy al (281) 223-1341 para una consulta. El apracticado la ley de Inmigraci\u00f3ndurantea\u00f1os y puedeayudarloaalcanzar el estadomigratorio legal deseado. Llameahora para discutir sus opcioneslegales. Aceptamosclientesentoda el \u00e1reametropolitana del condado de Montgomery, Panorama Village, Shenandoah, Oak Ridge North, Conroe, Houston y mas areas en Tx.<\/p>\n<h3>Estad\u00edsticas de Inmigraci\u00f3n de los Estados Unidos para Madrid, Espana<\/h3>\n<p>Los Estados Unidos solo permiten que un cierto n\u00famero de personas reciban visas basadas en empleo o preferencia familiar. A cada pa\u00eds se le asigna un l\u00edmite de visa seg\u00fan la cantidad de visas disponibles. Si bien se aceptan miles, tambi\u00e9n hay miles a quienes se les niega anualmente.<\/p>\n<p>A continuaci\u00f3n se enumeran algunas estad\u00edsticas de inmigraci\u00f3n de los Estados Unidos para Espa\u00f1a en 2017.<\/p>\n<ul>\n<li>1,127,167 obtuvieron el estatus de residente permanente legal.<\/li>\n<li>3, 045 personas de Espa\u00f1a obtuvieron el estatus de residente permanente legal.<\/li>\n<li>707, 365 personas fueron naturalizadas.<\/li>\n<li>1,469 personas de Espa\u00f1a se naturalizaron.<\/li>\n<li>77,643,267 personas fueron admitidas con una visa de no inmigrantev.<\/li>\n<li>1,143,548 personas de Espa\u00f1a recibieron visas de no inmigrante.<\/li>\n<\/ul>\n<h5>\u00bfTiene preocupaciones de inmigraci\u00f3n?<\/h5>\n<p>Ya sea que desee vivir en los EE. UU., Obtener una visa de EE. UU., Traer a su familia, conseguir un empleo o permanecer legalmente en el pa\u00eds, \u00a1nuestros abogados de inmigraci\u00f3n de Shenandoah est\u00e1n aqu\u00ed para ayudarlo<br \/>\n<a href=\"#\" role=\"button\"><br \/>\nCONSULTAR A UN ABOGADO<br \/>\n<\/a><\/p>\n<h3><b>Proceso de Naturalizaci\u00f3n en los E.U.<\/b><\/h3>\n<p>Un camino com\u00fan hacia la ciudadan\u00eda es a trav\u00e9s de un proceso llamado naturalizaci\u00f3n. Si ha vivido en los Estados Unidos durante cinco a\u00f1os, puede ser elegible para solicitar la naturalizaci\u00f3n con un Formulario N-400. Puede calificar para la naturalizaci\u00f3n si usted:<\/p>\n<ul>\n<li style=\"font-weight: 400;\">Tiene 18 a\u00f1os de edad o m\u00e1s.<\/li>\n<li style=\"font-weight: 400;\">Tuvo una tarjeta verde por cinco a\u00f1os.<\/li>\n<li style=\"font-weight: 400;\">Vivi\u00f3 en los Estados Unidos o en el distrito de USCIS con jurisdicci\u00f3n sobre su lugar de residencia durante al menos 3 meses antes de presentar la solicitud.<\/li>\n<li style=\"font-weight: 400;\">Estuvieron f\u00edsicamente en los Estados Unidos durante meses continuos de los 5 a\u00f1os.<\/li>\n<li style=\"font-weight: 400;\">Puede hablar, escribir o leer ingl\u00e9s.<\/li>\n<li style=\"font-weight: 400;\">Tener un conocimiento profundo del gobierno y la historia de E. U.&nbsp;<\/li>\n<\/ul>\n<p>Si son de buen car\u00e1cter moral y respetan los principios de la constituci\u00f3n de los Estados Unidos.<\/p>\n<p>Estados Unidos ofrece m\u00faltiples caminos hacia la naturalizaci\u00f3n. Si no cumple con los requisitos anteriores, puede solicitar la naturalizaci\u00f3n a trav\u00e9s de un familiar o c\u00f3nyuge. Tambi\u00e9n puede calificar para la naturalizaci\u00f3n a trav\u00e9s de:<\/p>\n<ul>\n<li style=\"font-weight: 400;\">Su c\u00f3nyuge si sirvi\u00f3 en las fuerzas armadas de los E. U. y cumple con los requisitos de elegibilidad.<\/li>\n<li style=\"font-weight: 400;\">Su c\u00f3nyuge si es ciudadano estadounidense y usted ha sido titular de una tarjeta verde durante 3 a\u00f1os durante el matrimonio.<\/li>\n<li style=\"font-weight: 400;\">Tus padres si son ciudadanos estadounidenses.<\/li>\n<\/ul>\n<hr>\n<p align=\"right\"><a href=\"https:\/\/luishesslaw.com\/es\/leyes-de-inmigracion\/madrid\/#top\">volver arriba<\/a><\/p>\n<h3><b>Visas Basadas en Empleo en Los E. U.<\/b><\/h3>\n<p>Puede estar emigrando a los Estados Unidos por una raz\u00f3n relacionada con el negocio. Si este es el caso, entonces puede estar interesado en una visa de empleo (EB). Las visas EB son tanto para trabajadores temporales como para trabajadores permanentes. La inmigraci\u00f3n basada en el empleo funciona en un sistema de preferencias. Todas las preferencias tienen sus propios requisitos, procedimientos y a veces formas diferentes.<\/p>\n<p>A continuaci\u00f3n se enumeran las diferentes preferencias utilizadas para emitir visas EB permanentes.<\/p>\n<p>Quinta preferencia (EB-5): Esta preferencia es para inversionistas empresariales que desean iniciar una empresa comercial en los E. U. La empresa debe tener al menos 10 trabajadores estadounidenses a tiempo completo.<\/p>\n<p>Cuarta preferencia (EB-4): Las visas EB-4 son \u00fanicamente para clasificaciones especiales de inmigraci\u00f3n, como trabajadores religiosos, y empleados jubilados de organizaciones internacionales.<\/p>\n<p>Tercera preferencia (EB-3): esta preferencia est\u00e1 reservada para trabajadores calificados, profesionales y otros trabajadores.<\/p>\n<p>Segunda preferencia (EB-2): esta categor\u00eda es para personas con t\u00edtulos avanzados o que tienen habilidades excepcionales en ciencias, negocios o arte.<\/p>\n<p>Primera preferencia (EB-1): las visas EB-1 est\u00e1n reservadas para personas con habilidades extraordinarias en atletismo, negocios, educaci\u00f3n o ciencias.<\/p>\n<p>A continuaci\u00f3n se enumeran las diferentes preferencias utilizadas para emitir visas EB temporales:<\/p>\n<ul>\n<li style=\"font-weight: 400;\">E-1 \u2013 Comerciantes de tratados y empleados calificados<\/li>\n<li style=\"font-weight: 400;\">E-2 \u2013 Inversionistas del tratado y empleados calificados<\/li>\n<li style=\"font-weight: 400;\">E-2C \u2013 Inversionistas extranjeros a largo plazo<\/li>\n<li style=\"font-weight: 400;\">E-3 \u2013 Ciertos profesionales de ocupaci\u00f3n especializados de Australia<\/li>\n<li style=\"font-weight: 400;\">H-1B1 \u2013 Trabajadores del Tratado de Libre Comercio en una ocupaci\u00f3n especializada de Singapur \/ Chile<\/li>\n<li style=\"font-weight: 400;\">H-1B2 \u2013 Ciertas ocupaciones especiales para los proyectos de Investigaci\u00f3n y Desarrollo Cooperativo del Departamento de Defensa o proyectos de coproducci\u00f3n<\/li>\n<li style=\"font-weight: 400;\">H-1B3 \u2013 Ciertos modelos de moda de habilidad y m\u00e9rito distinguidos<\/li>\n<li style=\"font-weight: 400;\">H-1C \u2013 Enfermeras registradas si el Departamento de Trabajo de E. U. Determin\u00f3 una escasez de profesionales de la salud.<\/li>\n<li style=\"font-weight: 400;\">H-2A \u2013 Trabajadores estacionales o temporales.<\/li>\n<li style=\"font-weight: 400;\">H-2B \u2013 Trabajadores no agr\u00edcolas.<\/li>\n<li style=\"font-weight: 400;\">H-3 \u2013 Aprendices que no sean profesiones m\u00e9dicas y acad\u00e9micas.<\/li>\n<li style=\"font-weight: 400;\">I \u2013 Representantes de pel\u00edculas, prensa, radio u otros medios extranjeros.<\/li>\n<li style=\"font-weight: 400;\">L-1A: personas transferidas dentro de la empresa para puestos gerenciales o ejecutivos.<\/li>\n<li style=\"font-weight: 400;\">L-1B \u2013 Traslados dentro de la empresa con conocimiento especializado.<\/li>\n<li style=\"font-weight: 400;\">O-1 \u2013 Personas con habilidades extraordinarias en ciencia, arte, educaci\u00f3n, atletismo, cine, producci\u00f3n de televisi\u00f3n o negocios.<\/li>\n<li style=\"font-weight: 400;\">O-2: personas que vienen a los E. U. para ayudar \u00fanicamente a un no inmigrante O-1.<\/li>\n<li style=\"font-weight: 400;\">P-1A \u200b\u200b- Atletas de fama internacional.<\/li>\n<li style=\"font-weight: 400;\">P-1B: Artistas de fama internacional o miembros de un grupo de entretenimiento reconocido internacionalmente.<\/li>\n<li style=\"font-weight: 400;\">P-2: Int\u00e9rprete individual o parte de un grupo que ingresa a los E. U. para un programa de intercambio rec\u00edproco (programas de intercambio de estudiantes).<\/li>\n<li style=\"font-weight: 400;\">P-3 \u2013 Artistas que vienen a los Estados Unidos para actuar, ense\u00f1ar o entrenar bajo un programa culturalmente \u00fanico.<\/li>\n<li style=\"font-weight: 400;\">P-1 \u2013 Personas que participan en un programa internacional de intercambio cultural para que puedan obtener capacitaci\u00f3n pr\u00e1ctica, empleo y aprender la historia, cultura y tradiciones de los Estados Unidos.<\/li>\n<li style=\"font-weight: 400;\">R-1 \u2013 Trabajadores religiosos<\/li>\n<li style=\"font-weight: 400;\">TN \u2013 Profesionales de M\u00e9xico y Canad\u00e1<\/li>\n<\/ul>\n<hr>\n<p align=\"right\"><a href=\"https:\/\/luishesslaw.com\/es\/leyes-de-inmigracion\/madrid\/#top\">volver arriba<\/a><\/p>\n<h5>\u00bfTiene preocupaciones de inmigraci\u00f3n?<\/h5>\n<p>Ya sea que desee vivir en los EE. UU., Obtener una visa de EE. UU., Traer a su familia, conseguir un empleo o permanecer legalmente en el pa\u00eds, \u00a1nuestros abogados de inmigraci\u00f3n de Shenandoah est\u00e1n aqu\u00ed para ayudarlo<br \/>\n<a href=\"#\" role=\"button\"><br \/>\nCONSULTAR A UN ABOGADO<br \/>\n<\/a><\/p>\n<h3><b>Visas Basadas En La Familia En Los E. U.<\/b><\/h3>\n<p>Otra forma de recibir una visa es a trav\u00e9s de los miembros de su familia. Si tiene familiares que son ciudadanos estadounidenses, es posible que puedan patrocinarlo. Tanto usted como su patrocinador deber\u00e1n completar el papeleo y mostrar pruebas de su relaci\u00f3n. Adem\u00e1s, las visas familiares tambi\u00e9n funcionan en un sistema de preferencias. Cada preferencia tiene sus propios requisitos y procedimientos de elegibilidad. Su patrocinador debe completar un I-130 o una Petici\u00f3n para un familiar extranjero y tener prueba de lo siguiente:<\/p>\n<ul>\n<li style=\"font-weight: 400;\">Su estatus como residente permanente legal o ciudadano estadounidense.<\/li>\n<li style=\"font-weight: 400;\">Est\u00e1r relacionado con su patrocinador a trav\u00e9s de documentaci\u00f3n como un certificado de Nacimiento, Acta de Matrimonio, Acta de Divorcio.<\/li>\n<li style=\"font-weight: 400;\">Cualquier cambio de nombre legal relevante que corresponda.<\/li>\n<\/ul>\n<p>Primera preferencia (F1): Las hijas y los hijos solteros y los hijos menores de 21 a\u00f1os de ciudadanos estadounidenses si los hay, son elegibles para una visa F1.<\/p>\n<p>Segunda preferencia (F2A): Los hijos solteros menores de 21 a\u00f1os y los c\u00f3nyuges de residentes permanentes legales califican para visas F2A.&nbsp;<\/p>\n<p>Segunda preferencia (F2B): Esta categor\u00eda es para hijas e hijos solteros que tienen al menos 21 a\u00f1os de edad y son hijos de residentes permanentes legales.&nbsp;<\/p>\n<p>Tercera preferencia (F3): Las hijas e hijos casados \u200b\u200bde ciudadanos estadounidenses pueden solicitar una visa F3, incluyendo a los conyujes y ninos menores de edad de los hijos casados.<\/p>\n<p>Cuarta preferencia (F4): Esta preferencia es para hermanas y hermanos de ciudadanos estadounidenses, los conyuges e hijos pueden calificar si el ciudadano Americano es mayor de 21 anos.<\/p>\n<hr>\n<p align=\"right\"><a href=\"https:\/\/luishesslaw.com\/es\/leyes-de-inmigracion\/madrid\/#top\">volver arriba<\/a><\/p>\n<h3><b>Embajada de los Estados Unidos en Madrid, Espa\u00f1a<\/b><\/h3>\n<p>Si desea obtener la ciudadan\u00eda estadounidense, es posible que deba visitar su embajada local de E. U. La embajada representa a muchas agencias del gobierno de los Estados Unidos en Espa\u00f1a. Tambi\u00e9n brindan servicios de visa para ciudadanos de Madrid que califican para inmigrar a los Estados Unidos.<\/p>\n<p>Puede ubicar la embajada de los Estados Unidos en Madrid en:<\/p>\n<p>Calle de Serrano, 75<\/p>\n<p>28006 Madrid, Espa\u00f1a<\/p>\n<p>Tel\u00e9fono: (+34) 91-587-22000<\/p>\n<p>Fax: (+34) 91-587-2303<\/p>\n<hr>\n<p align=\"right\"><a href=\"https:\/\/luishesslaw.com\/es\/leyes-de-inmigracion\/madrid\/#top\">volver arriba<\/a><\/p>\n<h3><b>Recursos Adicionales<\/b><\/h3>\n<p>Visite el sitio web oficial de los Servicios de Ciudadan\u00eda e Inmigraci\u00f3n de los Estados Unidos para obtener m\u00e1s informaci\u00f3n sobre c\u00f3mo obtener la ciudadan\u00eda estadounidense. Acceda al sitio para obtener m\u00e1s informaci\u00f3n sobre tarjetas verdes, naturalizaci\u00f3n, estad\u00edsticas de inmigraci\u00f3n y m\u00e1s. Precione el enlace directo:&nbsp;<\/p>\n<p><a href=\"https:\/\/www.uscis.gov\/\" target=\"_blank\" rel=\"noopener\">U.S. Citizenship and Immigration Services (USCIS<\/a><\/p>\n<p>Visite el sitio web oficial de la Embajada y el Consulado de los Estados Unidos en Espa\u00f1a y Andorra para obtener m\u00e1s informaci\u00f3n sobre la embajada de los Estados Unidos en Madrid. Acceda al sitio para conocer los servicios de la embajada, qui\u00e9nes son los funcionarios clave y su informaci\u00f3n de contacto. Precione el enlace directo:<\/p>\n<p><a href=\"https:\/\/es.usembassy.gov\/embassy-consulates\/madrid\/\" target=\"_blank\" rel=\"noopener\">U.S. Embassy Madrid<\/a><\/p>\n<hr>\n<p align=\"right\"><a href=\"https:\/\/luishesslaw.com\/es\/leyes-de-inmigracion\/madrid\/#top\">volver arriba<\/a><\/p>\n<h3><b>Abogado De Inmigrantes De Madrid En El Condado De Montgomery, TX<\/b><\/h3>\n<p>Si usted o alguien que conoce desea Inmigrar a los E. U., es crucial que se comunique con el Abogado de Inmigraci\u00f3n con experiencia Luis F. Hess. El proceso de inmigraci\u00f3n de los Estados Unidos puede ser abrumador ya que requiere mucho papeleo y tiempo. Tener un Abogado en quien confiar de su parte puede acelerar el proceso y garantizar que su solicitud sea sometida correctamente.<\/p>\n<p>Comun\u00edquese con la firma de el Abogado Luis F. Hess para obtener asistencia personalisadada de un Abogado especializado en inmigraci\u00f3n. A Luis Hess le apasiona ayudar a los dem\u00e1s y ha estado practicando la ley de Inmigraci\u00f3n durante a\u00f1os. Llame hoy al (281) 223-1341 para programar una consulta. Aceptamos clientes en The Woodlands y sus alrededores, incluidos Shenandoah, Conroe, Oak Ridge North, Spring, Houston and more.<\/p>\n<hr>\n<p align=\"right\"><a href=\"https:\/\/luishesslaw.com\/es\/leyes-de-inmigracion\/madrid\/#top\">volver arriba<\/a><\/p>\n","protected":false},"excerpt":{"rendered":"<p>Madrid, Espana Madrid es la capital de Espa\u00f1a y se encuentraen el r\u00edo Manzanares. Es una de las ciudadesm\u00e1sgrandes de la Uni\u00f3n&hellip;<\/p>\n","protected":false},"author":8,"featured_media":0,"parent":1312,"menu_order":12,"comment_status":"closed","ping_status":"closed","template":"","meta":{"_acf_changed":false,"inline_featured_image":false,"footnotes":""},"folder":[],"class_list":["post-1439","page","type-page","status-publish","hentry"],"acf":[],"_links":{"self":[{"href":"https:\/\/luishesslaw.com\/es\/wp-json\/wp\/v2\/pages\/1439","targetHints":{"allow":["GET"]}}],"collection":[{"href":"https:\/\/luishesslaw.com\/es\/wp-json\/wp\/v2\/pages"}],"about":[{"href":"https:\/\/luishesslaw.com\/es\/wp-json\/wp\/v2\/types\/page"}],"author":[{"embeddable":true,"href":"https:\/\/luishesslaw.com\/es\/wp-json\/wp\/v2\/users\/8"}],"replies":[{"embeddable":true,"href":"https:\/\/luishesslaw.com\/es\/wp-json\/wp\/v2\/comments?post=1439"}],"version-history":[{"count":0,"href":"https:\/\/luishesslaw.com\/es\/wp-json\/wp\/v2\/pages\/1439\/revisions"}],"up":[{"embeddable":true,"href":"https:\/\/luishesslaw.com\/es\/wp-json\/wp\/v2\/pages\/1312"}],"wp:attachment":[{"href":"https:\/\/luishesslaw.com\/es\/wp-json\/wp\/v2\/media?parent=1439"}],"wp:term":[{"taxonomy":"folder","embeddable":true,"href":"https:\/\/luishesslaw.com\/es\/wp-json\/wp\/v2\/folder?post=1439"}],"curies":[{"name":"wp","href":"https:\/\/api.w.org\/{rel}","templated":true}]}}