{"id":1332,"date":"2020-10-14T06:15:24","date_gmt":"2020-10-14T06:15:24","guid":{"rendered":"https:\/\/luisfhesslaw.wpenginepowered.com\/?page_id=1332"},"modified":"2022-03-15T16:41:12","modified_gmt":"2022-03-15T16:41:12","slug":"barcelona","status":"publish","type":"page","link":"https:\/\/luishesslaw.com\/es\/leyes-de-inmigracion\/barcelona\/","title":{"rendered":"Barcelona"},"content":{"rendered":"<h2>Barcelona, Espa\u00f1a<\/h2>\n<p>barcelona es la capital y ciudad m\u00e1s grande de Catalu\u00f1a, Espa\u00f1a. Es el hogar de aproximadamente 1,600,000 personas y es conocida por su sofisticada industria textil. Si bien Barcelona es una ciudad pr\u00f3spera, los residentes pueden estar buscando la pr\u00f3xima oportunidad en los Estados Unidos.<\/p>\n<p>Es importante saber que Estados Unidos tiene un proceso de Inmigraci\u00f3n complicado. La mayor\u00eda de los solicitantes deben manejar mucho papeleo, largos per\u00edodos de espera y pueden tener que asistir a entrevistas de Visa. El proceso es tan complejo que la mayor\u00eda de los solicitantes cometen errores en su solicitud y un error podr\u00eda obstaculizar sus planes de Inmigraci\u00f3n durante meses.<\/p>\n<p>Si usted o alguien que conoce desea emigrar a los Estados Unidos, es imprescindible que se comunique con un Abogado de Inmigraci\u00f3n con experiencia.<\/p>\n<h3>Abogado para clientes de Barcelona en TheWoodlands, Texas<\/h3>\n<p>En el 2017, Estados Unidos otorga el estatus a 1.127.167 inmigrantes residentes legales permanentes (LPR). Puede unirse a esta estad\u00edstica llamando al Abogado Luis F. Hess. Prosperity Immigration Law es un bufete de abogados experimentado con un fuerte enfoque en la ley de inmigraci\u00f3n. El Abogado Luis F. Hess tiene a\u00f1os de conocimiento en leyes de inmigraci\u00f3n y puede ayudarlo a alcanzar el estatus legal deseado.<\/p>\n<p>Cont\u00e1ctenos al (281) 223-1341 y programe una consulta hoy mismo.<\/p>\n<p>Luis F. Hess puede ayudarlo con su solicitud, analizarla en busca de errores y ayudarlo a emigrar a los E.U. sin problemas.<\/p>\n<p>Actualmente atendemos clientes en toda el \u00e1rea metropolitana del condado de Montgomery, incluyendo Oak Ridge North, Houston, Conroe, Shenandoah y TheWoodlands.<\/p>\n<h3>Estad\u00edsticas de inmigraci\u00f3n de los Estados Unidos para Espa\u00f1a<\/h3>\n<p>Desafortunadamente, no todos tienen acceso a los Estados Unidos. A todos los pa\u00edses se les asigna un l\u00edmite por pa\u00eds, que restringe el n\u00famero de visas emitidas cada a\u00f1o. Estos l\u00edmites por pa\u00eds se basan en las visas disponibles ese a\u00f1o fiscal. La planificaci\u00f3n eficiente de su inmigraci\u00f3n aumentar\u00e1 significativamente sus posibilidades de ingresar a los E. U.<\/p>\n<p>A continuaci\u00f3n, se enumeran algunas estad\u00edsticas de personas que emigraron a los Estados Unidos desde Espa\u00f1a en 2017.<\/p>\n<li>3.045 personas de Espa\u00f1a obtuvieron el estatus de residente permanente legal<\/li>\n<li>1.127.167 obtuvieron el estatus de residente permanente legal<\/li>\n<li>1,469 personas de Espa\u00f1a se naturalizaron<\/li>\n<li>707.365 personas fueron naturalizadas<\/li>\n<li>1.143.548 personas de Espa\u00f1a recibieron visas de no inmigrante<\/li>\n<li>77,643,267 personas fueron admitidas con una Visa de no inmigrante<\/li>\n<h5>\u00bfTiene preocupaciones de inmigraci\u00f3n?<\/h5>\n<p>Ya sea que desee vivir en los EE. UU., Obtener una visa de EE. UU., Traer a su familia, conseguir un empleo o permanecer legalmente en el pa\u00eds, \u00a1nuestros abogados de inmigraci\u00f3n de Shenandoah est\u00e1n aqu\u00ed para ayudarlo<br \/>\n<a href=\"#\" role=\"button\"><br \/>\nCONSULTAR A UN ABOGADO<br \/>\n<\/a><\/p>\n<h3>C\u00f3moobtener la ciudadan\u00eda a trav\u00e9s de la naturalizaci\u00f3nen los E. U.<\/h3>\n<p>Uno de los caminosm\u00e1sfrecuenteshacia la ciudadan\u00eda es a trav\u00e9s de la naturalizaci\u00f3n. Si ha vividoen los Estados Unidos durante al menoscincoa\u00f1os, podr\u00edacalificar para la naturalizaci\u00f3n con una Solicitud de naturalizaci\u00f3n o el Formulario N-400.<\/p>\n<ul>\n<li>-Usted es elegible para la naturalizaci\u00f3nsiusted<\/li>\n<li>-Tener al menos 18 a\u00f1os de edad<\/li>\n<li>-Haber tenido una tarjetaverde por cincoa\u00f1os<\/li>\n<li>-Vivi\u00f3enlosE. U. o en un distrito de USCIS durante al menostresmeses antes de presentar la solicitud<\/li>\n<li>-Estubieronf\u00edsicamentepresentesen los E. U. Durante 30 meses continuos de los 5 a\u00f1os<\/li>\n<li>-Tener la habilidad de hablar, escribir o leer ingl\u00e9s;<\/li>\n<li>-Comprender y tenerconocimiento del gobierno y la historia de los E. U. y tener un buencar\u00e1cter moral y defender los principios de la constituci\u00f3n de E.U.<\/li>\n<\/ul>\n<p>Tambi\u00e9n puede calificar para la naturalizaci\u00f3n a trav\u00e9s de un familiar o c\u00f3nyuge. Si no cumple con los requisitos anteriores, puede ser elegible si su familia es ciudadano de los E. U. o tiene el estado LPR. Puede calificar para la naturalizaci\u00f3n si tiene:<\/p>\n<ul>\n<li>-Una tarjeta verde por 3 a\u00f1os durante su matrimonio con un ciudadano estadounidense.<\/li>\n<li>-Si su c\u00f3nyuge si sirvi\u00f3 en las fuerzas armadas de los E. U. Y cumple con los requisitos de elegibilidad.<\/li>\n<li>&#8211; Si su padre o padres si son ciudadanos estadounidenses.<\/li>\n<\/ul>\n<h3>Visas basadas en empleo en los E. U.<\/h3>\n<p>Puede estar emigrando a los Estados Unidos por una raz\u00f3n relacionada con el negocio. Si este es el caso, entonces puede estar interesado en una visa de empleo (EB). Las visas EB son tanto para trabajadores temporales como para trabajadores permanentes. La inmigraci\u00f3n basada en el empleo funciona en un sistema de preferencias. Todas las preferencias tienen sus propios requisitos, procedimientos y a veces formas diferentes.<\/p>\n<p>A continuaci\u00f3n se enumeran las diferentes preferencias utilizadas para emitir visas EB permanentes.<\/p>\n<p><strong>Quinta preferencia (EB-5):<\/strong>Esta preferencia es para inversionistas empresariales que desean iniciar una empresa comercial en los E. U. La empresa debe tener al menos 10 trabajadores estadounidenses a tiempo completo.<\/p>\n<p><strongcuarta preferencia=\"\" (eb-4):<=\"\" strong=\"\">Las visas EB-4 son \u00fanicamente para clasificaciones especiales de inmigraci\u00f3n, como trabajadores religiosos, y empleados jubilados de organizaciones internacionales.<\/strongcuarta><\/p>\n<p><strongtercera preferencia=\"\" (eb-3):<=\"\" strong=\"\"> esta preferencia est\u00e1 reservada para trabajadores calificados, profesionales y otros trabajadores.<\/strongtercera><\/p>\n<p><strongsegunda preferencia=\"\" (eb-2):<=\"\" strong=\"\"> esta categor\u00eda es para personas con t\u00edtulos avanzados o que tienen habilidades excepcionales en ciencias, negocios o arte.<\/strongsegunda><\/p>\n<p><strongprimera preferencia=\"\" (eb-1):<=\"\" strong=\"\"> las visas EB-1 est\u00e1n reservadas para personas con habilidades extraordinarias en atletismo, negocios, educaci\u00f3n o ciencias.<\/strongprimera><\/p>\n<p>A continuaci\u00f3n se enumeran las diferentespreferenciasutilizadas para emitir visas EB temporales:<\/p>\n<ul>\n<li>E-1 &#8211; Comerciantes de tratados y empleadoscalificados<\/li>\n<li>E-2 &#8211; Inversionistas del tratado y empleados calificados<\/li>\n<li>E-2C &#8211; Inversionistasextranjeros a largo plazo<\/li>\n<li>E-3 &#8211; Ciertos profesionales de ocupaci\u00f3nespecializados de Australia<\/li>\n<li>H-1B1 &#8211; Trabajadores del Tratado de Libre Comercio en una ocupaci\u00f3n especializada de Singapur \/ Chile<\/li>\n<li>H-1B2 &#8211; Ciertasocupacionesespeciales para los proyectos de Investigaci\u00f3n y Desarrollo Cooperativo del Departamento de Defensa o proyectos de coproducci\u00f3n<\/li>\n<li>H-1B3 &#8211; Ciertosmodelos de moda de habilidad y m\u00e9rito distinguidos<\/li>\n<li>H-1C &#8211; Enfermerasregistradassi el Departamento de Trabajo de E. U. Determin\u00f3 una escasez de profesionales de la salud.<\/li>\n<li>H-2A &#8211; Trabajadoresestacionales o temporales.<\/li>\n<li>H-2B &#8211; Trabajadores no agr\u00edcolas.<\/li>\n<li>H-3 &#8211; Aprendices que no seanprofesionesm\u00e9dicas y acad\u00e9micas.<\/li>\n<li>I &#8211; Representantes de pel\u00edculas, prensa, radio u otrosmediosextranjeros.<\/li>\n<li>L-1A: personas transferidas dentro de la empresa para puestosgerenciales o ejecutivos.<\/li>\n<li>L-1B &#8211; Traslados dentro de la empresa con conocimientoespecializado.<\/li>\n<li>O-1 &#8211; Personas con habilidadesextraordinariasenciencia, arte, educaci\u00f3n, atletismo, cine, producci\u00f3n de televisi\u00f3n o negocios.<\/li>\n<li>O-2: personas que vienen a los E. U. para ayudar\u00fanicamente a un no inmigrante O-1.<\/li>\n<li>P-1A &#8211; Atletas de famainternacional.<\/li>\n<li>P-1B: Artistas de famainternacional o miembros de un grupo de entretenimiento reconocidointernacionalmente.<\/li>\n<li>P-2: Int\u00e9rprete individual o parte de un grupo que ingresa a los E. U. para un programa de intercambiorec\u00edproco (programas de intercambio de estudiantes).<\/li>\n<li>P-3 &#8211; Artistas que vienen a los Estados Unidos para actuar, ense\u00f1ar o entrenar bajo un programaculturalmente\u00fanico.<\/li>\n<li>P-1 &#8211; Personas que participanen un programainternacional de intercambio cultural para que puedanobtenercapacitaci\u00f3npr\u00e1ctica, empleo y aprender la historia, cultura y tradiciones de los Estados Unidos.<\/li>\n<li>R-1 &#8211; Trabajadoresreligiosos<\/li>\n<li>TN &#8211; Profesionales de M\u00e9xico y Canad\u00e1<\/li>\n<\/ul>\n<h5>\u00bfTiene preocupaciones de inmigraci\u00f3n?<\/h5>\n<p>Ya sea que desee vivir en los EE. UU., Obtener una visa de EE. UU., Traer a su familia, conseguir un empleo o permanecer legalmente en el pa\u00eds, \u00a1nuestros abogados de inmigraci\u00f3n de Shenandoah est\u00e1n aqu\u00ed para ayudarlo<br \/>\n<a href=\"#\" role=\"button\"><br \/>\nCONSULTAR A UN ABOGADO<br \/>\n<\/a><\/p>\n<h3><b>Visas Basadas En La Familia En Los E. U.<\/b><\/h3>\n<p>Otra forma de recibir una visa es a trav\u00e9s de los miembros de su familia. Si tiene familiares que son ciudadanos estadounidenses, es posible que puedan patrocinarlo. Tanto usted como su patrocinador deber\u00e1n completar el papeleo y mostrar pruebas de su relaci\u00f3n. Adem\u00e1s, las visas familiares tambi\u00e9n funcionan en un sistema de preferencias. Cada preferencia tiene sus propios requisitos y procedimientos de elegibilidad. Su patrocinador debe completar un I-130 o una Petici\u00f3n para un familiar extranjero y tener prueba de lo siguiente:<\/p>\n<ul>\n<li style=\"font-weight: 400;\">Su estatus como residente permanente legal o ciudadano estadounidense.<\/li>\n<li style=\"font-weight: 400;\">Est\u00e1r relacionado con su patrocinador a trav\u00e9s de documentaci\u00f3n como un certificado de Nacimiento.<\/li>\n<li style=\"font-weight: 400;\">Cualquier cambio de nombre legal relevante que corresponda.<\/li>\n<\/ul>\n<p>A continuaci\u00f3n se enumeran las diferentes preferencias utilizadas para emitir visas basadas en la familia:<\/p>\n<p><strong>Tercera preferencia (F3):<\/strong> Las hijas e hijos casados de ciudadanos estadounidenses pueden solicitar una visa F3.&nbsp;<\/p>\n<p><strong>Segunda preferencia (F2B):<\/strong> Esta categor\u00eda es para hijas e hijos solteros que tienen al menos 21 a\u00f1os de residentes permanentes legales.&nbsp;<\/p>\n<p><strong>Segunda preferencia (F2A):<\/strong> Los hijos solteros menores de 21 a\u00f1os y los c\u00f3nyuges de residentes permanentes legales califican para visas F2A.<\/p>\n<p.<strong>Primera preferencia (F1): Las hijas y los hijos mayores de 21 a\u00f1os de ciudadanos estadounidenses son elegibles para una visa F1.<\/p>\n<hr>\n<p align=\"right\"><a href=\"espanol\/leyes-de-inmigracion\/barcelona\/#top\">volver arriba<\/a><\/p>\n<h3><b>Consulado General de los Estados Unidos en Barcelona<\/b><\/h3>\n<p>No hay embajada de los Estados Unidos estacionada en la ciudad de Barcelona. Sin embargo, hay un consulado de E. U. que representa al gobierno de E. U. El consulado no puede emitir visas, pero puede darle informaci\u00f3n importante que necesita para emigrar a los Estados Unidos. Puede localizar el consulado de E. U. En Barcelona en:<\/p>\n<p>Consulado General de los Estados Unidos en Barcelona<\/p>\n<p>Paseo Reina Elisenda de Montcada 23,<\/p>\n<p>08034 Barcelona, Espa\u00f1a<\/p>\n<p>Tel\u00e9fono: (+34) 93280 22 27<\/p>\n<p>Fax: (+34) 93280 61 75<\/p>\n<p>Si no puede obtener una visa en el consulado de los E. U., Puede hacerlo en la embajada de los E. U. En Madrid. En la embajada puede recibir informaci\u00f3n detallada sobre las visas disponibles, asistir a una entrevista de visa y m\u00e1s. Puede ser beneficioso para usted tomar un tren r\u00e1pido o un viaje en autom\u00f3vil a Madrid, por lo que est\u00e1 a solo un paso m\u00e1s cerca de recibir una visa.<\/p>\n<p>Puede ubicar la embajada de los Estados Unidos en Madrid en:<br \/>\nCalle de Serrano, 75<br \/>\n28006 Madrid, Espa\u00f1a<br \/>\nTel\u00e9fono: (+34) 91-587-2200<br \/>\nFax: (+34) 91-587-2303<\/p>\n<hr>\n<p align=\"right\"><a href=\"https:\/\/luishesslaw.com\/es\/leyes-de-inmigracion\/barcelona\/#top\">volver arriba<\/a><\/p>\n<h3><b>Recursos Adicionales<\/b><\/h3>\n<p>Visite el sitio web oficial de USCIS para obtener m\u00e1s informaci\u00f3n sobre los diversos caminos hacia la ciudadan\u00eda de E. U. Acceda al sitio para obtener informaci\u00f3n sobre tarjetas verdes, naturalizaci\u00f3n, estad\u00edsticas de inmigraci\u00f3n y m\u00e1s.<br \/>\nEnlace informativo:<br \/>\n<a href=\"https:\/\/www.uscis.gov\/\" target=\"_blank\" rel=\"noopener\">U.S. Citizenship and Immigration Services (USCIS)<\/a><br \/>\nVisite el sitio web oficial de la Embajada y el Consulado de los Estados Unidos en Espa\u00f1a y Andorra. Acceda al sitio para obtener m\u00e1s informaci\u00f3n sobre sus servicios, el C\u00f3nsul General Robert Riley y recursos para personas interesadas en la ciudadan\u00eda estadounidense.<br \/>\nEnlace informativo:<br \/>\n<a href=\"https:\/\/es.usembassy.gov\/embassy-consulates\/barcelona\/\" target=\"_blank\" rel=\"noopener\">U.S. Consulate General in Barcelona<\/a><br \/>\nAbogado de inmigrantes de Barcelona en el condado de Montgomery, Texas. Si usted o alguien que conoce est\u00e1 interesado en emigrar a los E. U., Es vital que se comunique con un Abogado especializado en inmigraci\u00f3n como lo es Luis F. Hess.<br \/>\nEl proceso de inmigraci\u00f3n de los Estados Unidos es incre\u00edblemente complicado. Cualquier error puede descarrilar sus planes de emigrar a los Estados Unidos. No se arriesgue y llame a Prosperity Immigration Law. Luis F. Hess es un abogado experto que proviene de una familia de inmigrantes. Le apasiona ayudar a otros a usar su conocimiento de la ley de inmigraci\u00f3n. El abogado Luis F. Hess puede ayudarlo con su solicitud, evaluarla en busca de errores y procesarla correctamente. Comience el primer paso de su camino hacia la ciudadan\u00eda con la firma Prosperity Immigration Law.<br \/>\nLl\u00e1menos ahora al (281) 223-1341 para una consulta.<br \/>\nEl bufete de Prosperity Immigration Law acepta clientes en The Woodlands, Incluyendo Panorama Village, Conroe, Houston y Oak Ridge North.<\/p>\n<\/p.<strong>\n","protected":false},"excerpt":{"rendered":"<p>Barcelona, Espa\u00f1a barcelona es la capital y ciudad m\u00e1s grande de Catalu\u00f1a, Espa\u00f1a. Es el hogar de aproximadamente 1,600,000 personas y es&hellip;<\/p>\n","protected":false},"author":8,"featured_media":0,"parent":1312,"menu_order":8,"comment_status":"closed","ping_status":"closed","template":"","meta":{"_acf_changed":false,"inline_featured_image":false,"footnotes":""},"folder":[],"class_list":["post-1332","page","type-page","status-publish","hentry"],"acf":[],"_links":{"self":[{"href":"https:\/\/luishesslaw.com\/es\/wp-json\/wp\/v2\/pages\/1332","targetHints":{"allow":["GET"]}}],"collection":[{"href":"https:\/\/luishesslaw.com\/es\/wp-json\/wp\/v2\/pages"}],"about":[{"href":"https:\/\/luishesslaw.com\/es\/wp-json\/wp\/v2\/types\/page"}],"author":[{"embeddable":true,"href":"https:\/\/luishesslaw.com\/es\/wp-json\/wp\/v2\/users\/8"}],"replies":[{"embeddable":true,"href":"https:\/\/luishesslaw.com\/es\/wp-json\/wp\/v2\/comments?post=1332"}],"version-history":[{"count":0,"href":"https:\/\/luishesslaw.com\/es\/wp-json\/wp\/v2\/pages\/1332\/revisions"}],"up":[{"embeddable":true,"href":"https:\/\/luishesslaw.com\/es\/wp-json\/wp\/v2\/pages\/1312"}],"wp:attachment":[{"href":"https:\/\/luishesslaw.com\/es\/wp-json\/wp\/v2\/media?parent=1332"}],"wp:term":[{"taxonomy":"folder","embeddable":true,"href":"https:\/\/luishesslaw.com\/es\/wp-json\/wp\/v2\/folder?post=1332"}],"curies":[{"name":"wp","href":"https:\/\/api.w.org\/{rel}","templated":true}]}}