{"id":1312,"date":"2020-10-13T07:58:21","date_gmt":"2020-10-13T07:58:21","guid":{"rendered":"https:\/\/luisfhesslaw.wpenginepowered.com\/?page_id=1312"},"modified":"2022-03-15T19:33:06","modified_gmt":"2022-03-15T19:33:06","slug":"leyes-de-inmigracion","status":"publish","type":"page","link":"https:\/\/luishesslaw.com\/es\/leyes-de-inmigracion\/","title":{"rendered":"Leyes de Inmigracion"},"content":{"rendered":"\n<p>Luis F. Hess es un abogado de Texas especializado en la ley de inmigraci\u00f3n. Su oficina est\u00e1 ubicada en Shenandoah, Texas, justo al norte de The Woodlands y al sur de Conroe, TX, en el Condado de Montgomery. \u00c9l representa a clientes con asuntos de inmigraci\u00f3n basado en el empleo y la familia.<\/p>\n\n\n\n<p>Como hijo de inmigrantes y uno de los primeros en su familia en haber nacido en los Estados Unidos, el abogado Luis F. Hess comprende el deseo de vivir, trabajar y permanecer en los Estados Unidos. El proceso de inmigraci\u00f3n puede ser complicado y confuso. Un abogado especializado en Luis F. Hess, PLLC le puede ayudar con cada paso del proceso.<\/p>\n\n\n\n<h2 class=\"wp-block-heading\"><b>Abogado de Inmigraci\u00f3n en The Woodlands, TX<\/b><\/h2>\n\n\n\n<p>Ubicado en Shenandoah, TX, Luis F. Hess, PLLC est\u00e1 situado cerca de la zona de The Woodlands, en Montgomery County, Texas. El abogado Luis F. Hess ayuda a clientes del \u00e1rea metropolitana Houston-Woodlands.<\/p>\n\n\n\n<p>Llame al (281) 306-5864 para programar una consulta y conocer m\u00e1s acerca de c\u00f3mo un abogado con amplia experiencia puede ayudarle.<\/p>\n\n\n\n<h3 class=\"wp-block-heading\"><b>Tipos de casos de inmigraci\u00f3n en Texas,<\/b><\/h3>\n\n\n\n<p>Luis F. Hess tiene experiencia en la representaci\u00f3n de clientes en una amplia gama de casos de inmigraci\u00f3n, incluyendo:<\/p>\n\n\n\n<p><a href=\"https:\/\/luishesslaw.com\/es\/leyes-de-inmigracion\/inmigracion-basada-en-la-familia\/\">Inmigraci\u00f3n basada en la familia:<\/a> Luis F. Hess, PLLC trabaja con familias que desean ajustar su estatus migratorio sobre la base de sus relaciones familiares. La inmigraci\u00f3n de EE.UU. permite a los familiares inmediatos y otros miembros de la familia, de ciudadanos estadounidenses o residentes legales permanentes, solicitar la condici\u00f3n de inmigrante legal en los Estados Unidos. El abogado Luis F. Hess ayuda a los solicitantes a determinar su elegibilidad para solicitar el estatus de inmigraci\u00f3n apropiada.<\/p>\n\n\n\n<p><a href=\"https:\/\/luishesslaw.com\/es\/visa\/visas-de-negocios\/\">Inmigraci\u00f3n por Negocios:<\/a> Luis F. Hess, PLLC asiste tanto a empresas como a particulares con el proceso de solicitar el estatus de residente legal permanente o estatus de trabajador temporal sobre la base de un inmigrante en su empleo. El tipo de solicitud que el empleador presentara, depender\u00e1n de las necesidades de la empresa o la situaci\u00f3n laboral del individuo.<\/p>\n\n\n\n<p>Pr\u00e1ctica consular: Luis F. Hess, PLLC prepara las solicitudes de visado temporal y permanente para los empleados de la compa\u00f1\u00eda y personas que solicitan una visa o permiso de residencia permanente en las Embajadas y consulados de EE.UU. Nuestra pr\u00e1ctica consular tambi\u00e9n incluye la preparaci\u00f3n de exenciones de inmigrante y para personas que tengan problemas para entrar a los Estados Unidos.<\/p>\n\n\n\n<p>Visa de inversionistas: Los inmigrantes que vienen a los Estados Unidos para el comercio internacional o invertir en al menos el 50% de una empresa pueden ser elegibles para una visa de inversi\u00f3n. Contacte a Luis F. Hess, PLLC para obtener informaci\u00f3n para calificar para una visa de inversi\u00f3n.<\/p>\n\n\n\n<h3 class=\"wp-block-heading\">\u00bfTiene preocupaciones de inmigraci\u00f3n?<\/h3>\n\n\n\n<p>Ya sea que desee vivir en los EE. UU., Obtener una visa de EE. UU., Traer a su familia, conseguir un empleo o permanecer legalmente en el pa\u00eds, \u00a1nuestros abogados de inmigraci\u00f3n de Shenandoah est\u00e1n aqu\u00ed para ayudarlo<br><a href=\"#contact-form\" class=\"btn\">CONSULTAR A UN ABOGADO<\/a><\/p>\n\n\n\n<p><a href=\"https:\/\/luishesslaw.com\/es\/leyes-de-inmigracion\/ciudadania-y-naturalizacion\/\">Naturalizaci\u00f3n: <\/a>Luis F. Hess, PLLC puede ayudar a determinar si una persona tiene derecho a solicitar la ciudadan\u00eda estadounidense a trav\u00e9s de la naturalizaci\u00f3n y preparar el paquete de la aplicaci\u00f3n requerida.<\/p>\n\n\n\n<p><a href=\"https:\/\/luishesslaw.com\/es\/leyes-de-inmigracion\/procedimientos-de-expulsion\/audiencias-de-inmigracion\/\">Audiencias<\/a>: Luis F. Hess, PLLC ayuda a inmigrantes indocumentados obtener una fianza de inmigraci\u00f3n durante la extracci\u00f3n o procesos de deportaci\u00f3n a centros de detenci\u00f3n en la mayor \u00e1rea de Houston.<\/p>\n\n\n\n<p><a href=\"https:\/\/luishesslaw.com\/es\/leyes-de-inmigracion\/asilo\/\">Asilo<\/a>: Cuando un inmigrante llega a los Estados Unidos y no pueden regresar a su pa\u00eds de origen debido a la persecuci\u00f3n o el temor de ser perseguidos, los inmigrantes podr\u00edan ser elegibles para recibir asilo. El abogado Luis F. Hess puede ayudar a los inmigrantes a trav\u00e9s del proceso de asilo.<\/p>\n\n\n\n<p>Renuncias: Luis F. Hess, PLLC puede ayudar a los clientes con la presentaci\u00f3n de las renuncias para los inmigrantes que son inadmisibles a los Estados Unidos debido a la presencia ilegal.<\/p>\n\n\n\n<p>Otros Servicios de inmigraci\u00f3n ofrecidos: Inmigraci\u00f3n Luis F. Hess, PLLC puede ayudar a sus clientes a solicitar permiso para viajar (Advance Parole), autorizaci\u00f3n de trabajo, renovaciones de Green Card, y ajuste de estatus. Tambi\u00e9n podemos ayudar a nuestros clientes a recibir copias de sus archivos de inmigraci\u00f3n de agencias del gobierno para ayudar a determinar el pr\u00f3ximo paso en el proceso de inmigraci\u00f3n.<\/p>\n\n\n\n<h3 class=\"wp-block-heading\"><b>\u00bfCu\u00e1l es la funci\u00f3n de un juez de inmigraci\u00f3n de Estados Unidos?<\/b><\/h3>\n\n\n\n<p>Un juez de inmigraci\u00f3n de EE.UU. Determina si una persona procedente de un pa\u00eds extranjero (a menudo llamado \u201calien\u201d) deber\u00eda ser autorizado a entrar o permanecer en los Estados Unidos o debe ser eliminado en un procedimiento judicial formal.<\/p>\n\n\n\n<p>En un t\u00edpico procedimiento de extracci\u00f3n, un juez de inmigraci\u00f3n decidir\u00e1 si un extranjero es extra\u00edble, deportable o inadmisible en virtud de la ley. El juez en la corte de inmigraci\u00f3n decidir\u00e1 entonces si ese extranjero puede evitar la extracci\u00f3n por protecci\u00f3n en virtud de la Convenci\u00f3n de las Naciones Unidas contra la Tortura, ajuste de estatus, cancelaci\u00f3n de extracci\u00f3n, calificando de asilo, aceptando la partida voluntaria, u otras formas de alivio de la extracci\u00f3n.<\/p>\n\n\n\n<h3 class=\"wp-block-heading\"><b>Recursos adicionales<\/b><\/h3>\n\n\n\n<p>Oficina de Ciudadan\u00eda y Servicios de Inmigraci\u00f3n de Estados Unidos (USCIS, por sus siglas en ingl\u00e9s) \u2013 en Houston, visite el sitio web de USCIS para encontrar informaci\u00f3n acerca de la oficina de servicios de inmigraci\u00f3n y oficiales en Houston, TX, ubicado en 810 Gears Road, Suite 100. Encuentre informaci\u00f3n sobre c\u00f3mo obtener ayuda de residencia permanente, autorizaci\u00f3n de empleo, asistencia con la documentaci\u00f3n, informaci\u00f3n de ciudadan\u00eda, o para descargar los formularios.<\/p>\n\n\n\n<p><a href=\"http:\/\/www.justice.gov\/eoir\/houston-immigration-court\" target=\"_blank\" rel=\"noopener\">Corte de Inmigraci\u00f3n de Houston \u2013<\/a> con nueve jueces de inmigraci\u00f3n, el Tribunal de Inmigraci\u00f3n de Houston cae bajo la jurisdicci\u00f3n de la Oficina del Jefe del juez de inmigraci\u00f3n, parte de la Oficina Ejecutiva de Revisi\u00f3n de Inmigraci\u00f3n (EOIR) bajo el Departamento de Justicia. El Servicio de Inmigraci\u00f3n y Control de Aduanas (ICE) y el Servicio de Ciudadan\u00eda e Inmigraci\u00f3n de Estados Unidos (USCIS) son parte del Departamento de Seguridad Nacional (DHS) y separada de la Oficina Ejecutiva de Revisi\u00f3n de Inmigraci\u00f3n (EOIR). El Tribunal de Inmigraci\u00f3n de Houston est\u00e1 situado en el centro Continental II en 1801 Smith Street en la 9\u00aa planta.<\/p>\n","protected":false},"excerpt":{"rendered":"<p>Luis F. Hess es un abogado de Texas especializado en la ley de inmigraci\u00f3n. Su oficina est\u00e1 ubicada en Shenandoah, Texas, justo&hellip;<\/p>\n","protected":false},"author":8,"featured_media":0,"parent":0,"menu_order":0,"comment_status":"closed","ping_status":"closed","template":"","meta":{"_acf_changed":false,"inline_featured_image":false,"footnotes":""},"folder":[],"class_list":["post-1312","page","type-page","status-publish","hentry"],"acf":[],"_links":{"self":[{"href":"https:\/\/luishesslaw.com\/es\/wp-json\/wp\/v2\/pages\/1312","targetHints":{"allow":["GET"]}}],"collection":[{"href":"https:\/\/luishesslaw.com\/es\/wp-json\/wp\/v2\/pages"}],"about":[{"href":"https:\/\/luishesslaw.com\/es\/wp-json\/wp\/v2\/types\/page"}],"author":[{"embeddable":true,"href":"https:\/\/luishesslaw.com\/es\/wp-json\/wp\/v2\/users\/8"}],"replies":[{"embeddable":true,"href":"https:\/\/luishesslaw.com\/es\/wp-json\/wp\/v2\/comments?post=1312"}],"version-history":[{"count":0,"href":"https:\/\/luishesslaw.com\/es\/wp-json\/wp\/v2\/pages\/1312\/revisions"}],"wp:attachment":[{"href":"https:\/\/luishesslaw.com\/es\/wp-json\/wp\/v2\/media?parent=1312"}],"wp:term":[{"taxonomy":"folder","embeddable":true,"href":"https:\/\/luishesslaw.com\/es\/wp-json\/wp\/v2\/folder?post=1312"}],"curies":[{"name":"wp","href":"https:\/\/api.w.org\/{rel}","templated":true}]}}