{"id":12503,"date":"2022-04-26T19:43:20","date_gmt":"2022-04-26T19:43:20","guid":{"rendered":"https:\/\/luisfhesslaw.wpenginepowered.com\/?page_id=12503"},"modified":"2022-12-22T10:52:48","modified_gmt":"2022-12-22T10:52:48","slug":"tarjeta-verde-para-hijo","status":"publish","type":"page","link":"https:\/\/luishesslaw.com\/es\/leyes-de-inmigracion\/green-card\/tarjeta-verde-para-hijo\/","title":{"rendered":"Tarjeta verde para hijo"},"content":{"rendered":"\n<p>Los hijos de ciudadanos estadounidenses y residentes permanentes legales (titulares de la tarjeta verde) pueden recibir su propia tarjeta verde. Sin embargo, las reglas de elegibilidad y los procedimientos para aplicar son mucho m\u00e1s complejos de lo que la mayor\u00eda de la gente cree.<\/p>\n\n\n\n<p>Antes de comenzar, es una buena idea revisar las calificaciones y asegurarse de que tendr\u00e1 acceso a la evidencia necesaria para respaldar la solicitud. Un abogado experto en inmigraci\u00f3n en Luis F. Hess, PLLC estar\u00e1 encantado de ayudarle durante todo el proceso para garantizar que evite errores que podr\u00edan retrasar o denegar una solicitud.<\/p>\n\n\n\n<h2 class=\"wp-block-heading\">Comprender la elegibilidad para una tarjeta verde<\/h2>\n\n\n\n<p>Las leyes tratan a los hijos de manera diferente seg\u00fan su edad y estado civil. Los menores de 21 a\u00f1os se denominan \u201chijos\u201d en las reglamentaciones, mientras que los adultos mayores de 21 a\u00f1os se denominan \u201chijos e hijas\u201d. Los hijos solteros de cualquier edad pueden solicitar una tarjeta verde, pero algunos tendr\u00e1n una espera m\u00e1s larga que otros dependiendo de su estado y el de sus padres.<\/p>\n\n\n\n<p>Los hijos casados son elegibles para una tarjeta verde solo si sus padres son ciudadanos. La buena noticia es que sus c\u00f3nyuges e hijos menores solteros tambi\u00e9n califican para recibir tarjetas verdes como solicitantes derivados.<\/p>\n\n\n\n<h2 class=\"wp-block-heading\">Algunas solicitudes se procesar\u00e1n antes que otras<\/h2>\n\n\n\n<p>Al solicitar una tarjeta verde para hijos, es importante no solo conocer los requisitos de elegibilidad, sino tambi\u00e9n comprender las categor\u00edas de preferencia y la disponibilidad de visas. El Servicio de Ciudadan\u00eda e Inmigraci\u00f3n de EE. UU. (USCIS, por sus siglas en ingl\u00e9s) otorga la m\u00e1xima prioridad a los miembros de la familia que se consideran \u00abparientes inmediatos\u00bb seg\u00fan su definici\u00f3n. Los hijos menores solteros de ciudadanos estadounidenses califican para la categor\u00eda de parientes inmediatos (PI). Aunque las visas de inmigrantes se emiten solo en cantidades muy limitadas cada a\u00f1o, las visas permanentes para miembros de la familia en la categor\u00eda de PI no est\u00e1n sujetas a cuotas, por lo que estos hijos no tendr\u00e1n que esperar a que haya una visa disponible.<\/p>\n\n\n\n<p>Los hijos que encajan en otras categor\u00edas de preferencia pueden necesitar esperar una visa, particularmente si son de un pa\u00eds con altas tasas de inmigraci\u00f3n. Aqu\u00ed est\u00e1 la lista de prioridades para los hijos que solicitan una tarjeta verde:<\/p>\n\n\n\n<ul class=\"wp-block-list\">\n<li>Hijos menores solteros de ciudadanos estadounidenses (visa IR-2)<\/li>\n\n\n\n<li>Hijos adultos solteros de ciudadanos estadounidenses (visa F1)<\/li>\n\n\n\n<li>Hijos menores solteros de titulares de tarjetas verdes (visa F2A)<\/li>\n\n\n\n<li>Hijos adultos solteros de titulares de tarjetas verdes (visa F2B)<\/li>\n\n\n\n<li>Hijos casados de ciudadanos estadounidenses (visa F3)<\/li>\n<\/ul>\n\n\n\n<p>Si el USCIS espera que un solicitante tenga una larga espera para obtener una visa de inmigrante, el organismo puede tardar m\u00e1s en procesar la solicitud que inicia el proceso.<\/p>\n\n\n\n<h2 class=\"wp-block-heading\">C\u00f3mo solicitar una tarjeta verde para hijos<\/h2>\n\n\n\n<p>El proceso comienza cuando el padre presenta el Formulario I-130 de Solicitud de Familiar Extranjero ante el USCIS, junto con la evidencia de respaldo requerida por el organismo. El organismo revisar\u00e1 la informaci\u00f3n y puede solicitar datos adicionales, por lo que es importante responder a las solicitudes de inmediato y asegurarse de que el organismo tenga su informaci\u00f3n de contacto precisa.<\/p>\n\n\n\n<p>Una vez que se aprueba la solicitud, los pr\u00f3ximos pasos est\u00e1n determinados por la ubicaci\u00f3n del solicitante. Los hijos que viven en el extranjero cuando una visa est\u00e9 disponible tendr\u00e1n su solicitud procesada a trav\u00e9s del Centro de Visas del Departamento de Estado y luego a trav\u00e9s del consulado o embajada de los EE. UU. en el pa\u00eds donde residen. Los hijos que ya est\u00e1n en los EE. UU. pueden presentar una Solicitud de Ajuste de Estatus en el Formulario I-485 para convertirse en residentes permanentes con una tarjeta verde.<\/p>\n\n\n\n<p>De cualquier manera, el solicitante deber\u00e1 proporcionar la documentaci\u00f3n requerida, pagar las tarifas correspondientes, someterse a un examen m\u00e9dico y participar en una entrevista antes de tomar una decisi\u00f3n final sobre si otorgar una visa de inmigrante con estatus de residente permanente legal.<\/p>\n\n\n\n<h2 class=\"wp-block-heading\">Un abogado especialista en inmigraci\u00f3n puede ayudarle a prevenir errores costosos en el proceso de solicitud de una tarjeta verde para hijos<\/h2>\n\n\n\n<p>Si hay una brecha en los registros o informaci\u00f3n cuestionable sobre el estado migratorio u otros asuntos, puede ser dif\u00edcil demostrar que un solicitante califica para recibir una tarjeta verde. Los errores o las discrepancias pueden hacer que los organismos involucrados cuestionen la validez de la informaci\u00f3n, lo que genera demoras o denegaciones.<\/p>\n\n\n\n<p>Puede evitar muchos problemas potenciales cuando trabaja con un abogado experimentado en inmigraci\u00f3n de Luis F. Hess, PLLC. Entendemos c\u00f3mo cumplir con los requisitos de manera eficiente y documentar la elegibilidad de manera efectiva para que pueda obtener una tarjeta verde con menos demoras. Cont\u00e1ctenos hoy para saber c\u00f3mo podemos ayudarle.<\/p>\n","protected":false},"excerpt":{"rendered":"<p>Los hijos de ciudadanos estadounidenses y residentes permanentes legales (titulares de la tarjeta verde) pueden recibir su propia tarjeta verde. Sin embargo,&hellip;<\/p>\n","protected":false},"author":8,"featured_media":0,"parent":1661,"menu_order":0,"comment_status":"closed","ping_status":"closed","template":"","meta":{"_acf_changed":false,"inline_featured_image":false,"footnotes":""},"folder":[],"class_list":["post-12503","page","type-page","status-publish","hentry"],"acf":[],"_links":{"self":[{"href":"https:\/\/luishesslaw.com\/es\/wp-json\/wp\/v2\/pages\/12503","targetHints":{"allow":["GET"]}}],"collection":[{"href":"https:\/\/luishesslaw.com\/es\/wp-json\/wp\/v2\/pages"}],"about":[{"href":"https:\/\/luishesslaw.com\/es\/wp-json\/wp\/v2\/types\/page"}],"author":[{"embeddable":true,"href":"https:\/\/luishesslaw.com\/es\/wp-json\/wp\/v2\/users\/8"}],"replies":[{"embeddable":true,"href":"https:\/\/luishesslaw.com\/es\/wp-json\/wp\/v2\/comments?post=12503"}],"version-history":[{"count":0,"href":"https:\/\/luishesslaw.com\/es\/wp-json\/wp\/v2\/pages\/12503\/revisions"}],"up":[{"embeddable":true,"href":"https:\/\/luishesslaw.com\/es\/wp-json\/wp\/v2\/pages\/1661"}],"wp:attachment":[{"href":"https:\/\/luishesslaw.com\/es\/wp-json\/wp\/v2\/media?parent=12503"}],"wp:term":[{"taxonomy":"folder","embeddable":true,"href":"https:\/\/luishesslaw.com\/es\/wp-json\/wp\/v2\/folder?post=12503"}],"curies":[{"name":"wp","href":"https:\/\/api.w.org\/{rel}","templated":true}]}}