{"id":12501,"date":"2022-03-31T20:33:51","date_gmt":"2022-03-31T20:33:51","guid":{"rendered":"https:\/\/luisfhesslaw.wpenginepowered.com\/?page_id=12501"},"modified":"2022-12-22T10:50:50","modified_gmt":"2022-12-22T10:50:50","slug":"tarjeta-verde-de-preferencia-familiar","status":"publish","type":"page","link":"https:\/\/luishesslaw.com\/es\/leyes-de-inmigracion\/green-card\/tarjeta-verde-de-preferencia-familiar\/","title":{"rendered":"Tarjeta verde de preferencia familiar"},"content":{"rendered":"\n<p>Si est\u00e1 relacionado con un ciudadano estadounidense o un residente permanente legal (RPL), probablemente sepa que podr\u00eda ser elegible para una visa de inmigrante para vivir y trabajar en los EE. UU. como residente permanente legal con una tarjeta verde. Tambi\u00e9n puede saber que el proceso de solicitud de una tarjeta verde es complicado. Los errores no solo pueden hacer que su solicitud sea rechazada, sino que tambi\u00e9n pueden hacer que los funcionarios sean m\u00e1s propensos a negarle su solicitud en el futuro.<\/p>\n\n\n\n<p>Existe una raz\u00f3n por la que muchos solicitantes de tarjetas verdes eligen trabajar con los abogados experimentados en inmigraci\u00f3n de Prosperity Immigration Law. Tenemos el conocimiento para ayudarle a demostrar sus calificaciones a fondo y lo guiaremos en cada paso del proceso para evitar errores y obtener resultados.<\/p>\n\n\n\n<h2 class=\"wp-block-heading\">Prioridad de las solicitudes de una visa familiar<\/h2>\n\n\n\n<p>Si usted es lo que los funcionarios llaman un \u00abpariente inmediato\u00bb de un ciudadano estadounidense, entonces es elegible para una tarjeta verde sin esperar a que haya una visa disponible. Los c\u00f3nyuges, hijos menores y padres de ciudadanos estadounidenses entran en esta categor\u00eda.<\/p>\n\n\n\n<p>Ciertos otros miembros de la familia que no cumplen con los requisitos para ser considerados parientes inmediatos tambi\u00e9n pueden recibir una tarjeta verde en las categor\u00edas de \u00abpreferencia familiar\u00bb. Hay cinco categor\u00edas de preferencia y se clasifican por prioridad. Debido a que la cantidad de visas disponibles para inmigrantes en estas categor\u00edas es limitada y est\u00e1 sujeta a cuotas anuales, es importante documentar su elegibilidad para la categor\u00eda de preferencia m\u00e1s alta disponible para acortar su tiempo de espera. Los solicitantes en categor\u00edas de preferencia m\u00e1s bajas pueden tener que esperar a\u00f1os para que una visa est\u00e9 disponible, especialmente si la est\u00e1n pidiendo desde un pa\u00eds con una gran cantidad de solicitantes.<\/p>\n\n\n\n<h2 class=\"wp-block-heading\">Las relaciones de preferencia familiar<\/h2>\n\n\n\n<p>Las categor\u00edas de preferencia familiar incluyen familiares de ciudadanos estadounidenses y titulares de tarjetas verdes. Demostrar una relaci\u00f3n con un ciudadano de los EE. UU. le da una mayor preferencia, por lo que si presenta una solicitud basada en una relaci\u00f3n con un titular de la tarjeta verde que luego se convierte en ciudadano, aseg\u00farese de inform\u00e1rselo a su abogado experto en inmigraci\u00f3n para que pueda modificar la informaci\u00f3n archivada por los funcionarios de inmigraci\u00f3n.<\/p>\n\n\n\n<p>Las categor\u00edas de preferencia familiar son:<\/p>\n\n\n\n<ul class=\"wp-block-list\">\n<li>Primera preferencia (F1): hijos adultos solteros de ciudadanos estadounidenses (los hijos solteros menores de 21 a\u00f1os pueden presentar una solicitud como parientes inmediatos)<\/li>\n\n\n\n<li>Segunda preferencia (F2A) \u2013 C\u00f3nyuges e hijos menores solteros (menores de 21 a\u00f1os) de los titulares de la tarjeta verde<\/li>\n\n\n\n<li>Segunda preferencia (F2B) \u2013 Hijos adultos solteros de titulares de tarjetas verdes<\/li>\n\n\n\n<li>Tercera preferencia (F3) \u2013 Hijos casados de ciudadanos estadounidenses (y sus c\u00f3nyuges e hijos)<\/li>\n\n\n\n<li>Cuarta preferencia (F4) \u2013 Hermanos de ciudadanos estadounidenses adultos (y sus c\u00f3nyuges e hijos)<\/li>\n<\/ul>\n\n\n\n<p>Aunque tanto los hijos casados como los solteros de los titulares de la tarjeta verde est\u00e1n en la categor\u00eda de segunda preferencia, la mayor\u00eda de las visas en esa categor\u00eda est\u00e1n reservadas para c\u00f3nyuges e hijos solteros, por lo que es efectivamente una categor\u00eda separada. Desafortunadamente, los hijos casados y los hermanos de los titulares de la tarjeta verde no son elegibles para las visas de preferencia familiar; el miembro de la familia patrocinador debe ser ciudadano estadounidense.<\/p>\n\n\n\n<h2 class=\"wp-block-heading\">Proceso de Solicitud de Visas de Preferencia Familiar<\/h2>\n\n\n\n<p>Hay dos etapas principales en el proceso de solicitud de una visa de inmigrante basada en la familia con una tarjeta verde. Primero, el ciudadano de EE. UU. o el titular de la tarjeta verde debe presentar el Formulario I-130 Solicitud de familiar extranjero ante los Servicios de Ciudadan\u00eda e Inmigraci\u00f3n de EE. UU. (USCIS). El organismo puede tomarse un tiempo considerable para procesar la solicitud y la documentaci\u00f3n de respaldo, y si falta alg\u00fan dato o es cuestionable, la solicitud podr\u00eda anularse, lo que provocar\u00eda demoras considerables.<\/p>\n\n\n\n<p>Una vez que se completa esa etapa del proceso, el siguiente paso depende de la ubicaci\u00f3n del solicitante de la visa. Si est\u00e1n dentro de los EE. UU., pueden solicitar un ajuste de estatus ante el USCIS. Los solicitantes fuera de los EE. UU. solicitan una visa a trav\u00e9s del Departamento de Estado de los EE. UU. a trav\u00e9s de un procedimiento conocido como procesamiento consular. Un abogado especializado en inmigraci\u00f3n podr\u00eda revisar su situaci\u00f3n para determinar qu\u00e9 proceso ser\u00eda m\u00e1s r\u00e1pido seg\u00fan las circunstancias y los tiempos de procesamiento actuales.<\/p>\n\n\n\n<h2 class=\"wp-block-heading\">Descubra c\u00f3mo un abogado podr\u00eda ayudarle a obtener la tarjeta verde<\/h2>\n\n\n\n<p>En el estudio jur\u00eddico de Prosperity Immigration Law, entendemos lo importante que es obtener su tarjeta verde de preferencia familiar con la menor demora posible. Nos esforzamos por hacer todo lo que est\u00e9 a nuestro alcance para ayudarle a tener \u00e9xito. Hable con nosotros hoy para saber c\u00f3mo podemos ayudarle en el proceso para obtener la visa.<\/p>\n","protected":false},"excerpt":{"rendered":"<p>Si est\u00e1 relacionado con un ciudadano estadounidense o un residente permanente legal (RPL), probablemente sepa que podr\u00eda ser elegible para una visa&hellip;<\/p>\n","protected":false},"author":8,"featured_media":0,"parent":1661,"menu_order":0,"comment_status":"closed","ping_status":"closed","template":"","meta":{"_acf_changed":false,"inline_featured_image":false,"footnotes":""},"folder":[],"class_list":["post-12501","page","type-page","status-publish","hentry"],"acf":[],"_links":{"self":[{"href":"https:\/\/luishesslaw.com\/es\/wp-json\/wp\/v2\/pages\/12501","targetHints":{"allow":["GET"]}}],"collection":[{"href":"https:\/\/luishesslaw.com\/es\/wp-json\/wp\/v2\/pages"}],"about":[{"href":"https:\/\/luishesslaw.com\/es\/wp-json\/wp\/v2\/types\/page"}],"author":[{"embeddable":true,"href":"https:\/\/luishesslaw.com\/es\/wp-json\/wp\/v2\/users\/8"}],"replies":[{"embeddable":true,"href":"https:\/\/luishesslaw.com\/es\/wp-json\/wp\/v2\/comments?post=12501"}],"version-history":[{"count":0,"href":"https:\/\/luishesslaw.com\/es\/wp-json\/wp\/v2\/pages\/12501\/revisions"}],"up":[{"embeddable":true,"href":"https:\/\/luishesslaw.com\/es\/wp-json\/wp\/v2\/pages\/1661"}],"wp:attachment":[{"href":"https:\/\/luishesslaw.com\/es\/wp-json\/wp\/v2\/media?parent=12501"}],"wp:term":[{"taxonomy":"folder","embeddable":true,"href":"https:\/\/luishesslaw.com\/es\/wp-json\/wp\/v2\/folder?post=12501"}],"curies":[{"name":"wp","href":"https:\/\/api.w.org\/{rel}","templated":true}]}}