{"id":12426,"date":"2022-03-28T17:20:53","date_gmt":"2022-03-28T17:20:53","guid":{"rendered":"https:\/\/luisfhesslaw.wpenginepowered.com\/leyes-de-inmigracion\/inmigracion-basada-en-la-familia\/visa-de-no-inmigrante-k-3\/"},"modified":"2022-11-29T14:57:27","modified_gmt":"2022-11-29T14:57:27","slug":"visa-de-no-inmigrante-k-3","status":"publish","type":"page","link":"https:\/\/luishesslaw.com\/es\/leyes-de-inmigracion\/inmigracion-basada-en-la-familia\/visa-de-no-inmigrante-k-3\/","title":{"rendered":"Visa de No Inmigrante (K-3)"},"content":{"rendered":"\n<p>La visa temporaria K-3 fue dise\u00f1ada para facilitar que los c\u00f3nyuges se re\u00fanan en los EE. UU. mientras esperan la aprobaci\u00f3n de la solicitud de visa de inmigrante de un c\u00f3nyuge extranjero. Esta visa permite que un c\u00f3nyuge extranjero ingrese a los EE. UU. y permanezca mientras la solicitud est\u00e1 pendiente en los Servicios de Ciudadan\u00eda e Inmigraci\u00f3n de los EE. UU. (USCIS). Los hijos de solicitantes de visa K-3 pueden ser elegibles para recibir una visa K-4.&#13;\n<\/p>\n\n<p>Una vez que el c\u00f3nyuge recibe una visa K-3, puede solicitar el Ajuste de estatus para convertirse en residente permanente legal. Si bien esto suena como una oportunidad prometedora, en realidad la visa K-3 solo puede agregar gastos y demoras al proceso de obtenci\u00f3n de una tarjeta verde. Un abogado con experiencia en inmigraci\u00f3n en el estudio jur\u00eddico de Prosperity Immigration Law podr\u00eda revisar su situaci\u00f3n para determinar si una visa K-3 ser\u00eda beneficiosa en su caso.&#13;\n<\/p>\n\n<h2 class=\"wp-block-heading\">\u00bfQui\u00e9n es elegible para una visa K-3?<\/h2>\n\n<p>Las visas K-3 solo est\u00e1n disponibles para los solicitantes que cumplan con requisitos espec\u00edficos. Ellos deben:&#13;\n<\/p>\n\n<ul class=\"wp-block-list\">\n<li>Be married to a U.S. citizen (spouses of green card holders are not eligible)<\/li>\n\n\n\n<li>Currently live outside the U.S.<\/li>\n\n\n\n<li>Have an immigrant petition (Form I-130)on file with USCIS but not yet granted<\/li>\n\n\n\n<li>Have a spouse that meets income requirements or a joint sponsor<\/li>\n<\/ul>\n\n<p>Si el c\u00f3nyuge que solicita una visa K-3 quiere obtener una visa K-4 para los hijos, ellos deben ser menores de 21 a\u00f1os y no estar casados.&#13;\n<\/p>\n\n<h2 class=\"wp-block-heading\">C\u00f3mo solicitar una visa K-3<\/h2>\n\n<p>Los solicitantes que cumplan con los requisitos para una visa K-3 deben hacer que su c\u00f3nyuge ciudadano presente un Formulario I-129F ante USCIS. (El formulario se titula \u201cPetici\u00f3n de Prometido Extranjero \u201d, aunque se usa para un c\u00f3nyuge en esta situaci\u00f3n). Si hay hijos que acompa\u00f1an al c\u00f3nyuge extranjero, se enumeran en el mismo formulario.&#13;\n<\/p>\n\n<p>En teor\u00eda, el USCIS aprueba la petici\u00f3n y la solicitud se traslada a la embajada o consulado de EE. UU. en el pa\u00eds de residencia del c\u00f3nyuge. Pero, en realidad, el USCIS suele tardar tanto en aprobar la solicitud de la visa temporaria K-3 como en aprobar la solicitudde inmigraci\u00f3n que el solicitante est\u00e1 esperando.&#13;\n<\/p>\n\n<h2 class=\"wp-block-heading\">Alternativas a la Visa K-3<\/h2>\n\n<p>Muchos abogados expertos en inmigraci\u00f3n recomiendan que en la mayor\u00eda de los casos los c\u00f3nyuges de ciudadanos estadounidenses busquen opciones distintas a la visa K-3 porque el USCIS tarda mucho en procesar las solicitudes. Una vez que el USCIS aprueba una solicitud de inmigraci\u00f3n, el solicitante puede pedir una visa a trav\u00e9s del proceso consular y luego ingresar al pa\u00eds con una visa permanente que lo hace elegible para una tarjeta verde. Si reciben una visa K-3, a\u00fan deben solicitar un ajuste de estatus para obtener una visa permanente una vez que lleguen.&#13;\n<\/p>\n\n<p>Si el USCIS aprueba la solicitud de inmigrante (I-130) antes que la de la visa temporaria(I-129F), entonces el organismo cierra el caso de visa temporaria y la tarifa de solicitud se desperdicia. El organismo contactar\u00e1 a la pareja con instrucciones para una visa permanente IR-1 o CR-1 para c\u00f3nyuges. La CR-1 es una visa condicional para c\u00f3nyuges casados durante menos de dos a\u00f1os. Despu\u00e9s de que el destinatario haya estado en los EE. UU. durante dos a\u00f1os, puede solicitar que se eliminen las condiciones y recibir una tarjeta de residente permanente est\u00e1ndar v\u00e1lida durante diez a\u00f1os.&#13;\n<\/p>\n\n<h2 class=\"wp-block-heading\">Hable con un abogado con experiencia en inmigraci\u00f3n para averiguar si se recomienda una visa K-3 en su situaci\u00f3n&#13;\n<\/h2>\n\n<p>Para algunas parejas, las visas K-3 y K-4 mantienen intacta a la familia en un momento cr\u00edtico y desafiante. Sin embargo, para muchas otras parejas, la espera de una visa K-3 resulta ser tan larga que el proceso es in\u00fatil. Un abogado dedicado a inmigraci\u00f3n en el estudio jur\u00eddico de Prosperity Immigration Law podr\u00eda ayudarle a determinar las mejores opciones para su situaci\u00f3n y guiarle a trav\u00e9s del proceso para alcanzar sus objetivos. P\u00f3ngase en contacto con nuestra estudio ahora para obtener m\u00e1s informaci\u00f3n.&#13;\n<\/p>\n","protected":false},"excerpt":{"rendered":"<p>La visa temporaria K-3 fue dise\u00f1ada para facilitar que los c\u00f3nyuges se re\u00fanan en los EE. UU. mientras esperan la aprobaci\u00f3n de&hellip;<\/p>\n","protected":false},"author":8,"featured_media":0,"parent":1544,"menu_order":0,"comment_status":"closed","ping_status":"closed","template":"","meta":{"_acf_changed":false,"inline_featured_image":false,"footnotes":""},"folder":[],"class_list":["post-12426","page","type-page","status-publish","hentry"],"acf":[],"_links":{"self":[{"href":"https:\/\/luishesslaw.com\/es\/wp-json\/wp\/v2\/pages\/12426","targetHints":{"allow":["GET"]}}],"collection":[{"href":"https:\/\/luishesslaw.com\/es\/wp-json\/wp\/v2\/pages"}],"about":[{"href":"https:\/\/luishesslaw.com\/es\/wp-json\/wp\/v2\/types\/page"}],"author":[{"embeddable":true,"href":"https:\/\/luishesslaw.com\/es\/wp-json\/wp\/v2\/users\/8"}],"replies":[{"embeddable":true,"href":"https:\/\/luishesslaw.com\/es\/wp-json\/wp\/v2\/comments?post=12426"}],"version-history":[{"count":0,"href":"https:\/\/luishesslaw.com\/es\/wp-json\/wp\/v2\/pages\/12426\/revisions"}],"up":[{"embeddable":true,"href":"https:\/\/luishesslaw.com\/es\/wp-json\/wp\/v2\/pages\/1544"}],"wp:attachment":[{"href":"https:\/\/luishesslaw.com\/es\/wp-json\/wp\/v2\/media?parent=12426"}],"wp:term":[{"taxonomy":"folder","embeddable":true,"href":"https:\/\/luishesslaw.com\/es\/wp-json\/wp\/v2\/folder?post=12426"}],"curies":[{"name":"wp","href":"https:\/\/api.w.org\/{rel}","templated":true}]}}