{"id":12400,"date":"2022-09-13T16:43:48","date_gmt":"2022-09-13T16:43:48","guid":{"rendered":"https:\/\/luisfhesslaw.wpenginepowered.com\/inmigracion-basada-en-inversiones\/"},"modified":"2022-11-15T09:15:40","modified_gmt":"2022-11-15T09:15:40","slug":"inmigracion-basada-en-inversiones","status":"publish","type":"page","link":"https:\/\/luishesslaw.com\/es\/inmigracion-basada-en-inversiones\/","title":{"rendered":"Inmigraci\u00f3n basada en inversiones"},"content":{"rendered":"\n<p><span style=\"font-weight: 400;\">Si usted tiene la capacidad de crear oportunidades de empleo en los Estados Unidos con una dada inversi\u00f3n de recursos, entonces tiene opciones para solicitar la <\/span><a href=\"https:\/\/luishesslaw.com\/es\/visa\/\"><span style=\"font-weight: 400;\">visas para inversionistas <\/span><\/a><span style=\"font-weight: 400;\">que le permitan vivir y trabajar en los Estados Unidos indefinidamente.<\/span><\/p>\n\n<p>Los requisitos para los diferentes tipos de visas var\u00edan y est\u00e1n sujetos a cambios en cualquier momento. Para asegurarse de que est\u00e1 solicitando el tipo correcto de visa y que demuestra sus calificaciones sin lugar a duda, es \u00fatil trabajar con un abogado experto en inmigraci\u00f3n que comprenda el proceso. En Luis F. Hess, PLLC, nuestro experto equipo de abogados sabe c\u00f3mo ayudarle a evitar errores comunes que conducen a demoras o denegaciones innecesarias en el proceso de tramitaci\u00f3n de la visa.&#13;\n<\/p>\n\n<h2 class=\"wp-block-heading\">Descripci\u00f3n general de las visas para inversionista<\/h2>\n\n<p><span style=\"font-weight: 400;\">Para la mayor\u00eda de los inversionistas interesados en adquirir una visa, las mejores opciones son la <\/span><a href=\"https:\/\/luishesslaw.com\/es\/visa\/visas-de-negocios\/preferencias-de-visas-eb\/visa-eb-5-inmigrante-inversionista\/\"><span style=\"font-weight: 400;\">visa de Inversionista EB-5 <\/span><\/a><span style=\"font-weight: 400;\">o la <\/span><a href=\"https:\/\/luishesslaw.com\/es\/visa\/visas-de-negocios\/visa-e-2-inversionista-extranjero\/\"><span style=\"font-weight: 400;\">visa de Inversionista seg\u00fan Tratado E-2 <\/span><\/a><span style=\"font-weight: 400;\">. La visa EB-5 es una visa de inmigrante permanente que le permite obtener una tarjeta verde como residente permanente legal de los EE. UU. Su c\u00f3nyuge e hijos solteros tambi\u00e9n son elegibles para una tarjeta verde.<\/span><\/p>\n\n<p>Si bien la visa E-2 es solo una visa temporaria, se puede renovar indefinidamente y ofrece muchas de las ventajas de una visa EB-5 con un umbral de inversi\u00f3n m\u00e1s bajo. Los inversionistas con una visa E-2 eventualmente podr\u00e1n ajustar su estatus a residente permanente.&#13;\n<\/p>\n\n<p><span style=\"font-weight: 400;\">Si actualmente no cumple con los requisitos para ninguno de estos tipos de visa, un abogado experto en inmigraci\u00f3n podr\u00eda revisar sus otras opciones y guiarle por el mejor camino hacia la inmigraci\u00f3n. Por ejemplo, si tiene ciertas habilidades, puede solicitar una <\/span><a href=\"https:\/\/luishesslaw.com\/es\/visa\/visas-de-negocios\/preferencias-de-visas-eb\/visa-eb-2grado-avanzado-o-habilidad-excepcional\/\"><span style=\"font-weight: 400;\">visa de empleo EB-2 <\/span><\/a><span style=\"font-weight: 400;\">con una Exenci\u00f3n de inter\u00e9s nacional para que pueda pasar por alto la Certificaci\u00f3n laboral y otros requisitos.<\/span><\/p>\n\n<h2 class=\"wp-block-heading\">Requisitos para la Visa de Inversionista Inmigrante EB-5<\/h2>\n\n<p>Para calificar para una visa EB-5, un inversionista comercial debe invertir al menos $ 1.000.000 en una empresa comercial en los EE. UU., aunque la inversi\u00f3n exigida puede reducirse a $ 500.000 si la inversi\u00f3n se realiza en un \u00ab\u00e1rea de empleo espec\u00edfica\u00bb. El monto de la inversi\u00f3n requerido ha cambiado en varios momentos bas\u00e1ndose en  que est\u00e1 la legislaci\u00f3n, la regulaci\u00f3n y las sentencias judiciales, por lo que es importante verificar las actualizaciones m\u00e1s recientes.&#13;\n<\/p>\n\n<p>Junto con esa inversi\u00f3n m\u00ednima, el solicitante debe crear al menos diez nuevos puestos de trabajo a tiempo completo. Si invierte en un negocio que est\u00e1 \u00aben problemas\u00bb, es posible que su inversi\u00f3n solo sea la necesaria para retener a los empleados existentes siempre que pueda demostrar que esos trabajos durar\u00e1n un m\u00ednimo de dos a\u00f1os. Una empresa se considera \u201cen problemas\u201d si tiene una p\u00e9rdida neta del 20% del valor neto durante un cierto per\u00edodo de tiempo.&#13;\n<\/p>\n\n<p>Cualquier empresa creada despu\u00e9s del 29 de noviembre de 1990 es elegible. Su empresa tambi\u00e9n calificar\u00e1 si es m\u00e1s antigua que esta fecha, pero recientemente pas\u00f3 por una reestructuraci\u00f3n para crear una empresa completamente nueva o si su inversi\u00f3n hace que la empresa se expanda en al menos un 40% en t\u00e9rminos de valor neto o personal.&#13;\n<\/p>\n\n<p>Para calificar, para esta visa su inversi\u00f3n debe ser en forma de equipo, financiaci\u00f3n o alg\u00fan otro activo similar que cumpla con los requisitos legales vigentes. Si tiene deudas garantizadas por garant\u00edas de su propiedad, esto tambi\u00e9n le califica para solicitarla. Un abogado experto en inmigraci\u00f3n que comprenda los requisitos de la visa puede ayudarle a preparar proyectos que satisfagan todos los requisitos.&#13;\n<\/p>\n\n<h2 class=\"wp-block-heading\">Excepciones al Requisito de Inversi\u00f3n M\u00ednima<\/h2>\n\n<p>En la mayor\u00eda de los casos, usted debe invertir al menos $ 1..000.000 en una empresa comercial para calificar para la visa de inversionista EB-5. Sin embargo, existen algunas excepciones. La primera excepci\u00f3n es para los inversionistas que invierten en \u00e1reas con problemas econ\u00f3micos.&#13;\n<\/p>\n\n<p>Por ejemplo, un inversionista que trabaje en una zona rural con una poblaci\u00f3n peque\u00f1a y desfavorecida podr\u00eda invertir potencialmente $500.000 y aun as\u00ed calificar. Para esta visa&#13;\n<\/p>\n\n<p>Otra excepci\u00f3n a este requisito es para los inversores que puedan demostrar que el \u00e1rea en la que est\u00e1n invirtiendo tiene un alto nivel de desempleo. Para calificar en estas situaciones, el \u00e1rea debe estar al 150% del promedio de desempleo a nivel nacional. Adem\u00e1s, solo puede confiar en las fuentes de datos del gobierno para probar esta afirmaci\u00f3n.&#13;\n<\/p>\n\n<p>Otra excepci\u00f3n a esta regla es para aquellos que eligen invertir en centros regionales. Los centros regionales son empresas de inversi\u00f3n que el Servicio de Ciudadan\u00eda e Inmigraci\u00f3n de los EE. UU. (USCIS) u otra entidad gubernamental ha autorizado para aquellos que buscan una tarjeta verde EB-5. En su sitio web, el USCIS mantiene una lista de centros regionales aprobados.&#13;\n<\/p>\n\n<h2 class=\"wp-block-heading\">Requisitos para la Visa de Inversionista por el Tratado E-2<\/h2>\n\n<p>Los inversores de un pa\u00eds con el que EE. UU. tiene un tratado comercial pueden solicitar una visa de inversor en base al tratado E-2 que les permite permanecer en EE. UU. durante dos a\u00f1os, aunque pueden solicitar una renovaci\u00f3n. Deben invertir una cantidad \u00absustancial\u00bb de dinero en una empresa estadounidense \u00abde buena fe\u00bb e ingresar a los EE. UU. para dirigir el desarrollo de la empresa. Esencialmente, los inversores demuestran su participaci\u00f3n cuando  son due\u00f1os al menos el 50% de la empresa o ocupan un puesto gerencial en la empresa.&#13;\n<\/p>\n\n<p>Una inversi\u00f3n se considera \u201csustancial\u201d si:<\/p>\n\n<ul class=\"wp-block-list\">\n<li>Shows the investor\u2019s financial commitment to the success of the enterprise<\/li>\n\n\n\n<li>Supports the likelihood that the investor will succeed in developing the enterprise<\/li>\n\n\n\n<li>Is substantial related to the cost of purchasing an established enterprise or creating a new one.\u00a0<\/li>\n<\/ul>\n\n<p>En general, cuanto menor sea el costo del negocio, m\u00e1s deber\u00e1 invertir para que su inversi\u00f3n sea considerada como \u00absustancial\u00bb.&#13;\n<\/p>\n\n<h2 class=\"wp-block-heading\">Obtenga ayuda del Estudio Jur\u00eddico de Luis F. Hess, PLLC., en Texas<\/h2>\n\n<p><span style=\"font-weight: 400;\">Cuando busca la soluci\u00f3n para la inmigraci\u00f3n adecuada basada en las inversiones, debe sentirse seguro de que el estudio de abogados que ha elegido tiene la habilidad y la experiencia para guiarle a trav\u00e9s del proceso. Los abogados de Luis F. Hess, PLLC. saben c\u00f3mo guiar a sus clientes hacia resoluciones exitosas. Si necesita un abogado especializado en leyes de inmigraci\u00f3n, llame a Luis F. Hess, PLLC., en Texas, al (281) 984-5294 para comenzar hoy mismo.<\/span><\/p>\n","protected":false},"excerpt":{"rendered":"<p>Si usted tiene la capacidad de crear oportunidades de empleo en los Estados Unidos con una dada inversi\u00f3n de recursos, entonces tiene&hellip;<\/p>\n","protected":false},"author":8,"featured_media":0,"parent":0,"menu_order":0,"comment_status":"closed","ping_status":"closed","template":"","meta":{"_acf_changed":false,"inline_featured_image":false,"footnotes":""},"folder":[],"class_list":["post-12400","page","type-page","status-publish","hentry"],"acf":[],"_links":{"self":[{"href":"https:\/\/luishesslaw.com\/es\/wp-json\/wp\/v2\/pages\/12400","targetHints":{"allow":["GET"]}}],"collection":[{"href":"https:\/\/luishesslaw.com\/es\/wp-json\/wp\/v2\/pages"}],"about":[{"href":"https:\/\/luishesslaw.com\/es\/wp-json\/wp\/v2\/types\/page"}],"author":[{"embeddable":true,"href":"https:\/\/luishesslaw.com\/es\/wp-json\/wp\/v2\/users\/8"}],"replies":[{"embeddable":true,"href":"https:\/\/luishesslaw.com\/es\/wp-json\/wp\/v2\/comments?post=12400"}],"version-history":[{"count":0,"href":"https:\/\/luishesslaw.com\/es\/wp-json\/wp\/v2\/pages\/12400\/revisions"}],"wp:attachment":[{"href":"https:\/\/luishesslaw.com\/es\/wp-json\/wp\/v2\/media?parent=12400"}],"wp:term":[{"taxonomy":"folder","embeddable":true,"href":"https:\/\/luishesslaw.com\/es\/wp-json\/wp\/v2\/folder?post=12400"}],"curies":[{"name":"wp","href":"https:\/\/api.w.org\/{rel}","templated":true}]}}