{"id":12398,"date":"2022-05-02T18:46:36","date_gmt":"2022-05-02T18:46:36","guid":{"rendered":"https:\/\/luisfhesslaw.wpenginepowered.com\/leyes-de-inmigracion\/inmigracion-basada-en-el-empleo\/visa-de-dependiente-h-4-2\/"},"modified":"2022-11-15T09:09:59","modified_gmt":"2022-11-15T09:09:59","slug":"visa-de-dependiente-h-4-2","status":"publish","type":"page","link":"https:\/\/luishesslaw.com\/es\/leyes-de-inmigracion\/inmigracion-basada-en-el-empleo\/visa-de-dependiente-h-4-2\/","title":{"rendered":"Visa de dependiente H-4"},"content":{"rendered":"\n<p>Los c\u00f3nyuges e hijos dependientes de trabajadores con visas tipo H a menudo son elegibles para recibir una visa dependiente H-4 para ingresar y vivir en los Estados Unidos. Algunos titulares de visas H-4 tambi\u00e9n pueden solicitar una autorizaci\u00f3n de trabajo.&#13;\n<\/p>\n\n<p>Las autoridades de inmigraci\u00f3n de EE. UU. recomiendan que ,si es posible los miembros de la familia que buscan una visa H-4 como dependientes presenten la solicitud al mismo tiempo que el trabajador solicita la visa H,. Eso significa que es importante saber desde el principio c\u00f3mo demostrar su elegibilidad. Para evitar errores que podr\u00edan causar demoras o la denegaci\u00f3n de una solicitud de visa H-4, mucha gente opta por trabajar con un abogado con experiencia en inmigraci\u00f3n.&#13;\n<\/p>\n\n<p>En Luis F. Hess, PLLC, entendemos lo importante que es mantener unida a su familia. Trabajamos arduamente para ayudar a los clientes a obtener las visas que se ajusten a sus necesidades individuales con la menor demora posible.&#13;\n<\/p>\n\n<h2 class=\"wp-block-heading\">\u00bfQui\u00e9n es elegible para una visa H-4 y una autorizaci\u00f3n de trabajo?<\/h2>\n\n<p>Para recibir una visa de dependiente H-4, debe ser c\u00f3nyuge o hijo de alguien que ya tiene o est\u00e1 solicitando una de las visas temporaria tipo H para trabajar en los EE. UU. Los hijos deben ser solteros y menores de 21 a\u00f1os para poder aspirar a esta visa&#13;\n<\/p>\n\n<p>Las categor\u00edas de visa H aplicables incluyen visas H1-B para trabajadores en ocupaciones especiales que requieren un t\u00edtulo espec\u00edfico, visas H-2A y H-2B para trabajadores agr\u00edcolas y no agr\u00edcolas temporarios y visas H-3 para personas que vienen a los EE. A educarse.&#13;\n<\/p>\n\n<h2 class=\"wp-block-heading\">Factores a saber sobre la visa H-4<\/h2>\n\n<p>Una visa H-4 est\u00e1 estrechamente ligada a la visa del trabajador principal. Ambas visas se otorgar\u00e1n por el mismo per\u00edodo de tiempo. Si se extiende la visa del trabajador principal, la visa de dependiente generalmente se extender\u00e1 para que coincida. Sin embargo, si el trabajo se cancela y el trabajador principal pierde su estatus, el titular de la visa H-4 dependiente tambi\u00e9n lo pierde.&#13;\n<\/p>\n\n<h2 class=\"wp-block-heading\">Entrevistas para una Visa H-4<\/h2>\n\n<p>La mayor\u00eda de los solicitantes deber\u00e1n pasar por una entrevista con los funcionarios de inmigraci\u00f3n de los EE. UU. antes de recibir una visa H-4. Generalmente, se le har\u00e1n preguntas dise\u00f1adas para verificar la validez de su relaci\u00f3n matrimonial para probar que su solicitud no es fraudulenta. Cualquier indicio de fraude no solo podr\u00eda causar que se rechace su solicitud, sino que tambi\u00e9n podr\u00eda afectar su capacidad para obtener una visa en el futuro, por lo que es importante ser sincero. Un abogado con experiencia en inmigraci\u00f3n podr\u00eda revisar los tipos de preguntas que puede esperar y las respuestas que mejor demuestren su elegibilidad sin hacer declaraciones que puedan malinterpretarse.&#13;\n<\/p>\n\n<h2 class=\"wp-block-heading\">\u00bfCu\u00e1ndo puede recibir usted una autorizaci\u00f3n de trabajo con una visa H-4?<\/h2>\n\n<p>Solo los c\u00f3nyuges de ciertos titulares de visas H pueden solicitar una autorizaci\u00f3n de empleo. Espec\u00edficamente, los c\u00f3nyuges dependientes de los titulares de una visa de no inmigrante H-1B pueden solicitar autorizaci\u00f3n para trabajar en los EE. Bas\u00e1ndose ciertas provisiones de la Ley Americana de Competitividad en la Ley del Siglo (Acta 2020 (modificada). Deben recibir un Documento de Autorizaci\u00f3n del Formulario I-766 antes de comenzar a trabajar.&#13;\n<\/p>\n\n<h2 class=\"wp-block-heading\">Consulte a un abogado experto en inmigraci\u00f3n para obtener ayuda con una visa H-4<\/h2>\n\n<p>Una visa H-4 ofrece una maravillosa oportunidad para que las familias vivan juntas en los EE. UU. mientras el titular de la visa est\u00e1 trabajando aqu\u00ed. Para algunos, estas visas temporarias pueden ayudar a acortar el camino hacia la inmigraci\u00f3n permanente. Sin embargo, debe tener cuidado con toda la informaci\u00f3n enviada a las autoridades de inmigraci\u00f3n. Para proteger mejor todas sus oportunidades ahora y en el futuro, hable con un abogado experto en inmigraci\u00f3n con experiencia en Luis F. Hess, PLLC para averiguar c\u00f3mo podemos ayudarle.&#13;\n<\/p>\n","protected":false},"excerpt":{"rendered":"<p>Los c\u00f3nyuges e hijos dependientes de trabajadores con visas tipo H a menudo son elegibles para recibir una visa dependiente H-4 para&hellip;<\/p>\n","protected":false},"author":8,"featured_media":0,"parent":9768,"menu_order":0,"comment_status":"closed","ping_status":"closed","template":"","meta":{"_acf_changed":false,"inline_featured_image":false,"footnotes":""},"folder":[],"class_list":["post-12398","page","type-page","status-publish","hentry"],"acf":[],"_links":{"self":[{"href":"https:\/\/luishesslaw.com\/es\/wp-json\/wp\/v2\/pages\/12398","targetHints":{"allow":["GET"]}}],"collection":[{"href":"https:\/\/luishesslaw.com\/es\/wp-json\/wp\/v2\/pages"}],"about":[{"href":"https:\/\/luishesslaw.com\/es\/wp-json\/wp\/v2\/types\/page"}],"author":[{"embeddable":true,"href":"https:\/\/luishesslaw.com\/es\/wp-json\/wp\/v2\/users\/8"}],"replies":[{"embeddable":true,"href":"https:\/\/luishesslaw.com\/es\/wp-json\/wp\/v2\/comments?post=12398"}],"version-history":[{"count":0,"href":"https:\/\/luishesslaw.com\/es\/wp-json\/wp\/v2\/pages\/12398\/revisions"}],"up":[{"embeddable":true,"href":"https:\/\/luishesslaw.com\/es\/wp-json\/wp\/v2\/pages\/9768"}],"wp:attachment":[{"href":"https:\/\/luishesslaw.com\/es\/wp-json\/wp\/v2\/media?parent=12398"}],"wp:term":[{"taxonomy":"folder","embeddable":true,"href":"https:\/\/luishesslaw.com\/es\/wp-json\/wp\/v2\/folder?post=12398"}],"curies":[{"name":"wp","href":"https:\/\/api.w.org\/{rel}","templated":true}]}}