{"id":12383,"date":"2022-05-16T17:50:55","date_gmt":"2022-05-16T17:50:55","guid":{"rendered":"https:\/\/luisfhesslaw.wpenginepowered.com\/leyes-de-inmigracion\/inmigracion-basada-en-el-empleo\/visa-h-1b1-2\/"},"modified":"2022-11-02T15:02:09","modified_gmt":"2022-11-02T15:02:09","slug":"visa-h-1b1","status":"publish","type":"page","link":"https:\/\/luishesslaw.com\/es\/leyes-de-inmigracion\/inmigracion-basada-en-el-empleo\/visa-h-1b1\/","title":{"rendered":"Visa H-1B1"},"content":{"rendered":"\n<p>Los acuerdos de libre comercio que Estados Unidos hizo con Chile y Singapur permiten a los empleadores en los EE. UU. contratar trabajadores de Chile y Singapur para determinadas ocupaciones. La visa H-1B1 se cre\u00f3 solo para estos empleados.\r\n<\/p>\n\n\n\n<p>Si bien estas visas ofrecen enormes oportunidades, tienen restricciones muy espec\u00edficas. Adem\u00e1s, debido a que estas visas a menudo se pueden renovar indefinidamente, el gobierno requiere que los solicitantes demuestren que no tienen la intenci\u00f3n de emigrar a los EE. UU. de forma permanente. A los solicitantes que no presenten la evidencia apropiada se les negar\u00e1 la visa H-1B1.\r\n<\/p>\n\n\n\n<p>Por esa raz\u00f3n, es posible que considere trabajar con un abogado con experiencia en inmigraci\u00f3n cuando presente una solicitud para una visa H-1B1. El experto equipo de Luis F. Hess, PLLC puede ayudarle a demostrar que usted cumple con lo requisitos y evitar errores que podr\u00edan retrasar o denegar su solicitud.\r\n<\/p>\n\n\n\n<h2 class=\"wp-block-heading\">Trabajadores elegibles para una visa H-1B1<\/h2>\n\n\n\n<p>Dado que estas visas se asignan a trabajadores de Chile y Singapur, la prueba de ciudadan\u00eda de uno de esos pa\u00edses es un requisito esencial. Los solicitantes tambi\u00e9n deben demostrar que tienen un t\u00edtulo postsecundario que represente al menos cuatro a\u00f1os de estudio en el campo de su especializaci\u00f3n.\r\n<\/p>\n\n\n\n<p>Para obtener una visa H-1B1, el solicitante debe venir a los EE. UU. para trabajar para un empleador de los EE. UU. en una \u201cocupaci\u00f3n especial\u201d. Este ser\u00eda un trabajo que requiere la aplicaci\u00f3n tanto te\u00f3rica como pr\u00e1ctica de conocimientos muy especializados. Como ejemplos, el Departamento de Trabajo de los EE. UU. se\u00f1ala que los ingenieros, los programadores de computadoras, los m\u00e9dicos, los maestros y los fisioterapeutas son elegibles para trabajar con una visa H-1B1. Los trabajadores deben ser contratados por un empleador estadounidense; no pueden trabajar como aut\u00f3nomos.\r\n<\/p>\n\n\n\n<h2 class=\"wp-block-heading\">Limitaciones de la Visa H-1B1<\/h2>\n\n\n\n<p>Muchas de las mismas reglas que rigen para a la visa H-1B tambi\u00e9n se aplican a la visa H-1B1, pero existen diferencias clave. Las limitaciones de la visa H-1B1 incluyen:\r\n<\/p>\n\n\n\n<ul class=\"wp-block-list\">\n<li>Solo 1.400 trabajadores de Chile podr\u00e1n recibir cada a\u00f1o esta visa <\/li>\n\n\n\n<li>Solo 5.400 trabajadores de Singapur pueden recibir cada a\u00f1o esta visa <\/li>\n\n\n\n<li>La visa se otorga por un solo a\u00f1o. Los titulares de estasvisas pueden recibir dos extensiones de un a\u00f1o, y m\u00e1s extensiones est\u00e1n disponibles indefinidamente si el empleador presenta una nueva Solicitud de su condici\u00f3n laboral ante el Departamento de Trabajo.\r\n<\/li>\n\n\n\n<li>Los solicitantes deben demostrar la intenci\u00f3n de regresar a su pa\u00eds de origen.<\/li>\n\n\n\n<li>Los trabajadores con una visa H-1B1 no pueden cambiar de empleador de igual manera que los trabajadores con una visa H-1B.\r\n<\/li>\n<\/ul>\n\n\n\n<p>Un elemento clave que distingue la visa H-1B1 de la visa H-1B es que los solicitantes de una visa H-1B1 no pueden ingresar a los EE. UU. con una \u00abdoble intenci\u00f3n\u00bb. Los empleados H-1B pueden venir a los EE. UU. con la intenci\u00f3n de trabajar temporalmente con una visa de no inmigrante mientras buscan inmigrar. Los titulares de la visa H-1B1 deben demostrar de manera concluyente que no tienen la intenci\u00f3n de inmigrar.\r\n<\/p>\n\n\n\n<p>Una vez que un trabajador tiene una oferta de empleo detallada y una Solicitud de su Condici\u00f3n Laboral certificada por el Departamento de Trabajo, puede presentar una solicitud y documentaci\u00f3n probatoria en el consulado de los EE. UU. de su pa\u00eds de origen.\r\n<\/p>\n\n\n\n<h2 class=\"wp-block-heading\">Asistencia para la Visa H-1B1 para Trabajadores o para Visas Derivadas para C\u00f3nyuges e Hijos\r\n<\/h2>\n\n\n\n<p>Los abogados expertos en inmigraci\u00f3n de Luis F. Hess, PLLC ayudan con frecuencia a los trabajadores de Chile y Singapur a obtener sus visas H-1B1, as\u00ed como las visas H-4 para c\u00f3nyuges dependientes e hijos menores. La orientaci\u00f3n legal profesional no solo le ayuda a evitar muchas trampas comunes, sino que tambi\u00e9n le brinda m\u00e1s opciones de asistencia si surge un problema durante el proceso de solicitud o revisi\u00f3n.\r\n<\/p>\n\n\n\n<p>Hable hoy con los abogados expertos en inmigraci\u00f3n de Luis F. Hess para saber c\u00f3mo podemos ayudarle con su solicitud de visa.\r\n<\/p>\n","protected":false},"excerpt":{"rendered":"<p>Los acuerdos de libre comercio que Estados Unidos hizo con Chile y Singapur permiten a los empleadores en los EE. UU. contratar&hellip;<\/p>\n","protected":false},"author":8,"featured_media":0,"parent":9768,"menu_order":0,"comment_status":"closed","ping_status":"closed","template":"","meta":{"_acf_changed":false,"inline_featured_image":false,"footnotes":""},"folder":[],"class_list":["post-12383","page","type-page","status-publish","hentry"],"acf":[],"_links":{"self":[{"href":"https:\/\/luishesslaw.com\/es\/wp-json\/wp\/v2\/pages\/12383","targetHints":{"allow":["GET"]}}],"collection":[{"href":"https:\/\/luishesslaw.com\/es\/wp-json\/wp\/v2\/pages"}],"about":[{"href":"https:\/\/luishesslaw.com\/es\/wp-json\/wp\/v2\/types\/page"}],"author":[{"embeddable":true,"href":"https:\/\/luishesslaw.com\/es\/wp-json\/wp\/v2\/users\/8"}],"replies":[{"embeddable":true,"href":"https:\/\/luishesslaw.com\/es\/wp-json\/wp\/v2\/comments?post=12383"}],"version-history":[{"count":0,"href":"https:\/\/luishesslaw.com\/es\/wp-json\/wp\/v2\/pages\/12383\/revisions"}],"up":[{"embeddable":true,"href":"https:\/\/luishesslaw.com\/es\/wp-json\/wp\/v2\/pages\/9768"}],"wp:attachment":[{"href":"https:\/\/luishesslaw.com\/es\/wp-json\/wp\/v2\/media?parent=12383"}],"wp:term":[{"taxonomy":"folder","embeddable":true,"href":"https:\/\/luishesslaw.com\/es\/wp-json\/wp\/v2\/folder?post=12383"}],"curies":[{"name":"wp","href":"https:\/\/api.w.org\/{rel}","templated":true}]}}