{"id":12178,"date":"2022-05-16T17:48:01","date_gmt":"2022-05-16T17:48:01","guid":{"rendered":"https:\/\/luisfhesslaw.wpenginepowered.com\/visa\/visas-de-negocios\/visa-de-estudiante-f-1\/"},"modified":"2022-06-17T08:11:52","modified_gmt":"2022-06-17T08:11:52","slug":"visa-de-estudiante-f-1","status":"publish","type":"page","link":"https:\/\/luishesslaw.com\/es\/visa\/visas-de-negocios\/visa-de-estudiante-f-1\/","title":{"rendered":"Visa de Estudiante F-1"},"content":{"rendered":"\n<p>Una visa de estudiante F-1 ofrece a los estudiantes internacionales y sus familias la oportunidad de vivir legalmente en los Estados Unidos mientras estudian en muchos tipos diferentes de instituciones acad\u00e9micas aprobadas. Algunos estudiantes pueden ser elegibles para trabajar en trabajos espec\u00edficos mientras est\u00e1n en los EE. UU. con una visa F-1.<\/p>\n\n<p>Para recibir una visa F-1, los solicitantes deben estar preparados para demostrar que cumplen con los requisitos. Debido a que una visa F-1 es una visa  de no inmigrante transitoria , los solicitantes deben mostrar conexiones con su pa\u00eds de origen y la intenci\u00f3n de regresar. Cualquier indicio de que una visa de estudiante se est\u00e1 utilizando de manera fraudulenta podr\u00eda hacer que las autoridades rechacen la solicitud. Para evitar problemas, muchos solicitantes de esta visa contratan a un abogado con experiencia para que los ayude en el proceso de solicitud o para que los represente si surge un problema.<\/p>\n\n<p>Los experimentados abogados en inmigraci\u00f3n de Luis F. Hess, PLLC, saben c\u00f3mo ayudar a los solicitantes a obtener visas y a evitar los escollos comunes que pueden causar demoras o denegaciones. Trabajamos arduamente para asegurar que nuestros clientes alcancen sus objetivos.<\/p>\n\n<h2 class=\"wp-block-heading\">Elegibilidad para una Visa F-1<\/h2>\n\n<p>La visa F-1 es para estudiantes que siguen estudios acad\u00e9micos en los EE. UU. Los estudiantes que desean venir a los EE. UU. para estudiar a trav\u00e9s de un programa vocacional no acad\u00e9mico solicitan un tipo diferente de visa. Para calificar para una visa F-1, el solicitante debe:<\/p>\n\n<ul class=\"wp-block-list\"><li>Vivir fuera de los EE. UU. y mantener v\u00ednculos significativos con el pa\u00eds de origen<\/li><li>Hablar bien ingl\u00e9s o estar inscrito en cursos de ingl\u00e9s.<\/li><li>Tener prueba de apoyo monetario suficiente para pagar los estudios en los EE. UU.<\/li><li>Inscribirse como estudiante de tiempo completo<\/li><li>Ser aceptado en un programa en una instituci\u00f3n acad\u00e9mica aprobada por El Programa de Visitantes de Estudiantes e Intercambio (SEVP, por sus siglas en ingl\u00e9s). Las escuelas aprobadas incluyen no solo colegios, universitarios sino tambi\u00e9n escuelas primarias y secundarias, seminarios y otras instituciones.<\/li><\/ul>\n\n<p>Adem\u00e1s, como se indic\u00f3 anteriormente, el estudiante que se postula para esta visa debe demostrar conexiones con el pa\u00eds de origen que demuestren la intenci\u00f3n de regresar despu\u00e9s de completar los estudios.<\/p>\n\n<h2 class=\"wp-block-heading\">El Proceso de la visa F-1<\/h2>\n\n<p>La inscripci\u00f3n en una escuela del SEVP comienza incorporando al estudiante al Sistema de Informaci\u00f3n de Estudiantes y Visitantes de Intercambio (SEVIS). El estudiante deber\u00e1 pagar la tarifa del SEVIS y luego la escuela emitir\u00e1 un Formulario I-20 que confirma la inscripci\u00f3n y la elegibilidad para una visa F-1. Es imprescindible conservar una copia de este formulario.<\/p>\n\n<p>Los siguientes pasos en el proceso var\u00edan un poco de acuerdo con las reglas de la embajada o consulado local de los EE. UU. Generalmente, un estudiante debe completar el formulario DS-160 detallado, pagar las tarifas requeridas y programar una entrevista en la embajada o consulado de su pa\u00eds de origen.<\/p>\n\n<p>En la entrevista, los funcionarios de inmigraci\u00f3n revisar\u00e1n la solicitud y la evidencia de respaldo y har\u00e1n preguntas sobre esa evidencia. Es importante responder a las preguntas de forma veraz y completa.<\/p>\n\n<h2 class=\"wp-block-heading\">Descubra c\u00f3mo un abogado experto en visas de estudiantes podr\u00eda ayudarle con el proceso<\/h2>\n\n<p>Recientemente, el margen de tiempo que tiene un estudiante para solicitar una visa de estudiante se ha acortado recientemente, por lo que es esencial tener la documentaci\u00f3n y otros requisitos debidamente cumplimentados para evitar demoras que podr\u00edan causar estragos en su calendario acad\u00e9mico. Cuando trabaja con un abogado con experiencia en visas de estudiante de Luis F. Hess, PLLC, su asesor legal puede ayudarle a garantizar que se completen todos los requisitos y que tenga documentaci\u00f3n persuasiva para demostrar que cumple con los requisitos y no tiene intenciones fraudulentas. Cont\u00e1ctenos ahora para programar una consulta.<\/p>\n","protected":false},"excerpt":{"rendered":"<p>Una visa de estudiante F-1 ofrece a los estudiantes internacionales y sus familias la oportunidad de vivir legalmente en los Estados Unidos&hellip;<\/p>\n","protected":false},"author":8,"featured_media":0,"parent":1552,"menu_order":0,"comment_status":"closed","ping_status":"closed","template":"","meta":{"_acf_changed":false,"inline_featured_image":false,"footnotes":""},"folder":[],"class_list":["post-12178","page","type-page","status-publish","hentry"],"acf":[],"_links":{"self":[{"href":"https:\/\/luishesslaw.com\/es\/wp-json\/wp\/v2\/pages\/12178","targetHints":{"allow":["GET"]}}],"collection":[{"href":"https:\/\/luishesslaw.com\/es\/wp-json\/wp\/v2\/pages"}],"about":[{"href":"https:\/\/luishesslaw.com\/es\/wp-json\/wp\/v2\/types\/page"}],"author":[{"embeddable":true,"href":"https:\/\/luishesslaw.com\/es\/wp-json\/wp\/v2\/users\/8"}],"replies":[{"embeddable":true,"href":"https:\/\/luishesslaw.com\/es\/wp-json\/wp\/v2\/comments?post=12178"}],"version-history":[{"count":0,"href":"https:\/\/luishesslaw.com\/es\/wp-json\/wp\/v2\/pages\/12178\/revisions"}],"up":[{"embeddable":true,"href":"https:\/\/luishesslaw.com\/es\/wp-json\/wp\/v2\/pages\/1552"}],"wp:attachment":[{"href":"https:\/\/luishesslaw.com\/es\/wp-json\/wp\/v2\/media?parent=12178"}],"wp:term":[{"taxonomy":"folder","embeddable":true,"href":"https:\/\/luishesslaw.com\/es\/wp-json\/wp\/v2\/folder?post=12178"}],"curies":[{"name":"wp","href":"https:\/\/api.w.org\/{rel}","templated":true}]}}