{"id":12171,"date":"2021-10-28T06:06:58","date_gmt":"2021-10-28T06:06:58","guid":{"rendered":"https:\/\/luisfhesslaw.wpenginepowered.com\/visa\/visa-de-turista-de-placer-b-2\/"},"modified":"2022-06-10T18:46:50","modified_gmt":"2022-06-10T18:46:50","slug":"visa-de-turista-de-placer-b-2","status":"publish","type":"page","link":"https:\/\/luishesslaw.com\/es\/visa\/visa-de-turista-de-placer-b-2\/","title":{"rendered":"Visa de turista de placer B-2"},"content":{"rendered":"<p><img loading=\"lazy\" decoding=\"async\" src=\"https:\/\/luishesslaw.com\/wp-content\/uploads\/2021\/10\/blue-passport-and-law-gavel-on-usa-flag-background-2021-08-28-12-04-07-utc.jpg\" sizes=\"auto, (max-width: 800px) 100vw, 800px\" srcset=\"https:\/\/luishesslaw.com\/wp-content\/uploads\/2021\/10\/blue-passport-and-law-gavel-on-usa-flag-background-2021-08-28-12-04-07-utc.jpg 800w, https:\/\/luishesslaw.com\/wp-content\/uploads\/2021\/10\/blue-passport-and-law-gavel-on-usa-flag-background-2021-08-28-12-04-07-utc-300x176.jpg 300w, https:\/\/luishesslaw.com\/wp-content\/uploads\/2021\/10\/blue-passport-and-law-gavel-on-usa-flag-background-2021-08-28-12-04-07-utc-768x451.jpg 768w\" alt=\"B-2 Visa Attorney in The Woodlands, Texas\" width=\"800\" height=\"470\" \/><\/p>\n<p><span style=\"font-weight: 400;\">Ingresar a los EE. UU. a trav\u00e9s de una visa B-2<\/span><\/p>\n<p><span style=\"font-weight: 400;\">Para una persona de otra nacionalidad, enviar formularios de inmigraci\u00f3n a los Servicios de Ciudadan\u00eda e Inmigraci\u00f3n de los EE. UU. (USCIS) es una experiencia emocionante y estresante. Para evitar problemas con la inmigraci\u00f3n, debe completar todos los formularios del USCIS correctamente. Igualmente importante es el conocimiento b\u00e1sico de los diferentes tipos de visas y cu\u00e1l se aplica a usted. \u00a1Consulte hoy con nuestro abogado experto en visas B-2 en The Woodlands, TX!<\/span><\/p>\n<p><span style=\"font-weight: 400;\">Generalmente, un ciudadano de un pa\u00eds extranjero que desea ingresar a los Estados Unidos primero debe obtener una visa, ya sea una <\/span><a href=\"https:\/\/luishesslaw.com\/immigration-law\/visa\/business-visas\/b-1-temporary-business-visitor\/\"><b>visa de no inmigrante para una estad\u00eda temporal <\/b><\/a><span style=\"font-weight: 400;\">o una visa de <\/span><a href=\"https:\/\/luishesslaw.com\/immigration-law\/naturalization\/\"><b>inmigrante para una eventual residencia permanente <\/b><\/a><span style=\"font-weight: 400;\">. Un abogado trabajador y con experiencia en visas B-2 de The Woodlands puede explicarle los diferentes tipos de visa con m\u00e1s detalle.<\/span><\/p>\n<p><span style=\"font-weight: 400;\">Luis F. Hess es un abogado que aboga diligentemente por los clientes que aspiran a residir y permanecer en los Estados Unidos. El deseo de mudarse a un nuevo pa\u00eds y comenzar una nueva vida es admirable, as\u00ed que aseg\u00farese de no cometer errores cruciales. Llame <\/span><span style=\"font-weight: 400;\">al (281) 984-5294 <\/span><span style=\"font-weight: 400;\">y obtenga asistencia legal de calidad.<\/span><\/p>\n<h2><span style=\"font-weight: 400;\">Visas estadounidenses y las leyes de inmigraci\u00f3n<\/span><\/h2>\n<p><a href=\"https:\/\/luishesslaw.com\/immigration-law\/\"><span style=\"font-weight: 400;\">Los abogados estadounidenses expertos en inmigraci\u00f3n <\/span><\/a><span style=\"font-weight: 400;\">trabajan con personas de pr\u00e1cticamente todos los \u00e1mbitos de la vida. Los casos pueden involucrar a un ciudadano estadounidense con preguntas sobre una visa de prometido (novio), un ciudadano extranjero que est\u00e1 tramitando una solicitud de la tarjeta verde o una familia que desea visitar los Estados Unidos por placer o turismo. Sin embargo, el proceso de inmigraci\u00f3n involucrado puede ser bastante confuso.<\/span><\/p>\n<p><span style=\"font-weight: 400;\">La mayor\u00eda de la gente con problemas de inmigraci\u00f3n decide buscar asistencia legal inmediata, y con toda raz\u00f3n. Debido a la naturaleza de las leyes de inmigraci\u00f3n de los EE. UU., los errores aparentemente menores pueden tener consecuencias graves. Los que son inevitables <\/span><b>podr\u00edan incluso conducir a la deportaci\u00f3n a su pa\u00eds<\/b><span style=\"font-weight: 400;\"> de origen.<\/span><\/p>\n<p><span style=\"font-weight: 400;\">A menos que usted sea ciudadano de un pa\u00eds que no requiere de una visa, primero debe <\/span><b>solicitar una visa de turista de placer B-2 <\/b><span style=\"font-weight: 400;\">antes de poder ingresar a los Estados Unidos con fines tur\u00edsticos o m\u00e9dicos. Aqu\u00ed, un abogado con experiencia en visas B-2 de Texas de la firma Luis F. Hess, PLLC, puede ayudarle en cada paso del camino.<\/span><\/p>\n<h2><span style=\"font-weight: 400;\">\u00bfQu\u00e9 son las visas de no inmigrante?<\/span><\/h2>\n<p><span style=\"font-weight: 400;\">Las personas de una nacionalidad diferente que deseen atravesar un puerto de entrada a los Estados Unidos pueden solicitar visas de no inmigrante. Seg\u00fan la pol\u00edtica de inmigraci\u00f3n pertinente, una visa de no inmigrante generalmente no es \u00fatil para inmigrar, obtener la residencia permanente o solicitar la ciudadan\u00eda en el pa\u00eds. Tienen una caducidad determinada y deben utilizarse \u00fanicamente para fines espec\u00edficos.<\/span><\/p>\n<p><span style=\"font-weight: 400;\">Una <\/span><b>visa B es un tipo de visa de no inmigrante <\/b><span style=\"font-weight: 400;\">emitida por el gobierno de los Estados Unidos a ciudadanos extranjeros que desean ingresar al pa\u00eds por un breve per\u00edodo. Las visas de visitante para las personas que desean ingresar a los EE. UU. temporalmente pueden solicitarse en la categor\u00eda B-1 (negocios), la categor\u00eda B-2 (turismo) o la categor\u00eda de B-1\/B-2 (una combinaci\u00f3n para ambos prop\u00f3sitos).<\/span><\/p>\n<p><span style=\"font-weight: 400;\">Aunque la visa de categor\u00eda B generalmente no es aplicable para aquellos que tienen la intenci\u00f3n de estudiar en los EE. UU., se permite un curso de estudio corto sin t\u00edtulo relacionado con un viaje. Llame al <\/span><span style=\"font-weight: 400;\">(281) 984-5294 <\/span><span style=\"font-weight: 400;\">para programar una consulta y obtener m\u00e1s informaci\u00f3n sobre estas cuestiones.<\/span><\/p>\n<h2><span style=\"font-weight: 400;\">\u00bfCu\u00e1les son los diferentes tipos de visa en la categor\u00eda de visa B?<\/span><\/h2>\n<p><span style=\"font-weight: 400;\">M\u00e1s del 75% de todos los no inmigrantes admitidos en los Estados Unidos anualmente son titulares de una visa B.<\/span><\/p>\n<h3><span style=\"font-weight: 400;\">Visa de Negocios B-1<\/span><\/h3>\n<p><span style=\"font-weight: 400;\">En general, una visa B-1 se otorga a un extranjero que puede probar que est\u00e1 ingresando al pa\u00eds para una actividad comercial o empresarial leg\u00edtima. A menudo abarca desde <\/span><b>asistir a reuniones de negocios <\/b><span style=\"font-weight: 400;\">o conferencias cient\u00edficas hasta <\/span><b>negociar un contrato <\/b><span style=\"font-weight: 400;\">o <\/span><b>liquidar un patrimonio<\/b><span style=\"font-weight: 400;\">.<\/span><\/p>\n<h3><span style=\"font-weight: 400;\">Visa de placer B-2<\/span><\/h3>\n<p><span style=\"font-weight: 400;\">La visa B-2 se otorga principalmente a extranjeros <\/span><b>para turismo, diversi\u00f3n, actividades recreativas y visitas a familiares y amigos <\/b><span style=\"font-weight: 400;\">en los Estados Unidos. Aqu\u00ed tambi\u00e9n est\u00e1n incluidos aquellos que buscan tratamiento m\u00e9dico en el pa\u00eds.<\/span><\/p>\n<h3><span style=\"font-weight: 400;\">Visa B-1\/B-2 Renovaci\u00f3n\/ Extensi\u00f3n o Cambio de Estatus<\/span><\/h3>\n<p><span style=\"font-weight: 400;\">El per\u00edodo de validez de una visa de turismo de placer depender\u00e1 de su pa\u00eds de origen. Sin embargo, los turistas B-2 generalmente son admitidos por un per\u00edodo de seis meses. Si usted es titular de una visa B-1 o B-2 y necesita extender su estad\u00eda debido a una oportunidad extra educativa o de negocios, puede <\/span><a href=\"https:\/\/www.uscis.gov\/i-539\" target=\"_blank\" rel=\"noopener\"><b>solicitar una extensi\u00f3n presentando el Formulario I-539 <\/b><\/a><span style=\"font-weight: 400;\">.<\/span><\/p>\n<p><span style=\"font-weight: 400;\">Es esencial recordar que los titulares de visas B-2 que permanezcan en los Estados Unidos m\u00e1s tiempo del autorizado podr\u00edan enfrentar procedimientos de expulsi\u00f3n y ser excluidos de los Estados Unidos. Busque el asesoramiento legal de un <\/span><a href=\"https:\/\/luishesslaw.com\/\"><span style=\"font-weight: 400;\">abogado versado en inmigraci\u00f3n en The Woodlands <\/span><\/a><span style=\"font-weight: 400;\">para asegurarse de que no suceda. Luis F. Hess, PLLC, est\u00e1 ubicado en Shenandoah, Texas, justo al norte de The Woodlands.<\/span><\/p>\n<h2><span style=\"font-weight: 400;\">\u00bfC\u00f3mo califico para una visa B-2?<\/span><\/h2>\n<p><span style=\"font-weight: 400;\">Bajo la <\/span><a href=\"https:\/\/www.uscis.gov\/laws-and-policy\/legislation\/immigration-and-nationality-act\" target=\"_blank\" rel=\"noopener\"><b>Ley de Inmigraci\u00f3n y Nacionalidad <\/b><\/a><span style=\"font-weight: 400;\">, se presume que un solicitante de una visa de visitante tiene la intenci\u00f3n de inmigrar. Sin embargo, como se mencion\u00f3, una visa B-2 no debe usarse para solicitar una tarjeta verde y obtener el estatus de residente permanente legal.<\/span><\/p>\n<p><span style=\"font-weight: 400;\">Para calificar para una visa de turista B-2, el solicitante debe demostrarle al oficial de inmigraci\u00f3n que no tiene planes de emigrar a los Estados Unidos. Se puede establecer demostrando que:<\/span><\/p>\n<ul>\n<li style=\"font-weight: 400;\" aria-level=\"1\"><span style=\"font-weight: 400;\">La estancia prevista en el pa\u00eds es temporal.<\/span><\/li>\n<li style=\"font-weight: 400;\" aria-level=\"1\"><span style=\"font-weight: 400;\">Tiene fondos suficientes para cubrir todos los gastos relacionados.<\/span><\/li>\n<li style=\"font-weight: 400;\" aria-level=\"1\"><span style=\"font-weight: 400;\">Existen fuertes lazos sociales y econ\u00f3micos con el pa\u00eds de origen.<\/span><\/li>\n<\/ul>\n<p><span style=\"font-weight: 400;\">No se emitir\u00e1 una visa de turista para turismo de nacimiento o a solicitantes de una visa cuyo objetivo principal sea dar a luz en el pa\u00eds, para obtener la ciudadan\u00eda estadounidense para el hijo. Por lo general, tampoco se aplica a quienes llegan como miembros de la tripulaci\u00f3n de un barco o avi\u00f3n, a quienes trabajan en la prensa extranjera (ya sea prensa escrita, radio, cine u otros medios) o a quienes forman parte de representacioness pagadas o compromisos profesionales ante una audiencia que paga.\u00a0<\/span><\/p>\n<p><span style=\"font-weight: 400;\">Antes de continuar, aseg\u00farese de entender estas cuestiones muy claramente. Llame <\/span><span style=\"font-weight: 400;\">al (281) 984-5294 <\/span><span style=\"font-weight: 400;\">y aproveche los servicios legales confiables de un abogado trabajador de visas B-2 en The Woodlands, TX.<\/span><\/p>\n<h2><span style=\"font-weight: 400;\">Presentaci\u00f3n de su solicitud de visa B-2<\/span><\/h2>\n<p><span style=\"font-weight: 400;\">Las visas de visitante de EE. UU. generalmente se deben solicitar en la embajada o consulado con jurisdicci\u00f3n sobre el lugar de residencia permanente del solicitante. Aunque los solicitantes de visa pueden presentar su solicitud en cualquier oficina consular en el extranjero, generalmente es m\u00e1s dif\u00edcil calificar para visas fuera del pa\u00eds de origen.<\/span><\/p>\n<p><span style=\"font-weight: 400;\">En la mayor\u00eda de los casos, las posibilidades de obtener una visa son mayores si:<\/span><\/p>\n<ul>\n<li style=\"font-weight: 400;\" aria-level=\"1\"><span style=\"font-weight: 400;\">El viaje planeado es corto.<\/span><\/li>\n<li style=\"font-weight: 400;\" aria-level=\"1\"><span style=\"font-weight: 400;\">El itinerario aparece en la lista.<\/span><\/li>\n<li style=\"font-weight: 400;\" aria-level=\"1\"><span style=\"font-weight: 400;\">El solicitante tiene un trabajo estable en su pa\u00eds.<\/span><\/li>\n<li style=\"font-weight: 400;\" aria-level=\"1\"><span style=\"font-weight: 400;\">Puede establecer que tiene fondos suficientes para cubrir los gastos del viaje.<\/span><\/li>\n<\/ul>\n<h2><span style=\"font-weight: 400;\">Motivos para la aprobaci\u00f3n<\/span><\/h2>\n<p><span style=\"font-weight: 400;\">Al decidir si otorgar o no una solicitud de visa de turista, el agente consular o del USCIS analizar\u00e1 espec\u00edficamente los siguientes aspectos:<\/span><\/p>\n<ul>\n<li style=\"font-weight: 400;\" aria-level=\"1\"><span style=\"font-weight: 400;\">El solicitante tiene lazos vinculantes (como, por ejemplo, una residencia) fuera de los Estados Unidos, lo que establecer\u00e1 su regreso a su pa\u00eds de origen al final de la visita.<\/span><\/li>\n<li style=\"font-weight: 400;\" aria-level=\"1\"><span style=\"font-weight: 400;\">El solicitante tiene planes realistas y espec\u00edficos para todo el per\u00edodo de estancia temporal prevista.<\/span><\/li>\n<li style=\"font-weight: 400;\" aria-level=\"1\"><span style=\"font-weight: 400;\">El solicitante tiene fondos suficientes para cubrir todos los gastos del viaje, incluida su estad\u00eda y el viaje de regreso, como se muestra en varios documentos.<\/span><\/li>\n<\/ul>\n<p><span style=\"font-weight: 400;\">Dados los motivos anteriores, es esencial saber qu\u00e9 documentos de respaldo necesitar\u00e1 para su petici\u00f3n. Hable con un abogado de confianza en visas B-2 de The Woodlands, TX para asegurarse de no perder ning\u00fan papeleo crucial. <\/span><a href=\"https:\/\/luishesslaw.com\/contact\/\"><span style=\"font-weight: 400;\">Ll\u00e1menos o env\u00edenos hoy un mensaje a Luis F. Hess, PLLC <\/span><\/a><span style=\"font-weight: 400;\">.<\/span><\/p>\n<h2><span style=\"font-weight: 400;\">Extensiones y duraci\u00f3n de la estad\u00eda<\/span><\/h2>\n<p><span style=\"font-weight: 400;\">Solicitar una visa no garantiza, de ninguna manera, una entrada exitosa a los Estados Unidos. Las autoridades de inmigraci\u00f3n tienen la autoridad para determinar el per\u00edodo durante el cual el titular de una visa de turista de placer puede permanecer en el pa\u00eds. Adem\u00e1s, tienen <\/span><b>derecho a negar la admisi\u00f3n a los Estados Unidos <\/b><span style=\"font-weight: 400;\">. De hecho, la negaci\u00f3n es siempre una posibilidad.<\/span><\/p>\n<h3><span style=\"font-weight: 400;\">Extensi\u00f3n de la visa<\/span><\/h3>\n<p><span style=\"font-weight: 400;\">Los turistas con una visa B-2 que permanecen es Estados Unidos por m\u00e1s tiempo del que est\u00e1n autorizados probablemente enfrentar\u00e1n procedimientos legales complicados. Se les puede prohibir regresar y pueden ser expulsados de los Estados Unidos.<\/span><\/p>\n<p><span style=\"font-weight: 400;\">El titular de una visa de turista B-2 que desee permanecer m\u00e1s all\u00e1 del per\u00edodo indicado en el Formulario I-94 sin salir de los Estados Unidos debe <\/span><b>presentar el Formulario I-539: Solicitud para extender\/cambiar el estatus de no inmigrante <\/b><span style=\"font-weight: 400;\">. Este, junto con cualquier documento de respaldo requerido, debe enviarse de inmediato al USCIS. Puede extender una visa de turista de placer de a per\u00edodos de no m\u00e1s de seis meses.<\/span><\/p>\n<h3><span style=\"font-weight: 400;\">Cambio de Estatus<\/span><\/h3>\n<p><span style=\"font-weight: 400;\">Seg\u00fan las circunstancias reales, los turistas con una visa B-2 pueden <\/span><b>solicitar un cambio de estatus a no inmigrante <\/b><span style=\"font-weight: 400;\">mientras se encuentran en los Estados Unidos. Esto se hace principalmente mediante la presentaci\u00f3n del Formulario I-539: Solicitud para extender\/cambiar el estatus de no inmigrante ante el USCIS.<\/span><\/p>\n<p><span style=\"font-weight: 400;\">En general, un ciudadano extranjero puede solicitar cambiar su estatus de no inmigrante si:<\/span><\/p>\n<ul>\n<li style=\"font-weight: 400;\" aria-level=\"1\"><span style=\"font-weight: 400;\">No ha cometido ning\u00fan delito que los haga inelegible.<\/span><\/li>\n<li style=\"font-weight: 400;\" aria-level=\"1\"><span style=\"font-weight: 400;\">Fue admitido legalmente en los Estados Unidos con una visa de no inmigrante<\/span><\/li>\n<li style=\"font-weight: 400;\" aria-level=\"1\"><span style=\"font-weight: 400;\">Su estatus de no inmigrante sigue siendo v\u00e1lido<\/span><\/li>\n<li style=\"font-weight: 400;\" aria-level=\"1\"><span style=\"font-weight: 400;\">No viol\u00f3 las condiciones de su estatus.<\/span><\/li>\n<\/ul>\n<p><span style=\"font-weight: 400;\">Si tiene alguna pregunta relacionada con este proceso legal, es mejor buscar desde el principio el asesoramiento legal de un abogado experto y confiable en visas B-2 de The Woodlands. Llame hoy <\/span><span style=\"font-weight: 400;\">al (281) 984-5294<\/span><span style=\"font-weight: 400;\">.<\/span><\/p>\n<h2><span style=\"font-weight: 400;\">Por qu\u00e9 necesita la ayuda de un abogado confiable para visas B-2<\/span><\/h2>\n<p><span style=\"font-weight: 400;\">El proceso de solicitud de una visa de turista B-2 puede verse como dos grandes fases:<\/span><\/p>\n<ol>\n<li style=\"font-weight: 400;\" aria-level=\"1\"><span style=\"font-weight: 400;\">Preparar y enviar el formulario DS-160 &#8211; Solicitud de visa de no inmigrante<\/span><\/li>\n<li style=\"font-weight: 400;\" aria-level=\"1\"><span style=\"font-weight: 400;\">Asistir a una entrevista para la inmigraci\u00f3n en una embajada o consulado de los Estados Unidos<\/span><\/li>\n<\/ol>\n<p><span style=\"font-weight: 400;\">No obstante, el proceso concreto no es tan simple como parece. Las solicitudes de visa de turista pueden ser <\/span><b>rechazadas o denegadas por no presentar pruebas suficientes<\/b><span style=\"font-weight: 400;\">, las cuales usted debe presentar con la solicitud inicial. En general, los solicitantes de una visa de turista B-2 deben preparar:<\/span><\/p>\n<ul>\n<li style=\"font-weight: 400;\" aria-level=\"1\"><span style=\"font-weight: 400;\">El <\/span><a href=\"https:\/\/travel.state.gov\/content\/travel\/en\/us-visas\/visa-information-resources\/forms\/ds-160-online-nonimmigrant-visa-application.html\" target=\"_blank\" rel=\"noopener\"><span style=\"font-weight: 400;\">Formulario DS-160 \u2013 Pedido de visa de no inmigrante<\/span><\/a><\/li>\n<li style=\"font-weight: 400;\" aria-level=\"1\"><span style=\"font-weight: 400;\">Recibo de pago de la tasa de la solicitud<\/span><\/li>\n<li style=\"font-weight: 400;\" aria-level=\"1\"><span style=\"font-weight: 400;\">Pasaporte<\/span><\/li>\n<li style=\"font-weight: 400;\" aria-level=\"1\"><span style=\"font-weight: 400;\">Documentaci\u00f3n relacionada con el motivo del viaje<\/span><\/li>\n<li style=\"font-weight: 400;\" aria-level=\"1\"><span style=\"font-weight: 400;\">Documentaci\u00f3n de la intenci\u00f3n de salir de los Estados Unidos despu\u00e9s del viaje<\/span><\/li>\n<li style=\"font-weight: 400;\" aria-level=\"1\"><span style=\"font-weight: 400;\">Documentaci\u00f3n de la capacidad de pagar todos los gastos relacionados<\/span><\/li>\n<\/ul>\n<p><span style=\"font-weight: 400;\">Un bufete de abogados especializado en solicitudes de visa puede ayudarle a preparar los formularios y la documentaci\u00f3n necesarios para el USCIS. En estos casos, una amplia experiencia es esencial para asegurarse de familiarizarse adecuadamente los diversos componentes de las reglas sobre inmigraci\u00f3n. Luis F. Hess toma casos en todo el condado de Montgomery y el de Harris, TX. Representa a Conroe, Shenandoah, The Woodlands, Spring, Houston y las \u00e1reas circundantes. Comun\u00edquese con nosotros para saber c\u00f3mo podemos ayudarle.<\/span><\/p>\n<h2><span style=\"font-weight: 400;\">\u00a1Consulte hoy a un abogado experto en visas B-2 de Texas!<\/span><\/h2>\n<p><span style=\"font-weight: 400;\">Existen diferentes tipos de visas apropiadas para otras circunstancias. Si tiene alguna pregunta legal relacionada con <\/span><a href=\"https:\/\/luishesslaw.com\/immigration-law\/employment-based-immigration\/\"><span style=\"font-weight: 400;\">la inmigraci\u00f3n basada en el empleo,<\/span><\/a> <a href=\"https:\/\/luishesslaw.com\/immigration-law\/family-based-immigration\/\"><span style=\"font-weight: 400;\">inmigraci\u00f3n basada en la familia, <\/span><\/a><span style=\"font-weight: 400;\">procesamiento consular, ajuste de estatus, <\/span><a href=\"https:\/\/luishesslaw.com\/immigration-law\/green-card\/\"><span style=\"font-weight: 400;\">tarjetas verdes condicionales <\/span><\/a><span style=\"font-weight: 400;\">o eliminaci\u00f3n de condiciones, comun\u00edquese hoy con nuestro <\/span><a href=\"https:\/\/luishesslaw.com\/contact\/\"><span style=\"font-weight: 400;\">bufete de abogados especialistas en inmigraci\u00f3n de Texas <\/span><\/a><span style=\"font-weight: 400;\">.<\/span><\/p>\n<p><a href=\"https:\/\/luishesslaw.com\/contact\/\"><span style=\"font-weight: 400;\">Cont\u00e1ctenos <\/span><\/a><span style=\"font-weight: 400;\">hoy en Luis F. Hess, PLLC, para consultar con un abogado con experiencia en visas B-2 en The Woodlands, TX<\/span><\/p>\n","protected":false},"excerpt":{"rendered":"<p>Ingresar a los EE. UU. a trav\u00e9s de una visa B-2 Para una persona de otra nacionalidad, enviar formularios de inmigraci\u00f3n a&hellip;<\/p>\n","protected":false},"author":8,"featured_media":0,"parent":8880,"menu_order":0,"comment_status":"closed","ping_status":"closed","template":"","meta":{"_acf_changed":false,"inline_featured_image":false,"footnotes":""},"folder":[],"class_list":["post-12171","page","type-page","status-publish","hentry"],"acf":[],"_links":{"self":[{"href":"https:\/\/luishesslaw.com\/es\/wp-json\/wp\/v2\/pages\/12171","targetHints":{"allow":["GET"]}}],"collection":[{"href":"https:\/\/luishesslaw.com\/es\/wp-json\/wp\/v2\/pages"}],"about":[{"href":"https:\/\/luishesslaw.com\/es\/wp-json\/wp\/v2\/types\/page"}],"author":[{"embeddable":true,"href":"https:\/\/luishesslaw.com\/es\/wp-json\/wp\/v2\/users\/8"}],"replies":[{"embeddable":true,"href":"https:\/\/luishesslaw.com\/es\/wp-json\/wp\/v2\/comments?post=12171"}],"version-history":[{"count":0,"href":"https:\/\/luishesslaw.com\/es\/wp-json\/wp\/v2\/pages\/12171\/revisions"}],"up":[{"embeddable":true,"href":"https:\/\/luishesslaw.com\/es\/wp-json\/wp\/v2\/pages\/8880"}],"wp:attachment":[{"href":"https:\/\/luishesslaw.com\/es\/wp-json\/wp\/v2\/media?parent=12171"}],"wp:term":[{"taxonomy":"folder","embeddable":true,"href":"https:\/\/luishesslaw.com\/es\/wp-json\/wp\/v2\/folder?post=12171"}],"curies":[{"name":"wp","href":"https:\/\/api.w.org\/{rel}","templated":true}]}}