{"id":12166,"date":"2022-03-28T17:31:11","date_gmt":"2022-03-28T17:31:11","guid":{"rendered":"https:\/\/luisfhesslaw.wpenginepowered.com\/visa\/abogado-de-daca\/"},"modified":"2022-06-10T18:33:25","modified_gmt":"2022-06-10T18:33:25","slug":"abogado-de-daca","status":"publish","type":"page","link":"https:\/\/luishesslaw.com\/es\/visa\/abogado-de-daca\/","title":{"rendered":"Abogado de DACA"},"content":{"rendered":"\n<p>La pol\u00edtica de DACA, que significa Acci\u00f3n Diferida para los Llegados en la Infancia, ofrece oportunidades para los inmigrantes que ingresaron ilegalmente a los Estados Unidos cuando eran ni\u00f1os. Si bien la pol\u00edtica no otorga al beneficiario un estatus migratorio legal, difiere los procedimientos de deportaci\u00f3n y permite que los beneficiarios soliciten permisos de trabajo, n\u00famero de seguro social y licencias de conducir.<\/p>\n\n<p>Debido a que la DACA es una pol\u00edtica en lugar de un estatuto, es m\u00e1s f\u00e1cil para las diferentes administraciones presidenciales hacer cambios en la implementaci\u00f3n de la pol\u00edtica. Adem\u00e1s, los tribunales han emitido opiniones aparentemente contradictorias sobre la validez de las disposiciones de la DACA. en este momento la conclusi\u00f3n es que, si bien la DACA todav\u00eda ofrece oportunidades para algunos sin estatus migratorio legal, puede ser dif\u00edcil entender qu\u00e9 hay disponible. En la oficina legal de Luis F. Hess, PLLC, nos esforzamos por ayudar a los inmigrantes a aprovechar todas las v\u00edas posibles para perseguir sus sue\u00f1os y, para algunos, eso incluye el relevo de la DACA.<\/p>\n\n<h2 class=\"wp-block-heading\">Requisitos para la elegibilidad de una DACA<\/h2>\n\n<p>Los requisitos m\u00e1s importantes para calificar para recibir una DACA incluyen:<\/p>\n\n<ul class=\"wp-block-list\"><li>Vivir en los EE. UU. continuamente desde el 15 de junio de 2007<\/li><li>Haber ingresado ilegalmente a los EE. UU. cuando ten\u00eda menos de 16 a\u00f1os<\/li><li>Ser Menor de 31 a\u00f1os al 15 de junio de 2012<\/li><li>Estar presente en los EE. UU. al 15 de junio de 2012 y al momento de solicitar la DACA<\/li><li>No tener estatus legal el 15 de junio de 2012<\/li><li>No estar condenado por un delito agravado o un delito menor grave (o 3 delitos menores no graves)<\/li><li>No ser una amenaza para la seguridad nacional<\/li><li>Debe estar inscrito\/a en la escuela, graduarse de la escuela secundaria, tener un GED (Desarrollo Educativo General) o ser dado de baja con honores de las fuerzas armadas&#13;\n<\/li><\/ul>\n\n<p>Los solicitantes deber\u00e1n demostrar que cumplen con cada uno de estos requisitos. Por ejemplo, para demostrar que llegaron a los EE. UU. antes de los 16 a\u00f1os, pueden mostrar un pasaporte con un sello, registros escolares o registros de viaje.&#13;\n<\/p>\n\n<h2 class=\"wp-block-heading\">Renovaci\u00f3n de la DACA<\/h2>\n\n<p>En la mayor\u00eda de los casos, la condici\u00f3n de la DACA y la autorizaci\u00f3n de empleo duran dos a\u00f1os, aunque la mayor\u00eda de los beneficiarios son elegibles para solicitar la renovaci\u00f3n de su condici\u00f3n actual. Se recomienda a los beneficiarios que presenten una solicitud de renovaci\u00f3n aproximadamente de cuatro a cinco meses antes de que expire su estado actual. Para renovar su estado, un solicitante debe haber vivido continuamente en los EE. UU. desde su \u00faltima solicitud exitosa de la DACA y no puede haber salido de los EE. UU. sin un documento de viaje v\u00e1lido (desde el 15 de agosto de 2012). No se otorgar\u00e1 la renovaci\u00f3n de la DACA si el solicitante ha sido condenado por un delito agravado un delito menor grave o tres delitos menores de otro tipo.<\/p>\n\n<p>Seg\u00fan un fallo judicial m\u00e1s reciente y las pol\u00edticas del USCIS (Servicio de Ciudadan\u00eda e Inmigraci\u00f3n de los Estados Unidos), los solicitantes a\u00fan pueden presentar solicitudes de renovaci\u00f3n y el Organismo a\u00fan puede otorgar renovaciones. Si bien este tambi\u00e9n acepta nuevas solicitudes de DACA, el USCIS no puede otorgar esas nuevas solicitudes de la DACA.<\/p>\n\n<p>Los solicitantes deben tener cuidado de presentar todos los formularios, tarifas y documentaci\u00f3n requeridos de los cambios, as\u00ed como el cambio de nombre legal. Adem\u00e1s, es importante responder a cualquier Solicitud de evidencia de manera oportuna para evitar demoras o denegaciones de renovaciones de la DACA.<\/p>\n\n<h2 class=\"wp-block-heading\">Descubra c\u00f3mo un abogado experto en inmigraci\u00f3n podr\u00eda ayudarle a obtener una autorizaci\u00f3n de trabajo o un alivio de deportaci\u00f3n<\/h2>\n\n<p>Si usted califica para la DACA. pero est\u00e1 esperando la aprobaci\u00f3n de una solicitud inicial, o si no est\u00e1 seguro de c\u00f3mo manejar una renovaci\u00f3n o responder a una Solicitud de evidencia, es aconsejable consultar a un abogado con experiencia en inmigraci\u00f3n para obtener ayuda. Cuanto antes comience a trabajar en problemas de inmigraci\u00f3n, m\u00e1s opciones tendr\u00e1 para lograr sus objetivos. Para hablar con un abogado experto en DACA en la oficina legal de Luis F. Hess, PLLC y descubrir c\u00f3mo podemos ayudarlo, ll\u00e1menos ahora.&#13;\n<\/p>\n","protected":false},"excerpt":{"rendered":"<p>La pol\u00edtica de DACA, que significa Acci\u00f3n Diferida para los Llegados en la Infancia, ofrece oportunidades para los inmigrantes que ingresaron ilegalmente&hellip;<\/p>\n","protected":false},"author":8,"featured_media":0,"parent":8880,"menu_order":0,"comment_status":"closed","ping_status":"closed","template":"","meta":{"_acf_changed":false,"inline_featured_image":false,"footnotes":""},"folder":[],"class_list":["post-12166","page","type-page","status-publish","hentry"],"acf":[],"_links":{"self":[{"href":"https:\/\/luishesslaw.com\/es\/wp-json\/wp\/v2\/pages\/12166","targetHints":{"allow":["GET"]}}],"collection":[{"href":"https:\/\/luishesslaw.com\/es\/wp-json\/wp\/v2\/pages"}],"about":[{"href":"https:\/\/luishesslaw.com\/es\/wp-json\/wp\/v2\/types\/page"}],"author":[{"embeddable":true,"href":"https:\/\/luishesslaw.com\/es\/wp-json\/wp\/v2\/users\/8"}],"replies":[{"embeddable":true,"href":"https:\/\/luishesslaw.com\/es\/wp-json\/wp\/v2\/comments?post=12166"}],"version-history":[{"count":0,"href":"https:\/\/luishesslaw.com\/es\/wp-json\/wp\/v2\/pages\/12166\/revisions"}],"up":[{"embeddable":true,"href":"https:\/\/luishesslaw.com\/es\/wp-json\/wp\/v2\/pages\/8880"}],"wp:attachment":[{"href":"https:\/\/luishesslaw.com\/es\/wp-json\/wp\/v2\/media?parent=12166"}],"wp:term":[{"taxonomy":"folder","embeddable":true,"href":"https:\/\/luishesslaw.com\/es\/wp-json\/wp\/v2\/folder?post=12166"}],"curies":[{"name":"wp","href":"https:\/\/api.w.org\/{rel}","templated":true}]}}