{"id":12118,"date":"2022-05-20T07:43:16","date_gmt":"2022-05-20T07:43:16","guid":{"rendered":"https:\/\/luisfhesslaw.wpenginepowered.com\/?page_id=12118"},"modified":"2022-05-20T07:43:17","modified_gmt":"2022-05-20T07:43:17","slug":"ayudamos-a-las-victimas-de-delitos-a-obtener-una-visa-u","status":"publish","type":"page","link":"https:\/\/luishesslaw.com\/es\/ayudamos-a-las-victimas-de-delitos-a-obtener-una-visa-u\/","title":{"rendered":"Ayudamos a las V\u00edctimas de Delitos a Obtener una Visa U"},"content":{"rendered":"\n<p>Si fue v\u00edctima de ciertos tipos de delitos y tiene informaci\u00f3n que podr\u00eda ser \u00fatil para la polic\u00eda u otros funcionarios encargados de hacer cumplir la ley, puede ser elegible para una visa U especial. La visa de estatus de no inmigrante U sigue siendo v\u00e1lida por hasta cuatro a\u00f1os y puede extenderse. Los titulares de una visa U pueden ser elegibles para solicitar una tarjeta verde. Los miembros de la familia tambi\u00e9n pueden obtener una visa.<\/p>\n\n\n\n<p>En la oficina de Prosperity Immigration Law, podemos revisar sus circunstancias para determinar si puede ser elegible para una visa U. Si es as\u00ed, trabajaremos con usted durante todo el proceso de solicitud para presentar la mejor evidencia disponible para demostrar sus calificaciones y abogar en su nombre para lograr un resultado positivo.<\/p>\n\n\n\n<h2 class=\"wp-block-heading\">Elegibilidad para una Visa U<\/h2>\n\n\n\n<p>Las visas U est\u00e1n dise\u00f1adas para proteger a las v\u00edctimas de delitos y ayudar a los funcionarios encargados de hacer cumplir la ley a detener m\u00e1s actividades delictivas. Para recibir una visa U, debe demostrar que usted:<\/p>\n\n\n\n<ul class=\"wp-block-list\"><li>Ha sido v\u00edctima de una actividad delictiva \u201ccalificada\u201d<\/li><li>Sufri\u00f3 una actividad delictiva que ocurri\u00f3 en los EE. UU. o que el agresor viol\u00f3 las leyes de los EE. UU.<\/li><li>Ha sufrido abuso mental o f\u00edsico que se considera \u00absustancial\u00bb debido a la actividad delictiva<\/li><li>Conocer la informaci\u00f3n sobre la actividad delictiva (las v\u00edctimas menores de 16 a\u00f1os o que no pueden proporcionar informaci\u00f3n debido a una discapacidad pueden calificar si un padre o tutor tiene la informaci\u00f3n)<\/li><li>Puede ser \u00fatil (o ya ha brindado asistencia) para las investigaciones policiales o el enjuiciamiento de la actividad delictiva. (Las v\u00edctimas que son j\u00f3venes o discapacitadas pueden pedir ayuda a otra persona en su nombre)<\/li><\/ul>\n\n\n\n<p>El solicitante de la visa AU tambi\u00e9n debe cumplir con los est\u00e1ndares de admisibilidad. Si no lo hacen, pueden solicitar una renuncia a la inadmisibilidad y presentar pruebas para demostrar por qu\u00e9 la renuncia est\u00e1 justificada en su situaci\u00f3n.<\/p>\n\n\n\n<h2 class=\"wp-block-heading\">\u00bfQu\u00e9 es una actividad delictiva \u201ccalificada\u201d?<\/h2>\n\n\n\n<p>El gobierno de los EE. UU. describe aproximadamente 30 delitos distintos que califican a una v\u00edctima para solicitar una visa U. Adem\u00e1s, la conspiraci\u00f3n para cometer uno de estos delitos o la solicitud para cometer un delito calificado es en s\u00ed misma una actividad delictiva calificada. La lista completa se puede encontrar en<a href=\"https:\/\/www.ecfr.gov\/current\/title-8\/chapter-I\/subchapter-B\/part-214\" target=\"_blank\" rel=\"noopener\"> Secci\u00f3n 214.14 del T\u00edtulo 8 del C\u00f3digo de Reglamentos Federales <\/a>. Los delitos que son similares a los enumerados tambi\u00e9n pueden tratarse como actividad delictiva calificada.<\/p>\n\n\n\n<p>En t\u00e9rminos generales, se considera que la actividad delictiva califica si implica un abuso significativo, como, por ejemplo, agresi\u00f3n sexual, incesto o agresi\u00f3n grave, si niega la libertad, como es el secuestro. Ser obligado a trabajar para pagar una deuda, y&nbsp; los delitos asociados con la trata de personas, o si puede estar relacionado con operaciones delictivas de gran envergadura como la obstrucci\u00f3n de la justicia y el fraude en la contrataci\u00f3n de mano de obra extranjera. Un abogado experto en inmigraci\u00f3n podr\u00eda revisar la actividad criminal asociada con su caso para determinar si puede calificar.<\/p>\n\n\n\n<h2 class=\"wp-block-heading\">Averig\u00fce si un abogado con experiencia en visas U podr\u00eda ayudarlo a obtener una visa<\/h2>\n\n\n\n<p>Las visas U solo se otorgan en un n\u00famero limitado cada a\u00f1o, por lo cual es importante documentar su elegibilidad con mucho cuidado para mostrar por qu\u00e9 se le debe otorgar una visa bajo este programa. En la oficina legal de Prosperity Immigration Law, sabemos c\u00f3mo luchar por los derechos de las v\u00edctimas de manera efectiva y estamos dedicados a ayudarle a tener \u00e9xito en sus objetivos para la inmigraci\u00f3n. Para obtener m\u00e1s informaci\u00f3n sobre c\u00f3mo podemos ayudarle, programe una consulta hoy.<\/p>\n","protected":false},"excerpt":{"rendered":"<p>Si fue v\u00edctima de ciertos tipos de delitos y tiene informaci\u00f3n que podr\u00eda ser \u00fatil para la polic\u00eda u otros funcionarios encargados&hellip;<\/p>\n","protected":false},"author":8,"featured_media":0,"parent":0,"menu_order":0,"comment_status":"closed","ping_status":"closed","template":"","meta":{"_acf_changed":false,"inline_featured_image":false,"footnotes":""},"folder":[],"class_list":["post-12118","page","type-page","status-publish","hentry"],"acf":[],"_links":{"self":[{"href":"https:\/\/luishesslaw.com\/es\/wp-json\/wp\/v2\/pages\/12118","targetHints":{"allow":["GET"]}}],"collection":[{"href":"https:\/\/luishesslaw.com\/es\/wp-json\/wp\/v2\/pages"}],"about":[{"href":"https:\/\/luishesslaw.com\/es\/wp-json\/wp\/v2\/types\/page"}],"author":[{"embeddable":true,"href":"https:\/\/luishesslaw.com\/es\/wp-json\/wp\/v2\/users\/8"}],"replies":[{"embeddable":true,"href":"https:\/\/luishesslaw.com\/es\/wp-json\/wp\/v2\/comments?post=12118"}],"version-history":[{"count":0,"href":"https:\/\/luishesslaw.com\/es\/wp-json\/wp\/v2\/pages\/12118\/revisions"}],"wp:attachment":[{"href":"https:\/\/luishesslaw.com\/es\/wp-json\/wp\/v2\/media?parent=12118"}],"wp:term":[{"taxonomy":"folder","embeddable":true,"href":"https:\/\/luishesslaw.com\/es\/wp-json\/wp\/v2\/folder?post=12118"}],"curies":[{"name":"wp","href":"https:\/\/api.w.org\/{rel}","templated":true}]}}