{"id":12093,"date":"2022-03-28T17:23:38","date_gmt":"2022-03-28T17:23:38","guid":{"rendered":"https:\/\/luisfhesslaw.wpenginepowered.com\/leyes-de-inmigracion\/ciudadania-y-naturalizacion\/como-convertirse-en-ciudadano-estadounidense\/"},"modified":"2022-05-06T20:59:49","modified_gmt":"2022-05-06T20:59:49","slug":"como-convertirse-en-ciudadano-estadounidense","status":"publish","type":"page","link":"https:\/\/luishesslaw.com\/es\/leyes-de-inmigracion\/ciudadania-y-naturalizacion\/como-convertirse-en-ciudadano-estadounidense\/","title":{"rendered":"C\u00f3mo convertirse en ciudadano estadounidense"},"content":{"rendered":"\n<p>La ley de los Estados Unidos proporciona esencialmente dos medios para convertirse en ciudadano: por nacimiento o por naturalizaci\u00f3n. Si es elegible para la ciudadan\u00eda por nacimiento, generalmente no necesita tomar medidas para convertirse en ciudadano, pero es posible que deba cumplir con los requisitos para probar su ciudadan\u00eda.<\/p>\n\n<p>Para convertirse en ciudadano a trav\u00e9s del proceso de naturalizaci\u00f3n, debe demostrar que est\u00e1 listo. En Luis F. Hess PLLC, ayudamos a los solicitantes a demostrar que son elegibles y los ayudamos a prepararse para los ex\u00e1menes y otros requisitos. Saber c\u00f3mo evitar errores hace que el proceso sea menos estresante y evita retrasos innecesarios. Tambi\u00e9n ayudamos a los solicitantes a superar las denegaciones e investigar y resolver retrasos inusuales en el proceso de naturalizaci\u00f3n.<\/p>\n\n<h2 class=\"wp-block-heading\">Pruebe su elegibilidad para la ciudadan\u00eda<\/h2>\n\n<p>Para empezar, en la mayor\u00eda de los casos, debe tener al menos 18 a\u00f1os para solicitar la naturalizaci\u00f3n, y debe haber tenido una tarjeta verde como residente permanente legal durante al menos cinco a\u00f1os o tres a\u00f1os si est\u00e1 casado con un ciudadano (posiblemente incluso menos si sirvi\u00f3 en el ej\u00e9rcito de los EE. UU.)<\/p>\n\n<p>Adem\u00e1s, debe estar preparado para demostrar que usted:<\/p>\n\n<ul class=\"wp-block-list\"><li>Comprende al gobierno y la historia de los EE. UU.<\/li><li>Puede hablar, leer y escribir ingl\u00e9s b\u00e1sico<\/li><li>Es alguien de buen car\u00e1cter moral<\/li><li>Haber estado continuamente presente como residente de los EE. UU. durante el tiempo requerido<\/li><\/ul>\n\n<p>En ciertas situaciones, hay excepciones a algunos requisitos si puede presentar razones persuasivas que muestren por qu\u00e9 se debe renunciar a un requisito. La documentaci\u00f3n es fundamental.<\/p>\n\n<h2 class=\"wp-block-heading\">El proceso de solicitar la naturalizaci\u00f3n<\/h2>\n\n<p>Si no est\u00e1 seguro de si califica para la naturalizaci\u00f3n o si ya tiene la ciudadan\u00eda a trav\u00e9s de sus padres o lugar de nacimiento, un abogado experto en inmigraci\u00f3n podr\u00eda revisar su situaci\u00f3n y ayudarle a determinar su estado. Cuando est\u00e9 listo para solicitar la naturalizaci\u00f3n, comience por presentar el Formulario N-400, la Solicitud de naturalizaci\u00f3n, junto con los documentos de respaldo correspondiente. Puede enviar los formularios por escrito a los Servicios de Ciudadan\u00eda e Inmigraci\u00f3n de EE. UU. (USCIS) o presentar su solicitud en l\u00ednea a trav\u00e9s del sitio web del organismo.<\/p>\n\n<p>Despu\u00e9s de que el USCIS revise y apruebe la solicitud, el organismo generalmente deber\u00e1 programar una cita para recopilar informaci\u00f3n de identificaci\u00f3n biom\u00e9trica, c\u00f3mo sus huellas digitales. El pr\u00f3ximo paso en el proceso ser\u00e1 el examen y la entrevista. Si bien este es el paso que preocupa a la mayor\u00eda de los solicitantes, en realidad es igual de importante tener cuidado al enviar la solicitud y la evidencia asociada. El USCIS revisar\u00e1 esta informaci\u00f3n detenidamente y, si usted comete un error, podr\u00eda parecer que est\u00e1 tratando de obtener la ciudadan\u00eda por medios fraudulentos. Un hallazgo de fraude podr\u00eda hacerle no elegible para la naturalizaci\u00f3n. La precisi\u00f3n y la honestidad son importantes en todas las etapas del proceso.<\/p>\n\n<p>Un abogado con experiencia en inmigraci\u00f3n podr\u00eda ayudarle a prepararse para el examen y a crear su cartera de su solicitud. Durante la entrevista y el examen, se le preguntar\u00e1 sobre la informaci\u00f3n de su solicitud y se espera que demuestre que comprende ingl\u00e9s b\u00e1sico y puede responder preguntas sobre la historia de los EE . UU . y las funciones del gobierno.<\/p>\n\n<p>Despu\u00e9s de que el USCIS eval\u00fae los resultados, le informar\u00e1n sobre el resultado y programar\u00e1n un horario para tomar el juramento de lealtad.<\/p>\n\n<h2 class=\"wp-block-heading\">Un abogado experimentado en inmigraci\u00f3n en The Woodlands puede ayudarle a tener \u00e9xito con su solicitud de ciudadan\u00eda<\/h2>\n\n<p><span style=\"font-weight: 400;\">Convertirse en ciudadano abre la puerta a muchas oportunidades. Para evitar errores o demoras en el proceso de solicitud, a muchos solicitantes les resulta beneficioso trabajar con un abogado con experiencia en inmigraci\u00f3n. Para averiguar c\u00f3mo podemos ayudarle a solicitar o resolver un problema con una solicitud de naturalizaci\u00f3n, <\/span><a href=\"https:\/\/luishesslaw.com\/es\/contacto\/\"><span style=\"font-weight: 400;\">comun\u00edquese <\/span><\/a><span style=\"font-weight: 400;\">hoy con la oficina de Luis F. Hess PLLC para una consulta confidencial.<\/span><\/p>\n","protected":false},"excerpt":{"rendered":"<p>La ley de los Estados Unidos proporciona esencialmente dos medios para convertirse en ciudadano: por nacimiento o por naturalizaci\u00f3n. Si es elegible&hellip;<\/p>\n","protected":false},"author":8,"featured_media":0,"parent":1651,"menu_order":0,"comment_status":"closed","ping_status":"closed","template":"","meta":{"_acf_changed":false,"inline_featured_image":false,"footnotes":""},"class_list":["post-12093","page","type-page","status-publish","hentry"],"acf":[],"_links":{"self":[{"href":"https:\/\/luishesslaw.com\/es\/wp-json\/wp\/v2\/pages\/12093","targetHints":{"allow":["GET"]}}],"collection":[{"href":"https:\/\/luishesslaw.com\/es\/wp-json\/wp\/v2\/pages"}],"about":[{"href":"https:\/\/luishesslaw.com\/es\/wp-json\/wp\/v2\/types\/page"}],"author":[{"embeddable":true,"href":"https:\/\/luishesslaw.com\/es\/wp-json\/wp\/v2\/users\/8"}],"replies":[{"embeddable":true,"href":"https:\/\/luishesslaw.com\/es\/wp-json\/wp\/v2\/comments?post=12093"}],"version-history":[{"count":0,"href":"https:\/\/luishesslaw.com\/es\/wp-json\/wp\/v2\/pages\/12093\/revisions"}],"up":[{"embeddable":true,"href":"https:\/\/luishesslaw.com\/es\/wp-json\/wp\/v2\/pages\/1651"}],"wp:attachment":[{"href":"https:\/\/luishesslaw.com\/es\/wp-json\/wp\/v2\/media?parent=12093"}],"curies":[{"name":"wp","href":"https:\/\/api.w.org\/{rel}","templated":true}]}}