{"id":12080,"date":"2022-05-02T18:56:29","date_gmt":"2022-05-02T18:56:29","guid":{"rendered":"https:\/\/luisfhesslaw.wpenginepowered.com\/?page_id=12080"},"modified":"2022-05-02T18:56:31","modified_gmt":"2022-05-02T18:56:31","slug":"tarjeta-verde-de-preferencia-familiar","status":"publish","type":"page","link":"https:\/\/luishesslaw.com\/es\/leyes-de-inmigracion\/green-card\/tarjetas-verdes-con-enfoque-laboral\/tarjeta-verde-de-preferencia-familiar\/","title":{"rendered":"Tarjeta Verde de Preferencia Familiar"},"content":{"rendered":"\n<p>Si est\u00e1 relacionado con un ciudadano estadounidense o un residente permanente legal (RPL), probablemente sepa que podr\u00eda ser elegible para una visa de inmigrante para vivir y trabajar en los EE. UU. como residente permanente legal con una tarjeta verde. Quiz\u00e1s tambi\u00e9n sepa que el proceso de solicitud de una tarjeta verde es complicado. Los errores no solo pueden hacer que su solicitud sea rechazada, sino que tambi\u00e9n pueden hacer que los funcionarios sean m\u00e1s propensos a negar su solicitud en el futuro.<\/p>\n\n\n\n<p>Hay una raz\u00f3n por la que muchos solicitantes de tarjetas verdes eligen trabajar con los abogados expertos en inmigraci\u00f3n de Luis F. Hess, PLLC. Tenemos el conocimiento para ayudarle a demostrar a fondo sus calificaciones y lo guiaremos en cada paso del proceso para evitar errores y obtener resultados.<\/p>\n\n\n\n<h2 class=\"wp-block-heading\">Prioridad para las Solicitudes de una Visa Familiar<\/h2>\n\n\n\n<p>Si usted es lo que los funcionarios llaman un \u00abpariente inmediato\u00bb de un ciudadano estadounidense, entonces es elegible para una tarjeta verde sin esperar a que haya una visa disponible. Entran en esta categor\u00eda c\u00f3nyuges, hijos menores y padres de ciudadanos estadounidenses.<\/p>\n\n\n\n<p>Ciertos otros miembros de la familia que no cumplen con los requisitos para ser considerados parientes inmediatos tambi\u00e9n pueden recibir una tarjeta verde en las categor\u00edas de \u00abpreferencia familiar\u00bb. Hay cinco categor\u00edas de preferencia y se clasifican seg\u00fan la prioridad. Debido a que la cantidad de visas disponibles para inmigrantes en estas categor\u00edas es limitada y est\u00e1 sujeta a cuotas anuales, es importante documentar su elegibilidad para la categor\u00eda de preferencia m\u00e1s alta disponible para acortar el tiempo de espera. Los solicitantes en las categor\u00edas de preferencia m\u00e1s bajas pueden tener que esperar a\u00f1os para que una visa est\u00e9 disponible, particularmente si la est\u00e1n solicitando desde un pa\u00eds con una gran cantidad de solicitantes.<\/p>\n\n\n\n<h2 class=\"wp-block-heading\">Relaciones de Preferencia Familiar<\/h2>\n\n\n\n<p>Las categor\u00edas de preferencia familiar incluyen a familiares de ciudadanos estadounidenses y titulares de tarjetas verdes. Mostrar una relaci\u00f3n con un ciudadano de los EE. UU. le da una mayor preferencia, por lo cual si presenta una solicitud basada en una relaci\u00f3n con un titular de tarjeta verde que luego se convierte en ciudadano, aseg\u00farese de informar a su abogado especialista en inmigraci\u00f3n para que pueda adecuar la informaci\u00f3n en el archivo con los funcionarios de inmigraci\u00f3n.<\/p>\n\n\n\n<p>Las categor\u00edas de preferencia familiar son:<\/p>\n\n\n\n<ul class=\"wp-block-list\"><li>Primera preferencia (F1): hijos adultos solteros de ciudadanos estadounidenses (los hijos solteros menores de 21 a\u00f1os pueden presentar una solicitud como parientes inmediatos)<\/li><li>Segunda preferencia (F2A) \u2013 C\u00f3nyuges e hijos menores solteros (menores de 21 a\u00f1os) de los titulares de tarjeta verde<\/li><li>Segunda preferencia (F2B) \u2013 Hijos adultos solteros de titulares de tarjetas verdes<\/li><li>Tercera preferencia (F3) \u2013 Hijos casados de ciudadanos estadounidenses (y sus c\u00f3nyuges e hijos)<\/li><li>Cuarta preferencia (F4) \u2013 Hermanos de ciudadanos estadounidenses adultos (y sus c\u00f3nyuges e hijos)<\/li><\/ul>\n\n\n\n<p>Aunque tanto los hijos casados como los solteros de los titulares de la tarjeta verde se encuentran en la categor\u00eda de segunda preferencia, la mayor\u00eda de las visas en esa categor\u00eda est\u00e1n reservadas para c\u00f3nyuges e hijos solteros, por lo que efectivamente constituye una categor\u00eda separada. Desafortunadamente, los hijos casados y los hermanos de los titulares de la tarjeta verde no son elegibles para las visas de preferencia familiar; el miembro de la familia patrocinador debe ser ciudadano estadounidense.<\/p>\n\n\n\n<h2 class=\"wp-block-heading\">Procedimiento para la Solicitud de Visas de Preferencia Familiar<\/h2>\n\n\n\n<p>Hay dos etapas principales en el proceso de solicitar de una visa de inmigrante bas\u00e1ndose en la existencia de un familiar con una tarjeta verde. Primero, el ciudadano de EE. UU. o el titular de la tarjeta verde debe llenar el Formulario I-130, Petici\u00f3n de familiar extranjero ante los Servicios de Ciudadan\u00eda e Inmigraci\u00f3n de EE. UU. (USCIS). El Organismo puede tomarse un tiempo considerable en procesar la petici\u00f3n y la documentaci\u00f3n de respaldo, y si falta algo o es cuestionable, la solicitud podr\u00eda anularse, lo que provocar\u00eda demoras considerables.<\/p>\n\n\n\n<p>Una vez que est\u00e1 completa esa etapa del proceso, el siguiente paso depende de la ubicaci\u00f3n del solicitante de la visa. Si est\u00e1 dentro de los EE. UU., puede solicitar un ajuste de la condici\u00f3n ante el USCIS. Los solicitantes fuera de los EE. UU. solicitan una visa a trav\u00e9s del Departamento de Estado de los EE. UU. a trav\u00e9s de un procedimiento conocido como procesamiento consular. Un abogado experto en inmigraci\u00f3n podr\u00eda revisar su situaci\u00f3n para determinar qu\u00e9 proceso ser\u00eda m\u00e1s r\u00e1pido seg\u00fan las circunstancias y los tiempos de procesamiento vigentes.<\/p>\n\n\n\n<h2 class=\"wp-block-heading\">Averig\u00fce en que forma podr\u00eda ayudarle un abogado especialista en obtener la tarjeta verde.<\/h2>\n\n\n\n<p>En la oficina de abogados de Luis F. Hess, PLLC, entendemos lo importante que es obtener su tarjeta verde de preferencia familiar con el menor retraso posible. Nos esforzamos por hacer todo lo que est\u00e9 a nuestro alcance para ayudarle a tener \u00e9xito. Hable con nosotros hoy para aprender c\u00f3mo podemos ayudarle en el procedimiento para la visa.<\/p>\n","protected":false},"excerpt":{"rendered":"<p>Si est\u00e1 relacionado con un ciudadano estadounidense o un residente permanente legal (RPL), probablemente sepa que podr\u00eda ser elegible para una visa&hellip;<\/p>\n","protected":false},"author":8,"featured_media":0,"parent":9773,"menu_order":0,"comment_status":"closed","ping_status":"closed","template":"","meta":{"_acf_changed":false,"inline_featured_image":false,"footnotes":""},"folder":[],"class_list":["post-12080","page","type-page","status-publish","hentry"],"acf":[],"_links":{"self":[{"href":"https:\/\/luishesslaw.com\/es\/wp-json\/wp\/v2\/pages\/12080","targetHints":{"allow":["GET"]}}],"collection":[{"href":"https:\/\/luishesslaw.com\/es\/wp-json\/wp\/v2\/pages"}],"about":[{"href":"https:\/\/luishesslaw.com\/es\/wp-json\/wp\/v2\/types\/page"}],"author":[{"embeddable":true,"href":"https:\/\/luishesslaw.com\/es\/wp-json\/wp\/v2\/users\/8"}],"replies":[{"embeddable":true,"href":"https:\/\/luishesslaw.com\/es\/wp-json\/wp\/v2\/comments?post=12080"}],"version-history":[{"count":0,"href":"https:\/\/luishesslaw.com\/es\/wp-json\/wp\/v2\/pages\/12080\/revisions"}],"up":[{"embeddable":true,"href":"https:\/\/luishesslaw.com\/es\/wp-json\/wp\/v2\/pages\/9773"}],"wp:attachment":[{"href":"https:\/\/luishesslaw.com\/es\/wp-json\/wp\/v2\/media?parent=12080"}],"wp:term":[{"taxonomy":"folder","embeddable":true,"href":"https:\/\/luishesslaw.com\/es\/wp-json\/wp\/v2\/folder?post=12080"}],"curies":[{"name":"wp","href":"https:\/\/api.w.org\/{rel}","templated":true}]}}