{"id":11644,"date":"2021-06-14T09:10:46","date_gmt":"2021-06-14T09:10:46","guid":{"rendered":"https:\/\/luisfhesslaw.wpenginepowered.com\/t-visa\/"},"modified":"2022-03-31T16:01:17","modified_gmt":"2022-03-31T16:01:17","slug":"t-visa","status":"publish","type":"page","link":"https:\/\/luishesslaw.com\/es\/visa\/t-visa\/","title":{"rendered":"T Visa"},"content":{"rendered":"\n<p>Los Estados Unidos proporcionan visados a \u201clas v\u00edctimas de una severa forma de tr\u00e1fico de personas\u201d. 22 C.F.R. \u00a7 41.12. Otorgada bajo 8 U.S.C. \u00a7 1101(a)(15)(T)(i)(I), la \u201cVisa T\u201d permite a una persona permanecer temporalmente y trabajar en los Estados Unidos mientras est\u00e1 pendiente una investigaci\u00f3n o enjuiciamiento por el delito del que la persona fue v\u00edctima. Si usted o alguien que conoce est\u00e1 solicitando una visa, nuestro experimentado abogado de visa Shenandoah T puede ayudarlo.<\/p>\n\n\n\n<p>Por lo general, cuando se emite una visa T, un oficial de la ley presenta una carta a las autoridades de inmigraci\u00f3n, declarando que el solicitante de la visa ha sido v\u00edctima de una \u201cforma grave de trata de personas\u201d. La persona que solicita la visa T debe cumplir con cualquier solicitud razonable de asistencia en una investigaci\u00f3n policial o enjuiciamiento de los actos de trata.<\/p>\n\n\n\n<h2 class=\"wp-block-heading\">Abogado de \u201cVisa T\u201d en The Woodlands, TX<\/h2>\n\n\n\n<p>Las circunstancias que crean la base de una visa T o visa U son extremadamente desafortunadas. En muchos de estos casos, un funcionario encargado de hacer cumplir la ley o un fiscal desea que la v\u00edctima de la trata permanezca en el pa\u00eds para que una causa penal pueda ser investigada o enjuiciada adecuadamente.<\/p>\n\n\n\n<p>Para calificar para una visa T, la persona debe ser v\u00edctima de formas graves de trata de personas, y la v\u00edctima debe estar dispuesta a ayudar a las fuerzas del orden y a los funcionarios del gobierno en la investigaci\u00f3n o enjuiciamiento de la actividad criminal.<\/p>\n\n\n\n<p>Un&nbsp;<a href=\"https:\/\/luishesslaw.com\/es\/\">abogado de inmigraci\u00f3n<\/a>&nbsp;de Texas calificado y experimentado puede ayudarlo a luchar por la oportunidad de permanecer y trabajar temporalmente en los Estados Unidos mientras hay un caso en curso. P\u00f3ngase en contacto con un abogado de inmigraci\u00f3n con experiencia en Luis F. Hess, PLLC. Nuestra oficina est\u00e1 ubicada en Shenandoah en el condado de Montgomery, Texas, justo al norte de The Woodlands. Luis F. Hess representa a clientes en todo el Condado de Montgomery y el Condado de Harris, TX, incluyendo Conroe, Shenandoah, The Woodlands, Spring y Houston, TX.<\/p>\n\n\n\n<p>Llame al (281) 306-5894 para discutir su caso.<\/p>\n\n\n\n<h3 class=\"wp-block-heading\">\u00bfQu\u00e9 es la trata de personas para fines de la visa T?<\/h3>\n\n\n\n<p>La Ley de Reautorizaci\u00f3n de protecci\u00f3n de las v\u00edctimas de la trata (TVPRA), 18 U.S.C. \u00a7\u00a7 1581 proh\u00edbe el peonaje, la esclavitud y la trata de personas. Un acusado es responsable bajo \u00a7 1589 (a) de la TVPRA cuando \u00e9l o ella \u201ca sabiendas proporciona u obtiene el trabajo o los servicios de una persona\u201d por cualquiera de los siguientes medios:<\/p>\n\n\n\n<ol class=\"wp-block-list\"><li>Por medio de la fuerza, amenazas de fuerza, restricci\u00f3n f\u00edsica o amenazas de restricci\u00f3n f\u00edsica a esa persona u otra persona;<\/li><li>Mediante da\u00f1os graves o amenazas de da\u00f1o grave a esa persona o a otra persona:<\/li><li>Por medio del abuso o amenaza de abuso de la ley o proceso legal; o<\/li><li>Por medio de cualquier esquema, plan o patr\u00f3n destinado a hacer que la persona crea que, si esa persona no realizaba dicho trabajo o servicios, esa persona u otra persona sufrir\u00eda un da\u00f1o grave o restricci\u00f3n f\u00edsica.<\/li><\/ol>\n\n\n\n<p>Un demandado tambi\u00e9n es responsable bajo \u00a7 1590 si \u00e9l o ella \u201crecluta, alberga, transporta, proporciona u obtiene por cualquier medio, a sabiendas, a cualquier persona para el trabajo o los servicios.\u201d 18 U.S.C. \u00a7 1590(a).<\/p>\n\n\n\n<h3 class=\"wp-block-heading\">Facing immigration concerns?<\/h3>\n\n\n\n<p>Whether you want to live in the US, get a US visa, bring your family, get employed, or legally stay in the country, our Shenandoah Immigration attorneys are here to help!<\/p>\n\n\n\n<p><a href=\"https:\/\/luishesslaw.com\/es\/visa\/t-visa\/#\" class=\"btn\">CONSULT AN ATTORNEY<\/a><\/p>\n\n\n\n<p>Nuestro&nbsp;<a href=\"https:\/\/luishesslaw.com\/es\/contacto\/\">abogado de inmigraci\u00f3n con experiencia en The Woodlands, TX<\/a>&nbsp;puede ayudarlo a presentar una petici\u00f3n de residencia temporal en los EE. UU. como v\u00edctima de trata. Tambi\u00e9n puede calificar para una Visa U si es v\u00edctima de un&nbsp;<a href=\"https:\/\/luishesslaw.com\/es\/visa\/u-visa\/\">delito<\/a><strong>.<\/strong>&nbsp;Al igual que la visa T, la v\u00edctima del delito debe cooperar con la polic\u00eda en la investigaci\u00f3n o enjuiciamiento de la actividad criminal. Con una U-Visa, no se le permite salir del pa\u00eds mientras la U-Visa est\u00e1 pendiente.<\/p>\n\n\n\n<h2 class=\"wp-block-heading\"><strong>Recursos adicionales<\/strong><\/h2>\n\n\n\n<p><a href=\"https:\/\/www.uscis.gov\/humanitarian\/victims-human-trafficking-other-crimes\/victims-human-trafficking-t-nonimmigrant-status\" target=\"_blank\" rel=\"noopener\">V\u00edctimas de trata de personas: Estatus de no inmigrante T<\/a>&nbsp;\u2013 Visite el sitio web del Servicio de Ciudadan\u00eda e Inmigraci\u00f3n de los Estados Unidos (USCIS) para obtener m\u00e1s informaci\u00f3n sobre el estatus de no inmigrante T (visa T), que se aplica a las v\u00edctimas de la trata de personas para permitirles permanecer y trabajar en los Estados Unidos mientras ayudan en una investigaci\u00f3n o enjuiciamiento de la trata de personas, incluida la trata laboral.<\/p>\n","protected":false},"excerpt":{"rendered":"<p>Los Estados Unidos proporcionan visados a \u201clas v\u00edctimas de una severa forma de tr\u00e1fico de personas\u201d. 22 C.F.R. \u00a7 41.12. Otorgada bajo&hellip;<\/p>\n","protected":false},"author":8,"featured_media":0,"parent":8880,"menu_order":3,"comment_status":"closed","ping_status":"closed","template":"","meta":{"_acf_changed":false,"inline_featured_image":false,"footnotes":""},"folder":[],"class_list":["post-11644","page","type-page","status-publish","hentry"],"acf":[],"_links":{"self":[{"href":"https:\/\/luishesslaw.com\/es\/wp-json\/wp\/v2\/pages\/11644","targetHints":{"allow":["GET"]}}],"collection":[{"href":"https:\/\/luishesslaw.com\/es\/wp-json\/wp\/v2\/pages"}],"about":[{"href":"https:\/\/luishesslaw.com\/es\/wp-json\/wp\/v2\/types\/page"}],"author":[{"embeddable":true,"href":"https:\/\/luishesslaw.com\/es\/wp-json\/wp\/v2\/users\/8"}],"replies":[{"embeddable":true,"href":"https:\/\/luishesslaw.com\/es\/wp-json\/wp\/v2\/comments?post=11644"}],"version-history":[{"count":0,"href":"https:\/\/luishesslaw.com\/es\/wp-json\/wp\/v2\/pages\/11644\/revisions"}],"up":[{"embeddable":true,"href":"https:\/\/luishesslaw.com\/es\/wp-json\/wp\/v2\/pages\/8880"}],"wp:attachment":[{"href":"https:\/\/luishesslaw.com\/es\/wp-json\/wp\/v2\/media?parent=11644"}],"wp:term":[{"taxonomy":"folder","embeddable":true,"href":"https:\/\/luishesslaw.com\/es\/wp-json\/wp\/v2\/folder?post=11644"}],"curies":[{"name":"wp","href":"https:\/\/api.w.org\/{rel}","templated":true}]}}