{"id":11641,"date":"2021-03-18T05:30:39","date_gmt":"2021-03-18T05:30:39","guid":{"rendered":"https:\/\/luisfhesslaw.wpenginepowered.com\/u-visa\/"},"modified":"2022-03-31T16:02:03","modified_gmt":"2022-03-31T16:02:03","slug":"u-visa","status":"publish","type":"page","link":"https:\/\/luishesslaw.com\/es\/visa\/u-visa\/","title":{"rendered":"U Visa"},"content":{"rendered":"\n<p>Como parte de la Acci\u00f3n de Protecci\u00f3n de V\u00edctimas de Trata y Violencia de el ano 2000, titulada \u201cLey de Protecci\u00f3n de MujeresInmigrantesMaltratadas de 2000\u201d, el Congresocre\u00f3 un estado de visa de no inmigrante (denominadoestado de \u201cvisa U\u201d) para v\u00edctimas de actividadesdelictivas. El estado de la visa U es para las v\u00edctimas no ciudadanas de un delito que hansufrido un abuso mental o f\u00edsicosustancial y que ayudan a las fuerzas del ordenen la investigaci\u00f3n o el enjuiciamiento de la actividad criminal.<\/p>\n\n\n\n<h3 class=\"wp-block-heading\">Abogado de la visa U en The Woodlands, TX<\/h3>\n\n\n\n<p>Si, desafortunadamente, ha sidov\u00edctima de abuso mental o f\u00edsicodespu\u00e9s de que su c\u00f3nyuge u otra persona significativahayacometidoviolenciadom\u00e9sticaensu contra, comun\u00edquese con un Abogado de Inmigraci\u00f3n con experiencia para averiguar c\u00f3mosolicitar una visa U. Un abogado de Inmigraci\u00f3nexperimentadopuede ayudarlo a presentar una solicitud de residencia temporal en los E. U. Como v\u00edctima de una actividad criminal. Para calificar para la visa U, debe cooperar con la polic\u00eda en la investigaci\u00f3n o enjuiciamiento de la actividad criminal. Adem\u00e1s, es posible que no se le permitasalir del pa\u00edsmientras la visa U est\u00e1pendiente. El Abogado Luis F. Hess tambi\u00e9nayuda a las v\u00edctimas de la trata de personas a solicitar una visa T, que tambi\u00e9nrequiere que coopere con la polic\u00edaen la investigaci\u00f3n o el enjuiciamiento de actividadesdelictivas. Para calificar para una visa T, la persona debe ser v\u00edctima de formas graves de trata de personas.<\/p>\n\n\n\n<p>Luis F. Hess es un Abogado experimentado Inmigraci\u00f3n de el \u00e1rea de TheWoodlands, Tx. Ayuda a los clientes a permanecer legalmente en el pa\u00eds desde su oficina en Shenandoah, Texas, justo al norte de TheWoodlands. El lucha para que los clientes permanezcan en los E. U. durante un momento tan traum\u00e1tico en sus vidas.<br>La firma de Prosperity Immigration Law acepta casos de clientes en todo el condado de Montgomery y el condado de Harris, Tx, incluyendo las \u00e1reas que rodean a Conroe, Spring, Houston y mas. Llame hoy para programar una consulta. (281) 223-1341<\/p>\n\n\n\n<h3 class=\"wp-block-heading\">El prop\u00f3sito de la visa U<\/h3>\n\n\n\n<p>Comprenderc\u00f3mosolicitar una visa comov\u00edctima de una actividad criminal implic comprender la intenci\u00f3nlegislativadetr\u00e1s de la ley. El art\u00edculo 1513 de la legislaci\u00f3nestablece: \u201cEl prop\u00f3sito de estasecci\u00f3n es crear una nuevaclasificaci\u00f3n de visa de no inmigrante que fortalecer\u00e1 la capacidad de las agencias de aplicaci\u00f3n de la ley para detectar, investigar y procesarcasos de violenciadom\u00e9stica, agresi\u00f3n sexual, tr\u00e1fico de extranjeros y otrosdelitosdescritosen la secci\u00f3n 101 ( a) (15) (U) (iii) de la Ley de Inmigraci\u00f3n y Nacionalidadcometida contra extranjeros, al tiempo que ofreceprotecci\u00f3n a las v\u00edctimas de tales delitos de acuerdo con los intereseshumanitarios de los Estados Unidos \u201c. Clausula 114 Stat. en 1533.<\/p>\n\n\n\n<p>Esta legislaci\u00f3n cre\u00f3 la Visa U y fue codificada en la Ley de Inmigraci\u00f3n y Nacionalidad (INA). La disposici\u00f3n legal de la visa U se encuentra en la clausula<br>8 U.S.C. \u00a7 1101 (a) (15) (U) (I), que tambi\u00e9n se conoce como el estatuto de Visa de no inmigrante U-1. Las regulaciones relacionadas con la visa U son promulgadas por el USCIS.<\/p>\n\n\n\n<p>Al solicitar una visa como v\u00edctima de violencia criminal, el no ciudadano tiene la carga de establecer la elegibilidad para el estado de visa U. Un abogado de inmigraci\u00f3n experimentado como Luis F. Hess puede ayudarlo a mostrarle las razones por las que es elegible para la Visa U. Una vez que la Agencia aprueba el estado de un individuo, es v\u00e1lido por cuatro a\u00f1os. Despu\u00e9s de mantener el estado de Visa U durante tres a\u00f1os, el titular puede solicitar el estatus de residente permanente legal.<\/p>\n\n\n\n<h3 class=\"wp-block-heading\">\u00bfTiene preocupaciones de inmigraci\u00f3n?<\/h3>\n\n\n\n<p>Ya sea que desee vivir en los EE. UU., Obtener una visa de EE. UU., Traer a su familia, conseguir un empleo o permanecer legalmente en el pa\u00eds, \u00a1nuestros abogados de inmigraci\u00f3n de Shenandoah est\u00e1n aqu\u00ed para ayudarlo!<\/p>\n\n\n\n<p><a href=\"https:\/\/luishesslaw.com\/es\/visa\/u-visa\/#\" class=\"btn\">CONSULTAR A UN ABOGADO<\/a><\/p>\n\n\n\n<p>Clausula 8 U.S.C. \u00a7 1101 tambi\u00e9n permite que una v\u00edctima no ciudadana que tenga 21 a\u00f1os de edad o m\u00e1s y tenga una visa U para solicitar el estatus de visa U derivada en nombre de un c\u00f3nyuge o hijos que \u201cacompa\u00f1an o siguen para unirse\u201d a la v\u00edctima.<\/p>\n\n\n\n<h2 class=\"wp-block-heading\">Clausula 8 C.F.R. \u00a7 214.14 proporciona las siguientes regulaciones:<\/h2>\n\n\n\n<p>\u201cUn extranjero que ha solicitado o se le ha otorgado el estatus de no inmigrante U-1 (es decir, extranjero principal) puedesolicitar la admisi\u00f3n de un miembro de la familiacalificado,si leacompa\u00f1a o sigue para unirse a dichoextranjero principal\u201d. \u201cLa relaci\u00f3n entre el extranjero principal U \u2013 1 y el miembro de la familia que califica debe existiren el momentoen que el solicitantepresent\u00f3 [para el estado U-1], y la relaci\u00f3n debe continuarexistiendoen el [estadoderivado] se adjudica, y en el momento de la posterior admisi\u00f3n del miembro de la familia que califica a los Estados Unidos \u201c.<\/p>\n\n\n\n<p>Se puedenaplicarexcepcionescuando la persona que presenta la solicitud es menor de 21 a\u00f1os y tiene un hermanosolteromenor de 18 a\u00f1os o hijos de la persona que presenta la petici\u00f3n. Otrostipos de visas que no est\u00e1nrelacionadas con un prop\u00f3sito familiar o comercialincluyen visas para testigos o informantes y visas para las v\u00edctimas de la trata de personas o la tratalaboral.<\/p>\n","protected":false},"excerpt":{"rendered":"<p>Como parte de la Acci\u00f3n de Protecci\u00f3n de V\u00edctimas de Trata y Violencia de el ano 2000, titulada \u201cLey de Protecci\u00f3n de&hellip;<\/p>\n","protected":false},"author":8,"featured_media":0,"parent":13450,"menu_order":4,"comment_status":"closed","ping_status":"closed","template":"","meta":{"_acf_changed":false,"inline_featured_image":false,"footnotes":""},"folder":[],"class_list":["post-11641","page","type-page","status-publish","hentry"],"acf":[],"_links":{"self":[{"href":"https:\/\/luishesslaw.com\/es\/wp-json\/wp\/v2\/pages\/11641","targetHints":{"allow":["GET"]}}],"collection":[{"href":"https:\/\/luishesslaw.com\/es\/wp-json\/wp\/v2\/pages"}],"about":[{"href":"https:\/\/luishesslaw.com\/es\/wp-json\/wp\/v2\/types\/page"}],"author":[{"embeddable":true,"href":"https:\/\/luishesslaw.com\/es\/wp-json\/wp\/v2\/users\/8"}],"replies":[{"embeddable":true,"href":"https:\/\/luishesslaw.com\/es\/wp-json\/wp\/v2\/comments?post=11641"}],"version-history":[{"count":0,"href":"https:\/\/luishesslaw.com\/es\/wp-json\/wp\/v2\/pages\/11641\/revisions"}],"up":[{"embeddable":true,"href":"https:\/\/luishesslaw.com\/es\/wp-json\/wp\/v2\/pages\/13450"}],"wp:attachment":[{"href":"https:\/\/luishesslaw.com\/es\/wp-json\/wp\/v2\/media?parent=11641"}],"wp:term":[{"taxonomy":"folder","embeddable":true,"href":"https:\/\/luishesslaw.com\/es\/wp-json\/wp\/v2\/folder?post=11641"}],"curies":[{"name":"wp","href":"https:\/\/api.w.org\/{rel}","templated":true}]}}